{"id":7426,"date":"2019-09-07T18:04:15","date_gmt":"2019-09-07T18:04:15","guid":{"rendered":"http:\/\/www.lamolina.edu.pe\/pdrh\/portales\/?page_id=7426"},"modified":"2022-04-29T14:44:50","modified_gmt":"2022-04-29T14:44:50","slug":"evaluacion-y-entrevista","status":"publish","type":"page","link":"https:\/\/wp.lamolina.edu.pe\/pdrh\/index.php\/evaluacion-y-entrevista\/","title":{"rendered":"Evaluaci\u00f3n y Entrevista"},"content":{"rendered":"<div class=\"wpb-content-wrapper\"><p>[vc_row][vc_column][vc_custom_heading text=\u00bbEvaluaci\u00f3n y Entrevistas\u00bb font_container=\u00bbtag:h2|text_align:left|color:%230066cc\u00bb google_fonts=\u00bbfont_family:Francois%20One%3Aregular|font_style:400%20regular%3A400%3Anormal\u00bb][\/vc_column][\/vc_row][vc_row row_padd=\u00bbno-padding\u00bb][vc_column width=\u00bb2\/3&#8243;][vc_text_separator title=\u00bbRevisi\u00f3n y evaluaci\u00f3n de expedientes\u00bb i_icon_fontawesome=\u00bbfa fa-pencil\u00bb i_background_style=\u00bbrounded\u00bb title_align=\u00bbseparator_align_left\u00bb color=\u00bbsky\u00bb border_width=\u00bb2&#8243; add_icon=\u00bbtrue\u00bb][vc_column_text]<\/p>\n<p>La selecci\u00f3n de los postulantes es realizada por el Comit\u00e9 acad\u00e9mico del Doctorado integrado por tres docentes, que se encargar\u00e1 de revisar los expedientes y realizar la entrevista.<\/p>\n<p>[\/vc_column_text][vc_text_separator title=\u00bbEntrevista a los Postulantes\u00bb i_icon_fontawesome=\u00bbfa fa-search\u00bb i_background_style=\u00bbrounded\u00bb title_align=\u00bbseparator_align_left\u00bb color=\u00bbsky\u00bb border_width=\u00bb2&#8243; add_icon=\u00bbtrue\u00bb][vc_column_text]<\/p>\n<p>Las entrevistas pueden ser presenciales o virtuales y est\u00e1n destinadas a conocer los intereses y perspectivas profesionales y acad\u00e9micas de los postulantes.La fecha, lugar y hora de la entrevista presencial se comunicar\u00e1 mediante correo electr\u00f3nico a los postulantes. En el caso de las entrevistas virtuales,se coordinar\u00e1 oportunamente la fecha y la hora. Los resultados de la entrevista y la evaluaci\u00f3n determinar\u00e1n el Orden de M\u00e9rito del postulante.<\/p>\n<p>[\/vc_column_text][vc_text_separator title=\u00bbExamen escrito\u00bb i_icon_fontawesome=\u00bbfa fa-book\u00bb i_background_style=\u00bbrounded\u00bb title_align=\u00bbseparator_align_left\u00bb color=\u00bbsky\u00bb border_width=\u00bb2&#8243; add_icon=\u00bbtrue\u00bb][vc_column_text]<\/p>\n<p>Los postulantes rendir\u00e1n un examen escrito que consta de 10 preguntas de conocimientos en los aspectos de: Hidr\u00e1ulica de canales, hidrolog\u00eda aplicada, gesti\u00f3n integral de los recurso h\u00eddricos, hidr\u00e1ulica de transporte de sedimentos, manejo y gesti\u00f3n de cuencas hidrogr\u00e1ficas, riego y drenaje, etc. podr\u00e1n utilizar calculadora de ser necesario.<\/p>\n<p>[\/vc_column_text][vc_text_separator title=\u00bbClasificaci\u00f3n de los Postulantes Admitidos\u00bb i_icon_fontawesome=\u00bbfa fa-download\u00bb i_background_style=\u00bbrounded\u00bb title_align=\u00bbseparator_align_left\u00bb color=\u00bbsky\u00bb border_width=\u00bb2&#8243; add_icon=\u00bbtrue\u00bb][vc_column_text]<\/p>\n<p>Los ingresantes obtendr\u00e1n un promedio de evaluaci\u00f3n aplicando los porcentajes establecidos por el reglamento de admisi\u00f3n de la Escuela de Posgrado y se clasifican en dos categor\u00edas, alumnos regulares aquellos que cumplen satisfactoriamente los requisitos generales de admisi\u00f3n y alumnos condicionales aquellos que han culminado sus estudios de maestr\u00eda faltando \u00fanicamente la sustentaci\u00f3n de tesis.<\/p>\n<p>[\/vc_column_text][vc_text_separator title=\u00bbPublicaci\u00f3n de resultados\u00bb i_icon_fontawesome=\u00bbfa fa-file-text-o\u00bb i_background_style=\u00bbrounded\u00bb title_align=\u00bbseparator_align_left\u00bb color=\u00bbsky\u00bb border_width=\u00bb2&#8243; add_icon=\u00bbtrue\u00bb][vc_column_text]<\/p>\n<p>Se publicar\u00e1n en la p\u00e1gina web del doctorado, y comunicado a los postulantes.<\/p>\n<p>[\/vc_column_text][vc_text_separator title=\u00bbPostulantes no Admitidos\u00bb i_icon_fontawesome=\u00bbfa fa-users\u00bb i_background_style=\u00bbrounded\u00bb title_align=\u00bbseparator_align_left\u00bb color=\u00bbsky\u00bb border_width=\u00bb2&#8243; add_icon=\u00bbtrue\u00bb][vc_column_text]Los postulantes no admitidos podr\u00e1n recoger sus documentos hasta un mes despu\u00e9s de finalizado el proceso de admisi\u00f3n. Luego de este periodo, dichos documentos ser\u00e1n descartados.[\/vc_column_text][vc_column width=\u00bb1\/3&#8243;][\/vc_column][vc_column width=\u00bb1\/3&#8243;][vc_single_image image=\u00bb7868&#8243; img_size=\u00bbmedium\u00bb alignment=\u00bbcenter\u00bb style=\u00bbvc_box_shadow\u00bb][\/vc_column][\/vc_row][vc_row][vc_column][\/vc_column][\/vc_row]<\/p>\n<\/div>","protected":false},"excerpt":{"rendered":"<p>[vc_row][vc_column][vc_custom_heading text=\u00bbEvaluaci\u00f3n y Entrevistas\u00bb font_container=\u00bbtag:h2|text_align:left|color:%230066cc\u00bb google_fonts=\u00bbfont_family:Francois%20One%3Aregular|font_style:400%20regular%3A400%3Anormal\u00bb][\/vc_column][\/vc_row][vc_row row_padd=\u00bbno-padding\u00bb][vc_column width=\u00bb2\/3&#8243;][vc_text_separator title=\u00bbRevisi\u00f3n y evaluaci\u00f3n de expedientes\u00bb i_icon_fontawesome=\u00bbfa fa-pencil\u00bb i_background_style=\u00bbrounded\u00bb title_align=\u00bbseparator_align_left\u00bb color=\u00bbsky\u00bb border_width=\u00bb2&#8243; add_icon=\u00bbtrue\u00bb][vc_column_text] La selecci\u00f3n de los postulantes es realizada por el Comit\u00e9 acad\u00e9mico del Doctorado integrado por tres docentes, que se encargar\u00e1 de revisar los expedientes y realizar la entrevista. [\/vc_column_text][vc_text_separator title=\u00bbEntrevista a los Postulantes\u00bb i_icon_fontawesome=\u00bbfa fa-search\u00bb&hellip;<\/p>\n","protected":false},"author":1,"featured_media":0,"parent":0,"menu_order":0,"comment_status":"closed","ping_status":"closed","template":"","meta":{"footnotes":""},"class_list":["post-7426","page","type-page","status-publish","hentry"],"_links":{"self":[{"href":"https:\/\/wp.lamolina.edu.pe\/pdrh\/index.php\/wp-json\/wp\/v2\/pages\/7426","targetHints":{"allow":["GET"]}}],"collection":[{"href":"https:\/\/wp.lamolina.edu.pe\/pdrh\/index.php\/wp-json\/wp\/v2\/pages"}],"about":[{"href":"https:\/\/wp.lamolina.edu.pe\/pdrh\/index.php\/wp-json\/wp\/v2\/types\/page"}],"author":[{"embeddable":true,"href":"https:\/\/wp.lamolina.edu.pe\/pdrh\/index.php\/wp-json\/wp\/v2\/users\/1"}],"replies":[{"embeddable":true,"href":"https:\/\/wp.lamolina.edu.pe\/pdrh\/index.php\/wp-json\/wp\/v2\/comments?post=7426"}],"version-history":[{"count":15,"href":"https:\/\/wp.lamolina.edu.pe\/pdrh\/index.php\/wp-json\/wp\/v2\/pages\/7426\/revisions"}],"predecessor-version":[{"id":7876,"href":"https:\/\/wp.lamolina.edu.pe\/pdrh\/index.php\/wp-json\/wp\/v2\/pages\/7426\/revisions\/7876"}],"wp:attachment":[{"href":"https:\/\/wp.lamolina.edu.pe\/pdrh\/index.php\/wp-json\/wp\/v2\/media?parent=7426"}],"curies":[{"name":"wp","href":"https:\/\/api.w.org\/{rel}","templated":true}]}}