{"id":7433,"date":"2019-09-07T18:07:11","date_gmt":"2019-09-07T18:07:11","guid":{"rendered":"http:\/\/www.lamolina.edu.pe\/pdrh\/portales\/?page_id=7433"},"modified":"2022-04-29T14:45:47","modified_gmt":"2022-04-29T14:45:47","slug":"propuesta-de-investigacion","status":"publish","type":"page","link":"https:\/\/wp.lamolina.edu.pe\/pdrh\/index.php\/propuesta-de-investigacion\/","title":{"rendered":"Propuesta de Investigaci\u00f3n"},"content":{"rendered":"<div class=\"wpb-content-wrapper\"><p>[vc_row row_padd=\u00bbmd-padding\u00bb][vc_column][\/vc_column][\/vc_row][vc_row row_padd=\u00bbno-padding\u00bb][vc_column width=\u00bb2\/3&#8243;][vc_custom_heading text=\u00bbPropuesta de Investigaci\u00f3n\u00bb font_container=\u00bbtag:h2|text_align:left|color:%230066cc\u00bb google_fonts=\u00bbfont_family:Francois%20One%3Aregular|font_style:400%20regular%3A400%3Anormal\u00bb][vc_empty_space][vc_column_text]<\/p>\n<p style=\"text-align: justify;\">El proyecto de investigaci\u00f3n deber\u00e1 ser estructurado con toda claridad y concisi\u00f3n, especificando las razones del estudio a iniciar, el estado actual del problema por estudiar (revisi\u00f3n bibliogr\u00e1fica), los objetivos que se persiguen y el procedimiento a seguir paso a paso. Es tambi\u00e9n conveniente incluir un estimado del costo probable.<\/p>\n<p style=\"text-align: justify;\">Para la presentaci\u00f3n de este proyecto se deber\u00e1 considerar las siguientes partes:<\/p>\n<ol>\n<li style=\"text-align: justify;\"><strong>T\u00edtulo.-<\/strong> El t\u00edtulo debe dar en pocas palabras una idea precisa del trabajo. Debe ser lo m\u00e1s espec\u00edfico posible, evitando las generalizaciones o dando ideas vagas sobre la naturaleza del Proyecto.<\/li>\n<li style=\"text-align: justify;\"><strong>Justificaci\u00f3n.-<\/strong> La justificaci\u00f3n del proyecto debe incluir la contribuci\u00f3n de \u00edndole te\u00f3rica o pr\u00e1ctica que pudiera derivarse de este estudio, y su aporte a la soluci\u00f3n de problemas cient\u00edficos o de necesidades inmediatas.<\/li>\n<li style=\"text-align: justify;\"><strong>\u2013<\/strong> Los objetivos del proyecto se expresar\u00e1n en uno o m\u00e1s p\u00e1rrafos cortos tales como determinar, encontrar, o desarrollar ciertos resultados, relaciones, materiales o m\u00e9todos. Debe recordarse que los objetivos son finalidades y no medios, evitando, por ejemplo, el concepto de estudio o investigaci\u00f3n, como Expresi\u00f3n de objetivos.<\/li>\n<li style=\"text-align: justify;\"><strong>\u2013<\/strong> Antes de iniciar cualquier proyecto de investigaci\u00f3n es imprescindible efectuar una minuciosa labor de revisi\u00f3n bibliogr\u00e1fica. La labor investigativa deber\u00e1 siempre partir del punto donde otros han terminado. Con esa revisi\u00f3n, se procura demostrar la relaci\u00f3n del trabajo por hacerse, con trabajos anteriores, hecho dentro o fuera de la Universidad.<\/li>\n<li style=\"text-align: justify;\"><strong>Materiales y m\u00e9todos.-<\/strong> Aqu\u00ed debe de indicarse en forma concisa d\u00f3nde, cu\u00e1ndo y c\u00f3mo se realizar\u00e1 el proyecto.\n<ul>\n<li><strong>\u00c1rea de estudio:<\/strong> Se mencionar\u00e1 el \u00e1rea en donde se realizar\u00e1 la investigaci\u00f3n.<\/li>\n<li><strong>Materiales y equipos:<\/strong> Se incluir\u00e1 una relaci\u00f3n detallada de los materiales y equipos a utilizar.<\/li>\n<li><strong>M\u00e9todos y procedimientos<\/strong>: Se describir\u00e1n brevemente, los m\u00e9todos y procedimientos que se planee usar dando, si fuera el caso, las citas bibliogr\u00e1ficas correspondientes, si ya fueran conocidas, e indicando claramente si se trata de desarrollar nuevos m\u00e9todos o procedimientos.<\/li>\n<li><strong>Duraci\u00f3n:<\/strong> Se mencionar\u00e1 la posible duraci\u00f3n del proyecto.<\/li>\n<\/ul>\n<\/li>\n<li style=\"text-align: justify;\"><strong>\u2013<\/strong> Los colaboradores son aquellas personas o instituciones que ayudar\u00e1n en la ejecuci\u00f3n del proyecto con su aporte cient\u00edfico o facilitando materiales, equipos, laboratorios, etc.<\/li>\n<li style=\"text-align: justify;\"><strong>\u2013<\/strong> Se deber\u00e1 dar una idea aproximada de los costos y, dentro de lo posible, deber\u00e1 detallarse \u00e9stos.<\/li>\n<li style=\"text-align: justify;\"><strong>Bibliograf\u00eda.-<\/strong> Se citar\u00e1 la bibliograf\u00eda consultada.<\/li>\n<\/ol>\n<p>[\/vc_column_text][vc_empty_space][\/vc_column][vc_column width=\u00bb1\/3&#8243;][vc_separator color=\u00bbsky\u00bb border_width=\u00bb4&#8243;][vc_empty_space][vc_cta h2=\u00bbNota:\u00bb color=\u00bbsky\u00bb]La extensi\u00f3n de la propuesta de investigaci\u00f3n ser\u00e1 de un m\u00ednimo de <strong>3 p\u00e1ginas a un m\u00e1ximo de 10 p\u00e1ginas<\/strong>. Los \u00edtems 5.1, 5.2 y 6 ser\u00e1n considerados opcionales, en el caso en que el postulante no lo hubiese definido.<\/p>\n<div id=\"gtx-trans\" style=\"position: absolute; left: -78px; top: -10px;\"><\/div>\n<p>[\/vc_cta][vc_separator color=\u00bbsky\u00bb border_width=\u00bb4&#8243;][\/vc_column][\/vc_row]<\/p>\n<\/div>","protected":false},"excerpt":{"rendered":"<p>[vc_row row_padd=\u00bbmd-padding\u00bb][vc_column][\/vc_column][\/vc_row][vc_row row_padd=\u00bbno-padding\u00bb][vc_column width=\u00bb2\/3&#8243;][vc_custom_heading text=\u00bbPropuesta de Investigaci\u00f3n\u00bb font_container=\u00bbtag:h2|text_align:left|color:%230066cc\u00bb google_fonts=\u00bbfont_family:Francois%20One%3Aregular|font_style:400%20regular%3A400%3Anormal\u00bb][vc_empty_space][vc_column_text] El proyecto de investigaci\u00f3n deber\u00e1 ser estructurado con toda claridad y concisi\u00f3n, especificando las razones del estudio a iniciar, el estado actual del problema por estudiar (revisi\u00f3n bibliogr\u00e1fica), los objetivos que se persiguen y el procedimiento a seguir paso a paso. Es tambi\u00e9n conveniente incluir un&hellip;<\/p>\n","protected":false},"author":1,"featured_media":0,"parent":0,"menu_order":0,"comment_status":"closed","ping_status":"closed","template":"","meta":{"footnotes":""},"class_list":["post-7433","page","type-page","status-publish","hentry"],"_links":{"self":[{"href":"https:\/\/wp.lamolina.edu.pe\/pdrh\/index.php\/wp-json\/wp\/v2\/pages\/7433","targetHints":{"allow":["GET"]}}],"collection":[{"href":"https:\/\/wp.lamolina.edu.pe\/pdrh\/index.php\/wp-json\/wp\/v2\/pages"}],"about":[{"href":"https:\/\/wp.lamolina.edu.pe\/pdrh\/index.php\/wp-json\/wp\/v2\/types\/page"}],"author":[{"embeddable":true,"href":"https:\/\/wp.lamolina.edu.pe\/pdrh\/index.php\/wp-json\/wp\/v2\/users\/1"}],"replies":[{"embeddable":true,"href":"https:\/\/wp.lamolina.edu.pe\/pdrh\/index.php\/wp-json\/wp\/v2\/comments?post=7433"}],"version-history":[{"count":8,"href":"https:\/\/wp.lamolina.edu.pe\/pdrh\/index.php\/wp-json\/wp\/v2\/pages\/7433\/revisions"}],"predecessor-version":[{"id":8065,"href":"https:\/\/wp.lamolina.edu.pe\/pdrh\/index.php\/wp-json\/wp\/v2\/pages\/7433\/revisions\/8065"}],"wp:attachment":[{"href":"https:\/\/wp.lamolina.edu.pe\/pdrh\/index.php\/wp-json\/wp\/v2\/media?parent=7433"}],"curies":[{"name":"wp","href":"https:\/\/api.w.org\/{rel}","templated":true}]}}