{"id":7435,"date":"2019-09-07T18:08:29","date_gmt":"2019-09-07T18:08:29","guid":{"rendered":"http:\/\/www.lamolina.edu.pe\/pdrh\/portales\/?page_id=7435"},"modified":"2022-04-29T14:42:51","modified_gmt":"2022-04-29T14:42:51","slug":"perfil-del-egresado-y-graduado","status":"publish","type":"page","link":"https:\/\/wp.lamolina.edu.pe\/pdrh\/index.php\/perfil-del-egresado-y-graduado\/","title":{"rendered":"Perfil del Egresado y Graduado"},"content":{"rendered":"<div class=\"wpb-content-wrapper\"><p>[vc_row row_padd=\u00bblg-padding\u00bb][vc_column width=\u00bb2\/3&#8243;][vc_empty_space][vc_custom_heading text=\u00bbPerfil del Egresado y Graduado\u00bb font_container=\u00bbtag:h2|text_align:left|color:%230066cc\u00bb google_fonts=\u00bbfont_family:Francois%20One%3Aregular|font_style:400%20regular%3A400%3Anormal\u00bb][vc_column_text]<\/p>\n<p style=\"text-align: justify;\">El egresado del Programa de Doctorado en Recursos H\u00eddricos es un profesional investigador capacitado para formular, desarrollar, liderar y difundir proyectos de investigaci\u00f3n cient\u00edfica, desarrollo tecnol\u00f3gico e innovaci\u00f3n en recursos h\u00eddricos, con sentido cr\u00edtico, responsabilidad social y cuidado del medio ambiente, dentro de entornos multidisciplinarios.<\/p>\n<p>[\/vc_column_text][\/vc_column][vc_column width=\u00bb1\/3&#8243;][vc_empty_space][vc_single_image image=\u00bb7638&#8243; img_size=\u00bblarge\u00bb][\/vc_column][\/vc_row][vc_row row_padd=\u00bbno-padding\u00bb][vc_column width=\u00bb1\/3&#8243;][vc_custom_heading text=\u00bbCOMPETENCIAS GENERALES\u00bb font_container=\u00bbtag:h2|text_align:left|color:%230066cc\u00bb google_fonts=\u00bbfont_family:Francois%20One%3Aregular|font_style:400%20regular%3A400%3Anormal\u00bb][vc_column_text]<\/p>\n<p style=\"text-align: justify;\"><strong>CG1:<\/strong> Desarrolla, lidera y gestiona proyectos de investigaci\u00f3n b\u00e1sica y aplicada en recursos h\u00eddricos.<\/p>\n<p style=\"text-align: justify;\"><strong>CG2:<\/strong> Genera y transmite conocimientos cient\u00edficos y t\u00e9cnicos orientados a un adecuado manejo y una gesti\u00f3n eficiente de los recursos h\u00eddricos<\/p>\n<p>[\/vc_column_text][\/vc_column][vc_column width=\u00bb1\/3&#8243;][vc_custom_heading text=\u00bbCOMPETENCIAS ESPEC\u00cdFICAS\u00bb font_container=\u00bbtag:h2|text_align:left|color:%230066cc\u00bb google_fonts=\u00bbfont_family:Francois%20One%3Aregular|font_style:400%20regular%3A400%3Anormal\u00bb][vc_column_text]<\/p>\n<p style=\"text-align: justify;\"><strong>CE1:<\/strong> Genera y gestiona proyectos de investigaci\u00f3n cient\u00edfica, transferencia, validaci\u00f3n y adopci\u00f3n de tecnolog\u00eda conforme a los requerimientos de la sociedad.<\/p>\n<p style=\"text-align: justify;\"><strong>CE2:<\/strong> Lidera y ejecuta programas para el manejo, preservaci\u00f3n y aprovechamiento racional de los recursos h\u00eddricos.<\/p>\n<p style=\"text-align: justify;\"><strong>CE3:<\/strong> Transmite y difunde conocimientos mediante programas de extensi\u00f3n, capacitaci\u00f3n, y reporte de art\u00edculos t\u00e9cnicos y cient\u00edficos.<\/p>\n<p>[\/vc_column_text][\/vc_column][vc_column width=\u00bb1\/3&#8243;][vc_custom_heading text=\u00bbPERFIL DEL GRADUADO\u00bb font_container=\u00bbtag:h2|text_align:left|color:%230066cc\u00bb google_fonts=\u00bbfont_family:Francois%20One%3Aregular|font_style:400%20regular%3A400%3Anormal\u00bb][vc_column_text]<\/p>\n<p style=\"text-align: justify;\">El graduado del Doctorado en Recursos H\u00eddricos tendr\u00e1 la capacidad de:<\/p>\n<ul>\n<li style=\"text-align: justify;\">Gestionar y desarrollar proyectos de investigaci\u00f3n cient\u00edfica y tecnol\u00f3gica b\u00e1sica y aplicada orientado al manejo y gesti\u00f3n sustentable de los recursos h\u00eddricos.<\/li>\n<li style=\"text-align: justify;\">Gestionar y ejecutar proyectos de desarrollo tecnol\u00f3gico, de adaptaci\u00f3n, transferencia, validaci\u00f3n y adopci\u00f3n de tecnolog\u00eda conforme a las necesidades de la sociedad.<\/li>\n<li style=\"text-align: justify;\">Transmitir los conocimientos adquiridos mediante los m\u00e9todos apropiados, mediante programas de extensi\u00f3n, capacitaci\u00f3n, y reporte de art\u00edculos t\u00e9cnicos y cient\u00edficos.<\/li>\n<\/ul>\n<p>[\/vc_column_text][\/vc_column][\/vc_row][vc_row][vc_column][vc_empty_space][\/vc_column][\/vc_row]<\/p>\n<\/div>","protected":false},"excerpt":{"rendered":"<p>[vc_row row_padd=\u00bblg-padding\u00bb][vc_column width=\u00bb2\/3&#8243;][vc_empty_space][vc_custom_heading text=\u00bbPerfil del Egresado y Graduado\u00bb font_container=\u00bbtag:h2|text_align:left|color:%230066cc\u00bb google_fonts=\u00bbfont_family:Francois%20One%3Aregular|font_style:400%20regular%3A400%3Anormal\u00bb][vc_column_text] El egresado del Programa de Doctorado en Recursos H\u00eddricos es un profesional investigador capacitado para formular, desarrollar, liderar y difundir proyectos de investigaci\u00f3n cient\u00edfica, desarrollo tecnol\u00f3gico e innovaci\u00f3n en recursos h\u00eddricos, con sentido cr\u00edtico, responsabilidad social y cuidado del medio ambiente, dentro de entornos multidisciplinarios.&hellip;<\/p>\n","protected":false},"author":1,"featured_media":0,"parent":0,"menu_order":0,"comment_status":"closed","ping_status":"closed","template":"","meta":{"footnotes":""},"class_list":["post-7435","page","type-page","status-publish","hentry"],"_links":{"self":[{"href":"https:\/\/wp.lamolina.edu.pe\/pdrh\/index.php\/wp-json\/wp\/v2\/pages\/7435","targetHints":{"allow":["GET"]}}],"collection":[{"href":"https:\/\/wp.lamolina.edu.pe\/pdrh\/index.php\/wp-json\/wp\/v2\/pages"}],"about":[{"href":"https:\/\/wp.lamolina.edu.pe\/pdrh\/index.php\/wp-json\/wp\/v2\/types\/page"}],"author":[{"embeddable":true,"href":"https:\/\/wp.lamolina.edu.pe\/pdrh\/index.php\/wp-json\/wp\/v2\/users\/1"}],"replies":[{"embeddable":true,"href":"https:\/\/wp.lamolina.edu.pe\/pdrh\/index.php\/wp-json\/wp\/v2\/comments?post=7435"}],"version-history":[{"count":18,"href":"https:\/\/wp.lamolina.edu.pe\/pdrh\/index.php\/wp-json\/wp\/v2\/pages\/7435\/revisions"}],"predecessor-version":[{"id":8073,"href":"https:\/\/wp.lamolina.edu.pe\/pdrh\/index.php\/wp-json\/wp\/v2\/pages\/7435\/revisions\/8073"}],"wp:attachment":[{"href":"https:\/\/wp.lamolina.edu.pe\/pdrh\/index.php\/wp-json\/wp\/v2\/media?parent=7435"}],"curies":[{"name":"wp","href":"https:\/\/api.w.org\/{rel}","templated":true}]}}