{"id":7438,"date":"2019-09-07T18:08:51","date_gmt":"2019-09-07T18:08:51","guid":{"rendered":"http:\/\/www.lamolina.edu.pe\/pdrh\/portales\/?page_id=7438"},"modified":"2024-02-21T17:34:55","modified_gmt":"2024-02-21T17:34:55","slug":"malla-curricular","status":"publish","type":"page","link":"https:\/\/wp.lamolina.edu.pe\/pdrh\/index.php\/malla-curricular\/","title":{"rendered":"Malla Curricular"},"content":{"rendered":"<div class=\"wpb-content-wrapper\"><p>[vc_row row_padd=\u00bblg-padding\u00bb][vc_column][vc_column_text][vc_empty_space][vc_custom_heading text=\u00bbMalla Curricular\u00bb font_container=\u00bbtag:h2|text_align:left|color:%230066cc\u00bb google_fonts=\u00bbfont_family:Francois%20One%3Aregular|font_style:400%20regular%3A400%3Anormal\u00bb][vc_column_text]<\/p>\n<section class=\"av_textblock_section\">\n<div class=\"avia_textblock \">\n<p style=\"text-align: justify;\"><span class=\"text-light-2\">El programa de estudios es bajo un sistema de curr\u00edculo flexible con una secuencia recomendada y de acuerdo a las necesidades del estudiante, el Programa\u00a0 tiene una duraci\u00f3n m\u00ednima de seis semestres acad\u00e9micos (3 a\u00f1os) y m\u00e1ximo de 5 a\u00f1os, en el cual debe aprobar 64 cr\u00e9ditos (Incluye todos los cursos obligatorios, electivos y de campo complementario).<\/span><\/p>\n<p style=\"text-align: justify;\">El Comit\u00e9 Consejero, podr\u00e1\u00a0recomendar a cada estudiante fortalecer sus conocimiento en cursos de Hidr\u00e1ulica, Hidrolog\u00eda, Estad\u00edstica, modelamiento hidrol\u00f3gico, teledetecci\u00f3n, manejo de Softwares,etc. que se estimen indispensables para desarrollar satisfactoriamente su investigaci\u00f3n.<\/p>\n<\/div>\n<\/section>\n<p>[\/vc_column_text][vc_empty_space][vc_custom_heading text=\u00bbCursos Obligatorios del Campo Principal:\u00bb font_container=\u00bbtag:h2|text_align:left|color:%230066cc\u00bb google_fonts=\u00bbfont_family:Francois%20One%3Aregular|font_style:400%20regular%3A400%3Anormal\u00bb][vc_column_text]<\/p>\n<table width=\"536\">\n<tbody>\n<tr>\n<td width=\"80\">C\u00f3digo<\/td>\n<td width=\"162\">Nombre del Curso<\/td>\n<td width=\"41\">T-P-C<\/td>\n<td width=\"50\">C\u00f3digo<\/td>\n<td width=\"203\">Pre-requisito<\/td>\n<\/tr>\n<tr>\n<td width=\"80\">IA8000<\/td>\n<td width=\"162\"><a href=\"https:\/\/drive.google.com\/file\/d\/11hbO41FqR_37-FhPargKxdcUzMwYgVmf\/view?usp=sharing\"><span style=\"text-align: center; color: #0066cc;\">Ingenier\u00eda de Recursos H\u00eddricos<\/span><\/a><\/td>\n<td width=\"41\">2-2-3<\/td>\n<td width=\"50\"><\/td>\n<td width=\"203\">Aprobaci\u00f3n del Comit\u00e9 Acad\u00e9mico<\/td>\n<\/tr>\n<tr>\n<td width=\"80\">IA8001<\/td>\n<td width=\"162\"><a href=\"https:\/\/drive.google.com\/file\/d\/1fLFFlqdBIhwR3SuCo7fewFhumD3K7lHq\/view?usp=sharing\"><span style=\"text-align: center; color: #0066cc;\">Gesti\u00f3n de Recursos H\u00eddricos<\/span><\/a><\/td>\n<td width=\"41\">2-2-3<\/td>\n<td width=\"50\"><\/td>\n<td width=\"203\">Aprobaci\u00f3n del Comit\u00e9 Acad\u00e9mico<\/td>\n<\/tr>\n<tr>\n<td width=\"80\">IA8048<\/td>\n<td width=\"162\"><a href=\"https:\/\/drive.google.com\/file\/d\/1iYhFhcSGq6nLdQ8aPpw1PbhGukH4ToqY\/view?usp=sharing\"><span style=\"text-align: center; color: #0066cc;\">Metodolog\u00eda de la Investigaci\u00f3n Cient\u00edfica en Recursos H\u00eddricos<\/span><\/a><\/td>\n<td width=\"41\">1-2-2<\/td>\n<td width=\"50\"><\/td>\n<td width=\"203\">Aprobaci\u00f3n del Comit\u00e9 Acad\u00e9mico<\/td>\n<\/tr>\n<tr>\n<td width=\"80\">IA8049<\/td>\n<td width=\"162\"><a href=\"https:\/\/drive.google.com\/file\/d\/1GsOGuBrAMBrSb1Vj2Aifw5jxqQTScQFi\/view?usp=sharing\"><span style=\"text-align: center; color: #0066cc;\">Proyecto de tesis en Recursos H\u00eddricos<\/span><\/a><\/td>\n<td width=\"41\">1-2-2<\/td>\n<td width=\"50\">IA8048<\/td>\n<td width=\"203\">Metodolog\u00eda de la Investigaci\u00f3n Cient\u00edfica en Recursos H\u00eddricos<\/td>\n<\/tr>\n<tr>\n<td width=\"80\">IA8026<\/td>\n<td width=\"162\"><a href=\"https:\/\/drive.google.com\/file\/d\/1ErW2BYn1j8Q3lYdC_26ryilGLXhggx9z\/view?usp=sharing\"><span style=\"text-align: center; color: #0066cc;\">Investigaci\u00f3n en Recursos H\u00eddricos<\/span><\/a><\/td>\n<td width=\"41\">0 a 30<\/td>\n<td width=\"50\">IA8049<\/td>\n<td width=\"203\">Proyecto de tesis en Recursos H\u00eddricos<\/td>\n<\/tr>\n<\/tbody>\n<\/table>\n<div id=\"gtx-trans\" style=\"position: absolute; left: -158px; top: 38px;\"><\/div>\n<p>[\/vc_column_text][vc_custom_heading text=\u00bbCursos Electivos del Campo Principal:\u00bb font_container=\u00bbtag:h2|text_align:left|color:%230066cc\u00bb google_fonts=\u00bbfont_family:Francois%20One%3Aregular|font_style:400%20regular%3A400%3Anormal\u00bb][vc_column_text]<\/p>\n<table border=\"0\">\n<tbody>\n<tr>\n<td><span class=\"xl69\"><strong>C\u00f3digo<\/strong><\/span><\/td>\n<td><strong>Nombre del Curso<\/strong><\/td>\n<td><strong>T-P-C<\/strong><\/td>\n<td><strong>Pre-requisito<\/strong><\/td>\n<\/tr>\n<tr>\n<td class=\"xl66\" width=\"63\">IA8008<\/td>\n<td class=\"xl65\" width=\"279\"><a href=\"https:\/\/drive.google.com\/file\/d\/1MbX79sOj0DBNEpNlGc-qY8InI4puJKVa\/view?usp=drive_link\" target=\"_blank\" rel=\"noopener\"><span style=\"text-align: center; color: #0066cc;\">M\u00e9todos Num\u00e9ricos en Recursos H\u00eddricos<\/span><\/a><\/td>\n<td class=\"xl66\" width=\"49\">2-2-3<\/td>\n<td class=\"xl70\" width=\"275\">Aprobaci\u00f3n del Comit\u00e9 Acad\u00e9mico<\/td>\n<\/tr>\n<tr>\n<td class=\"xl66\" width=\"63\">IA8007<\/td>\n<td class=\"xl65\" width=\"279\"><a href=\"https:\/\/drive.google.com\/file\/d\/1CzPOtMusVeyVvAhU516pLLSccmL4BT_s\/view?usp=drive_link\" target=\"_blank\" rel=\"noopener\"><span style=\"text-align: center; color: #0066cc;\">Simulaci\u00f3n de Acu\u00edferos<\/span><\/a><\/td>\n<td class=\"xl66\" width=\"49\">2-2-3<\/td>\n<td class=\"xl70\" width=\"275\">Aprobaci\u00f3n del Comit\u00e9 Acad\u00e9mico<\/td>\n<\/tr>\n<tr>\n<td class=\"xl66\" width=\"63\">IA8050<\/td>\n<td class=\"xl65\" width=\"279\"><a href=\"https:\/\/drive.google.com\/file\/d\/1XzSUM1q3p8oxI48k51GV0A4I6MgMssFG\/view?usp=drive_link\" target=\"_blank\" rel=\"noopener\"><span style=\"text-align: center; color: #0066cc;\">Variabilidad y Cambio Clim\u00e1tico en Recursos H\u00eddricos<\/span><\/a><\/td>\n<td class=\"xl66\" width=\"49\">2-2-3<\/td>\n<td class=\"xl70\" width=\"275\">Aprobaci\u00f3n del Comit\u00e9 Acad\u00e9mico<\/td>\n<\/tr>\n<tr>\n<td class=\"xl66\" width=\"63\">IA8013<\/td>\n<td class=\"xl65\" width=\"279\"><a href=\"https:\/\/drive.google.com\/file\/d\/1-7oGvYJqUZ1Vny3qIMTjY9ZVEOzIKL-3\/view?usp=drive_link\" target=\"_blank\" rel=\"noopener\"><span style=\"text-align: center; color: #0066cc;\">Manejo y Gesti\u00f3n de Cuencas<\/span><\/a><\/td>\n<td class=\"xl66\" width=\"49\">2-2-3<\/td>\n<td class=\"xl70\" width=\"275\">Aprobaci\u00f3n del Comit\u00e9 Acad\u00e9mico<\/td>\n<\/tr>\n<tr>\n<td class=\"xl66\" width=\"63\">IA8006<\/td>\n<td class=\"xl65\" width=\"279\"><a href=\"https:\/\/drive.google.com\/file\/d\/1bXp4-yyVZlheGFz_bqKKeh4wjyjqJIdK\/view?usp=drive_link\" target=\"_blank\" rel=\"noopener\"><span style=\"text-align: center; color: #0066cc;\">Calidad del Agua<\/span><\/a><\/td>\n<td class=\"xl66\" width=\"49\">2-2-3<\/td>\n<td class=\"xl70\" width=\"275\">Aprobaci\u00f3n del Comit\u00e9 Acad\u00e9mico<\/td>\n<\/tr>\n<tr>\n<td class=\"xl66\" width=\"63\">IA8014<\/td>\n<td class=\"xl65\" width=\"279\"><a href=\"https:\/\/drive.google.com\/file\/d\/1Mn_7i5f2KaJbWPaCPKDTguQ_rmj_OQlR\/view?usp=drive_link\" target=\"_blank\" rel=\"noopener\"><span style=\"text-align: center; color: #0066cc;\">Administraci\u00f3n y Legislaci\u00f3n del Agua<\/span><\/a><\/td>\n<td class=\"xl66\" width=\"49\">2-2-3<\/td>\n<td class=\"xl70\" width=\"275\">Aprobaci\u00f3n del Comit\u00e9 Acad\u00e9mico<\/td>\n<\/tr>\n<tr>\n<td class=\"xl66\" width=\"63\">IA8011<\/td>\n<td class=\"xl65\" width=\"279\"><a href=\"https:\/\/drive.google.com\/file\/d\/1TRCohpJxRmjU4GeIdTaanR2uDQDIWTLD\/view?usp=drive_link\" target=\"_blank\" rel=\"noopener\"><span style=\"text-align: center; color: #0066cc;\">Evaluaci\u00f3n de Impactos Ambientales<\/span><\/a><\/td>\n<td class=\"xl66\" width=\"49\">2-2-3<\/td>\n<td class=\"xl70\" width=\"275\">Aprobaci\u00f3n del Comit\u00e9 Acad\u00e9mico<\/td>\n<\/tr>\n<tr>\n<td class=\"xl66\" width=\"63\">IA8005<\/td>\n<td class=\"xl65\" width=\"279\"><a href=\"https:\/\/drive.google.com\/file\/d\/1FfkGs9U8YepBflpYuo32dy7vIRQpYFro\/view?usp=drive_link\" target=\"_blank\" rel=\"noopener\"><span style=\"text-align: center; color: #0066cc;\">Modelos Matem\u00e1ticos en Hidrolog\u00eda<\/span><\/a><\/td>\n<td class=\"xl66\" width=\"49\">2-2-3<\/td>\n<td class=\"xl70\" width=\"275\">Aprobaci\u00f3n del Comit\u00e9 Acad\u00e9mico<\/td>\n<\/tr>\n<tr>\n<td class=\"xl66\" width=\"63\">IA8010<\/td>\n<td class=\"xl65\" width=\"279\"><a href=\"https:\/\/drive.google.com\/file\/d\/1t2qVxTD1eWMLBxXgCfdYT_6KxLBFu7Tc\/view?usp=sharing\" target=\"_blank\" rel=\"noopener\"><span style=\"text-align: center; color: #0066cc;\">Econom\u00eda del Agua<\/span><\/a><\/td>\n<td class=\"xl66\" width=\"49\">2-2-3<\/td>\n<td class=\"xl70\" width=\"275\">Aprobaci\u00f3n del Comit\u00e9 Acad\u00e9mico<\/td>\n<\/tr>\n<tr>\n<td class=\"xl66\" width=\"63\">IA8016<\/td>\n<td class=\"xl65\" width=\"279\"><a href=\"https:\/\/drive.google.com\/file\/d\/179pYrPfx9lSgn11XyZD8hOoE4KdKW1cf\/view?usp=drive_link\" target=\"_blank\" rel=\"noopener\"><span style=\"text-align: center; color: #0066cc;\">Tratamiento de Aguas Residuales Avanzada<\/span><\/a><\/td>\n<td class=\"xl66\" width=\"49\">2-2-3<\/td>\n<td class=\"xl67\" width=\"275\">Aprobaci\u00f3n del Comit\u00e9 Acad\u00e9mico<\/td>\n<\/tr>\n<tr>\n<td class=\"xl66\" width=\"63\">IA8017<\/td>\n<td class=\"xl65\" width=\"279\"><a href=\"https:\/\/drive.google.com\/file\/d\/1R_qKBQY08JrBBX0VwJWrXEKksNSKRr45\/view?usp=drive_link\" target=\"_blank\" rel=\"noopener\"><span style=\"text-align: center; color: #0066cc;\">Hidr\u00e1ulica de Transporte de Sedimentos<\/span><\/a><\/td>\n<td class=\"xl66\" width=\"49\">2-2-3<\/td>\n<td class=\"xl67\" width=\"275\">Aprobaci\u00f3n del Comit\u00e9 Acad\u00e9mico<\/td>\n<\/tr>\n<tr>\n<td class=\"xl66\" width=\"63\">IA8018<\/td>\n<td class=\"xl65\" width=\"279\"><a href=\"https:\/\/drive.google.com\/file\/d\/1Yv9v3qoNKtFszK3cEv36sKBOx8v4ULVu\/view?usp=drive_link\" target=\"_blank\" rel=\"noopener\"><span style=\"text-align: center; color: #0066cc;\">Obras Hidr\u00e1ulicas<\/span><\/a><\/td>\n<td class=\"xl66\" width=\"49\">2-2-3<\/td>\n<td class=\"xl67\" width=\"275\">Aprobaci\u00f3n del Comit\u00e9 Acad\u00e9mico<\/td>\n<\/tr>\n<tr>\n<td class=\"xl66\" width=\"63\">IA8019<\/td>\n<td class=\"xl65\" width=\"279\"><a href=\"https:\/\/drive.google.com\/file\/d\/1s2MgQ-uFtfD9Lrb-40dJW3UMTu_ghWWI\/view?usp=drive_link\" target=\"_blank\" rel=\"noopener\"><span style=\"text-align: center; color: #0066cc;\">An\u00e1lisis de Sistemas en Recursos H\u00eddricos<\/span><\/a><\/td>\n<td class=\"xl66\" width=\"49\">2-2-3<\/td>\n<td class=\"xl67\" width=\"275\">Aprobaci\u00f3n del Comit\u00e9 Acad\u00e9mico<\/td>\n<\/tr>\n<tr>\n<td class=\"xl66\" width=\"63\">IA8020<\/td>\n<td class=\"xl65\" width=\"279\"><a href=\"https:\/\/drive.google.com\/file\/d\/1jlQJyngFhuu_t-FI1u5KC6I4qm5zjV20\/view?usp=drive_link\" target=\"_blank\" rel=\"noopener\"><span style=\"text-align: center; color: #0066cc;\">Sistemas de Riego Tecnificado<\/span><\/a><\/td>\n<td class=\"xl66\" width=\"49\">2-2-3<\/td>\n<td class=\"xl67\" width=\"275\">Aprobaci\u00f3n del Comit\u00e9 Acad\u00e9mico<\/td>\n<\/tr>\n<tr>\n<td class=\"xl66\" width=\"63\">IA8015<\/td>\n<td class=\"xl65\" width=\"279\"><a href=\"https:\/\/drive.google.com\/file\/d\/1up5PvWsIv7JA-LHY3lRhiLIFaS8P9rwH\/view?usp=drive_link\" target=\"_blank\" rel=\"noopener\"><span style=\"text-align: center; color: #0066cc;\">Hidrolog\u00eda Ambiental Avanzada<\/span><\/a><\/td>\n<td class=\"xl66\" width=\"49\">2-2-3<\/td>\n<td class=\"xl67\" width=\"275\">Aprobaci\u00f3n del Comit\u00e9 Acad\u00e9mico<\/td>\n<\/tr>\n<tr>\n<td class=\"xl66\" width=\"63\">IA8022<\/td>\n<td class=\"xl65\" width=\"279\"><a href=\"https:\/\/drive.google.com\/file\/d\/1pWSY9TmwxbFvU1eZ1hGq8gfkuUwylvGa\/view?usp=drive_link\" target=\"_blank\" rel=\"noopener\"><span style=\"text-align: center; color: #0066cc;\">Hidrolog\u00eda Estoc\u00e1stica<\/span><\/a><\/td>\n<td class=\"xl66\" width=\"49\">2-2-3<\/td>\n<td class=\"xl67\" width=\"275\">Aprobaci\u00f3n del Comit\u00e9 Acad\u00e9mico<\/td>\n<\/tr>\n<tr>\n<td class=\"xl66\" width=\"63\">IA8023<\/td>\n<td class=\"xl68\" width=\"279\"><a href=\"https:\/\/drive.google.com\/file\/d\/1c2zbGzMB6HtVb4ivSOpS34kE-7sLghP_\/view?usp=drive_link\" target=\"_blank\" rel=\"noopener\"><span style=\"text-align: center; color: #0066cc;\">Ecohidrologia<\/span><\/a><\/td>\n<td class=\"xl66\" width=\"49\">2-2-3<\/td>\n<td class=\"xl67\" width=\"275\">Aprobaci\u00f3n del Comit\u00e9 Acad\u00e9mico<\/td>\n<\/tr>\n<tr>\n<td class=\"xl66\" width=\"63\">IA8039<\/td>\n<td class=\"xl68\" width=\"279\"><a href=\"https:\/\/drive.google.com\/file\/d\/1uzBCMygAgkObep0M22h2vJUlF7T1h_Nr\/view?usp=drive_link\" target=\"_blank\" rel=\"noopener\"><span style=\"text-align: center; color: #0066cc;\">Hidrolog\u00eda Isot\u00f3pica<\/span><\/a><\/td>\n<td class=\"xl66\" width=\"49\">2-2-3<\/td>\n<td class=\"xl67\" width=\"275\">Aprobaci\u00f3n del Comit\u00e9 Acad\u00e9mico<\/td>\n<\/tr>\n<tr>\n<td class=\"xl66\" width=\"63\">IA8040<\/td>\n<td class=\"xl68\" width=\"279\"><a href=\"https:\/\/drive.google.com\/file\/d\/1quns9MFdehOYfxjdiybzAlUj8Ron6rlt\/view?usp=drive_link\" target=\"_blank\" rel=\"noopener\"><span style=\"text-align: center; color: #0066cc;\">Hidrolog\u00eda de la Cri\u00f3sfera<\/span><\/a><\/td>\n<td class=\"xl66\" width=\"49\">2-2-3<\/td>\n<td class=\"xl67\" width=\"275\">Aprobaci\u00f3n del Comit\u00e9 Acad\u00e9mico<\/td>\n<\/tr>\n<tr>\n<td class=\"xl66\" width=\"63\">IA8041<\/td>\n<td class=\"xl68\" width=\"279\"><a href=\"https:\/\/drive.google.com\/file\/d\/1pGmEO7-Hp5yLtZM8rFbUuueVbyl9l4oo\/view?usp=drive_link\" target=\"_blank\" rel=\"noopener\"><span style=\"text-align: center; color: #0066cc;\">Teledetecci\u00f3n en Recursos H\u00eddricos<\/span><\/a><\/td>\n<td class=\"xl66\" width=\"49\">2-2-3<\/td>\n<td class=\"xl67\" width=\"275\">Aprobaci\u00f3n del Comit\u00e9 Acad\u00e9mico<\/td>\n<\/tr>\n<\/tbody>\n<\/table>\n<p>[\/vc_column_text][\/vc_column][\/vc_row]<\/p>\n<\/div>","protected":false},"excerpt":{"rendered":"<p>[vc_row row_padd=\u00bblg-padding\u00bb][vc_column][vc_column_text][vc_empty_space][vc_custom_heading text=\u00bbMalla Curricular\u00bb font_container=\u00bbtag:h2|text_align:left|color:%230066cc\u00bb google_fonts=\u00bbfont_family:Francois%20One%3Aregular|font_style:400%20regular%3A400%3Anormal\u00bb][vc_column_text] El programa de estudios es bajo un sistema de curr\u00edculo flexible con una secuencia recomendada y de acuerdo a las necesidades del estudiante, el Programa\u00a0 tiene una duraci\u00f3n m\u00ednima de seis semestres acad\u00e9micos (3 a\u00f1os) y m\u00e1ximo de 5 a\u00f1os, en el cual debe aprobar 64 cr\u00e9ditos (Incluye todos&hellip;<\/p>\n","protected":false},"author":1,"featured_media":0,"parent":0,"menu_order":0,"comment_status":"closed","ping_status":"closed","template":"","meta":{"footnotes":""},"class_list":["post-7438","page","type-page","status-publish","hentry"],"_links":{"self":[{"href":"https:\/\/wp.lamolina.edu.pe\/pdrh\/index.php\/wp-json\/wp\/v2\/pages\/7438","targetHints":{"allow":["GET"]}}],"collection":[{"href":"https:\/\/wp.lamolina.edu.pe\/pdrh\/index.php\/wp-json\/wp\/v2\/pages"}],"about":[{"href":"https:\/\/wp.lamolina.edu.pe\/pdrh\/index.php\/wp-json\/wp\/v2\/types\/page"}],"author":[{"embeddable":true,"href":"https:\/\/wp.lamolina.edu.pe\/pdrh\/index.php\/wp-json\/wp\/v2\/users\/1"}],"replies":[{"embeddable":true,"href":"https:\/\/wp.lamolina.edu.pe\/pdrh\/index.php\/wp-json\/wp\/v2\/comments?post=7438"}],"version-history":[{"count":28,"href":"https:\/\/wp.lamolina.edu.pe\/pdrh\/index.php\/wp-json\/wp\/v2\/pages\/7438\/revisions"}],"predecessor-version":[{"id":9255,"href":"https:\/\/wp.lamolina.edu.pe\/pdrh\/index.php\/wp-json\/wp\/v2\/pages\/7438\/revisions\/9255"}],"wp:attachment":[{"href":"https:\/\/wp.lamolina.edu.pe\/pdrh\/index.php\/wp-json\/wp\/v2\/media?parent=7438"}],"curies":[{"name":"wp","href":"https:\/\/api.w.org\/{rel}","templated":true}]}}