{"id":7440,"date":"2019-09-07T18:09:20","date_gmt":"2019-09-07T18:09:20","guid":{"rendered":"http:\/\/www.lamolina.edu.pe\/pdrh\/portales\/?page_id=7440"},"modified":"2022-05-18T19:37:12","modified_gmt":"2022-05-18T19:37:12","slug":"secuencia-de-cursos","status":"publish","type":"page","link":"https:\/\/wp.lamolina.edu.pe\/pdrh\/index.php\/secuencia-de-cursos\/","title":{"rendered":"Secuencia de Cursos"},"content":{"rendered":"<div class=\"wpb-content-wrapper\"><p>[vc_row row_padd=\u00bblg-padding\u00bb][vc_column][vc_custom_heading text=\u00bbSecuencia de Cursos\u00bb font_container=\u00bbtag:h2|text_align:left|color:%230066cc\u00bb google_fonts=\u00bbfont_family:Francois%20One%3Aregular|font_style:400%20regular%3A400%3Anormal\u00bb][vc_column_text]<\/p>\n<p style=\"text-align: justify;\">El estudiante puede considerar, dentro de su Plan de Estudios, cursos de nivel 8000,y cursos\u00a0 de campo complementario de otro programas de doctorado seg\u00fan sus l\u00edneas de investigaci\u00f3n hasta un <strong>total de 6 cr\u00e9ditos<\/strong>, previa aprobaci\u00f3n del Comit\u00e9 Acad\u00e9mico. Si el estudiante no define campo complementario; debe tomar cursos electivos del campo principal.<\/p>\n<p>[\/vc_column_text][vc_column_text]<\/p>\n<table style=\"height: 1236px;\" width=\"604\">\n<tbody>\n<tr>\n<td width=\"77\">\n<p style=\"text-align: center;\"><strong>Semestre<\/strong><\/p>\n<\/td>\n<td width=\"75\">\n<p style=\"text-align: center;\"><strong>C\u00f3digo<\/strong><\/p>\n<\/td>\n<td width=\"318\">\n<p style=\"text-align: center;\"><strong>Nombre del Curso <\/strong><\/p>\n<\/td>\n<td width=\"63\">\n<p style=\"text-align: center;\"><strong>Cr\u00e9dito<\/strong><\/p>\n<\/td>\n<td width=\"88\">\n<p style=\"text-align: center;\"><strong>Cr\u00e9ditos Acumulados<br \/>\n<\/strong><\/p>\n<\/td>\n<\/tr>\n<tr>\n<td style=\"text-align: center;\" rowspan=\"4\" width=\"77\"><strong>I<\/strong><\/td>\n<td width=\"75\">IA8000<\/td>\n<td width=\"318\">Ingenier\u00eda de Recursos H\u00eddricos<\/td>\n<td width=\"63\">\n<p style=\"text-align: center;\">3<\/p>\n<\/td>\n<td rowspan=\"4\" width=\"88\">\n<p style=\"text-align: center;\"><strong>11<\/strong><\/p>\n<\/td>\n<\/tr>\n<tr>\n<td width=\"75\">IA8001<\/td>\n<td width=\"318\">Gesti\u00f3n de Recursos H\u00eddricos<\/td>\n<td width=\"63\">\n<p style=\"text-align: center;\">3<\/p>\n<\/td>\n<\/tr>\n<tr>\n<td width=\"75\">IA8048<\/td>\n<td width=\"318\">Metodolog\u00eda de la Investigaci\u00f3n cient\u00edfica en Recursos H\u00eddricos<\/td>\n<td width=\"63\">\n<p style=\"text-align: center;\">2<\/p>\n<\/td>\n<\/tr>\n<tr>\n<td width=\"75\">IA\u2026<\/td>\n<td width=\"318\">Curso electivo del campo principal<\/td>\n<td width=\"63\">\n<p style=\"text-align: center;\">3<\/p>\n<\/td>\n<\/tr>\n<tr>\n<td style=\"text-align: center;\" rowspan=\"4\" width=\"77\"><strong>II<\/strong><\/td>\n<td width=\"75\">IA8049<\/td>\n<td width=\"318\">Proyecto de tesis en Recursos H\u00eddricos<\/td>\n<td width=\"63\">\n<p style=\"text-align: center;\">2<\/p>\n<\/td>\n<td rowspan=\"4\" width=\"88\">\n<p style=\"text-align: center;\"><strong>11<\/strong><\/p>\n<\/td>\n<\/tr>\n<tr>\n<td width=\"75\">IA8026<\/td>\n<td width=\"318\">Investigaci\u00f3n en Recursos H\u00eddricos<\/td>\n<td width=\"63\">\n<p style=\"text-align: center;\">3<\/p>\n<\/td>\n<\/tr>\n<tr>\n<td width=\"75\">IA\u2026<\/td>\n<td width=\"318\">Curso electivo del campo principal<\/td>\n<td width=\"63\">\n<p style=\"text-align: center;\">3<\/p>\n<\/td>\n<\/tr>\n<tr>\n<td width=\"75\">IA\u2026<\/td>\n<td width=\"318\">Curso electivo del campo principal<\/td>\n<td width=\"63\">\n<p style=\"text-align: center;\">3<\/p>\n<\/td>\n<\/tr>\n<tr>\n<td style=\"text-align: center;\" rowspan=\"3\" width=\"77\"><strong>III<\/strong><\/td>\n<td width=\"75\">IA8026<\/td>\n<td width=\"318\">Investigaci\u00f3n en Recursos H\u00eddricos<\/td>\n<td width=\"63\">\n<p style=\"text-align: center;\">5<\/p>\n<\/td>\n<td rowspan=\"3\" width=\"88\">\n<p style=\"text-align: center;\"><strong>11<\/strong><\/p>\n<\/td>\n<\/tr>\n<tr>\n<td width=\"75\">IA\u2026<\/td>\n<td width=\"318\">Curso electivo del campo principal<\/td>\n<td width=\"63\">\n<p style=\"text-align: center;\">3<\/p>\n<\/td>\n<\/tr>\n<tr>\n<td width=\"75\">IA\u2026<\/td>\n<td width=\"318\">Curso electivo del campo principal<\/td>\n<td width=\"63\">\n<p style=\"text-align: center;\">3<\/p>\n<\/td>\n<\/tr>\n<tr>\n<td style=\"text-align: center;\" rowspan=\"3\" width=\"77\"><strong>IV<\/strong><\/td>\n<td width=\"75\">IA8026<\/td>\n<td width=\"318\">Investigaci\u00f3n en Recursos H\u00eddricos<\/td>\n<td width=\"63\">\n<p style=\"text-align: center;\">5<\/p>\n<\/td>\n<td rowspan=\"3\" width=\"88\">\n<p style=\"text-align: center;\"><strong>11<\/strong><\/p>\n<\/td>\n<\/tr>\n<tr>\n<td width=\"75\">IA\u2026<\/td>\n<td width=\"318\">Curso electivo del campo principal<\/td>\n<td width=\"63\">\n<p style=\"text-align: center;\">3<\/p>\n<\/td>\n<\/tr>\n<tr>\n<td width=\"75\">IA\u2026<\/td>\n<td width=\"318\">Curso electivo del campo principal<\/td>\n<td width=\"63\">\n<p style=\"text-align: center;\">3<\/p>\n<\/td>\n<\/tr>\n<tr>\n<td style=\"text-align: center;\" rowspan=\"2\" width=\"77\"><strong>V<\/strong><\/td>\n<td width=\"75\">IA8026<\/td>\n<td width=\"318\">Investigaci\u00f3n en Recursos H\u00eddricos<\/td>\n<td width=\"63\">\n<p style=\"text-align: center;\">7<\/p>\n<\/td>\n<td rowspan=\"2\" width=\"88\">\n<p style=\"text-align: center;\"><strong>10<\/strong><\/p>\n<\/td>\n<\/tr>\n<tr>\n<td width=\"75\">IA\u2026<\/td>\n<td width=\"318\">Curso electivo del campo principal<\/td>\n<td width=\"63\">\n<p style=\"text-align: center;\">3<\/p>\n<\/td>\n<\/tr>\n<tr>\n<td style=\"text-align: center;\" width=\"77\"><strong>VI<\/strong><\/td>\n<td width=\"75\">IA8026<\/td>\n<td width=\"318\">Investigaci\u00f3n en Recursos H\u00eddricos<\/td>\n<td width=\"63\">\n<p style=\"text-align: center;\">10<\/p>\n<\/td>\n<td width=\"88\">\n<p style=\"text-align: center;\"><strong>10<\/strong><\/p>\n<\/td>\n<\/tr>\n<tr>\n<td colspan=\"3\" width=\"469\"><strong>(*) El PDRH, definir\u00e1 los cursos electivos a dictarse cada semestre acad\u00e9mico<\/strong><\/td>\n<td width=\"63\">\n<p style=\"text-align: center;\"><strong>TOTAL<\/strong><\/p>\n<\/td>\n<td width=\"88\">\n<p style=\"text-align: center;\"><strong>64<\/strong><\/p>\n<\/td>\n<\/tr>\n<\/tbody>\n<\/table>\n<p>[\/vc_column_text][\/vc_column][\/vc_row]<\/p>\n<\/div>","protected":false},"excerpt":{"rendered":"<p>[vc_row row_padd=\u00bblg-padding\u00bb][vc_column][vc_custom_heading text=\u00bbSecuencia de Cursos\u00bb font_container=\u00bbtag:h2|text_align:left|color:%230066cc\u00bb google_fonts=\u00bbfont_family:Francois%20One%3Aregular|font_style:400%20regular%3A400%3Anormal\u00bb][vc_column_text] El estudiante puede considerar, dentro de su Plan de Estudios, cursos de nivel 8000,y cursos\u00a0 de campo complementario de otro programas de doctorado seg\u00fan sus l\u00edneas de investigaci\u00f3n hasta un total de 6 cr\u00e9ditos, previa aprobaci\u00f3n del Comit\u00e9 Acad\u00e9mico. Si el estudiante no define campo complementario; debe tomar&hellip;<\/p>\n","protected":false},"author":1,"featured_media":0,"parent":0,"menu_order":0,"comment_status":"closed","ping_status":"closed","template":"","meta":{"footnotes":""},"class_list":["post-7440","page","type-page","status-publish","hentry"],"_links":{"self":[{"href":"https:\/\/wp.lamolina.edu.pe\/pdrh\/index.php\/wp-json\/wp\/v2\/pages\/7440","targetHints":{"allow":["GET"]}}],"collection":[{"href":"https:\/\/wp.lamolina.edu.pe\/pdrh\/index.php\/wp-json\/wp\/v2\/pages"}],"about":[{"href":"https:\/\/wp.lamolina.edu.pe\/pdrh\/index.php\/wp-json\/wp\/v2\/types\/page"}],"author":[{"embeddable":true,"href":"https:\/\/wp.lamolina.edu.pe\/pdrh\/index.php\/wp-json\/wp\/v2\/users\/1"}],"replies":[{"embeddable":true,"href":"https:\/\/wp.lamolina.edu.pe\/pdrh\/index.php\/wp-json\/wp\/v2\/comments?post=7440"}],"version-history":[{"count":10,"href":"https:\/\/wp.lamolina.edu.pe\/pdrh\/index.php\/wp-json\/wp\/v2\/pages\/7440\/revisions"}],"predecessor-version":[{"id":8434,"href":"https:\/\/wp.lamolina.edu.pe\/pdrh\/index.php\/wp-json\/wp\/v2\/pages\/7440\/revisions\/8434"}],"wp:attachment":[{"href":"https:\/\/wp.lamolina.edu.pe\/pdrh\/index.php\/wp-json\/wp\/v2\/media?parent=7440"}],"curies":[{"name":"wp","href":"https:\/\/api.w.org\/{rel}","templated":true}]}}