{"id":7452,"date":"2019-09-07T18:15:23","date_gmt":"2019-09-07T18:15:23","guid":{"rendered":"http:\/\/www.lamolina.edu.pe\/pdrh\/portales\/?page_id=7452"},"modified":"2022-05-18T19:45:52","modified_gmt":"2022-05-18T19:45:52","slug":"lineas-de-investigacion","status":"publish","type":"page","link":"https:\/\/wp.lamolina.edu.pe\/pdrh\/index.php\/lineas-de-investigacion\/","title":{"rendered":"Lineas de Investigaci\u00f3n"},"content":{"rendered":"<div class=\"wpb-content-wrapper\"><p>[vc_row row_padd=\u00bbno-padding\u00bb][vc_column width=\u00bb1\/2&#8243;][vc_custom_heading text=\u00bbLineas de Investigaci\u00f3n del Programa de Doctorado en Recursos H\u00eddricos (PDRH):\u00bb font_container=\u00bbtag:h2|text_align:left|color:%230066cc\u00bb google_fonts=\u00bbfont_family:Francois%20One%3Aregular|font_style:400%20regular%3A400%3Anormal\u00bb][vc_column_text]<\/p>\n<section class=\"av_textblock_section\">\n<div class=\"avia_textblock \">\n<p style=\"text-align: justify;\">El programa de Doctorado en Recursos H\u00eddricos a definido las l\u00edneas de investigaci\u00f3n, en funci\u00f3n a las l\u00edneas de investigaci\u00f3n de la Universidad Nacional Agraria La Molina (UNALM), mediante la (Res N\u00b0897-2019 &#8211; R- UNALM) y seg\u00fan los prop\u00f3sitos del programa referidos a investigar.<\/p>\n<p style=\"text-align: justify;\">Las investigaciones desarrolladas por los estudiantes del Programa de Doctorado en Recursos H\u00eddricos, estar\u00e1n orientados, de preferencia, a resolver un problema real y de necesidad del pa\u00eds, esto fortalece las investigaciones cient\u00edficas que se viene desarrollado.<\/p>\n<\/div>\n<\/section>\n<p>[\/vc_column_text][vc_empty_space][\/vc_column][vc_column width=\u00bb1\/2&#8243;][vc_single_image image=\u00bb8499&#8243; img_size=\u00bblarge\u00bb alignment=\u00bbcenter\u00bb onclick=\u00bbimg_link_large\u00bb][\/vc_column][\/vc_row][vc_row][vc_column][vc_custom_heading text=\u00bbAsesor\u00eda de Tesis\u00bb font_container=\u00bbtag:h2|text_align:left|color:%230066cc\u00bb google_fonts=\u00bbfont_family:Francois%20One%3Aregular|font_style:400%20regular%3A400%3Anormal\u00bb][vc_column_text]<\/p>\n<section class=\"av_textblock_section\">\n<div class=\"avia_textblock \">\n<p class=\"Estilo5\" style=\"text-align: justify;\">Cada estudiante tendr\u00e1, desde su admisi\u00f3n, un profesor que actuar\u00e1 como Asesor de Tesis durante todo el periodo de estudios y cuyas funciones son:<\/p>\n<ul>\n<li class=\"Estilo5\" style=\"text-align: justify;\">Aconsejar acad\u00e9micamente y hacer el seguimiento sobre el programa de estudios<\/li>\n<li class=\"Estilo5\" style=\"text-align: justify;\">Coordinar la investigaci\u00f3n doctoral<\/li>\n<li class=\"Estilo5\" style=\"text-align: justify;\">Seg\u00fan sea el caso, revisar exhaustivamente toda publicaci\u00f3n cient\u00edfica derivada de la investigaci\u00f3n doctoral<\/li>\n<li class=\"Estilo5\" style=\"text-align: justify;\">Orientar y apoyar la b\u00fasqueda de insumos para la investigaci\u00f3n doctoral<\/li>\n<\/ul>\n<\/div>\n<\/section>\n<p>[\/vc_column_text][\/vc_column][\/vc_row]<\/p>\n<\/div>","protected":false},"excerpt":{"rendered":"<p>[vc_row row_padd=\u00bbno-padding\u00bb][vc_column width=\u00bb1\/2&#8243;][vc_custom_heading text=\u00bbLineas de Investigaci\u00f3n del Programa de Doctorado en Recursos H\u00eddricos (PDRH):\u00bb font_container=\u00bbtag:h2|text_align:left|color:%230066cc\u00bb google_fonts=\u00bbfont_family:Francois%20One%3Aregular|font_style:400%20regular%3A400%3Anormal\u00bb][vc_column_text] El programa de Doctorado en Recursos H\u00eddricos a definido las l\u00edneas de investigaci\u00f3n, en funci\u00f3n a las l\u00edneas de investigaci\u00f3n de la Universidad Nacional Agraria La Molina (UNALM), mediante la (Res N\u00b0897-2019 &#8211; R- UNALM) y seg\u00fan los prop\u00f3sitos&hellip;<\/p>\n","protected":false},"author":1,"featured_media":0,"parent":0,"menu_order":0,"comment_status":"closed","ping_status":"closed","template":"","meta":{"footnotes":""},"class_list":["post-7452","page","type-page","status-publish","hentry"],"_links":{"self":[{"href":"https:\/\/wp.lamolina.edu.pe\/pdrh\/index.php\/wp-json\/wp\/v2\/pages\/7452","targetHints":{"allow":["GET"]}}],"collection":[{"href":"https:\/\/wp.lamolina.edu.pe\/pdrh\/index.php\/wp-json\/wp\/v2\/pages"}],"about":[{"href":"https:\/\/wp.lamolina.edu.pe\/pdrh\/index.php\/wp-json\/wp\/v2\/types\/page"}],"author":[{"embeddable":true,"href":"https:\/\/wp.lamolina.edu.pe\/pdrh\/index.php\/wp-json\/wp\/v2\/users\/1"}],"replies":[{"embeddable":true,"href":"https:\/\/wp.lamolina.edu.pe\/pdrh\/index.php\/wp-json\/wp\/v2\/comments?post=7452"}],"version-history":[{"count":17,"href":"https:\/\/wp.lamolina.edu.pe\/pdrh\/index.php\/wp-json\/wp\/v2\/pages\/7452\/revisions"}],"predecessor-version":[{"id":9048,"href":"https:\/\/wp.lamolina.edu.pe\/pdrh\/index.php\/wp-json\/wp\/v2\/pages\/7452\/revisions\/9048"}],"wp:attachment":[{"href":"https:\/\/wp.lamolina.edu.pe\/pdrh\/index.php\/wp-json\/wp\/v2\/media?parent=7452"}],"curies":[{"name":"wp","href":"https:\/\/api.w.org\/{rel}","templated":true}]}}