{"id":7543,"date":"2019-09-09T22:02:16","date_gmt":"2019-09-09T22:02:16","guid":{"rendered":"http:\/\/www.lamolina.edu.pe\/pdrh\/portales\/?page_id=7543"},"modified":"2022-08-22T19:51:00","modified_gmt":"2022-08-22T19:51:00","slug":"unidad-de-calidad-y-acreditacion","status":"publish","type":"page","link":"https:\/\/wp.lamolina.edu.pe\/pdrh\/index.php\/unidad-de-calidad-y-acreditacion\/","title":{"rendered":"Calidad y Acreditaci\u00f3n"},"content":{"rendered":"<div class=\"wpb-content-wrapper\"><p>[vc_row row_padd=\u00bbno-padding\u00bb][vc_column][vc_custom_heading text=\u00bbPOLITICA DE CALIDAD\u00bb font_container=\u00bbtag:h3|text_align:left|color:%230066cc\u00bb google_fonts=\u00bbfont_family:Francois%20One%3Aregular|font_style:400%20regular%3A400%3Anormal\u00bb][vc_column_text]<\/p>\n<div class=\"wpb_text_column \">\n<div class=\"wpb_text_column wpb_content_element \">\n<div class=\"wpb_wrapper\">\n<div class=\"flex_column av_one_full first avia-builder-el-0 el_before_av_one_half avia-builder-el-first \">\n<section class=\"av_textblock_section\">\n<div class=\"avia_textblock \">\n<p style=\"text-align: justify;\">El <strong>Programa de Doctorado en Recursos H\u00eddricos<\/strong> (PDRH) de la Universidad Nacional Agraria La Molina, viene contribuyendo al desarrollo sostenible del pa\u00eds a trav\u00e9s de la educaci\u00f3n superior altamente especializada en la ingenier\u00eda y gesti\u00f3n de los recursos h\u00eddricos basados en la investigaci\u00f3n cient\u00edfica, desarrollo e innovaci\u00f3n tecnol\u00f3gica.<\/p>\n<p style=\"text-align: justify;\">Para el cumplimiento de su misi\u00f3n el programa ha implementado su sistema de gesti\u00f3n de la calidad orientado a la mejora continua de los procesos de ense\u00f1anza aprendizaje, investigaci\u00f3n y responsabilidad social, cumpliendo el marco normativo legal vigente, para alcanzar est\u00e1ndares de calidad requeridos por un mercado laboral cada vez m\u00e1s exigente. En consecuencia, y alineados los prop\u00f3sitos institucionales, el Programa de Doctorado en Recursos H\u00eddricos asume los siguientes compromisos:<\/p>\n<\/div>\n<\/section>\n<\/div>\n<\/div>\n<\/div>\n<\/div>\n<ul>\n<li>Cumplir de manera efectiva todos los procesos orientados a la calidad, acad\u00e9mica y servicios brindados para lograr la satisfacci\u00f3n de sus estudiantes y grupos de inter\u00e9s.<\/li>\n<li>Promover la investigaci\u00f3n, el desarrollo y la innovaci\u00f3n en el proceso de formaci\u00f3n integral de sus estudiantes.<\/li>\n<li>Fortalecer la vinculaci\u00f3n del programa de estudio con la sociedad y su entorno.<\/li>\n<li>Mantener una gesti\u00f3n acad\u00e9mica y administrativa de calidad.<\/li>\n<li>Asegurar la mejora continua del sistema de Gesti\u00f3n Calidad en el desempe\u00f1o de sus procesos.<\/li>\n<\/ul>\n<p>&nbsp;<\/p>\n<p><strong>Ph.D. Eusebio Ingol Blanco<\/strong><\/p>\n<div class=\"wpb_text_column \">\n<div class=\"wpb_text_column wpb_content_element \">\n<div class=\"wpb_wrapper\">\n<div class=\"flex_column av_one_full first avia-builder-el-0 el_before_av_one_half avia-builder-el-first \">\n<section class=\"av_textblock_section\">\n<div class=\"avia_textblock \">\n<p>Coordinador PDRH<\/p><\/div>\n<\/section>\n<\/div>\n<\/div>\n<\/div>\n<\/div>\n<p>[\/vc_column_text][\/vc_column][vc_column][\/vc_column][\/vc_row][vc_section][vc_row][vc_column][vc_custom_heading text=\u00bbEtapas de la Acreditaci\u00f3n\u00bb font_container=\u00bbtag:h3|text_align:left|color:%230066cc\u00bb google_fonts=\u00bbfont_family:Francois%20One%3Aregular|font_style:400%20regular%3A400%3Anormal\u00bb][vc_single_image image=\u00bb7988&#8243; img_size=\u00bblarge\u00bb alignment=\u00bbcenter\u00bb][\/vc_column][\/vc_row][vc_row row_padd=\u00bbno-padding\u00bb][vc_column][vc_custom_heading text=\u00bbMiembros del Comit\u00e9 de Calidad\u00bb font_container=\u00bbtag:h3|text_align:left|color:%230066cc\u00bb google_fonts=\u00bbfont_family:Francois%20One%3Aregular|font_style:400%20regular%3A400%3Anormal\u00bb][vc_column_text]<div class=\"tmm tmm_acreditacion-team\"><div class=\"tmm_2_columns tmm_wrap tmm_theme_f\"><span class=\"tmm_two_containers_tablet\"><\/span><div class=\"tmm_container\"><div class=\"tmm_member\" style=\"border-top:#333333 solid 5px;\"><div class=\"tmm_photo tmm_pic_acreditacion-team_0\" style=\"background: url(https:\/\/web.lamolina.edu.pe\/pdrh\/wp-content\/uploads\/2022\/04\/mja.jpg); margin-left: auto; margin-right:auto; background-size:cover !important;\"><\/div><div class=\"tmm_textblock\"><div class=\"tmm_names\"><span class=\"tmm_fname\">Abel <\/span> <span class=\"tmm_lname\">Mej\u00eda<\/span><\/div><div class=\"tmm_job\">Presidente del Comite<\/div><div class=\"tmm_scblock\"><a target=\"_blank\" class=\"tmm_sociallink\" href=\"https:\/\/dina.concytec.gob.pe\/appDirectorioCTI\/VerDatosInvestigador.do?id_investigador=3022\" title=\"\"><img decoding=\"async\" alt=\"\" src=\"https:\/\/wp.lamolina.edu.pe\/pdrh\/wp-content\/plugins\/team-members\/inc\/img\/links\/website.png\"\/><\/a><\/div><\/div><\/div><div class=\"tmm_member\" style=\"border-top:#333333 solid 5px;\"><div class=\"tmm_photo tmm_pic_acreditacion-team_1\" style=\"background: url(https:\/\/web.lamolina.edu.pe\/pdrh\/wp-content\/uploads\/2019\/10\/chavarry.jpg); margin-left: auto; margin-right:auto; background-size:cover !important;\"><\/div><div class=\"tmm_textblock\"><div class=\"tmm_names\"><span class=\"tmm_fname\">Eduardo <\/span> <span class=\"tmm_lname\">Chavarri Velarde<\/span><\/div><div class=\"tmm_job\">Miembro<\/div><div class=\"tmm_scblock\"><a target=\"_blank\" class=\"tmm_sociallink\" href=\"https:\/\/dina.concytec.gob.pe\/appDirectorioCTI\/VerDatosInvestigador.do?id_investigador=2962\" title=\"\"><img decoding=\"async\" alt=\"\" src=\"https:\/\/wp.lamolina.edu.pe\/pdrh\/wp-content\/plugins\/team-members\/inc\/img\/links\/website.png\"\/><\/a><\/div><\/div><\/div><span class=\"tmm_two_containers_tablet\"><\/span><\/div><span class=\"tmm_columns_containers_desktop\"><\/span><div class=\"tmm_container\"><div class=\"tmm_member\" style=\"border-top:#333333 solid 5px;\"><div class=\"tmm_photo tmm_pic_acreditacion-team_2\" style=\"background: url(https:\/\/web.lamolina.edu.pe\/pdrh\/wp-content\/uploads\/2019\/10\/ABSA1.jpg); margin-left: auto; margin-right:auto; background-size:cover !important;\"><\/div><div class=\"tmm_textblock\"><div class=\"tmm_names\"><span class=\"tmm_fname\">Absal\u00f3n<\/span> <span class=\"tmm_lname\">V\u00e1squez Villanueva<\/span><\/div><div class=\"tmm_job\">Miembro<\/div><div class=\"tmm_scblock\"><a target=\"_blank\" class=\"tmm_sociallink\" href=\"https:\/\/dina.concytec.gob.pe\/appDirectorioCTI\/VerDatosInvestigador.do?id_investigador=73255\" title=\"\"><img decoding=\"async\" alt=\"\" src=\"https:\/\/wp.lamolina.edu.pe\/pdrh\/wp-content\/plugins\/team-members\/inc\/img\/links\/website.png\"\/><\/a><\/div><\/div><\/div><div class=\"tmm_member\" style=\"border-top:#333333 solid 5px;\"><div class=\"tmm_photo tmm_pic_acreditacion-team_3\" style=\"background: url(https:\/\/web.lamolina.edu.pe\/pdrh\/wp-content\/uploads\/2022\/04\/ig.jpg); margin-left: auto; margin-right:auto; background-size:cover !important;\"><\/div><div class=\"tmm_textblock\"><div class=\"tmm_names\"><span class=\"tmm_fname\">Eusebio<\/span> <span class=\"tmm_lname\">Ingol Blanco<\/span><\/div><div class=\"tmm_job\">Miembro<\/div><div class=\"tmm_scblock\"><a target=\"_blank\" class=\"tmm_sociallink\" href=\"https:\/\/dina.concytec.gob.pe\/appDirectorioCTI\/VerDatosInvestigador.do?id_investigador=3588\" title=\"\"><img decoding=\"async\" alt=\"\" src=\"https:\/\/wp.lamolina.edu.pe\/pdrh\/wp-content\/plugins\/team-members\/inc\/img\/links\/website.png\"\/><\/a><\/div><\/div><\/div><div style=\"clear:both;\"><\/div><\/div><\/div><\/div>[\/vc_column_text][vc_custom_heading text=\u00bbMiembros del Comit\u00e9 Consultivo\u00bb font_container=\u00bbtag:h3|text_align:left|color:%230066cc\u00bb google_fonts=\u00bbfont_family:Francois%20One%3Aregular|font_style:400%20regular%3A400%3Anormal\u00bb][vc_column_text]<\/p>\n<table class=\"tftable\" border=\"1\">\n<tbody>\n<tr style=\"height: 64px;\">\n<td style=\"background-color: #0066cc; width: 33.5px; height: 64px;\">\n<p><span style=\"color: #ffffff;\">Nro.<\/span><\/p>\n<\/td>\n<td style=\"background-color: #0066cc; width: 211.594px; height: 64px;\">\n<p><span style=\"color: #ffffff;\">Nombres y apellidos<\/span><\/p>\n<\/td>\n<td style=\"background-color: #0066cc; width: 199.594px; height: 64px;\">\n<p><span style=\"color: #ffffff;\">Instituci&oacute;n a la que representa<\/span><\/p>\n<\/td>\n<td style=\"background-color: #0066cc; width: 137.25px; height: 64px;\">\n<p><span style=\"color: #ffffff;\">Cargo<\/span><\/p>\n<\/td>\n<td style=\"background-color: #0066cc; width: 83.5px; height: 64px;\">\n<p><span style=\"color: #ffffff;\">Tel&eacute;fonos<\/span><\/p>\n<\/td>\n<td style=\"background-color: #0066cc; width: 224.562px; height: 64px;\">\n<p><span style=\"color: #ffffff;\">Correo electr&oacute;nico<\/span><\/p>\n<\/td>\n<\/tr>\n<tr style=\"height: 64px;\">\n<td style=\"width: 33.5px; height: 64px;\">\n<p>1<\/p>\n<\/td>\n<td style=\"width: 211.594px; height: 64px;\">\n<p>Dr. Edilberto Guevara P&eacute;rez<\/p>\n<\/td>\n<td style=\"width: 199.594px; height: 64px;\">\n<p>Autoridad Nacional del Agua &#8211; ANA<\/p>\n<\/td>\n<td style=\"width: 137.25px; height: 64px;\">\n<p>Funcionario<\/p>\n<\/td>\n<td style=\"width: 83.5px; height: 64px;\">\n<p>948657852<\/p>\n<\/td>\n<td style=\"width: 224.562px; height: 64px;\">\n<p><u><a href=\"mailto:eguevara@lamolina.edu.pe\">eguevara@lamolina.edu.pe<\/a><\/u><\/p>\n<\/td>\n<\/tr>\n<tr style=\"height: 64px;\">\n<td style=\"width: 33.5px; height: 64px;\">\n<p>2<\/p>\n<\/td>\n<td style=\"width: 211.594px; height: 64px;\">\n<p>ing. Jos&eacute; Nicol&aacute;s de Pi&eacute;rola canales<\/p>\n<\/td>\n<td style=\"width: 199.594px; height: 64px;\">\n<p>Southern Peru Copper Corotation Succursal Peru<\/p>\n<\/td>\n<td style=\"width: 137.25px; height: 64px;\">\n<p>Consultor<\/p>\n<\/td>\n<td style=\"width: 83.5px; height: 64px;\">\n<p>953641270<\/p>\n<\/td>\n<td style=\"width: 224.562px; height: 64px;\">\n<p><u><a href=\"mailto:jdepiero@southemperu.com.pe\">jdepiero@southemperu.com.pe<\/a><\/u><\/p>\n<\/td>\n<\/tr>\n<tr style=\"height: 82px;\">\n<td style=\"width: 33.5px; height: 82px;\">\n<p>3<\/p>\n<\/td>\n<td style=\"width: 211.594px; height: 82px;\">\n<p>Dr. Wilson Suarez Alayza<\/p>\n<\/td>\n<td style=\"width: 199.594px; height: 82px;\">\n<p>Servicio Nacional de Meteorolog&iacute;a e Hidrolog&iacute;a del Per&uacute;- SENAMHI<\/p>\n<\/td>\n<td style=\"width: 137.25px; height: 82px;\">\n<p>Funcionario<\/p>\n<\/td>\n<td style=\"width: 83.5px; height: 82px;\">\n<p>975536387<\/p>\n<\/td>\n<td style=\"width: 224.562px; height: 82px;\">\n<p><u><a href=\"mailto:wsuarez@lamolina.edu.pe\">wsuarez@lamolina.edu.pe<\/a><\/u><\/p>\n<\/td>\n<\/tr>\n<tr style=\"height: 64px;\">\n<td style=\"width: 33.5px; height: 64px;\">\n<p>4<\/p>\n<\/td>\n<td style=\"width: 211.594px; height: 64px;\">\n<p>Dr. James Apa&eacute;stegui Campos<\/p>\n<\/td>\n<td style=\"width: 199.594px; height: 64px;\">\n<p>Instituto Geof&iacute;sico del Per&uacute; &#8211; IGP<\/p>\n<\/td>\n<td style=\"width: 137.25px; height: 64px;\">\n<p>Investigador Cient&iacute;fico<\/p>\n<\/td>\n<td style=\"width: 83.5px; height: 64px;\">\n<p>984990930<\/p>\n<\/td>\n<td style=\"width: 224.562px; height: 64px;\">\n<p><u><a href=\"mailto:japaestegui@lamolina.edu.pe\">japaestegui@lamolina.edu.pe<\/a><\/u><\/p>\n<\/td>\n<\/tr>\n<tr style=\"height: 64px;\">\n<td style=\"width: 33.5px; height: 64px;\">\n<p>5<\/p>\n<\/td>\n<td style=\"width: 211.594px; height: 64px;\">\n<p>PhD. Sergio Morera Julca<\/p>\n<\/td>\n<td style=\"width: 199.594px; height: 64px;\">\n<p>Instituto Geof&iacute;sico del Per&uacute; &#8211; IGP<\/p>\n<\/td>\n<td style=\"width: 137.25px; height: 64px;\">\n<p>Investigador Cient&iacute;fico<\/p>\n<\/td>\n<td style=\"width: 83.5px; height: 64px;\">\n<p>976812005<\/p>\n<\/td>\n<td style=\"width: 224.562px; height: 64px;\">\n<p><u><a href=\"mailto:smorera@lamolina.edu.pe\">smorera@lamolina.edu.pe<\/a><\/u><\/p>\n<\/td>\n<\/tr>\n<tr style=\"height: 64px;\">\n<td style=\"width: 33.5px; height: 64px;\">\n<p>6<\/p>\n<\/td>\n<td style=\"width: 211.594px; height: 64px;\">\n<p>PhD. Edwin Pino Vargas<\/p>\n<\/td>\n<td style=\"width: 199.594px; height: 64px;\">\n<p>Representante de Egresados<\/p>\n<\/td>\n<td style=\"width: 137.25px; height: 64px;\">\n<p>Consultor<\/p>\n<\/td>\n<td style=\"width: 83.5px; height: 64px;\">\n<p>952298638<\/p>\n<\/td>\n<td style=\"width: 224.562px; height: 64px;\">\n<p><u><a href=\"mailto:epino68@hotmail.com\">epino68@hotmail.com<\/a><\/u><\/p>\n<\/td>\n<\/tr>\n<tr style=\"height: 64px;\">\n<td style=\"width: 33.5px; height: 64px;\">\n<p>7<\/p>\n<\/td>\n<td style=\"width: 211.594px; height: 64px;\">\n<p>PhD. Francisco Alejandro Alc&aacute;ntara Boza<\/p>\n<\/td>\n<td style=\"width: 199.594px; height: 64px;\">\n<p>Representante de Egresados<\/p>\n<\/td>\n<td style=\"width: 137.25px; height: 64px;\">\n<p>Consultor<\/p>\n<\/td>\n<td style=\"width: 83.5px; height: 64px;\">\n<p>992203138<\/p>\n<\/td>\n<td style=\"width: 224.562px; height: 64px;\">\n<p><u><a href=\"mailto:a_b_alcantara@hotmail.com\">a_b_alcantara@hotmail.com<\/a><\/u><\/p>\n<\/td>\n<\/tr>\n<\/tbody>\n<\/table>\n<p>[\/vc_column_text][vc_empty_space][vc_custom_heading text=\u00bbMiembros del Grupo de inter\u00e9s\u00bb font_container=\u00bbtag:h3|text_align:left|color:%230066cc\u00bb google_fonts=\u00bbfont_family:Francois%20One%3Aregular|font_style:400%20regular%3A400%3Anormal\u00bb][vc_column_text]<\/p>\n<table class=\"tftable\" border=\"1\">\n<tbody>\n<tr style=\"background-color: #0066cc;\">\n<th><span style=\"color: #ffffff;\"><strong>INSTITUCI\u00d3N<\/strong><\/span><\/th>\n<th><span style=\"color: #ffffff;\"><strong>REPRESENTANTE<\/strong><\/span><\/th>\n<\/tr>\n<tr>\n<td>Autoridad Nacional del Agua \u2013 ANA<\/td>\n<td>Responsable del \u00e1rea de Recursos H\u00eddricos.<\/td>\n<\/tr>\n<tr>\n<td>Ministerio de Agricultura y Riego \u2013 MINAGRI<\/td>\n<td>Responsable del \u00e1rea Infraestructura Agraria y Riego.<\/td>\n<\/tr>\n<tr>\n<td>Junta Nacional de Usuarios de los Distritos de Riego del Per\u00fa<\/td>\n<td>Responsable del \u00e1rea Suelos, riego y gesti\u00f3n de recursos h\u00eddricos.<\/td>\n<\/tr>\n<tr>\n<td>Instituto Geof\u00edsico del Per\u00fa IGP<\/td>\n<td>Responsable del \u00e1rea Variabilidad clim\u00e1tica, Recursos H\u00eddricos.<\/td>\n<\/tr>\n<tr>\n<td>Universidad Jorge Basadre Grohmann<\/td>\n<td>Responsable del \u00e1rea Recursos H\u00eddricos.<\/td>\n<\/tr>\n<tr>\n<td>Southern Per\u00fa<\/td>\n<td>Responsable del \u00e1rea Recursos H\u00eddricos.<\/td>\n<\/tr>\n<tr>\n<td>Servicio Nacional de Meteorolog\u00eda e Hidrolog\u00eda SENAMHI<\/td>\n<td>Responsable del \u00e1rea Hidrolog\u00eda, cambio clim\u00e1tico.<\/td>\n<\/tr>\n<tr>\n<td>AGRORURAL<\/td>\n<td>Responsable del \u00e1rea Manejo del Recurso h\u00eddrico y Riego.<\/td>\n<\/tr>\n<tr>\n<td>Programa Subsectorial de Irrigaciones \u2013 PSI<\/td>\n<td>Responsable del \u00e1rea proyectos de inversi\u00f3n p\u00fablica en Zonas rurales.<\/td>\n<\/tr>\n<tr>\n<td>Instituto nacional de Innovaci\u00f3n Agraria -INIA<\/td>\n<td>Responsable del \u00e1rea de Recursos H\u00eddricos.<\/td>\n<\/tr>\n<tr>\n<td>Universidad Nacional de Cajamarca<\/td>\n<td>Responsable del \u00e1rea Recursos H\u00eddricos.<\/td>\n<\/tr>\n<\/tbody>\n<\/table>\n<p>[\/vc_column_text][\/vc_column][\/vc_row][\/vc_section]<\/p>\n<\/div>","protected":false},"excerpt":{"rendered":"<p>[vc_row row_padd=\u00bbno-padding\u00bb][vc_column][vc_custom_heading text=\u00bbPOLITICA DE CALIDAD\u00bb font_container=\u00bbtag:h3|text_align:left|color:%230066cc\u00bb google_fonts=\u00bbfont_family:Francois%20One%3Aregular|font_style:400%20regular%3A400%3Anormal\u00bb][vc_column_text] El Programa de Doctorado en Recursos H\u00eddricos (PDRH) de la Universidad Nacional Agraria La Molina, viene contribuyendo al desarrollo sostenible del pa\u00eds a trav\u00e9s de la educaci\u00f3n superior altamente especializada en la ingenier\u00eda y gesti\u00f3n de los recursos h\u00eddricos basados en la investigaci\u00f3n cient\u00edfica, desarrollo e innovaci\u00f3n tecnol\u00f3gica.&hellip;<\/p>\n","protected":false},"author":1,"featured_media":0,"parent":0,"menu_order":0,"comment_status":"closed","ping_status":"closed","template":"","meta":{"footnotes":""},"class_list":["post-7543","page","type-page","status-publish","hentry"],"_links":{"self":[{"href":"https:\/\/wp.lamolina.edu.pe\/pdrh\/index.php\/wp-json\/wp\/v2\/pages\/7543","targetHints":{"allow":["GET"]}}],"collection":[{"href":"https:\/\/wp.lamolina.edu.pe\/pdrh\/index.php\/wp-json\/wp\/v2\/pages"}],"about":[{"href":"https:\/\/wp.lamolina.edu.pe\/pdrh\/index.php\/wp-json\/wp\/v2\/types\/page"}],"author":[{"embeddable":true,"href":"https:\/\/wp.lamolina.edu.pe\/pdrh\/index.php\/wp-json\/wp\/v2\/users\/1"}],"replies":[{"embeddable":true,"href":"https:\/\/wp.lamolina.edu.pe\/pdrh\/index.php\/wp-json\/wp\/v2\/comments?post=7543"}],"version-history":[{"count":64,"href":"https:\/\/wp.lamolina.edu.pe\/pdrh\/index.php\/wp-json\/wp\/v2\/pages\/7543\/revisions"}],"predecessor-version":[{"id":9097,"href":"https:\/\/wp.lamolina.edu.pe\/pdrh\/index.php\/wp-json\/wp\/v2\/pages\/7543\/revisions\/9097"}],"wp:attachment":[{"href":"https:\/\/wp.lamolina.edu.pe\/pdrh\/index.php\/wp-json\/wp\/v2\/media?parent=7543"}],"curies":[{"name":"wp","href":"https:\/\/api.w.org\/{rel}","templated":true}]}}