{"id":8571,"date":"2017-03-06T06:00:44","date_gmt":"2017-03-06T06:00:44","guid":{"rendered":"http:\/\/demo.acmethemes.com\/education-base-pro\/?page_id=396"},"modified":"2022-05-10T16:42:13","modified_gmt":"2022-05-10T16:42:13","slug":"vision","status":"publish","type":"page","link":"https:\/\/wp.lamolina.edu.pe\/pdrh\/index.php\/services\/vision\/","title":{"rendered":"Visi\u00f3n"},"content":{"rendered":"<p style=\"text-align: justify;\">Ser un programa l\u00edder de nivel nacional e internacional articulado con centros de educaci\u00f3n superior para el intercambio de Conocimientos, Investigaci\u00f3n, Desarrollo e Innovaci\u00f3n de la ingenier\u00eda y gesti\u00f3n sostenible de los recursos h\u00eddricos. Promover e impulsar el desarrollo de la sociedad por medio de:<\/p>\n<ul>\n<li>El desarrollo tecnol\u00f3gico y formaci\u00f3n de recursos humanos calificados.<\/li>\n<li>La generaci\u00f3n de conocimiento e investigaci\u00f3n<\/li>\n<li>El compromiso con la mejora continua y servicios de calidad.<\/li>\n<li>La competitividad de acuerdo a par\u00e1metros internacionales.<\/li>\n<li>\u00c9tica y trabajo en equipo.<\/li>\n<li>La capacidad de gesti\u00f3n para el cumplimiento de su misi\u00f3n.<\/li>\n<li>El liderazgo para generar sinergias entre los sectores comprometidos con los recursos h\u00eddricos.<\/li>\n<li>El respeto al medio ambiente.<\/li>\n<\/ul>\n","protected":false},"excerpt":{"rendered":"<p style=\"text-align: justify;\">Ser un programa l&iacute;der de nivel nacional e internacional articulado con centros de educaci&oacute;n superior para el intercambio de Conocimientos, Investigaci&oacute;n, Desarrollo e Innovaci&oacute;n de la ingenier&iacute;a y gesti&oacute;n sostenible de los recursos h&iacute;dricos.<\/p>\n","protected":false},"author":1,"featured_media":0,"parent":8581,"menu_order":0,"comment_status":"closed","ping_status":"closed","template":"","meta":{"footnotes":""},"class_list":["post-8571","page","type-page","status-publish","hentry"],"_links":{"self":[{"href":"https:\/\/wp.lamolina.edu.pe\/pdrh\/index.php\/wp-json\/wp\/v2\/pages\/8571","targetHints":{"allow":["GET"]}}],"collection":[{"href":"https:\/\/wp.lamolina.edu.pe\/pdrh\/index.php\/wp-json\/wp\/v2\/pages"}],"about":[{"href":"https:\/\/wp.lamolina.edu.pe\/pdrh\/index.php\/wp-json\/wp\/v2\/types\/page"}],"author":[{"embeddable":true,"href":"https:\/\/wp.lamolina.edu.pe\/pdrh\/index.php\/wp-json\/wp\/v2\/users\/1"}],"replies":[{"embeddable":true,"href":"https:\/\/wp.lamolina.edu.pe\/pdrh\/index.php\/wp-json\/wp\/v2\/comments?post=8571"}],"version-history":[{"count":3,"href":"https:\/\/wp.lamolina.edu.pe\/pdrh\/index.php\/wp-json\/wp\/v2\/pages\/8571\/revisions"}],"predecessor-version":[{"id":8800,"href":"https:\/\/wp.lamolina.edu.pe\/pdrh\/index.php\/wp-json\/wp\/v2\/pages\/8571\/revisions\/8800"}],"up":[{"embeddable":true,"href":"https:\/\/wp.lamolina.edu.pe\/pdrh\/index.php\/wp-json\/wp\/v2\/pages\/8581"}],"wp:attachment":[{"href":"https:\/\/wp.lamolina.edu.pe\/pdrh\/index.php\/wp-json\/wp\/v2\/media?parent=8571"}],"curies":[{"name":"wp","href":"https:\/\/api.w.org\/{rel}","templated":true}]}}