{"id":8573,"date":"2017-03-06T05:57:20","date_gmt":"2017-03-06T05:57:20","guid":{"rendered":"http:\/\/demo.acmethemes.com\/education-base-pro\/?page_id=394"},"modified":"2022-04-30T22:31:18","modified_gmt":"2022-04-30T22:31:18","slug":"principios","status":"publish","type":"page","link":"https:\/\/wp.lamolina.edu.pe\/pdrh\/index.php\/services\/principios\/","title":{"rendered":"Principios"},"content":{"rendered":"<ul>\n<li>\n<p style=\"text-align: justify;\">Excelencia Acad\u00e9mica: B\u00fasqueda de los m\u00e1s altos niveles del conocimiento.<\/p>\n<\/li>\n<li style=\"text-align: justify;\">Investigaci\u00f3n e Innovaci\u00f3n: Generaci\u00f3n del conocimiento, orientados al desarrollo de la ciencia y tecnolog\u00eda.<\/li>\n<li style=\"text-align: justify;\">Interdisciplinariedad: relaciones e interacciones internas y externas para el fortalecimiento de las actividades acad\u00e9micas de inves\u00adtigaci\u00f3n, de docencia y de extensi\u00f3n.<\/li>\n<li style=\"text-align: justify;\">Servicio: Desarrollo de actividades con oportunidad y eficiencia.<\/li>\n<li style=\"text-align: justify;\">Respeto: Cumplimiento de responsabilidades asumidas por los miembros del programa, sin discriminaci\u00f3n alguna.<\/li>\n<li style=\"text-align: justify;\">Congruencia: Pr\u00e1ctica de los valores y comportamientos institucionales mediante el ejemplo personal.<\/li>\n<li>\n<p style=\"text-align: justify;\">Bien com\u00fan: B\u00fasqueda del beneficio colectivo por encima de intereses particulares<\/p>\n<\/li>\n<\/ul>\n","protected":false},"excerpt":{"rendered":"<p style=\"text-align: justify;\">Excelencia Acad&eacute;mica: B&uacute;squeda de los m&aacute;s altos niveles del conocimiento, Investigaci&oacute;n e Innovaci&oacute;n: Generaci&oacute;n del conocimiento, orientados al desarrollo de la ciencia y tecnolog&iacute;a.<\/p>\n","protected":false},"author":1,"featured_media":0,"parent":8581,"menu_order":0,"comment_status":"closed","ping_status":"closed","template":"","meta":{"footnotes":""},"class_list":["post-8573","page","type-page","status-publish","hentry"],"_links":{"self":[{"href":"https:\/\/wp.lamolina.edu.pe\/pdrh\/index.php\/wp-json\/wp\/v2\/pages\/8573","targetHints":{"allow":["GET"]}}],"collection":[{"href":"https:\/\/wp.lamolina.edu.pe\/pdrh\/index.php\/wp-json\/wp\/v2\/pages"}],"about":[{"href":"https:\/\/wp.lamolina.edu.pe\/pdrh\/index.php\/wp-json\/wp\/v2\/types\/page"}],"author":[{"embeddable":true,"href":"https:\/\/wp.lamolina.edu.pe\/pdrh\/index.php\/wp-json\/wp\/v2\/users\/1"}],"replies":[{"embeddable":true,"href":"https:\/\/wp.lamolina.edu.pe\/pdrh\/index.php\/wp-json\/wp\/v2\/comments?post=8573"}],"version-history":[{"count":2,"href":"https:\/\/wp.lamolina.edu.pe\/pdrh\/index.php\/wp-json\/wp\/v2\/pages\/8573\/revisions"}],"predecessor-version":[{"id":8804,"href":"https:\/\/wp.lamolina.edu.pe\/pdrh\/index.php\/wp-json\/wp\/v2\/pages\/8573\/revisions\/8804"}],"up":[{"embeddable":true,"href":"https:\/\/wp.lamolina.edu.pe\/pdrh\/index.php\/wp-json\/wp\/v2\/pages\/8581"}],"wp:attachment":[{"href":"https:\/\/wp.lamolina.edu.pe\/pdrh\/index.php\/wp-json\/wp\/v2\/media?parent=8573"}],"curies":[{"name":"wp","href":"https:\/\/api.w.org\/{rel}","templated":true}]}}