{"id":8575,"date":"2017-02-27T11:29:05","date_gmt":"2017-02-27T11:29:05","guid":{"rendered":"http:\/\/demo.acmethemes.com\/education-base-pro\/?page_id=346"},"modified":"2022-05-11T14:28:31","modified_gmt":"2022-05-11T14:28:31","slug":"beneficios","status":"publish","type":"page","link":"https:\/\/wp.lamolina.edu.pe\/pdrh\/index.php\/services\/beneficios\/","title":{"rendered":"Pol\u00edtica de calidad"},"content":{"rendered":"<div class=\"wpb-content-wrapper\"><p>[vc_row][vc_column][vc_column_text]<\/p>\r\n<p style=\"text-align: justify;\">El <strong>Programa de Doctorado en Recursos H\u00eddricos<\/strong> (PDRH) de la Universidad Nacional Agraria La Molina, viene contribuyendo al desarrollo sostenible del pa\u00eds a trav\u00e9s de la educaci\u00f3n superior altamente especializada en la ingenier\u00eda y gesti\u00f3n de los recursos h\u00eddricos basados en la investigaci\u00f3n cient\u00edfica, desarrollo e innovaci\u00f3n tecnol\u00f3gica.<\/p>\r\n\r\n<p style=\"text-align: justify;\">Para el cumplimiento de su misi\u00f3n el programa ha implementado su sistema de gesti\u00f3n de la calidad orientado a la mejora continua de los procesos de ense\u00f1anza aprendizaje, investigaci\u00f3n y responsabilidad social, cumpliendo el marco normativo legal vigente, para alcanzar est\u00e1ndares de calidad requeridos por un mercado laboral cada vez m\u00e1s exigente. En consecuencia, y alineados los prop\u00f3sitos institucionales, el Programa de Doctorado en Recursos H\u00eddricos asume los siguientes compromisos:<\/p>\r\n\r\n<ul>\r\n<li style=\"text-align: justify;\">Cumplir de manera efectiva todos los procesos orientados a la calidad, acad\u00e9mica y servicios brindados para lograr la satisfacci\u00f3n de sus estudiantes y grupos de inter\u00e9s.<\/li>\r\n<li style=\"text-align: justify;\">Promover la investigaci\u00f3n, el desarrollo y la innovaci\u00f3n en el proceso de formaci\u00f3n integral de sus estudiantes.<\/li>\r\n<li style=\"text-align: justify;\">Fortalecer la vinculaci\u00f3n del programa de estudio con la sociedad y su entorno.<\/li>\r\n<li style=\"text-align: justify;\">Mantener una gesti\u00f3n acad\u00e9mica y administrativa de calidad.<\/li>\r\n<li style=\"text-align: justify;\">Asegurar la mejora continua del sistema de Gesti\u00f3n Calidad en el desempe\u00f1o de sus procesos.<\/li>\r\n<\/ul>\r\n<p>[\/vc_column_text][\/vc_column][\/vc_row]<\/p><\/div>","protected":false},"excerpt":{"rendered":"<p style=\"text-align: justify;\">Para el cumplimiento de su misi\u00f3n el programa ha implementado su sistema de gesti\u00f3n de la calidad orientado a la mejora continua.<\/p>\n","protected":false},"author":1,"featured_media":0,"parent":8581,"menu_order":0,"comment_status":"closed","ping_status":"closed","template":"","meta":{"footnotes":""},"class_list":["post-8575","page","type-page","status-publish","hentry"],"_links":{"self":[{"href":"https:\/\/wp.lamolina.edu.pe\/pdrh\/index.php\/wp-json\/wp\/v2\/pages\/8575","targetHints":{"allow":["GET"]}}],"collection":[{"href":"https:\/\/wp.lamolina.edu.pe\/pdrh\/index.php\/wp-json\/wp\/v2\/pages"}],"about":[{"href":"https:\/\/wp.lamolina.edu.pe\/pdrh\/index.php\/wp-json\/wp\/v2\/types\/page"}],"author":[{"embeddable":true,"href":"https:\/\/wp.lamolina.edu.pe\/pdrh\/index.php\/wp-json\/wp\/v2\/users\/1"}],"replies":[{"embeddable":true,"href":"https:\/\/wp.lamolina.edu.pe\/pdrh\/index.php\/wp-json\/wp\/v2\/comments?post=8575"}],"version-history":[{"count":5,"href":"https:\/\/wp.lamolina.edu.pe\/pdrh\/index.php\/wp-json\/wp\/v2\/pages\/8575\/revisions"}],"predecessor-version":[{"id":8939,"href":"https:\/\/wp.lamolina.edu.pe\/pdrh\/index.php\/wp-json\/wp\/v2\/pages\/8575\/revisions\/8939"}],"up":[{"embeddable":true,"href":"https:\/\/wp.lamolina.edu.pe\/pdrh\/index.php\/wp-json\/wp\/v2\/pages\/8581"}],"wp:attachment":[{"href":"https:\/\/wp.lamolina.edu.pe\/pdrh\/index.php\/wp-json\/wp\/v2\/media?parent=8575"}],"curies":[{"name":"wp","href":"https:\/\/api.w.org\/{rel}","templated":true}]}}