{"id":8633,"date":"2016-10-17T13:46:19","date_gmt":"2016-10-17T13:46:19","guid":{"rendered":"http:\/\/www.demo.acmethemes.com\/education-base\/?page_id=43"},"modified":"2024-02-20T21:39:09","modified_gmt":"2024-02-20T21:39:09","slug":"eusebio_ingol","status":"publish","type":"page","link":"https:\/\/wp.lamolina.edu.pe\/pdrh\/index.php\/team\/eusebio_ingol\/","title":{"rendered":"Dr. Enrique\u00a0Meseth Macchiavello"},"content":{"rendered":"<p style=\"text-align: justify;\">Doctorado en Ciencias Marinas e Ingenier\u00eda con menci\u00f3n en Gesti\u00f3n de Recursos H\u00eddricos y Agricultura por la Universidad Nacional Sun Yat-Sen de Taiw\u00e1n. Master en Ingenier\u00eda para el Desarrollo por la Universidad de Southampton, Reino Unido, Ingeniero Industrial de la Universidad de Lima.<\/p>\r\n\r\n<p>&nbsp;<\/p>\r\n\r\n\r\n\r\n<figure class=\"wp-block-image size-full\"><img loading=\"lazy\" decoding=\"async\" width=\"227\" height=\"273\" class=\"wp-image-9228\" src=\"https:\/\/web.lamolina.edu.pe\/pdrh\/wp-content\/uploads\/2024\/02\/Dr.-Enrique-Meseth.png\" alt=\"\" \/><\/figure>\r\n","protected":false},"excerpt":{"rendered":"<p>Profesor \/ Visitante<\/p>\n","protected":false},"author":1,"featured_media":9228,"parent":8639,"menu_order":0,"comment_status":"closed","ping_status":"closed","template":"","meta":{"footnotes":""},"class_list":["post-8633","page","type-page","status-publish","has-post-thumbnail","hentry"],"_links":{"self":[{"href":"https:\/\/wp.lamolina.edu.pe\/pdrh\/index.php\/wp-json\/wp\/v2\/pages\/8633","targetHints":{"allow":["GET"]}}],"collection":[{"href":"https:\/\/wp.lamolina.edu.pe\/pdrh\/index.php\/wp-json\/wp\/v2\/pages"}],"about":[{"href":"https:\/\/wp.lamolina.edu.pe\/pdrh\/index.php\/wp-json\/wp\/v2\/types\/page"}],"author":[{"embeddable":true,"href":"https:\/\/wp.lamolina.edu.pe\/pdrh\/index.php\/wp-json\/wp\/v2\/users\/1"}],"replies":[{"embeddable":true,"href":"https:\/\/wp.lamolina.edu.pe\/pdrh\/index.php\/wp-json\/wp\/v2\/comments?post=8633"}],"version-history":[{"count":6,"href":"https:\/\/wp.lamolina.edu.pe\/pdrh\/index.php\/wp-json\/wp\/v2\/pages\/8633\/revisions"}],"predecessor-version":[{"id":9231,"href":"https:\/\/wp.lamolina.edu.pe\/pdrh\/index.php\/wp-json\/wp\/v2\/pages\/8633\/revisions\/9231"}],"up":[{"embeddable":true,"href":"https:\/\/wp.lamolina.edu.pe\/pdrh\/index.php\/wp-json\/wp\/v2\/pages\/8639"}],"wp:featuredmedia":[{"embeddable":true,"href":"https:\/\/wp.lamolina.edu.pe\/pdrh\/index.php\/wp-json\/wp\/v2\/media\/9228"}],"wp:attachment":[{"href":"https:\/\/wp.lamolina.edu.pe\/pdrh\/index.php\/wp-json\/wp\/v2\/media?parent=8633"}],"curies":[{"name":"wp","href":"https:\/\/api.w.org\/{rel}","templated":true}]}}