{"id":8635,"date":"2016-10-17T13:45:12","date_gmt":"2016-10-17T13:45:12","guid":{"rendered":"http:\/\/www.demo.acmethemes.com\/education-base\/?page_id=41"},"modified":"2022-04-30T23:42:14","modified_gmt":"2022-04-30T23:42:14","slug":"waldo_lavado","status":"publish","type":"page","link":"https:\/\/wp.lamolina.edu.pe\/pdrh\/index.php\/team\/waldo_lavado\/","title":{"rendered":"Dr Waldo Lavado"},"content":{"rendered":"<p style=\"text-align: justify;\">Dr. en Hidrolog\u00eda y Cambio Clim\u00e1tico en la U. Toulouse III (Francia), especialista en climatolog\u00eda e hidrolog\u00eda del SENAMHI, autor de diversos art\u00edculos cient\u00edficos en revistas indexadas as\u00ed como revisor de art\u00edculos cient\u00edficos de revistas indexadas internacionales<\/p>\n","protected":false},"excerpt":{"rendered":"<p>Profesor \/ Visitante<\/p>\n","protected":false},"author":1,"featured_media":8819,"parent":8639,"menu_order":0,"comment_status":"closed","ping_status":"closed","template":"","meta":{"footnotes":""},"class_list":["post-8635","page","type-page","status-publish","has-post-thumbnail","hentry"],"_links":{"self":[{"href":"https:\/\/wp.lamolina.edu.pe\/pdrh\/index.php\/wp-json\/wp\/v2\/pages\/8635","targetHints":{"allow":["GET"]}}],"collection":[{"href":"https:\/\/wp.lamolina.edu.pe\/pdrh\/index.php\/wp-json\/wp\/v2\/pages"}],"about":[{"href":"https:\/\/wp.lamolina.edu.pe\/pdrh\/index.php\/wp-json\/wp\/v2\/types\/page"}],"author":[{"embeddable":true,"href":"https:\/\/wp.lamolina.edu.pe\/pdrh\/index.php\/wp-json\/wp\/v2\/users\/1"}],"replies":[{"embeddable":true,"href":"https:\/\/wp.lamolina.edu.pe\/pdrh\/index.php\/wp-json\/wp\/v2\/comments?post=8635"}],"version-history":[{"count":2,"href":"https:\/\/wp.lamolina.edu.pe\/pdrh\/index.php\/wp-json\/wp\/v2\/pages\/8635\/revisions"}],"predecessor-version":[{"id":8820,"href":"https:\/\/wp.lamolina.edu.pe\/pdrh\/index.php\/wp-json\/wp\/v2\/pages\/8635\/revisions\/8820"}],"up":[{"embeddable":true,"href":"https:\/\/wp.lamolina.edu.pe\/pdrh\/index.php\/wp-json\/wp\/v2\/pages\/8639"}],"wp:featuredmedia":[{"embeddable":true,"href":"https:\/\/wp.lamolina.edu.pe\/pdrh\/index.php\/wp-json\/wp\/v2\/media\/8819"}],"wp:attachment":[{"href":"https:\/\/wp.lamolina.edu.pe\/pdrh\/index.php\/wp-json\/wp\/v2\/media?parent=8635"}],"curies":[{"name":"wp","href":"https:\/\/api.w.org\/{rel}","templated":true}]}}