{"id":8637,"date":"2016-10-17T13:44:26","date_gmt":"2016-10-17T13:44:26","guid":{"rendered":"http:\/\/www.demo.acmethemes.com\/education-base\/?page_id=39"},"modified":"2022-04-30T23:49:20","modified_gmt":"2022-04-30T23:49:20","slug":"lia_ramos","status":"publish","type":"page","link":"https:\/\/wp.lamolina.edu.pe\/pdrh\/index.php\/team\/lia_ramos\/","title":{"rendered":"Dra Lia Ramos"},"content":{"rendered":"<p style=\"text-align: justify;\">Dra. en Ingenier\u00eda del Agua y Medio Ambiente por la Universidad Politecnica de Valencia (Espa\u00f1a), Master en Ingenier\u00eda Sanitaria y Medio Ambiente e Ingeniera Agr\u00edcola por la UNALM. Desde el 2002 a la actualidad, es Docente en la Especialidad de Ingenier\u00eda del Agua y Medioambiente en el Departamento de Recursos H\u00eddricos-UNALM-Peru. Ha trabajado en proyectos de investigacion I+D+i en la linea de investigaci\u00f3n \u00abTeledeteccion y cambio climatico aplicado a los recursos hidricos y agricultura\u00bb, con los actores de la gestion del agua y agricultura a nivel de cuencas hidrograficas y usuario final (Cuencas de Lurin, Ca\u00f1ete, Chancay Lambayeque, Locumba-Sama-Caplina-Uchusuma, entre otras) en alianza con instituciones, empresas y organizaciones de riego. Herramientas: Manejo de modelos hidrol\u00f3gicos, modelos de rendimiento de cultivos, modelos de calidad del agua y procesamiento de informaci\u00f3n de sensores remotos..<\/p>\n","protected":false},"excerpt":{"rendered":"<p>Program Coordinator <\/p>\n","protected":false},"author":1,"featured_media":8822,"parent":8639,"menu_order":0,"comment_status":"closed","ping_status":"closed","template":"","meta":{"footnotes":""},"class_list":["post-8637","page","type-page","status-publish","has-post-thumbnail","hentry"],"_links":{"self":[{"href":"https:\/\/wp.lamolina.edu.pe\/pdrh\/index.php\/wp-json\/wp\/v2\/pages\/8637","targetHints":{"allow":["GET"]}}],"collection":[{"href":"https:\/\/wp.lamolina.edu.pe\/pdrh\/index.php\/wp-json\/wp\/v2\/pages"}],"about":[{"href":"https:\/\/wp.lamolina.edu.pe\/pdrh\/index.php\/wp-json\/wp\/v2\/types\/page"}],"author":[{"embeddable":true,"href":"https:\/\/wp.lamolina.edu.pe\/pdrh\/index.php\/wp-json\/wp\/v2\/users\/1"}],"replies":[{"embeddable":true,"href":"https:\/\/wp.lamolina.edu.pe\/pdrh\/index.php\/wp-json\/wp\/v2\/comments?post=8637"}],"version-history":[{"count":2,"href":"https:\/\/wp.lamolina.edu.pe\/pdrh\/index.php\/wp-json\/wp\/v2\/pages\/8637\/revisions"}],"predecessor-version":[{"id":8823,"href":"https:\/\/wp.lamolina.edu.pe\/pdrh\/index.php\/wp-json\/wp\/v2\/pages\/8637\/revisions\/8823"}],"up":[{"embeddable":true,"href":"https:\/\/wp.lamolina.edu.pe\/pdrh\/index.php\/wp-json\/wp\/v2\/pages\/8639"}],"wp:featuredmedia":[{"embeddable":true,"href":"https:\/\/wp.lamolina.edu.pe\/pdrh\/index.php\/wp-json\/wp\/v2\/media\/8822"}],"wp:attachment":[{"href":"https:\/\/wp.lamolina.edu.pe\/pdrh\/index.php\/wp-json\/wp\/v2\/media?parent=8637"}],"curies":[{"name":"wp","href":"https:\/\/api.w.org\/{rel}","templated":true}]}}