{"id":8645,"date":"2016-10-17T13:39:31","date_gmt":"2016-10-17T13:39:31","guid":{"rendered":"http:\/\/www.demo.acmethemes.com\/education-base\/?page_id=31"},"modified":"2022-05-26T14:17:37","modified_gmt":"2022-05-26T14:17:37","slug":"efrain_turpo","status":"publish","type":"page","link":"https:\/\/wp.lamolina.edu.pe\/pdrh\/index.php\/testimonials\/efrain_turpo\/","title":{"rendered":"EFRAIN TURPO"},"content":{"rendered":"<p style=\"text-align: justify;\">Ser molinero y formar parte del Programa de Doctorado en Recursos H\u00eddricos es uno de mis mayores \u00e9xitos en el \u00e1mbito profesional y personal, ya que me permiti\u00f3 profundizar y ampliar mis conocimientos en la gesti\u00f3n de recursos h\u00eddricos, a trav\u00e9s de los cursos que ofrece el plan de estudios, a la excelencia acad\u00e9mica y a la infraestructura moderna del programa. Tambi\u00e9n adquir\u00ed habilidades en el desarrollo de proyectos de investigaci\u00f3n que despertaron mi capacidad cr\u00edtica para dar soluciones a problemas reales que afronta nuestra sociedad.<\/p>\n<p>.<\/p>\n","protected":false},"excerpt":{"rendered":"<p>A trav\u00e9s de los cursos que ofrece el plan de estudios y  a la excelencia acad\u00e9mica adquir\u00ed habilidades en el desarrollo de proyectos de investigaci\u00f3n que despertaron mi capacidad cr\u00edtica para dar soluciones a problemas reales que afronta nuestra sociedad.<\/p>\n","protected":false},"author":1,"featured_media":8952,"parent":8647,"menu_order":0,"comment_status":"closed","ping_status":"closed","template":"","meta":{"footnotes":""},"class_list":["post-8645","page","type-page","status-publish","has-post-thumbnail","hentry"],"_links":{"self":[{"href":"https:\/\/wp.lamolina.edu.pe\/pdrh\/index.php\/wp-json\/wp\/v2\/pages\/8645","targetHints":{"allow":["GET"]}}],"collection":[{"href":"https:\/\/wp.lamolina.edu.pe\/pdrh\/index.php\/wp-json\/wp\/v2\/pages"}],"about":[{"href":"https:\/\/wp.lamolina.edu.pe\/pdrh\/index.php\/wp-json\/wp\/v2\/types\/page"}],"author":[{"embeddable":true,"href":"https:\/\/wp.lamolina.edu.pe\/pdrh\/index.php\/wp-json\/wp\/v2\/users\/1"}],"replies":[{"embeddable":true,"href":"https:\/\/wp.lamolina.edu.pe\/pdrh\/index.php\/wp-json\/wp\/v2\/comments?post=8645"}],"version-history":[{"count":3,"href":"https:\/\/wp.lamolina.edu.pe\/pdrh\/index.php\/wp-json\/wp\/v2\/pages\/8645\/revisions"}],"predecessor-version":[{"id":9064,"href":"https:\/\/wp.lamolina.edu.pe\/pdrh\/index.php\/wp-json\/wp\/v2\/pages\/8645\/revisions\/9064"}],"up":[{"embeddable":true,"href":"https:\/\/wp.lamolina.edu.pe\/pdrh\/index.php\/wp-json\/wp\/v2\/pages\/8647"}],"wp:featuredmedia":[{"embeddable":true,"href":"https:\/\/wp.lamolina.edu.pe\/pdrh\/index.php\/wp-json\/wp\/v2\/media\/8952"}],"wp:attachment":[{"href":"https:\/\/wp.lamolina.edu.pe\/pdrh\/index.php\/wp-json\/wp\/v2\/media?parent=8645"}],"curies":[{"name":"wp","href":"https:\/\/api.w.org\/{rel}","templated":true}]}}