{"id":8651,"date":"2016-10-17T13:32:23","date_gmt":"2016-10-17T13:32:23","guid":{"rendered":"http:\/\/www.demo.acmethemes.com\/education-base\/?page_id=25"},"modified":"2022-05-04T13:35:58","modified_gmt":"2022-05-04T13:35:58","slug":"elche","status":"publish","type":"page","link":"https:\/\/wp.lamolina.edu.pe\/pdrh\/index.php\/academics-departments\/elche\/","title":{"rendered":"Miguel Hern\u00e1ndez de Elche, Espa\u00f1a"},"content":{"rendered":"<p style=\"text-align: justify;\"><strong>Primera Adenda al Convenio Espec\u00edfico de Cooperaci\u00f3n Interinstitucional Doble Doctorado Internacional con la Universidad Miguel Hern\u00e1ndez de Elche, Espa\u00f1a y la UNALM (Recursos H\u00eddricos).<\/strong><\/p>\n<p style=\"text-align: justify;\"><strong>Objetivo:<\/strong><\/p>\n<p style=\"text-align: justify;\">La presente Adenda tiene como objeto modificar el contenido del numeral 2.6. Emisi\u00f3n del T\u00edtulo de la Cl\u00e1usula Segunda. &#8211; Objeto del Convenio, de igual forma, la modificaci\u00f3n del Anexo l. Responsables acad\u00e9micos y administrativos del convenio de doble doctorado. En ese sentido, el contenido de citadas cl\u00e1usulas queda redactadas de la siguiente manera:<\/p>\n<p style=\"text-align: justify;\"><strong>Emisi\u00f3n del t\u00edtulo.<\/strong><\/p>\n<p style=\"text-align: justify;\">La superaci\u00f3n de la defensa de tesis doctoral y el cumplimiento de los requisitos aqu\u00ed establecidos permitir\u00e1 al estudiante obtener el t\u00edtulo de Doctor en Recursos y Tecnolog\u00edas Agrarias, Agroambientales y Alimentarias por la Universidad Miguel Hern\u00e1ndez de Elche y el t\u00edtulo de Doctor denominado Doctoris Philosophiae en Recursos H\u00eddricos por la Universidad Nacional Agraria La Malina.<\/p>\n<p style=\"text-align: justify;\">El cumplimiento o no de los requisitos necesarios para la obtenci\u00f3n del doble doctorado no condiciona la obtenci\u00f3n del t\u00edtulo acad\u00e9mico en la instituci\u00f3n de origen seg\u00fan su normativa vigente.<\/p>\n","protected":false},"excerpt":{"rendered":"<p style=\"text-align: justify;\">La superaci&oacute;n de la defensa de tesis doctoral y el cumplimiento de los requisitos aqu&iacute; establecidos permitir&aacute; al estudiante obtener el t&iacute;tulo de Doctor en Recursos y Tecnolog&iacute;as Agrarias.<\/p>\n","protected":false},"author":1,"featured_media":8004,"parent":8659,"menu_order":0,"comment_status":"closed","ping_status":"closed","template":"","meta":{"footnotes":""},"class_list":["post-8651","page","type-page","status-publish","has-post-thumbnail","hentry"],"_links":{"self":[{"href":"https:\/\/wp.lamolina.edu.pe\/pdrh\/index.php\/wp-json\/wp\/v2\/pages\/8651","targetHints":{"allow":["GET"]}}],"collection":[{"href":"https:\/\/wp.lamolina.edu.pe\/pdrh\/index.php\/wp-json\/wp\/v2\/pages"}],"about":[{"href":"https:\/\/wp.lamolina.edu.pe\/pdrh\/index.php\/wp-json\/wp\/v2\/types\/page"}],"author":[{"embeddable":true,"href":"https:\/\/wp.lamolina.edu.pe\/pdrh\/index.php\/wp-json\/wp\/v2\/users\/1"}],"replies":[{"embeddable":true,"href":"https:\/\/wp.lamolina.edu.pe\/pdrh\/index.php\/wp-json\/wp\/v2\/comments?post=8651"}],"version-history":[{"count":4,"href":"https:\/\/wp.lamolina.edu.pe\/pdrh\/index.php\/wp-json\/wp\/v2\/pages\/8651\/revisions"}],"predecessor-version":[{"id":8851,"href":"https:\/\/wp.lamolina.edu.pe\/pdrh\/index.php\/wp-json\/wp\/v2\/pages\/8651\/revisions\/8851"}],"up":[{"embeddable":true,"href":"https:\/\/wp.lamolina.edu.pe\/pdrh\/index.php\/wp-json\/wp\/v2\/pages\/8659"}],"wp:featuredmedia":[{"embeddable":true,"href":"https:\/\/wp.lamolina.edu.pe\/pdrh\/index.php\/wp-json\/wp\/v2\/media\/8004"}],"wp:attachment":[{"href":"https:\/\/wp.lamolina.edu.pe\/pdrh\/index.php\/wp-json\/wp\/v2\/media?parent=8651"}],"curies":[{"name":"wp","href":"https:\/\/api.w.org\/{rel}","templated":true}]}}