{"id":8653,"date":"2016-10-17T13:31:35","date_gmt":"2016-10-17T13:31:35","guid":{"rendered":"http:\/\/www.demo.acmethemes.com\/education-base\/?page_id=23"},"modified":"2022-05-04T15:30:49","modified_gmt":"2022-05-04T15:30:49","slug":"oregon","status":"publish","type":"page","link":"https:\/\/wp.lamolina.edu.pe\/pdrh\/index.php\/academics-departments\/oregon\/","title":{"rendered":"Universidad Estatal de Oreg\u00f3n"},"content":{"rendered":"<p><strong>Carta de Colaboraci\u00f3n con la Universidad Estatal de Oreg\u00f3n.<\/strong><\/p>\n<p><strong>Objetivo:<\/strong><\/p>\n<p>UNIVERSIDAD NACIONAL AGRARIA LA MOLINA and OREGON STATE UNIVERSITY have reached agreement on the following areas of cooperation, subject to mutual consent and the availability of sufficient funding:<\/p>\n<ul>\n<li>Exchange of faculty.<\/li>\n<li>Joint research activities.<\/li>\n<li>Participation in seminars and academic meetings Exchange of academic materia Is and other information Special short-term academic programs.<\/li>\n<li>Student exchange for research and study.<\/li>\n<\/ul>\n","protected":false},"excerpt":{"rendered":"<p style=\"text-align: justify;\">La UNALM y la UNIVERSIDAD DEL ESTADO DE OREGON han llegado a un acuerdo sobre las siguientes &aacute;reas de cooperaci&oacute;n, sujeto al consentimiento mutuo y la disponibilidad de fondos suficientes<\/p>\n","protected":false},"author":1,"featured_media":8006,"parent":8659,"menu_order":0,"comment_status":"closed","ping_status":"closed","template":"","meta":{"footnotes":""},"class_list":["post-8653","page","type-page","status-publish","has-post-thumbnail","hentry"],"_links":{"self":[{"href":"https:\/\/wp.lamolina.edu.pe\/pdrh\/index.php\/wp-json\/wp\/v2\/pages\/8653","targetHints":{"allow":["GET"]}}],"collection":[{"href":"https:\/\/wp.lamolina.edu.pe\/pdrh\/index.php\/wp-json\/wp\/v2\/pages"}],"about":[{"href":"https:\/\/wp.lamolina.edu.pe\/pdrh\/index.php\/wp-json\/wp\/v2\/types\/page"}],"author":[{"embeddable":true,"href":"https:\/\/wp.lamolina.edu.pe\/pdrh\/index.php\/wp-json\/wp\/v2\/users\/1"}],"replies":[{"embeddable":true,"href":"https:\/\/wp.lamolina.edu.pe\/pdrh\/index.php\/wp-json\/wp\/v2\/comments?post=8653"}],"version-history":[{"count":2,"href":"https:\/\/wp.lamolina.edu.pe\/pdrh\/index.php\/wp-json\/wp\/v2\/pages\/8653\/revisions"}],"predecessor-version":[{"id":8858,"href":"https:\/\/wp.lamolina.edu.pe\/pdrh\/index.php\/wp-json\/wp\/v2\/pages\/8653\/revisions\/8858"}],"up":[{"embeddable":true,"href":"https:\/\/wp.lamolina.edu.pe\/pdrh\/index.php\/wp-json\/wp\/v2\/pages\/8659"}],"wp:featuredmedia":[{"embeddable":true,"href":"https:\/\/wp.lamolina.edu.pe\/pdrh\/index.php\/wp-json\/wp\/v2\/media\/8006"}],"wp:attachment":[{"href":"https:\/\/wp.lamolina.edu.pe\/pdrh\/index.php\/wp-json\/wp\/v2\/media?parent=8653"}],"curies":[{"name":"wp","href":"https:\/\/api.w.org\/{rel}","templated":true}]}}