{"id":8657,"date":"2016-10-17T13:29:16","date_gmt":"2016-10-17T13:29:16","guid":{"rendered":"http:\/\/www.demo.acmethemes.com\/education-base\/?page_id=19"},"modified":"2022-05-04T15:40:12","modified_gmt":"2022-05-04T15:40:12","slug":"pesquisas","status":"publish","type":"page","link":"https:\/\/wp.lamolina.edu.pe\/pdrh\/index.php\/academics-departments\/pesquisas\/","title":{"rendered":"INSTITUTO NACIONAL DE PESQUISAS ESPACIAIS, BRASIL"},"content":{"rendered":"<p><strong>CARTA DE ENTENDIMIENTO DE<\/strong><strong>\u00a0COOPERACI\u00d3N ACAD\u00c9MICA PARA INTERCAMBIO DE INVESTIGADORES Y DOCTORANDOS<\/strong><\/p>\n<p style=\"text-align: justify;\"><strong>ENTRE EL INSTITUTO NACIONAL DE PESQUISAS ESPACIAIS, BRASIL Y LA\u00a0<\/strong><strong>UNIVERSIDAD NACIONAL AGRARIA LA MOLINA, PER\u00da<\/strong><\/p>\n<p style=\"text-align: justify;\"><strong>\u00a0<\/strong><strong>\u00a0<\/strong>Las dos instituciones promover\u00e1n la cooperaci\u00f3n acad\u00e9mica, respetando las restricciones legales, financieras y administrativas, a trav\u00e9s de:<\/p>\n<ul style=\"text-align: justify;\">\n<li>Intercambio de informaci\u00f3n y publicaciones de mutuo inter\u00e9s;<\/li>\n<li>Intercambio de docentes, investigadores y doctorandos;<\/li>\n<li>Cooperaci\u00f3n en investigaci\u00f3n a trav\u00e9s de la participaci\u00f3n de intercambios acad\u00e9micos y aplicaci\u00f3n de reconocimiento de cr\u00e9ditos de acuerdo a cada reglamento de la\u00a0<strong>EPG-UNALM\u00a0<\/strong>y de\u00a0<strong>INPE.<\/strong><\/li>\n<\/ul>\n<p style=\"text-align: justify;\">Otras actividades espec\u00edficas y adicionales, adem\u00e1s de las citadas en esta carta de entendimiento de Cooperaci\u00f3n Acad\u00e9mica, deben definirse en el momento de su ejecuci\u00f3n.<\/p>\n<p style=\"text-align: justify;\">.<\/p>\n","protected":false},"excerpt":{"rendered":"<p style=\"text-align: justify;\">Las dos instituciones promover&aacute;n la cooperaci&oacute;n acad&eacute;mica, respetando las restricciones legales, financieras y administrativas.<\/p>\n","protected":false},"author":1,"featured_media":8010,"parent":8659,"menu_order":0,"comment_status":"closed","ping_status":"closed","template":"","meta":{"footnotes":""},"class_list":["post-8657","page","type-page","status-publish","has-post-thumbnail","hentry"],"_links":{"self":[{"href":"https:\/\/wp.lamolina.edu.pe\/pdrh\/index.php\/wp-json\/wp\/v2\/pages\/8657","targetHints":{"allow":["GET"]}}],"collection":[{"href":"https:\/\/wp.lamolina.edu.pe\/pdrh\/index.php\/wp-json\/wp\/v2\/pages"}],"about":[{"href":"https:\/\/wp.lamolina.edu.pe\/pdrh\/index.php\/wp-json\/wp\/v2\/types\/page"}],"author":[{"embeddable":true,"href":"https:\/\/wp.lamolina.edu.pe\/pdrh\/index.php\/wp-json\/wp\/v2\/users\/1"}],"replies":[{"embeddable":true,"href":"https:\/\/wp.lamolina.edu.pe\/pdrh\/index.php\/wp-json\/wp\/v2\/comments?post=8657"}],"version-history":[{"count":4,"href":"https:\/\/wp.lamolina.edu.pe\/pdrh\/index.php\/wp-json\/wp\/v2\/pages\/8657\/revisions"}],"predecessor-version":[{"id":8866,"href":"https:\/\/wp.lamolina.edu.pe\/pdrh\/index.php\/wp-json\/wp\/v2\/pages\/8657\/revisions\/8866"}],"up":[{"embeddable":true,"href":"https:\/\/wp.lamolina.edu.pe\/pdrh\/index.php\/wp-json\/wp\/v2\/pages\/8659"}],"wp:featuredmedia":[{"embeddable":true,"href":"https:\/\/wp.lamolina.edu.pe\/pdrh\/index.php\/wp-json\/wp\/v2\/media\/8010"}],"wp:attachment":[{"href":"https:\/\/wp.lamolina.edu.pe\/pdrh\/index.php\/wp-json\/wp\/v2\/media?parent=8657"}],"curies":[{"name":"wp","href":"https:\/\/api.w.org\/{rel}","templated":true}]}}