{"id":50,"date":"2025-01-16T12:55:44","date_gmt":"2025-01-16T17:55:44","guid":{"rendered":"http:\/\/pmdas.test:8080\/?page_id=50"},"modified":"2025-09-11T16:38:45","modified_gmt":"2025-09-11T21:38:45","slug":"admision","status":"publish","type":"page","link":"https:\/\/wp.lamolina.edu.pe\/pmdas\/index.php\/admision\/","title":{"rendered":"ADMISI\u00d3N"},"content":{"rendered":"\t\t<div data-elementor-type=\"wp-page\" data-elementor-id=\"50\" class=\"elementor elementor-50\" data-elementor-post-type=\"page\">\n\t\t\t\t<header class=\"elementor-element elementor-element-d258e74 e-con-full e-flex elementor-invisible e-con e-parent\" data-id=\"d258e74\" data-element_type=\"container\" data-settings=\"{&quot;background_background&quot;:&quot;classic&quot;,&quot;animation&quot;:&quot;fadeIn&quot;,&quot;animation_delay&quot;:50}\">\n\t\t\t\t<div class=\"elementor-element elementor-element-68a055b8 elementor--h-position-center elementor--v-position-middle elementor-arrows-position-inside elementor-pagination-position-inside elementor-widget elementor-widget-slides\" data-id=\"68a055b8\" data-element_type=\"widget\" data-settings=\"{&quot;transition_speed&quot;:300,&quot;navigation&quot;:&quot;both&quot;,&quot;autoplay&quot;:&quot;yes&quot;,&quot;pause_on_hover&quot;:&quot;yes&quot;,&quot;pause_on_interaction&quot;:&quot;yes&quot;,&quot;autoplay_speed&quot;:5000,&quot;infinite&quot;:&quot;yes&quot;,&quot;transition&quot;:&quot;slide&quot;}\" data-widget_type=\"slides.default\">\n\t\t\t\t<div class=\"elementor-widget-container\">\n\t\t\t\t\t\t\t\t\t<div class=\"elementor-swiper\">\n\t\t\t\t\t<div class=\"elementor-slides-wrapper elementor-main-swiper swiper\" role=\"region\" aria-roledescription=\"carousel\" aria-label=\"Slides\" dir=\"ltr\" data-animation=\"zoomIn\">\n\t\t\t\t<div class=\"swiper-wrapper elementor-slides\">\n\t\t\t\t\t\t\t\t\t\t<div class=\"elementor-repeater-item-b240f49 swiper-slide\" role=\"group\" aria-roledescription=\"slide\"><div class=\"swiper-slide-bg elementor-ken-burns elementor-ken-burns--in\" role=\"img\"><\/div><div class=\"swiper-slide-inner\" ><div class=\"swiper-slide-contents\"><div class=\"elementor-slide-heading\">CULTIVA EL FUTURO<\/div><div class=\"elementor-slide-description\">\"Estudia un Doctorado en Agricultura Sustentable\"<\/div><a href=\"https:\/\/admision-epg.lamolina.edu.pe\/\" target=\"_blank\" class=\"elementor-button elementor-slide-button elementor-size-sm\">POSTULA AQU\u00cd<\/a><\/div><\/div><\/div><div class=\"elementor-repeater-item-c4cfbb5 swiper-slide\" role=\"group\" aria-roledescription=\"slide\"><div class=\"swiper-slide-bg elementor-ken-burns elementor-ken-burns--in\" role=\"img\"><\/div><div class=\"swiper-slide-inner\" ><div class=\"swiper-slide-contents\"><div class=\"elementor-slide-heading\">INNOVACI\u00d3N Y SOSTENIBILIDAD EN AGRICULTURA<\/div><div class=\"elementor-slide-description\">\"\u00danete a nuestra comunidad acad\u00e9mica\"<\/div><a href=\"https:\/\/admision-epg.lamolina.edu.pe\/\" target=\"_blank\" class=\"elementor-button elementor-slide-button elementor-size-sm\">POSTULA AQU\u00cd<\/a><\/div><\/div><\/div><div class=\"elementor-repeater-item-af356b6 swiper-slide\" role=\"group\" aria-roledescription=\"slide\"><div class=\"swiper-slide-bg elementor-ken-burns elementor-ken-burns--in\" role=\"img\"><\/div><div class=\"elementor-background-overlay\"><\/div><div class=\"swiper-slide-inner\" ><div class=\"swiper-slide-contents\"><div class=\"elementor-slide-heading\">SEMBRANDO CONOCIMIENTO, COSECHANDO INNOVACI\u00d3N<\/div><div class=\"elementor-slide-description\">\"Doctorado en Agricultura Sustentable\"<\/div><a href=\"https:\/\/admision-epg.lamolina.edu.pe\/\" target=\"_blank\" class=\"elementor-button elementor-slide-button elementor-size-sm\">POSTULA AQU\u00cd<\/a><\/div><\/div><\/div><div class=\"elementor-repeater-item-f98cd72 swiper-slide\" role=\"group\" aria-roledescription=\"slide\"><div class=\"swiper-slide-bg elementor-ken-burns elementor-ken-burns--in\" role=\"img\"><\/div><div class=\"elementor-background-overlay\"><\/div><div class=\"swiper-slide-inner\" ><div class=\"swiper-slide-contents\"><div class=\"elementor-slide-heading\">INVESTIGA, INNOVA Y LIDERA EN AGRICULTURA<\/div><div class=\"elementor-slide-description\">\"Estudia con nosotros\"<\/div><a href=\"https:\/\/admision-epg.lamolina.edu.pe\/\" target=\"_blank\" class=\"elementor-button elementor-slide-button elementor-size-sm\">POSTULA AQU\u00cd<\/a><\/div><\/div><\/div><div class=\"elementor-repeater-item-9d93319 swiper-slide\" role=\"group\" aria-roledescription=\"slide\"><div class=\"swiper-slide-bg elementor-ken-burns elementor-ken-burns--in\" role=\"img\"><\/div><div class=\"swiper-slide-inner\" ><div class=\"swiper-slide-contents\"><div class=\"elementor-slide-heading\">DESARROLLA TUS HABILIDADES, IMPULSA LA INNOVACI\u00d3N EN AGRICULTURA<\/div><div class=\"elementor-slide-description\">\"Estudia con nosotros\"\n\n<\/div><a href=\"https:\/\/admision-epg.lamolina.edu.pe\/\" target=\"_blank\" class=\"elementor-button elementor-slide-button elementor-size-sm\">POSTULA AQU\u00cd<\/a><\/div><\/div><\/div><div class=\"elementor-repeater-item-4be3405 swiper-slide\" role=\"group\" aria-roledescription=\"slide\"><div class=\"swiper-slide-bg elementor-ken-burns elementor-ken-burns--in\" role=\"img\"><\/div><div class=\"elementor-background-overlay\"><\/div><div class=\"swiper-slide-inner\" ><div class=\"swiper-slide-contents\"><div class=\"elementor-slide-heading\">DESARROLLA LA AGRICULTURA PARA EL FUTURO<\/div><div class=\"elementor-slide-description\">\"\u00danete a nuestro Doctorado\"\n<\/div><a href=\"https:\/\/admision-epg.lamolina.edu.pe\/\" target=\"_blank\" class=\"elementor-button elementor-slide-button elementor-size-sm\">POSTULA AQU\u00cd<\/a><\/div><\/div><\/div><div class=\"elementor-repeater-item-c6cec41 swiper-slide\" role=\"group\" aria-roledescription=\"slide\"><div class=\"swiper-slide-bg elementor-ken-burns elementor-ken-burns--in\" role=\"img\"><\/div><div class=\"elementor-background-overlay\"><\/div><div class=\"swiper-slide-inner\" ><div class=\"swiper-slide-contents\"><div class=\"elementor-slide-heading\">LIDERA Y EJECUTA PROYECTOS DE INVESTIGACI\u00d3N CIENT\u00cdFICA<\/div><div class=\"elementor-slide-description\">\"Estudia con nosotros en la Universidad Nacional Agraria La Molina\"<\/div><a href=\"https:\/\/admision-epg.lamolina.edu.pe\/\" target=\"_blank\" class=\"elementor-button elementor-slide-button elementor-size-sm\">Postula aqui<\/a><\/div><\/div><\/div>\t\t\t\t<\/div>\n\t\t\t\t\t\t\t\t\t\t\t\t\t\t\t<div class=\"swiper-pagination\"><\/div>\n\t\t\t\t\t\t\t\t\t\t\t\t\t\t\t\t<div class=\"elementor-swiper-button elementor-swiper-button-prev\" role=\"button\" tabindex=\"0\" aria-label=\"Previous slide\">\n\t\t\t\t\t\t\t<svg aria-hidden=\"true\" class=\"e-font-icon-svg e-eicon-chevron-left\" viewBox=\"0 0 1000 1000\" xmlns=\"http:\/\/www.w3.org\/2000\/svg\"><path d=\"M646 125C629 125 613 133 604 142L308 442C296 454 292 471 292 487 292 504 296 521 308 533L604 854C617 867 629 875 646 875 663 875 679 871 692 858 704 846 713 829 713 812 713 796 708 779 692 767L438 487 692 225C700 217 708 204 708 187 708 171 704 154 692 142 675 129 663 125 646 125Z\"><\/path><\/svg>\t\t\t\t\t\t<\/div>\n\t\t\t\t\t\t<div class=\"elementor-swiper-button elementor-swiper-button-next\" role=\"button\" tabindex=\"0\" aria-label=\"Next slide\">\n\t\t\t\t\t\t\t<svg aria-hidden=\"true\" class=\"e-font-icon-svg e-eicon-chevron-right\" viewBox=\"0 0 1000 1000\" xmlns=\"http:\/\/www.w3.org\/2000\/svg\"><path d=\"M696 533C708 521 713 504 713 487 713 471 708 454 696 446L400 146C388 133 375 125 354 125 338 125 325 129 313 142 300 154 292 171 292 187 292 204 296 221 308 233L563 492 304 771C292 783 288 800 288 817 288 833 296 850 308 863 321 871 338 875 354 875 371 875 388 867 400 854L696 533Z\"><\/path><\/svg>\t\t\t\t\t\t<\/div>\n\t\t\t\t\t\t\t\t\t\t\t\t<\/div>\n\t\t\t\t<\/div>\n\t\t\t\t\t\t\t\t<\/div>\n\t\t\t\t<\/div>\n\t\t\t\t<\/header>\n\t\t\t\t<section class=\"elementor-section elementor-top-section elementor-element elementor-element-30727a70 elementor-section-boxed elementor-section-height-default elementor-section-height-default\" data-id=\"30727a70\" data-element_type=\"section\" data-settings=\"{&quot;background_background&quot;:&quot;classic&quot;}\">\n\t\t\t\t\t\t<div class=\"elementor-container elementor-column-gap-default\">\n\t\t\t\t\t<div class=\"elementor-column elementor-col-100 elementor-top-column elementor-element elementor-element-2ee48eb elementor-invisible\" data-id=\"2ee48eb\" data-element_type=\"column\" data-settings=\"{&quot;animation&quot;:&quot;fadeIn&quot;}\">\n\t\t\t<div class=\"elementor-widget-wrap elementor-element-populated\">\n\t\t\t\t\t\t<div class=\"elementor-element elementor-element-64a8a635 elementor-invisible elementor-widget elementor-widget-heading\" data-id=\"64a8a635\" data-element_type=\"widget\" data-settings=\"{&quot;_animation&quot;:&quot;fadeIn&quot;}\" data-widget_type=\"heading.default\">\n\t\t\t\t<div class=\"elementor-widget-container\">\n\t\t\t\t\t<h2 class=\"elementor-heading-title elementor-size-default\">ADMISI\u00d3N<\/h2>\t\t\t\t<\/div>\n\t\t\t\t<\/div>\n\t\t\t\t<div class=\"elementor-element elementor-element-799cbd05 elementor-widget-divider--view-line elementor-invisible elementor-widget elementor-widget-divider\" data-id=\"799cbd05\" data-element_type=\"widget\" data-settings=\"{&quot;_animation&quot;:&quot;fadeInUp&quot;}\" data-widget_type=\"divider.default\">\n\t\t\t\t<div class=\"elementor-widget-container\">\n\t\t\t\t\t\t\t<div class=\"elementor-divider\">\n\t\t\t<span class=\"elementor-divider-separator\">\n\t\t\t\t\t\t<\/span>\n\t\t<\/div>\n\t\t\t\t\t\t<\/div>\n\t\t\t\t<\/div>\n\t\t\t\t<div class=\"elementor-element elementor-element-c2bfb9b elementor-invisible elementor-widget elementor-widget-text-editor\" data-id=\"c2bfb9b\" data-element_type=\"widget\" data-settings=\"{&quot;_animation&quot;:&quot;fadeIn&quot;}\" data-widget_type=\"text-editor.default\">\n\t\t\t\t<div class=\"elementor-widget-container\">\n\t\t\t\t\t\t\t\t\t<p>El Doctorado en Agricultura Sustentable est\u00e1 dise\u00f1ado para formar investigadores y l\u00edderes capaces de enfrentar los retos globales de la seguridad alimentaria, el cambio clim\u00e1tico y la gesti\u00f3n sostenible de los recursos naturales. Nuestro programa combina una s\u00f3lida formaci\u00f3n te\u00f3rica con la aplicaci\u00f3n pr\u00e1ctica de metodolog\u00edas innovadoras en agroecolog\u00eda, biotecnolog\u00eda, econom\u00eda agr\u00edcola y pol\u00edticas ambientales. A trav\u00e9s de un enfoque interdisciplinario y colaborativo, buscamos impulsar soluciones que garanticen sistemas productivos m\u00e1s resilientes, eficientes y respetuosos con el medio ambiente. La admisi\u00f3n a este doctorado representa una oportunidad \u00fanica para quienes desean generar un impacto acad\u00e9mico, social y empresarial en el futuro de la agricultura.<\/p>\t\t\t\t\t\t\t\t<\/div>\n\t\t\t\t<\/div>\n\t\t\t\t\t<\/div>\n\t\t<\/div>\n\t\t\t\t\t<\/div>\n\t\t<\/section>\n\t\t\t\t<section class=\"elementor-section elementor-top-section elementor-element elementor-element-552b87c0 elementor-section-boxed elementor-section-height-default elementor-section-height-default\" data-id=\"552b87c0\" data-element_type=\"section\" data-settings=\"{&quot;background_background&quot;:&quot;classic&quot;}\">\n\t\t\t\t\t\t<div class=\"elementor-container elementor-column-gap-default\">\n\t\t\t\t\t<div class=\"elementor-column elementor-col-50 elementor-top-column elementor-element elementor-element-49b7f275 elementor-invisible\" data-id=\"49b7f275\" data-element_type=\"column\" data-settings=\"{&quot;animation&quot;:&quot;fadeIn&quot;,&quot;animation_delay&quot;:100}\">\n\t\t\t<div class=\"elementor-widget-wrap elementor-element-populated\">\n\t\t\t\t\t\t<section class=\"elementor-section elementor-inner-section elementor-element elementor-element-46d0427d elementor-section-full_width elementor-section-height-default elementor-section-height-default elementor-invisible\" data-id=\"46d0427d\" data-element_type=\"section\" data-settings=\"{&quot;animation&quot;:&quot;fadeIn&quot;,&quot;animation_delay&quot;:150}\">\n\t\t\t\t\t\t<div class=\"elementor-container elementor-column-gap-default\">\n\t\t\t\t\t<div class=\"elementor-column elementor-col-100 elementor-inner-column elementor-element elementor-element-699a5e74\" data-id=\"699a5e74\" data-element_type=\"column\" data-settings=\"{&quot;background_background&quot;:&quot;classic&quot;}\">\n\t\t\t<div class=\"elementor-widget-wrap elementor-element-populated\">\n\t\t\t\t\t\t<div class=\"elementor-element elementor-element-4c9cb4c6 elementor-widget elementor-widget-image\" data-id=\"4c9cb4c6\" data-element_type=\"widget\" data-widget_type=\"image.default\">\n\t\t\t\t<div class=\"elementor-widget-container\">\n\t\t\t\t\t\t\t\t\t\t\t\t\t\t\t<img fetchpriority=\"high\" decoding=\"async\" width=\"1280\" height=\"960\" src=\"https:\/\/wp.lamolina.edu.pe\/pmdas\/wp-content\/uploads\/2025\/01\/73495250_10157594993488614_8732063701298839552_n-1.jpg\" class=\"attachment-full size-full wp-image-81\" alt=\"\" \/>\t\t\t\t\t\t\t\t\t\t\t\t\t\t\t<\/div>\n\t\t\t\t<\/div>\n\t\t\t\t<div class=\"elementor-element elementor-element-436d7c2f elementor-widget elementor-widget-heading\" data-id=\"436d7c2f\" data-element_type=\"widget\" data-widget_type=\"heading.default\">\n\t\t\t\t<div class=\"elementor-widget-container\">\n\t\t\t\t\t<h2 class=\"elementor-heading-title elementor-size-default\">PERFIL DEL INGRESANTE<\/h2>\t\t\t\t<\/div>\n\t\t\t\t<\/div>\n\t\t\t\t<div class=\"elementor-element elementor-element-34e50779 elementor-widget elementor-widget-text-editor\" data-id=\"34e50779\" data-element_type=\"widget\" data-widget_type=\"text-editor.default\">\n\t\t\t\t<div class=\"elementor-widget-container\">\n\t\t\t\t\t\t\t\t\t<p>El postulante interesado en ser admitido al Programa de Doctorado en Agricultura Sustentable (PDAS) debe tener el siguiente perfil:<\/p><ul><li>Poseer el grado de Magister o equivalente.<\/li><li>Provenir de las ramas de las ciencias agrarias o afines.<\/li><li>Contar con experiencia en actividades de investigaci\u00f3n.<\/li><li>Presentar una propuesta de investigaci\u00f3n de tesis doctoral.<\/li><\/ul>\t\t\t\t\t\t\t\t<\/div>\n\t\t\t\t<\/div>\n\t\t\t\t\t<\/div>\n\t\t<\/div>\n\t\t\t\t\t<\/div>\n\t\t<\/section>\n\t\t\t\t\t<\/div>\n\t\t<\/div>\n\t\t\t\t<div class=\"elementor-column elementor-col-50 elementor-top-column elementor-element elementor-element-87510e1 elementor-invisible\" data-id=\"87510e1\" data-element_type=\"column\" data-settings=\"{&quot;animation&quot;:&quot;fadeIn&quot;,&quot;animation_delay&quot;:200}\">\n\t\t\t<div class=\"elementor-widget-wrap elementor-element-populated\">\n\t\t\t\t\t\t<section class=\"elementor-section elementor-inner-section elementor-element elementor-element-213791bd elementor-section-full_width elementor-section-height-default elementor-section-height-default elementor-invisible\" data-id=\"213791bd\" data-element_type=\"section\" data-settings=\"{&quot;animation&quot;:&quot;fadeIn&quot;}\">\n\t\t\t\t\t\t<div class=\"elementor-container elementor-column-gap-default\">\n\t\t\t\t\t<div class=\"elementor-column elementor-col-100 elementor-inner-column elementor-element elementor-element-2f1f6924\" data-id=\"2f1f6924\" data-element_type=\"column\" data-settings=\"{&quot;background_background&quot;:&quot;classic&quot;}\">\n\t\t\t<div class=\"elementor-widget-wrap elementor-element-populated\">\n\t\t\t\t\t\t<div class=\"elementor-element elementor-element-5b6f8b5 elementor-widget elementor-widget-image\" data-id=\"5b6f8b5\" data-element_type=\"widget\" data-widget_type=\"image.default\">\n\t\t\t\t<div class=\"elementor-widget-container\">\n\t\t\t\t\t\t\t\t\t\t\t\t\t\t\t<img decoding=\"async\" width=\"1360\" height=\"628\" src=\"https:\/\/wp.lamolina.edu.pe\/pmdas\/wp-content\/uploads\/2025\/08\/Jaime_Lazarte.jpg\" class=\"attachment-full size-full wp-image-1419\" alt=\"\" srcset=\"https:\/\/wp.lamolina.edu.pe\/pmdas\/wp-content\/uploads\/2025\/08\/Jaime_Lazarte.jpg 1360w, https:\/\/wp.lamolina.edu.pe\/pmdas\/wp-content\/uploads\/2025\/08\/Jaime_Lazarte-300x139.jpg 300w, https:\/\/wp.lamolina.edu.pe\/pmdas\/wp-content\/uploads\/2025\/08\/Jaime_Lazarte-1024x473.jpg 1024w, https:\/\/wp.lamolina.edu.pe\/pmdas\/wp-content\/uploads\/2025\/08\/Jaime_Lazarte-768x355.jpg 768w\" sizes=\"(max-width: 1360px) 100vw, 1360px\" \/>\t\t\t\t\t\t\t\t\t\t\t\t\t\t\t<\/div>\n\t\t\t\t<\/div>\n\t\t\t\t<div class=\"elementor-element elementor-element-20c4ad40 elementor-widget elementor-widget-heading\" data-id=\"20c4ad40\" data-element_type=\"widget\" data-widget_type=\"heading.default\">\n\t\t\t\t<div class=\"elementor-widget-container\">\n\t\t\t\t\t<h3 class=\"elementor-heading-title elementor-size-default\">REQUISITOS DE ADMISI\u00d3N<\/h3>\t\t\t\t<\/div>\n\t\t\t\t<\/div>\n\t\t\t\t<div class=\"elementor-element elementor-element-4fb03541 elementor-widget elementor-widget-text-editor\" data-id=\"4fb03541\" data-element_type=\"widget\" data-widget_type=\"text-editor.default\">\n\t\t\t\t<div class=\"elementor-widget-container\">\n\t\t\t\t\t\t\t\t\t<p>Para la admisi\u00f3n al PDAS, se requiere cumplir con los siguientes requisitos:<\/p><ul><li>Inscripci\u00f3n Virtual en la Web de la EPG:\u00a0<a href=\"https:\/\/admision-epg.lamolina.edu.pe\/\">https:\/\/admision-epg.lamolina.edu.pe\/<\/a><\/li><li>Grado acad\u00e9mico de Mag\u00edster o su equivalente.<\/li><li>Carta de aceptaci\u00f3n de un docente de PDAS.<\/li><li>Presentar los siguientes documentos:<ul><li>Solicitud de admisi\u00f3n y constancia de pago.<\/li><li>Certificado de estudios de Maestr\u00eda.<\/li><li>Dos cartas de recomendaci\u00f3n de los jefes del \u00faltimo centro de trabajo o de profesores de la universidad en la que estudi\u00f3.<\/li><li>Perfil del proyecto de investigaci\u00f3n que desea realizar.<\/li><li>Curr\u00edculum vitae documentado.<\/li><\/ul><\/li><li>Aprobar entrevista con el comit\u00e9 acad\u00e9mico de la especialidad.<\/li><\/ul>\t\t\t\t\t\t\t\t<\/div>\n\t\t\t\t<\/div>\n\t\t\t\t\t<\/div>\n\t\t<\/div>\n\t\t\t\t\t<\/div>\n\t\t<\/section>\n\t\t\t\t\t<\/div>\n\t\t<\/div>\n\t\t\t\t\t<\/div>\n\t\t<\/section>\n\t\t\t\t<\/div>\n\t\t","protected":false},"excerpt":{"rendered":"<p>CULTIVA EL FUTURO\u00bbEstudia un Doctorado en Agricultura Sustentable\u00bbPOSTULA AQU\u00cdINNOVACI\u00d3N Y SOSTENIBILIDAD EN AGRICULTURA\u00bb\u00danete a nuestra comunidad acad\u00e9mica\u00bbPOSTULA AQU\u00cdSEMBRANDO CONOCIMIENTO, COSECHANDO INNOVACI\u00d3N\u00bbDoctorado en Agricultura Sustentable\u00bbPOSTULA AQU\u00cdINVESTIGA, INNOVA Y LIDERA EN AGRICULTURA\u00bbEstudia con nosotros\u00bbPOSTULA AQU\u00cdDESARROLLA TUS HABILIDADES, IMPULSA LA INNOVACI\u00d3N EN AGRICULTURA\u00bbEstudia con nosotros\u00bb POSTULA AQU\u00cdDESARROLLA LA AGRICULTURA PARA EL FUTURO\u00bb\u00danete a nuestro Doctorado\u00bb POSTULA AQU\u00cdLIDERA Y [&hellip;]<\/p>\n","protected":false},"author":1,"featured_media":0,"parent":0,"menu_order":0,"comment_status":"closed","ping_status":"closed","template":"","meta":{"_joinchat":[],"footnotes":""},"class_list":["post-50","page","type-page","status-publish","hentry"],"rttpg_featured_image_url":null,"rttpg_author":{"display_name":"pmdas","author_link":"https:\/\/wp.lamolina.edu.pe\/pmdas\/index.php\/author\/pmdas\/"},"rttpg_comment":0,"rttpg_category":null,"rttpg_excerpt":"CULTIVA EL FUTURO\u00bbEstudia un Doctorado en Agricultura Sustentable\u00bbPOSTULA AQU\u00cdINNOVACI\u00d3N Y SOSTENIBILIDAD EN AGRICULTURA\u00bb\u00danete a nuestra comunidad acad\u00e9mica\u00bbPOSTULA AQU\u00cdSEMBRANDO CONOCIMIENTO, COSECHANDO INNOVACI\u00d3N\u00bbDoctorado en Agricultura Sustentable\u00bbPOSTULA AQU\u00cdINVESTIGA, INNOVA Y LIDERA EN AGRICULTURA\u00bbEstudia con nosotros\u00bbPOSTULA AQU\u00cdDESARROLLA TUS HABILIDADES, IMPULSA LA INNOVACI\u00d3N EN AGRICULTURA\u00bbEstudia con nosotros\u00bb POSTULA AQU\u00cdDESARROLLA LA AGRICULTURA PARA EL FUTURO\u00bb\u00danete a nuestro Doctorado\u00bb POSTULA AQU\u00cdLIDERA Y&hellip;","_links":{"self":[{"href":"https:\/\/wp.lamolina.edu.pe\/pmdas\/index.php\/wp-json\/wp\/v2\/pages\/50","targetHints":{"allow":["GET"]}}],"collection":[{"href":"https:\/\/wp.lamolina.edu.pe\/pmdas\/index.php\/wp-json\/wp\/v2\/pages"}],"about":[{"href":"https:\/\/wp.lamolina.edu.pe\/pmdas\/index.php\/wp-json\/wp\/v2\/types\/page"}],"author":[{"embeddable":true,"href":"https:\/\/wp.lamolina.edu.pe\/pmdas\/index.php\/wp-json\/wp\/v2\/users\/1"}],"replies":[{"embeddable":true,"href":"https:\/\/wp.lamolina.edu.pe\/pmdas\/index.php\/wp-json\/wp\/v2\/comments?post=50"}],"version-history":[{"count":30,"href":"https:\/\/wp.lamolina.edu.pe\/pmdas\/index.php\/wp-json\/wp\/v2\/pages\/50\/revisions"}],"predecessor-version":[{"id":1966,"href":"https:\/\/wp.lamolina.edu.pe\/pmdas\/index.php\/wp-json\/wp\/v2\/pages\/50\/revisions\/1966"}],"wp:attachment":[{"href":"https:\/\/wp.lamolina.edu.pe\/pmdas\/index.php\/wp-json\/wp\/v2\/media?parent=50"}],"curies":[{"name":"wp","href":"https:\/\/api.w.org\/{rel}","templated":true}]}}