{"id":55,"date":"2025-01-16T12:59:02","date_gmt":"2025-01-16T17:59:02","guid":{"rendered":"http:\/\/pmdas.test:8080\/?page_id=55"},"modified":"2025-09-24T10:50:20","modified_gmt":"2025-09-24T15:50:20","slug":"cursos","status":"publish","type":"page","link":"https:\/\/wp.lamolina.edu.pe\/pmdas\/index.php\/cursos\/","title":{"rendered":"CURSOS"},"content":{"rendered":"\t\t<div data-elementor-type=\"wp-page\" data-elementor-id=\"55\" class=\"elementor elementor-55\" data-elementor-post-type=\"page\">\n\t\t\t\t<header class=\"elementor-element elementor-element-5d942cbe e-con-full e-flex elementor-invisible e-con e-parent\" data-id=\"5d942cbe\" data-element_type=\"container\" data-settings=\"{&quot;background_background&quot;:&quot;classic&quot;,&quot;animation&quot;:&quot;fadeIn&quot;,&quot;animation_delay&quot;:50}\">\n\t\t\t\t<div class=\"elementor-element elementor-element-11b7f288 elementor--h-position-center elementor--v-position-middle elementor-arrows-position-inside elementor-pagination-position-inside elementor-widget elementor-widget-slides\" data-id=\"11b7f288\" data-element_type=\"widget\" data-settings=\"{&quot;transition_speed&quot;:300,&quot;navigation&quot;:&quot;both&quot;,&quot;autoplay&quot;:&quot;yes&quot;,&quot;pause_on_hover&quot;:&quot;yes&quot;,&quot;pause_on_interaction&quot;:&quot;yes&quot;,&quot;autoplay_speed&quot;:5000,&quot;infinite&quot;:&quot;yes&quot;,&quot;transition&quot;:&quot;slide&quot;}\" data-widget_type=\"slides.default\">\n\t\t\t\t<div class=\"elementor-widget-container\">\n\t\t\t\t\t\t\t\t\t<div class=\"elementor-swiper\">\n\t\t\t\t\t<div class=\"elementor-slides-wrapper elementor-main-swiper swiper\" role=\"region\" aria-roledescription=\"carousel\" aria-label=\"Slides\" dir=\"ltr\" data-animation=\"zoomIn\">\n\t\t\t\t<div class=\"swiper-wrapper elementor-slides\">\n\t\t\t\t\t\t\t\t\t\t<div class=\"elementor-repeater-item-b240f49 swiper-slide\" role=\"group\" aria-roledescription=\"slide\"><div class=\"swiper-slide-bg elementor-ken-burns elementor-ken-burns--in\" role=\"img\"><\/div><div class=\"swiper-slide-inner\" ><div class=\"swiper-slide-contents\"><div class=\"elementor-slide-heading\">CULTIVA EL FUTURO<\/div><div class=\"elementor-slide-description\">\"Estudia un Doctorado en Agricultura Sustentable\"<\/div><a href=\"https:\/\/admision-epg.lamolina.edu.pe\/\" target=\"_blank\" class=\"elementor-button elementor-slide-button elementor-size-sm\">POSTULA AQU\u00cd<\/a><\/div><\/div><\/div><div class=\"elementor-repeater-item-c4cfbb5 swiper-slide\" role=\"group\" aria-roledescription=\"slide\"><div class=\"swiper-slide-bg elementor-ken-burns elementor-ken-burns--in\" role=\"img\"><\/div><div class=\"swiper-slide-inner\" ><div class=\"swiper-slide-contents\"><div class=\"elementor-slide-heading\">INNOVACI\u00d3N Y SOSTENIBILIDAD EN AGRICULTURA<\/div><div class=\"elementor-slide-description\">\"\u00danete a nuestra comunidad acad\u00e9mica\"<\/div><a href=\"https:\/\/admision-epg.lamolina.edu.pe\/\" target=\"_blank\" class=\"elementor-button elementor-slide-button elementor-size-sm\">POSTULA AQU\u00cd<\/a><\/div><\/div><\/div><div class=\"elementor-repeater-item-af356b6 swiper-slide\" role=\"group\" aria-roledescription=\"slide\"><div class=\"swiper-slide-bg elementor-ken-burns elementor-ken-burns--in\" role=\"img\"><\/div><div class=\"elementor-background-overlay\"><\/div><div class=\"swiper-slide-inner\" ><div class=\"swiper-slide-contents\"><div class=\"elementor-slide-heading\">SEMBRANDO CONOCIMIENTO, COSECHANDO INNOVACI\u00d3N<\/div><div class=\"elementor-slide-description\">\"Doctorado en Agricultura Sustentable\"<\/div><a href=\"https:\/\/admision-epg.lamolina.edu.pe\/\" target=\"_blank\" class=\"elementor-button elementor-slide-button elementor-size-sm\">POSTULA AQU\u00cd<\/a><\/div><\/div><\/div><div class=\"elementor-repeater-item-f98cd72 swiper-slide\" role=\"group\" aria-roledescription=\"slide\"><div class=\"swiper-slide-bg elementor-ken-burns elementor-ken-burns--in\" role=\"img\"><\/div><div class=\"elementor-background-overlay\"><\/div><div class=\"swiper-slide-inner\" ><div class=\"swiper-slide-contents\"><div class=\"elementor-slide-heading\">INVESTIGA, INNOVA Y LIDERA EN AGRICULTURA<\/div><div class=\"elementor-slide-description\">\"Estudia con nosotros\"<\/div><a href=\"https:\/\/admision-epg.lamolina.edu.pe\/\" target=\"_blank\" class=\"elementor-button elementor-slide-button elementor-size-sm\">POSTULA AQU\u00cd<\/a><\/div><\/div><\/div><div class=\"elementor-repeater-item-9d93319 swiper-slide\" role=\"group\" aria-roledescription=\"slide\"><div class=\"swiper-slide-bg elementor-ken-burns elementor-ken-burns--in\" role=\"img\"><\/div><div class=\"swiper-slide-inner\" ><div class=\"swiper-slide-contents\"><div class=\"elementor-slide-heading\">DESARROLLA TUS HABILIDADES, IMPULSA LA INNOVACI\u00d3N EN AGRICULTURA<\/div><div class=\"elementor-slide-description\">\"Estudia con nosotros\"\n\n<\/div><a href=\"https:\/\/admision-epg.lamolina.edu.pe\/\" target=\"_blank\" class=\"elementor-button elementor-slide-button elementor-size-sm\">POSTULA AQU\u00cd<\/a><\/div><\/div><\/div><div class=\"elementor-repeater-item-4be3405 swiper-slide\" role=\"group\" aria-roledescription=\"slide\"><div class=\"swiper-slide-bg elementor-ken-burns elementor-ken-burns--in\" role=\"img\"><\/div><div class=\"elementor-background-overlay\"><\/div><div class=\"swiper-slide-inner\" ><div class=\"swiper-slide-contents\"><div class=\"elementor-slide-heading\">DESARROLLA LA AGRICULTURA PARA EL FUTURO<\/div><div class=\"elementor-slide-description\">\"\u00danete a nuestro Doctorado\"\n<\/div><a href=\"https:\/\/admision-epg.lamolina.edu.pe\/\" target=\"_blank\" class=\"elementor-button elementor-slide-button elementor-size-sm\">POSTULA AQU\u00cd<\/a><\/div><\/div><\/div><div class=\"elementor-repeater-item-c6cec41 swiper-slide\" role=\"group\" aria-roledescription=\"slide\"><div class=\"swiper-slide-bg elementor-ken-burns elementor-ken-burns--in\" role=\"img\"><\/div><div class=\"elementor-background-overlay\"><\/div><div class=\"swiper-slide-inner\" ><div class=\"swiper-slide-contents\"><div class=\"elementor-slide-heading\">LIDERA Y EJECUTA PROYECTOS DE INVESTIGACI\u00d3N CIENT\u00cdFICA<\/div><div class=\"elementor-slide-description\">\"Estudia con nosotros en la Universidad Nacional Agraria La Molina\"<\/div><a href=\"https:\/\/admision-epg.lamolina.edu.pe\/\" target=\"_blank\" class=\"elementor-button elementor-slide-button elementor-size-sm\">Postula aqui<\/a><\/div><\/div><\/div>\t\t\t\t<\/div>\n\t\t\t\t\t\t\t\t\t\t\t\t\t\t\t<div class=\"swiper-pagination\"><\/div>\n\t\t\t\t\t\t\t\t\t\t\t\t\t\t\t\t<div class=\"elementor-swiper-button elementor-swiper-button-prev\" role=\"button\" tabindex=\"0\" aria-label=\"Previous slide\">\n\t\t\t\t\t\t\t<svg aria-hidden=\"true\" class=\"e-font-icon-svg e-eicon-chevron-left\" viewBox=\"0 0 1000 1000\" xmlns=\"http:\/\/www.w3.org\/2000\/svg\"><path d=\"M646 125C629 125 613 133 604 142L308 442C296 454 292 471 292 487 292 504 296 521 308 533L604 854C617 867 629 875 646 875 663 875 679 871 692 858 704 846 713 829 713 812 713 796 708 779 692 767L438 487 692 225C700 217 708 204 708 187 708 171 704 154 692 142 675 129 663 125 646 125Z\"><\/path><\/svg>\t\t\t\t\t\t<\/div>\n\t\t\t\t\t\t<div class=\"elementor-swiper-button elementor-swiper-button-next\" role=\"button\" tabindex=\"0\" aria-label=\"Next slide\">\n\t\t\t\t\t\t\t<svg aria-hidden=\"true\" class=\"e-font-icon-svg e-eicon-chevron-right\" viewBox=\"0 0 1000 1000\" xmlns=\"http:\/\/www.w3.org\/2000\/svg\"><path d=\"M696 533C708 521 713 504 713 487 713 471 708 454 696 446L400 146C388 133 375 125 354 125 338 125 325 129 313 142 300 154 292 171 292 187 292 204 296 221 308 233L563 492 304 771C292 783 288 800 288 817 288 833 296 850 308 863 321 871 338 875 354 875 371 875 388 867 400 854L696 533Z\"><\/path><\/svg>\t\t\t\t\t\t<\/div>\n\t\t\t\t\t\t\t\t\t\t\t\t<\/div>\n\t\t\t\t<\/div>\n\t\t\t\t\t\t\t\t<\/div>\n\t\t\t\t<\/div>\n\t\t\t\t<\/header>\n\t\t<div class=\"elementor-element elementor-element-5964a08 e-con-full e-flex e-con e-parent\" data-id=\"5964a08\" data-element_type=\"container\">\n\t\t<div class=\"elementor-element elementor-element-92e515a e-con-full e-flex e-con e-child\" data-id=\"92e515a\" data-element_type=\"container\">\n\t\t\t\t<div class=\"elementor-element elementor-element-c9d2e46 elementor-widget elementor-widget-heading\" data-id=\"c9d2e46\" data-element_type=\"widget\" data-widget_type=\"heading.default\">\n\t\t\t\t<div class=\"elementor-widget-container\">\n\t\t\t\t\t<h2 class=\"elementor-heading-title elementor-size-default\">PLAN DE ESTUDIOS<\/h2>\t\t\t\t<\/div>\n\t\t\t\t<\/div>\n\t\t\t\t<div class=\"elementor-element elementor-element-0b61ebe elementor-widget-divider--separator-type-pattern elementor-widget-divider--view-line elementor-widget elementor-widget-divider\" data-id=\"0b61ebe\" data-element_type=\"widget\" data-widget_type=\"divider.default\">\n\t\t\t\t<div class=\"elementor-widget-container\">\n\t\t\t\t\t\t\t<div class=\"elementor-divider\" style=\"--divider-pattern-url: url(&quot;data:image\/svg+xml,%3Csvg xmlns=&#039;http:\/\/www.w3.org\/2000\/svg&#039; preserveAspectRatio=&#039;none&#039; overflow=&#039;visible&#039; height=&#039;100%&#039; viewBox=&#039;0 0 24 24&#039; fill=&#039;none&#039; stroke=&#039;black&#039; stroke-width=&#039;1&#039; stroke-linecap=&#039;square&#039; stroke-miterlimit=&#039;10&#039;%3E%3Cpolyline points=&#039;0,6 6,6 6,18 18,18 18,6 24,6 \t&#039;\/%3E%3C\/svg%3E&quot;);\">\n\t\t\t<span class=\"elementor-divider-separator\">\n\t\t\t\t\t\t<\/span>\n\t\t<\/div>\n\t\t\t\t\t\t<\/div>\n\t\t\t\t<\/div>\n\t\t\t\t<div class=\"elementor-element elementor-element-93f7fdd elementor-widget elementor-widget-text-editor\" data-id=\"93f7fdd\" data-element_type=\"widget\" data-widget_type=\"text-editor.default\">\n\t\t\t\t<div class=\"elementor-widget-container\">\n\t\t\t\t\t\t\t\t\t<p>Los estudiantes del PDAS deben completar, como m\u00ednimo, un total de 73 cr\u00e9ditos, que incluyen cursos obligatorios (10 cr\u00e9ditos), cursos electivos (33 cr\u00e9ditos) y el trabajo de investigaci\u00f3n (tesis) comprende 30 cr\u00e9ditos. El tiempo de estudios es de seis emestres.<\/p>\t\t\t\t\t\t\t\t<\/div>\n\t\t\t\t<\/div>\n\t\t<div class=\"elementor-element elementor-element-47b9dff e-con-full e-flex e-con e-child\" data-id=\"47b9dff\" data-element_type=\"container\">\n\t\t\t\t<div class=\"elementor-element elementor-element-1077620 elementor-widget elementor-widget-heading\" data-id=\"1077620\" data-element_type=\"widget\" data-widget_type=\"heading.default\">\n\t\t\t\t<div class=\"elementor-widget-container\">\n\t\t\t\t\t<h5 class=\"elementor-heading-title elementor-size-default\">RESUMEN GENERAL<\/h5>\t\t\t\t<\/div>\n\t\t\t\t<\/div>\n\t\t\t\t<div class=\"elementor-element elementor-element-b3ed5a2 elementor-widget elementor-widget-html\" data-id=\"b3ed5a2\" data-element_type=\"widget\" data-widget_type=\"html.default\">\n\t\t\t\t<div class=\"elementor-widget-container\">\n\t\t\t\t\t<div class=\"table-container\">\r\n  <table>\r\n    <thead>\r\n      <tr>\r\n        <th><\/th>\r\n        <th>Cr\u00e9ditos<\/th>\r\n      <\/tr>\r\n    <\/thead>\r\n    <tbody>\r\n      <tr>\r\n        <td data-label=>Cursos Obligatorios del Campo Principal<\/td>\r\n        <td data-label=\"Cr\u00e9ditos\" >06<\/td>\r\n      <\/tr>\r\n      <tr>\r\n        <td data-label=>Cursos Electivos del Campo Principal<\/td>\r\n        <td data-label=\"Cr\u00e9ditos\">33<\/td>\r\n      <\/tr>\r\n      <tr>\r\n        <td data-label=>Metodolog\u00eda para la investigaci\u00f3n en Agricultura Sustentable<\/td>\r\n        <td data-label=\"Cr\u00e9ditos\">02<\/td>\r\n      <\/tr>\r\n      <tr>\r\n        <td data-label=>Proyecto de tesis en Agricultura Sustentable<\/td>\r\n        <td data-label=\"Cr\u00e9ditos\">02<\/td>\r\n      <\/tr>\r\n      <tr>\r\n        <td data-label=>Investigaci\u00f3n en Agricultura Sustentable I, II, III, IV, V (6cr. c\/u).<\/td>\r\n        <td data-label=\"Cr\u00e9ditos\">30<\/td>\r\n      <\/tr>\r\n      <tr>\r\n        <td data-label=>CREDITOS TOTALES MINIMO<\/td>\r\n        <td data-label=\"Cr\u00e9ditos\">73<\/td>\r\n      <\/tr>\r\n    <\/tbody>\r\n  <\/table>\r\n<\/div>\r\n\t\t\t\t<\/div>\n\t\t\t\t<\/div>\n\t\t\t\t<\/div>\n\t\t\t\t<div class=\"elementor-element elementor-element-afc42a8 elementor-widget elementor-widget-heading\" data-id=\"afc42a8\" data-element_type=\"widget\" data-widget_type=\"heading.default\">\n\t\t\t\t<div class=\"elementor-widget-container\">\n\t\t\t\t\t<h5 class=\"elementor-heading-title elementor-size-default\">CURSOS OBLIGATORIOS DEL CAMPO PRINCIPAL<\/h5>\t\t\t\t<\/div>\n\t\t\t\t<\/div>\n\t\t\t\t<div class=\"elementor-element elementor-element-2541824 elementor-widget elementor-widget-html\" data-id=\"2541824\" data-element_type=\"widget\" data-widget_type=\"html.default\">\n\t\t\t\t<div class=\"elementor-widget-container\">\n\t\t\t\t\t<div class=\"table-container\">\r\n  <table>\r\n    <thead>\r\n      <tr>\r\n        <th>C\u00d3DIGO<\/th>\r\n        <th>CURSOS<\/th>\r\n        <th>CR\u00c9DITO<\/th>\r\n      <\/tr>\r\n    <\/thead>\r\n    <tbody>\r\n      <tr><td data-label=\"C\u00f3digo\">AG 8023<\/td><td data-label=\"\">Agroecosistemas del Per\u00fa<\/td><td data-label=\"Cr\u00e9dito\">6<\/td><\/tr>\r\n      <tr><td data-label=\"C\u00f3digo\">AG 8024<\/td><td data-label=\"\">Metodolog\u00eda para la Investigaci\u00f3n en Agricultura Sustentable<\/td><td data-label=\"Cr\u00e9dito\">2<\/td><\/tr>\r\n      <tr><td data-label=\"C\u00f3digo\">AG 8025<\/td><td data-label=\"\">Proyecto de tesis en Agricultura Sustentable<\/td><td data-label=\"Cr\u00e9dito\">2<\/td><\/tr>\r\n      <tr><td data-label=\"C\u00f3digo\">AG 8028<\/td><td data-label=\"\">Investigaci\u00f3n en Agricultura Sustentable I<\/td><td data-label=\"Cr\u00e9dito\">6<\/td><\/tr>\r\n      <tr><td data-label=\"C\u00f3digo\">AG 8029<\/td><td data-label=\"\">Investigaci\u00f3n en Agricultura Sustentable II<\/td><td data-label=\"\">6<\/td><\/tr>\r\n      <tr><td data-label=\"C\u00f3digo\">AG 8030<\/td><td data-label=\"\">Investigaci\u00f3n en Agricultura Sustentable III<\/td><td data-label=\"Cr\u00e9dito\">6<\/td><\/tr>\r\n      <tr><td data-label=\"C\u00f3digo\">AG 8031<\/td><td data-label=\"\">Investigaci\u00f3n en Agricultura Sustentable IV<\/td><td data-label=\"\">6<\/td><\/tr>\r\n      <tr><td data-label=\"C\u00f3digo\">AG 8032<\/td><td data-label=\"\">Investigaci\u00f3n en Agricultura Sustentable V<\/td><td data-label=\"Cr\u00e9dito\">6<\/td><\/tr>\r\n    <\/tbody>\r\n  <\/table>\r\n<\/div>\r\n\t\t\t\t<\/div>\n\t\t\t\t<\/div>\n\t\t\t\t<div class=\"elementor-element elementor-element-8017fc8 elementor-widget elementor-widget-heading\" data-id=\"8017fc8\" data-element_type=\"widget\" data-widget_type=\"heading.default\">\n\t\t\t\t<div class=\"elementor-widget-container\">\n\t\t\t\t\t<h5 class=\"elementor-heading-title elementor-size-default\">CURSOS ELECTIVOS DEL CAMPO PRINCIPAL<\/h5>\t\t\t\t<\/div>\n\t\t\t\t<\/div>\n\t\t\t\t<div class=\"elementor-element elementor-element-923bb96 elementor-widget elementor-widget-html\" data-id=\"923bb96\" data-element_type=\"widget\" data-widget_type=\"html.default\">\n\t\t\t\t<div class=\"elementor-widget-container\">\n\t\t\t\t\t<!-- Tabla de cursos - pegar en Bloque \"HTML Personalizado\" -->\r\n<div class=\"wp-table-creditos__wrap\">\r\n  <table class=\"wp-table-creditos\" aria-label=\"Tabla de c\u00f3digos, cursos y cr\u00e9ditos\">\r\n    <thead>\r\n      <tr>\r\n        <th scope=\"col\">C\u00d3DIGO<\/th>\r\n        <th scope=\"col\">CURSO<\/th>\r\n        <th scope=\"col\">CR\u00c9DITO<\/th>\r\n      <\/tr>\r\n    <\/thead>\r\n    <tbody>\r\n      <tr>\r\n        <td data-label=\"C\u00f3digo\">AG 8041<\/td>\r\n        <td data-label=\"Curso\">Innovaci\u00f3n Cambio y Desarrollo<\/td>\r\n        <td data-label=\"Cr\u00e9dito\">3<\/td>\r\n      <\/tr>\r\n      <tr>\r\n        <td data-label=\"C\u00f3digo\">AG 8033<\/td>\r\n        <td data-label=\"Curso\">Agroecolog\u00eda Avanzada<\/td>\r\n        <td data-label=\"Cr\u00e9dito\">3<\/td>\r\n      <\/tr>\r\n      <tr>\r\n        <td data-label=\"C\u00f3digo\">AG 8034<\/td>\r\n        <td data-label=\"Curso\">An\u00e1lisis de Sistemas Agropecuarios<\/td>\r\n        <td data-label=\"Cr\u00e9dito\">3<\/td>\r\n      <\/tr>\r\n      <tr>\r\n        <td data-label=\"C\u00f3digo\">AG 8035<\/td>\r\n        <td data-label=\"Curso\">Globalizaci\u00f3n, Pol\u00edticas Agrarias y Desarrollo Rural<\/td>\r\n        <td data-label=\"Cr\u00e9dito\">3<\/td>\r\n      <\/tr>\r\n      <tr>\r\n        <td data-label=\"C\u00f3digo\">AG 8036<\/td>\r\n        <td data-label=\"Curso\">Diversidad Biol\u00f3gica y Cultural Andino Amaz\u00f3nica<\/td>\r\n        <td data-label=\"Cr\u00e9dito\">3<\/td>\r\n      <\/tr>\r\n      <tr>\r\n        <td data-label=\"C\u00f3digo\">AG 8037<\/td>\r\n        <td data-label=\"Curso\">Manejo Agroecol\u00f3gico de Cuencas<\/td>\r\n        <td data-label=\"Cr\u00e9dito\">3<\/td>\r\n      <\/tr>\r\n      <tr>\r\n        <td data-label=\"C\u00f3digo\">AG 8038<\/td>\r\n        <td data-label=\"Curso\">Planificaci\u00f3n y Evaluaci\u00f3n de Sistemas Sustentables<\/td>\r\n        <td data-label=\"Cr\u00e9dito\">3<\/td>\r\n      <\/tr>\r\n      <tr>\r\n        <td data-label=\"C\u00f3digo\">AG 8039<\/td>\r\n        <td data-label=\"Curso\">Manejo Ecol\u00f3gico e Integrado de Plagas y Enfermedades<\/td>\r\n        <td data-label=\"Cr\u00e9dito\">3<\/td>\r\n      <\/tr>\r\n      <tr>\r\n        <td data-label=\"C\u00f3digo\">AG 8026<\/td>\r\n        <td data-label=\"Curso\">M\u00e9todos Avanzados de An\u00e1lisis de Datos<\/td>\r\n        <td data-label=\"Cr\u00e9dito\">3<\/td>\r\n      <\/tr>\r\n      <tr>\r\n        <td data-label=\"C\u00f3digo\">AG 8007<\/td>\r\n        <td data-label=\"Curso\">Biotecnolog\u00eda y Agricultura Sustentable<\/td>\r\n        <td data-label=\"Cr\u00e9dito\">3<\/td>\r\n      <\/tr>\r\n      <tr>\r\n        <td data-label=\"C\u00f3digo\">AG 8036<\/td>\r\n        <td data-label=\"Curso\">Desarrollo de Productos Agroindustriales con Tecnolog\u00eda limpia<\/td>\r\n        <td data-label=\"Cr\u00e9dito\">3<\/td>\r\n      <\/tr>\r\n      <tr>\r\n        <td data-label=\"C\u00f3digo\">AG 8042<\/td>\r\n        <td data-label=\"Curso\">Mercadotecnia y Agroexportaci\u00f3n<\/td>\r\n        <td data-label=\"Cr\u00e9dito\">3<\/td>\r\n      <\/tr>\r\n      <tr>\r\n        <td data-label=\"C\u00f3digo\">AG 8027<\/td>\r\n        <td data-label=\"Curso\">Modelos Matem\u00e1ticos para Sistemas Agrarios<\/td>\r\n        <td data-label=\"Cr\u00e9dito\">3<\/td>\r\n      <\/tr>\r\n      <tr>\r\n        <td data-label=\"C\u00f3digo\">EP 8103<\/td>\r\n        <td data-label=\"Curso\">Econom\u00eda Ecol\u00f3gica<\/td>\r\n        <td data-label=\"Cr\u00e9dito\">2<\/td>\r\n      <\/tr>\r\n    <\/tbody>\r\n  <\/table>\r\n<\/div>\r\n\t\t\t\t<\/div>\n\t\t\t\t<\/div>\n\t\t\t\t<\/div>\n\t\t\t\t<\/div>\n\t\t\t\t<\/div>\n\t\t","protected":false},"excerpt":{"rendered":"<p>CULTIVA EL FUTURO\u00bbEstudia un Doctorado en Agricultura Sustentable\u00bbPOSTULA AQU\u00cdINNOVACI\u00d3N Y SOSTENIBILIDAD EN AGRICULTURA\u00bb\u00danete a nuestra comunidad acad\u00e9mica\u00bbPOSTULA AQU\u00cdSEMBRANDO CONOCIMIENTO, COSECHANDO INNOVACI\u00d3N\u00bbDoctorado en Agricultura Sustentable\u00bbPOSTULA AQU\u00cdINVESTIGA, INNOVA Y LIDERA EN AGRICULTURA\u00bbEstudia con nosotros\u00bbPOSTULA AQU\u00cdDESARROLLA TUS HABILIDADES, IMPULSA LA INNOVACI\u00d3N EN AGRICULTURA\u00bbEstudia con nosotros\u00bb POSTULA AQU\u00cdDESARROLLA LA AGRICULTURA PARA EL FUTURO\u00bb\u00danete a nuestro Doctorado\u00bb POSTULA AQU\u00cdLIDERA Y [&hellip;]<\/p>\n","protected":false},"author":1,"featured_media":0,"parent":0,"menu_order":0,"comment_status":"closed","ping_status":"closed","template":"","meta":{"_joinchat":[],"footnotes":""},"class_list":["post-55","page","type-page","status-publish","hentry"],"rttpg_featured_image_url":null,"rttpg_author":{"display_name":"pmdas","author_link":"https:\/\/wp.lamolina.edu.pe\/pmdas\/index.php\/author\/pmdas\/"},"rttpg_comment":0,"rttpg_category":null,"rttpg_excerpt":"CULTIVA EL FUTURO\u00bbEstudia un Doctorado en Agricultura Sustentable\u00bbPOSTULA AQU\u00cdINNOVACI\u00d3N Y SOSTENIBILIDAD EN AGRICULTURA\u00bb\u00danete a nuestra comunidad acad\u00e9mica\u00bbPOSTULA AQU\u00cdSEMBRANDO CONOCIMIENTO, COSECHANDO INNOVACI\u00d3N\u00bbDoctorado en Agricultura Sustentable\u00bbPOSTULA AQU\u00cdINVESTIGA, INNOVA Y LIDERA EN AGRICULTURA\u00bbEstudia con nosotros\u00bbPOSTULA AQU\u00cdDESARROLLA TUS HABILIDADES, IMPULSA LA INNOVACI\u00d3N EN AGRICULTURA\u00bbEstudia con nosotros\u00bb POSTULA AQU\u00cdDESARROLLA LA AGRICULTURA PARA EL FUTURO\u00bb\u00danete a nuestro Doctorado\u00bb POSTULA AQU\u00cdLIDERA Y&hellip;","_links":{"self":[{"href":"https:\/\/wp.lamolina.edu.pe\/pmdas\/index.php\/wp-json\/wp\/v2\/pages\/55","targetHints":{"allow":["GET"]}}],"collection":[{"href":"https:\/\/wp.lamolina.edu.pe\/pmdas\/index.php\/wp-json\/wp\/v2\/pages"}],"about":[{"href":"https:\/\/wp.lamolina.edu.pe\/pmdas\/index.php\/wp-json\/wp\/v2\/types\/page"}],"author":[{"embeddable":true,"href":"https:\/\/wp.lamolina.edu.pe\/pmdas\/index.php\/wp-json\/wp\/v2\/users\/1"}],"replies":[{"embeddable":true,"href":"https:\/\/wp.lamolina.edu.pe\/pmdas\/index.php\/wp-json\/wp\/v2\/comments?post=55"}],"version-history":[{"count":130,"href":"https:\/\/wp.lamolina.edu.pe\/pmdas\/index.php\/wp-json\/wp\/v2\/pages\/55\/revisions"}],"predecessor-version":[{"id":2094,"href":"https:\/\/wp.lamolina.edu.pe\/pmdas\/index.php\/wp-json\/wp\/v2\/pages\/55\/revisions\/2094"}],"wp:attachment":[{"href":"https:\/\/wp.lamolina.edu.pe\/pmdas\/index.php\/wp-json\/wp\/v2\/media?parent=55"}],"curies":[{"name":"wp","href":"https:\/\/api.w.org\/{rel}","templated":true}]}}