{"id":47,"date":"2025-01-16T12:57:26","date_gmt":"2025-01-16T17:57:26","guid":{"rendered":"http:\/\/pmdas.test:8080\/?page_id=47"},"modified":"2025-12-11T14:39:03","modified_gmt":"2025-12-11T19:39:03","slug":"presentacion","status":"publish","type":"page","link":"https:\/\/wp.lamolina.edu.pe\/postgrado\/pmas\/presentacion\/","title":{"rendered":"PRESENTACI\u00d3N"},"content":{"rendered":"\t\t<div data-elementor-type=\"wp-page\" data-elementor-id=\"47\" class=\"elementor elementor-47\" data-elementor-post-type=\"page\">\n\t\t\t\t<header class=\"elementor-element elementor-element-18702cdc e-con-full e-flex elementor-invisible e-con e-parent\" data-id=\"18702cdc\" data-element_type=\"container\" data-settings=\"{&quot;background_background&quot;:&quot;classic&quot;,&quot;animation&quot;:&quot;fadeIn&quot;,&quot;animation_delay&quot;:50}\">\n\t\t\t\t<div class=\"elementor-element elementor-element-2409684 elementor--h-position-center elementor--v-position-middle elementor-arrows-position-inside elementor-pagination-position-inside elementor-widget elementor-widget-slides\" data-id=\"2409684\" data-element_type=\"widget\" data-settings=\"{&quot;transition_speed&quot;:300,&quot;navigation&quot;:&quot;both&quot;,&quot;autoplay&quot;:&quot;yes&quot;,&quot;pause_on_hover&quot;:&quot;yes&quot;,&quot;pause_on_interaction&quot;:&quot;yes&quot;,&quot;autoplay_speed&quot;:5000,&quot;infinite&quot;:&quot;yes&quot;,&quot;transition&quot;:&quot;slide&quot;}\" data-widget_type=\"slides.default\">\n\t\t\t\t\t\t\t\t\t\t<div class=\"elementor-slides-wrapper elementor-main-swiper swiper\" role=\"region\" aria-roledescription=\"carousel\" aria-label=\"Slides\" dir=\"ltr\" data-animation=\"zoomIn\">\n\t\t\t\t<div class=\"swiper-wrapper elementor-slides\">\n\t\t\t\t\t\t\t\t\t\t<div class=\"elementor-repeater-item-b240f49 swiper-slide\" role=\"group\" aria-roledescription=\"slide\"><div class=\"swiper-slide-bg elementor-ken-burns elementor-ken-burns--in\" role=\"img\" aria-label=\"pmas1\"><\/div><div class=\"elementor-background-overlay\"><\/div><div class=\"swiper-slide-inner\" ><div class=\"swiper-slide-contents\"><div class=\"elementor-slide-heading\">CULTIVA EL FUTURO<\/div><div class=\"elementor-slide-description\">\"Estudia una Maestr\u00eda en Agricultura Sustentable\"<\/div><a href=\"https:\/\/admision-epg.lamolina.edu.pe\/\" target=\"_blank\" class=\"elementor-button elementor-slide-button elementor-size-sm\">POSTULA AQU\u00cd<\/a><\/div><\/div><\/div><div class=\"elementor-repeater-item-c4cfbb5 swiper-slide\" role=\"group\" aria-roledescription=\"slide\"><div class=\"swiper-slide-bg elementor-ken-burns elementor-ken-burns--in\" role=\"img\" aria-label=\"pmas2\"><\/div><div class=\"elementor-background-overlay\"><\/div><div class=\"swiper-slide-inner\" ><div class=\"swiper-slide-contents\"><div class=\"elementor-slide-heading\">INNOVACI\u00d3N Y SOSTENIBILIDAD EN AGRICULTURA<\/div><div class=\"elementor-slide-description\">\"\u00danete a nuestra comunidad acad\u00e9mica\"<\/div><a href=\"https:\/\/admision-epg.lamolina.edu.pe\/\" target=\"_blank\" class=\"elementor-button elementor-slide-button elementor-size-sm\">POSTULA AQU\u00cd<\/a><\/div><\/div><\/div><div class=\"elementor-repeater-item-af356b6 swiper-slide\" role=\"group\" aria-roledescription=\"slide\"><div class=\"swiper-slide-bg elementor-ken-burns elementor-ken-burns--in\" role=\"img\" aria-label=\"pmas3\"><\/div><div class=\"elementor-background-overlay\"><\/div><div class=\"swiper-slide-inner\" ><div class=\"swiper-slide-contents\"><div class=\"elementor-slide-heading\">SEMBRANDO CONOCIMIENTO, COSECHANDO INNOVACI\u00d3N<\/div><div class=\"elementor-slide-description\">\"Maestr\u00eda en Agricultura Sustentable\"<\/div><a href=\"https:\/\/admision-epg.lamolina.edu.pe\/\" target=\"_blank\" class=\"elementor-button elementor-slide-button elementor-size-sm\">POSTULA AQU\u00cd<\/a><\/div><\/div><\/div><div class=\"elementor-repeater-item-f98cd72 swiper-slide\" role=\"group\" aria-roledescription=\"slide\"><div class=\"swiper-slide-bg elementor-ken-burns elementor-ken-burns--in\" role=\"img\" aria-label=\"pmas4\"><\/div><div class=\"elementor-background-overlay\"><\/div><div class=\"swiper-slide-inner\" ><div class=\"swiper-slide-contents\"><div class=\"elementor-slide-heading\">INVESTIGA, INNOVA Y LIDERA EN AGRICULTURA<\/div><div class=\"elementor-slide-description\">\"Estudia con nosotros\"<\/div><a href=\"https:\/\/admision-epg.lamolina.edu.pe\/\" target=\"_blank\" class=\"elementor-button elementor-slide-button elementor-size-sm\">POSTULA AQU\u00cd<\/a><\/div><\/div><\/div><div class=\"elementor-repeater-item-9d93319 swiper-slide\" role=\"group\" aria-roledescription=\"slide\"><div class=\"swiper-slide-bg elementor-ken-burns elementor-ken-burns--in\" role=\"img\" aria-label=\"pmas6\"><\/div><div class=\"elementor-background-overlay\"><\/div><div class=\"swiper-slide-inner\" ><div class=\"swiper-slide-contents\"><div class=\"elementor-slide-heading\">DESARROLLA TUS HABILIDADES, IMPULSA LA INNOVACI\u00d3N EN AGRICULTURA<\/div><div class=\"elementor-slide-description\">\"Estudia con nosotros\"\n\n<\/div><a href=\"https:\/\/admision-epg.lamolina.edu.pe\/\" target=\"_blank\" class=\"elementor-button elementor-slide-button elementor-size-sm\">POSTULA AQU\u00cd<\/a><\/div><\/div><\/div><div class=\"elementor-repeater-item-4be3405 swiper-slide\" role=\"group\" aria-roledescription=\"slide\"><div class=\"swiper-slide-bg elementor-ken-burns elementor-ken-burns--in\" role=\"img\" aria-label=\"4d1d321a-4c39-43d1-b0e5-cfffc96f2066\"><\/div><div class=\"elementor-background-overlay\"><\/div><div class=\"swiper-slide-inner\" ><div class=\"swiper-slide-contents\"><div class=\"elementor-slide-heading\">DESARROLLA LA AGRICULTURA PARA EL FUTURO<\/div><div class=\"elementor-slide-description\">\"\u00danete a nuestra Maestr\u00eda\"\n<\/div><a href=\"https:\/\/admision-epg.lamolina.edu.pe\/\" target=\"_blank\" class=\"elementor-button elementor-slide-button elementor-size-sm\">POSTULA AQU\u00cd<\/a><\/div><\/div><\/div><div class=\"elementor-repeater-item-c6cec41 swiper-slide\" role=\"group\" aria-roledescription=\"slide\"><div class=\"swiper-slide-bg elementor-ken-burns elementor-ken-burns--in\" role=\"img\" aria-label=\"shelfgott\"><\/div><div class=\"elementor-background-overlay\"><\/div><div class=\"swiper-slide-inner\" ><div class=\"swiper-slide-contents\"><div class=\"elementor-slide-heading\">LIDERA Y EJECUTA PROYECTOS DE INVESTIGACI\u00d3N CIENT\u00cdFICA<\/div><div class=\"elementor-slide-description\">\"Estudia con nosotros en la Universidad Nacional Agraria La Molina\"<\/div><a href=\"https:\/\/admision-epg.lamolina.edu.pe\/\" target=\"_blank\" class=\"elementor-button elementor-slide-button elementor-size-sm\">Postula aqui<\/a><\/div><\/div><\/div>\t\t\t\t<\/div>\n\t\t\t\t\t\t\t\t\t\t\t\t\t\t\t<div class=\"elementor-swiper-button elementor-swiper-button-prev\" role=\"button\" tabindex=\"0\" aria-label=\"Previous slide\">\n\t\t\t\t\t\t\t<svg aria-hidden=\"true\" class=\"e-font-icon-svg e-eicon-chevron-left\" viewBox=\"0 0 1000 1000\" xmlns=\"http:\/\/www.w3.org\/2000\/svg\"><path d=\"M646 125C629 125 613 133 604 142L308 442C296 454 292 471 292 487 292 504 296 521 308 533L604 854C617 867 629 875 646 875 663 875 679 871 692 858 704 846 713 829 713 812 713 796 708 779 692 767L438 487 692 225C700 217 708 204 708 187 708 171 704 154 692 142 675 129 663 125 646 125Z\"><\/path><\/svg>\t\t\t\t\t\t<\/div>\n\t\t\t\t\t\t<div class=\"elementor-swiper-button elementor-swiper-button-next\" role=\"button\" tabindex=\"0\" aria-label=\"Next slide\">\n\t\t\t\t\t\t\t<svg aria-hidden=\"true\" class=\"e-font-icon-svg e-eicon-chevron-right\" viewBox=\"0 0 1000 1000\" xmlns=\"http:\/\/www.w3.org\/2000\/svg\"><path d=\"M696 533C708 521 713 504 713 487 713 471 708 454 696 446L400 146C388 133 375 125 354 125 338 125 325 129 313 142 300 154 292 171 292 187 292 204 296 221 308 233L563 492 304 771C292 783 288 800 288 817 288 833 296 850 308 863 321 871 338 875 354 875 371 875 388 867 400 854L696 533Z\"><\/path><\/svg>\t\t\t\t\t\t<\/div>\n\t\t\t\t\t\t\t\t\t\t\t\t\t\t\t\t<div class=\"swiper-pagination\"><\/div>\n\t\t\t\t\t\t\t\t\t\t\t\t<\/div>\n\t\t\t\t\t\t\t\t<\/div>\n\t\t\t\t<\/header>\n\t\t<div class=\"elementor-element elementor-element-4b78b85 e-con-full e-flex e-con e-parent\" data-id=\"4b78b85\" data-element_type=\"container\" data-settings=\"{&quot;background_background&quot;:&quot;classic&quot;}\">\n\t\t<div class=\"elementor-element elementor-element-ba727b5 e-con-full e-flex e-con e-child\" data-id=\"ba727b5\" data-element_type=\"container\" data-settings=\"{&quot;background_background&quot;:&quot;classic&quot;}\">\n\t\t\t\t<div class=\"elementor-element elementor-element-2e88ff4 elementor-widget elementor-widget-heading\" data-id=\"2e88ff4\" data-element_type=\"widget\" data-widget_type=\"heading.default\">\n\t\t\t\t\t<h2 class=\"elementor-heading-title elementor-size-default\">Misi\u00f3n<\/h2>\t\t\t\t<\/div>\n\t\t\t\t<div class=\"elementor-element elementor-element-4533dbc elementor-widget-divider--view-line elementor-widget elementor-widget-divider\" data-id=\"4533dbc\" data-element_type=\"widget\" data-widget_type=\"divider.default\">\n\t\t\t\t\t\t\t<div class=\"elementor-divider\">\n\t\t\t<span class=\"elementor-divider-separator\">\n\t\t\t\t\t\t<\/span>\n\t\t<\/div>\n\t\t\t\t\t\t<\/div>\n\t\t\t\t<div class=\"elementor-element elementor-element-6f29e30 elementor-widget elementor-widget-text-editor\" data-id=\"6f29e30\" data-element_type=\"widget\" data-widget_type=\"text-editor.default\">\n\t\t\t\t\t\t\t\t\t<p>Forma especialistas del m\u00e1s alto nivel en agricultura sustentable. Generar conocimientos mediante la investigaci\u00f3n que se difunde a la comunidad cient\u00edfica para ser transferida a la sociedad en su conjunto.<\/p>\t\t\t\t\t\t\t\t<\/div>\n\t\t\t\t<div class=\"elementor-element elementor-element-2dec6af elementor-widget elementor-widget-heading\" data-id=\"2dec6af\" data-element_type=\"widget\" data-widget_type=\"heading.default\">\n\t\t\t\t\t<h2 class=\"elementor-heading-title elementor-size-default\">Visi\u00f3n<\/h2>\t\t\t\t<\/div>\n\t\t\t\t<div class=\"elementor-element elementor-element-cbfbfb2 elementor-widget-divider--view-line elementor-widget elementor-widget-divider\" data-id=\"cbfbfb2\" data-element_type=\"widget\" data-widget_type=\"divider.default\">\n\t\t\t\t\t\t\t<div class=\"elementor-divider\">\n\t\t\t<span class=\"elementor-divider-separator\">\n\t\t\t\t\t\t<\/span>\n\t\t<\/div>\n\t\t\t\t\t\t<\/div>\n\t\t\t\t<div class=\"elementor-element elementor-element-349fb03 elementor-widget elementor-widget-text-editor\" data-id=\"349fb03\" data-element_type=\"widget\" data-widget_type=\"text-editor.default\">\n\t\t\t\t\t\t\t\t\t<p style=\"text-align: justify;\">La Maestr\u00eda en Agricultura Sustentable busca ser un programa de posgrado l\u00edder que contribuya al desarrollo sustentable del Per\u00fa, por medio de la formaci\u00f3n de especialistas y realizando investigaci\u00f3n de calidad. Promueve la conservaci\u00f3n y el uso racional de los recursos naturales como herramienta estrat\u00e9gica para el desarrollo del pa\u00eds. Para ello, contar\u00e1 con recursos y procesos administrativos \u00f3ptimos.<\/p>\t\t\t\t\t\t\t\t<\/div>\n\t\t\t\t<\/div>\n\t\t<div class=\"elementor-element elementor-element-0a6273f e-con-full e-flex e-con e-child\" data-id=\"0a6273f\" data-element_type=\"container\" data-settings=\"{&quot;background_background&quot;:&quot;classic&quot;}\">\n\t\t\t\t<div class=\"elementor-element elementor-element-41974c4 elementor-widget elementor-widget-heading\" data-id=\"41974c4\" data-element_type=\"widget\" data-widget_type=\"heading.default\">\n\t\t\t\t\t<h2 class=\"elementor-heading-title elementor-size-default\">MAESTR\u00cdA EN AGRICULTURA SUSTENTABLE<\/h2>\t\t\t\t<\/div>\n\t\t\t\t<div class=\"elementor-element elementor-element-7b015b5 elementor-widget-divider--view-line elementor-widget elementor-widget-divider\" data-id=\"7b015b5\" data-element_type=\"widget\" data-widget_type=\"divider.default\">\n\t\t\t\t\t\t\t<div class=\"elementor-divider\">\n\t\t\t<span class=\"elementor-divider-separator\">\n\t\t\t\t\t\t<\/span>\n\t\t<\/div>\n\t\t\t\t\t\t<\/div>\n\t\t\t\t<div class=\"elementor-element elementor-element-bf6ac5a elementor-widget elementor-widget-text-editor\" data-id=\"bf6ac5a\" data-element_type=\"widget\" data-widget_type=\"text-editor.default\">\n\t\t\t\t\t\t\t\t\t<p>La Universidad Nacional Agraria La Molina (UNALM) aprob\u00f3 el 23 de junio de 2004 la creaci\u00f3n del Programa de Maestr\u00eda en Agricultura Sustentable (PMAS), respondiendo a la necesidad de formar profesionales con una visi\u00f3n hol\u00edstica, capaces de analizar, evaluar y proponer alternativas de soluci\u00f3n a los complejos problemas que enfrenta la agricultura a nivel nacional y global.<\/p><p>Nuestro pa\u00eds posee una riqueza geogr\u00e1fica y cultural que lo convierte en un \u00ablaboratorio natural\u00bb excepcional, donde es posible estudiar, investigar y experimentar los diversos aspectos sociales, culturales, tecnol\u00f3gicos y econ\u00f3micos que caracterizan a los agroecosistemas de las zonas costeras, altoandinas y amaz\u00f3nicas.<\/p><p>El dise\u00f1o interdisciplinario del PMAS busca generar conocimiento acorde con las complejas demandas de la agricultura del siglo XXI, la cual no solo debe ser econ\u00f3micamente competitiva, sino tambi\u00e9n comprometida con el manejo racional de los recursos naturales y el respeto hacia las culturas de las comunidades rurales.<\/p>\t\t\t\t\t\t\t\t<\/div>\n\t\t\t\t<\/div>\n\t\t<div class=\"elementor-element elementor-element-65664da e-con-full e-flex e-con e-child\" data-id=\"65664da\" data-element_type=\"container\">\n\t\t\t\t<div class=\"elementor-element elementor-element-fda03d1 elementor-widget__width-initial elementor-position-top elementor-widget elementor-widget-image-box\" data-id=\"fda03d1\" data-element_type=\"widget\" data-widget_type=\"image-box.default\">\n\t\t\t\t\t<div class=\"elementor-image-box-wrapper\"><figure class=\"elementor-image-box-img\"><img fetchpriority=\"high\" decoding=\"async\" width=\"300\" height=\"300\" src=\"https:\/\/wp.lamolina.edu.pe\/postgrado\/pmas\/wp-content\/uploads\/2025\/07\/Borjas-Ricardo1-1-300x300.jpg\" class=\"attachment-medium size-medium wp-image-859\" alt=\"\" srcset=\"https:\/\/wp.lamolina.edu.pe\/postgrado\/pmas\/wp-content\/uploads\/2025\/07\/Borjas-Ricardo1-1-300x300.jpg 300w, https:\/\/wp.lamolina.edu.pe\/postgrado\/pmas\/wp-content\/uploads\/2025\/07\/Borjas-Ricardo1-1-150x150.jpg 150w, https:\/\/wp.lamolina.edu.pe\/postgrado\/pmas\/wp-content\/uploads\/2025\/07\/Borjas-Ricardo1-1.jpg 648w\" sizes=\"(max-width: 300px) 100vw, 300px\" \/><\/figure><div class=\"elementor-image-box-content\"><h5 class=\"elementor-image-box-title\">COORDINACI\u00d3N<\/h5><p class=\"elementor-image-box-description\">Dr. Ricardo Borjas Ventura\nProfesora Principal del Departamento de Fitotecnia, UNALM\nCorreo: rborjas@lamolina.edu.pe<\/p><\/div><\/div>\t\t\t\t<\/div>\n\t\t\t\t<\/div>\n\t\t\t\t<\/div>\n\t\t\t\t<\/div>\n\t\t","protected":false},"excerpt":{"rendered":"<p>CULTIVA EL FUTURO\u00bbEstudia una Maestr\u00eda en Agricultura Sustentable\u00bbPOSTULA AQU\u00cdINNOVACI\u00d3N Y SOSTENIBILIDAD EN AGRICULTURA\u00bb\u00danete a nuestra comunidad acad\u00e9mica\u00bbPOSTULA AQU\u00cdSEMBRANDO CONOCIMIENTO, COSECHANDO INNOVACI\u00d3N\u00bbMaestr\u00eda en Agricultura Sustentable\u00bbPOSTULA AQU\u00cdINVESTIGA, INNOVA Y LIDERA EN AGRICULTURA\u00bbEstudia con nosotros\u00bbPOSTULA AQU\u00cdDESARROLLA TUS HABILIDADES, IMPULSA LA INNOVACI\u00d3N EN AGRICULTURA\u00bbEstudia con nosotros\u00bb POSTULA AQU\u00cdDESARROLLA LA AGRICULTURA PARA EL FUTURO\u00bb\u00danete a nuestra Maestr\u00eda\u00bb POSTULA AQU\u00cdLIDERA Y [&hellip;]<\/p>\n","protected":false},"author":1,"featured_media":0,"parent":0,"menu_order":0,"comment_status":"closed","ping_status":"closed","template":"","meta":{"_joinchat":[],"footnotes":""},"class_list":["post-47","page","type-page","status-publish","hentry"],"rttpg_featured_image_url":null,"rttpg_author":{"display_name":"pmas","author_link":"https:\/\/wp.lamolina.edu.pe\/postgrado\/pmas\/author\/pmas\/"},"rttpg_comment":0,"rttpg_category":null,"rttpg_excerpt":"CULTIVA EL FUTURO\u00bbEstudia una Maestr\u00eda en Agricultura Sustentable\u00bbPOSTULA AQU\u00cdINNOVACI\u00d3N Y SOSTENIBILIDAD EN AGRICULTURA\u00bb\u00danete a nuestra comunidad acad\u00e9mica\u00bbPOSTULA AQU\u00cdSEMBRANDO CONOCIMIENTO, COSECHANDO INNOVACI\u00d3N\u00bbMaestr\u00eda en Agricultura Sustentable\u00bbPOSTULA AQU\u00cdINVESTIGA, INNOVA Y LIDERA EN AGRICULTURA\u00bbEstudia con nosotros\u00bbPOSTULA AQU\u00cdDESARROLLA TUS HABILIDADES, IMPULSA LA INNOVACI\u00d3N EN AGRICULTURA\u00bbEstudia con nosotros\u00bb POSTULA AQU\u00cdDESARROLLA LA AGRICULTURA PARA EL FUTURO\u00bb\u00danete a nuestra Maestr\u00eda\u00bb POSTULA AQU\u00cdLIDERA Y&hellip;","_links":{"self":[{"href":"https:\/\/wp.lamolina.edu.pe\/postgrado\/pmas\/wp-json\/wp\/v2\/pages\/47","targetHints":{"allow":["GET"]}}],"collection":[{"href":"https:\/\/wp.lamolina.edu.pe\/postgrado\/pmas\/wp-json\/wp\/v2\/pages"}],"about":[{"href":"https:\/\/wp.lamolina.edu.pe\/postgrado\/pmas\/wp-json\/wp\/v2\/types\/page"}],"author":[{"embeddable":true,"href":"https:\/\/wp.lamolina.edu.pe\/postgrado\/pmas\/wp-json\/wp\/v2\/users\/1"}],"replies":[{"embeddable":true,"href":"https:\/\/wp.lamolina.edu.pe\/postgrado\/pmas\/wp-json\/wp\/v2\/comments?post=47"}],"version-history":[{"count":12,"href":"https:\/\/wp.lamolina.edu.pe\/postgrado\/pmas\/wp-json\/wp\/v2\/pages\/47\/revisions"}],"predecessor-version":[{"id":2546,"href":"https:\/\/wp.lamolina.edu.pe\/postgrado\/pmas\/wp-json\/wp\/v2\/pages\/47\/revisions\/2546"}],"wp:attachment":[{"href":"https:\/\/wp.lamolina.edu.pe\/postgrado\/pmas\/wp-json\/wp\/v2\/media?parent=47"}],"curies":[{"name":"wp","href":"https:\/\/api.w.org\/{rel}","templated":true}]}}