{"id":52,"date":"2025-01-16T12:56:40","date_gmt":"2025-01-16T17:56:40","guid":{"rendered":"http:\/\/pmdas.test:8080\/?page_id=52"},"modified":"2025-12-11T14:49:46","modified_gmt":"2025-12-11T19:49:46","slug":"inversion","status":"publish","type":"page","link":"https:\/\/wp.lamolina.edu.pe\/postgrado\/pmas\/inversion\/","title":{"rendered":"INVERSI\u00d3N"},"content":{"rendered":"\t\t<div data-elementor-type=\"wp-page\" data-elementor-id=\"52\" class=\"elementor elementor-52\" data-elementor-post-type=\"page\">\n\t\t\t\t<header class=\"elementor-element elementor-element-64c1e167 e-con-full e-flex elementor-invisible e-con e-parent\" data-id=\"64c1e167\" data-element_type=\"container\" data-settings=\"{&quot;background_background&quot;:&quot;classic&quot;,&quot;animation&quot;:&quot;fadeIn&quot;,&quot;animation_delay&quot;:50}\">\n\t\t\t\t<div class=\"elementor-element elementor-element-c34ed32 elementor--h-position-center elementor--v-position-middle elementor-arrows-position-inside elementor-pagination-position-inside elementor-widget elementor-widget-slides\" data-id=\"c34ed32\" data-element_type=\"widget\" data-settings=\"{&quot;transition_speed&quot;:300,&quot;navigation&quot;:&quot;both&quot;,&quot;autoplay&quot;:&quot;yes&quot;,&quot;pause_on_hover&quot;:&quot;yes&quot;,&quot;pause_on_interaction&quot;:&quot;yes&quot;,&quot;autoplay_speed&quot;:5000,&quot;infinite&quot;:&quot;yes&quot;,&quot;transition&quot;:&quot;slide&quot;}\" data-widget_type=\"slides.default\">\n\t\t\t\t\t\t\t\t\t\t<div class=\"elementor-slides-wrapper elementor-main-swiper swiper\" role=\"region\" aria-roledescription=\"carousel\" aria-label=\"Slides\" dir=\"ltr\" data-animation=\"zoomIn\">\n\t\t\t\t<div class=\"swiper-wrapper elementor-slides\">\n\t\t\t\t\t\t\t\t\t\t<div class=\"elementor-repeater-item-b240f49 swiper-slide\" role=\"group\" aria-roledescription=\"slide\"><div class=\"swiper-slide-bg elementor-ken-burns elementor-ken-burns--in\" role=\"img\" aria-label=\"pmas1\"><\/div><div class=\"elementor-background-overlay\"><\/div><div class=\"swiper-slide-inner\" ><div class=\"swiper-slide-contents\"><div class=\"elementor-slide-heading\">CULTIVA EL FUTURO<\/div><div class=\"elementor-slide-description\">\"Estudia una Maestr\u00eda en Agricultura Sustentable\"<\/div><a href=\"https:\/\/admision-epg.lamolina.edu.pe\/\" target=\"_blank\" class=\"elementor-button elementor-slide-button elementor-size-sm\">POSTULA AQU\u00cd<\/a><\/div><\/div><\/div><div class=\"elementor-repeater-item-c4cfbb5 swiper-slide\" role=\"group\" aria-roledescription=\"slide\"><div class=\"swiper-slide-bg elementor-ken-burns elementor-ken-burns--in\" role=\"img\" aria-label=\"pmas2\"><\/div><div class=\"elementor-background-overlay\"><\/div><div class=\"swiper-slide-inner\" ><div class=\"swiper-slide-contents\"><div class=\"elementor-slide-heading\">INNOVACI\u00d3N Y SOSTENIBILIDAD EN AGRICULTURA<\/div><div class=\"elementor-slide-description\">\"\u00danete a nuestra comunidad acad\u00e9mica\"<\/div><a href=\"https:\/\/admision-epg.lamolina.edu.pe\/\" target=\"_blank\" class=\"elementor-button elementor-slide-button elementor-size-sm\">POSTULA AQU\u00cd<\/a><\/div><\/div><\/div><div class=\"elementor-repeater-item-af356b6 swiper-slide\" role=\"group\" aria-roledescription=\"slide\"><div class=\"swiper-slide-bg elementor-ken-burns elementor-ken-burns--in\" role=\"img\" aria-label=\"pmas3\"><\/div><div class=\"elementor-background-overlay\"><\/div><div class=\"swiper-slide-inner\" ><div class=\"swiper-slide-contents\"><div class=\"elementor-slide-heading\">SEMBRANDO CONOCIMIENTO, COSECHANDO INNOVACI\u00d3N<\/div><div class=\"elementor-slide-description\">\"Maestr\u00eda en Agricultura Sustentable\"<\/div><a href=\"https:\/\/admision-epg.lamolina.edu.pe\/\" target=\"_blank\" class=\"elementor-button elementor-slide-button elementor-size-sm\">POSTULA AQU\u00cd<\/a><\/div><\/div><\/div><div class=\"elementor-repeater-item-f98cd72 swiper-slide\" role=\"group\" aria-roledescription=\"slide\"><div class=\"swiper-slide-bg elementor-ken-burns elementor-ken-burns--in\" role=\"img\" aria-label=\"pmas4\"><\/div><div class=\"elementor-background-overlay\"><\/div><div class=\"swiper-slide-inner\" ><div class=\"swiper-slide-contents\"><div class=\"elementor-slide-heading\">INVESTIGA, INNOVA Y LIDERA EN AGRICULTURA<\/div><div class=\"elementor-slide-description\">\"Estudia con nosotros\"<\/div><a href=\"https:\/\/admision-epg.lamolina.edu.pe\/\" target=\"_blank\" class=\"elementor-button elementor-slide-button elementor-size-sm\">POSTULA AQU\u00cd<\/a><\/div><\/div><\/div><div class=\"elementor-repeater-item-9d93319 swiper-slide\" role=\"group\" aria-roledescription=\"slide\"><div class=\"swiper-slide-bg elementor-ken-burns elementor-ken-burns--in\" role=\"img\" aria-label=\"pmas6\"><\/div><div class=\"elementor-background-overlay\"><\/div><div class=\"swiper-slide-inner\" ><div class=\"swiper-slide-contents\"><div class=\"elementor-slide-heading\">DESARROLLA TUS HABILIDADES, IMPULSA LA INNOVACI\u00d3N EN AGRICULTURA<\/div><div class=\"elementor-slide-description\">\"Estudia con nosotros\"\n\n<\/div><a href=\"https:\/\/admision-epg.lamolina.edu.pe\/\" target=\"_blank\" class=\"elementor-button elementor-slide-button elementor-size-sm\">POSTULA AQU\u00cd<\/a><\/div><\/div><\/div><div class=\"elementor-repeater-item-4be3405 swiper-slide\" role=\"group\" aria-roledescription=\"slide\"><div class=\"swiper-slide-bg elementor-ken-burns elementor-ken-burns--in\" role=\"img\" aria-label=\"4d1d321a-4c39-43d1-b0e5-cfffc96f2066\"><\/div><div class=\"elementor-background-overlay\"><\/div><div class=\"swiper-slide-inner\" ><div class=\"swiper-slide-contents\"><div class=\"elementor-slide-heading\">DESARROLLA LA AGRICULTURA PARA EL FUTURO<\/div><div class=\"elementor-slide-description\">\"\u00danete a nuestra Maestr\u00eda\"\n<\/div><a href=\"https:\/\/admision-epg.lamolina.edu.pe\/\" target=\"_blank\" class=\"elementor-button elementor-slide-button elementor-size-sm\">POSTULA AQU\u00cd<\/a><\/div><\/div><\/div><div class=\"elementor-repeater-item-c6cec41 swiper-slide\" role=\"group\" aria-roledescription=\"slide\"><div class=\"swiper-slide-bg elementor-ken-burns elementor-ken-burns--in\" role=\"img\" aria-label=\"shelfgott\"><\/div><div class=\"elementor-background-overlay\"><\/div><div class=\"swiper-slide-inner\" ><div class=\"swiper-slide-contents\"><div class=\"elementor-slide-heading\">LIDERA Y EJECUTA PROYECTOS DE INVESTIGACI\u00d3N CIENT\u00cdFICA<\/div><div class=\"elementor-slide-description\">\"Estudia con nosotros en la Universidad Nacional Agraria La Molina\"<\/div><a href=\"https:\/\/admision-epg.lamolina.edu.pe\/\" target=\"_blank\" class=\"elementor-button elementor-slide-button elementor-size-sm\">Postula aqui<\/a><\/div><\/div><\/div>\t\t\t\t<\/div>\n\t\t\t\t\t\t\t\t\t\t\t\t\t\t\t<div class=\"elementor-swiper-button elementor-swiper-button-prev\" role=\"button\" tabindex=\"0\" aria-label=\"Previous slide\">\n\t\t\t\t\t\t\t<svg aria-hidden=\"true\" class=\"e-font-icon-svg e-eicon-chevron-left\" viewBox=\"0 0 1000 1000\" xmlns=\"http:\/\/www.w3.org\/2000\/svg\"><path d=\"M646 125C629 125 613 133 604 142L308 442C296 454 292 471 292 487 292 504 296 521 308 533L604 854C617 867 629 875 646 875 663 875 679 871 692 858 704 846 713 829 713 812 713 796 708 779 692 767L438 487 692 225C700 217 708 204 708 187 708 171 704 154 692 142 675 129 663 125 646 125Z\"><\/path><\/svg>\t\t\t\t\t\t<\/div>\n\t\t\t\t\t\t<div class=\"elementor-swiper-button elementor-swiper-button-next\" role=\"button\" tabindex=\"0\" aria-label=\"Next slide\">\n\t\t\t\t\t\t\t<svg aria-hidden=\"true\" class=\"e-font-icon-svg e-eicon-chevron-right\" viewBox=\"0 0 1000 1000\" xmlns=\"http:\/\/www.w3.org\/2000\/svg\"><path d=\"M696 533C708 521 713 504 713 487 713 471 708 454 696 446L400 146C388 133 375 125 354 125 338 125 325 129 313 142 300 154 292 171 292 187 292 204 296 221 308 233L563 492 304 771C292 783 288 800 288 817 288 833 296 850 308 863 321 871 338 875 354 875 371 875 388 867 400 854L696 533Z\"><\/path><\/svg>\t\t\t\t\t\t<\/div>\n\t\t\t\t\t\t\t\t\t\t\t\t\t\t\t\t<div class=\"swiper-pagination\"><\/div>\n\t\t\t\t\t\t\t\t\t\t\t\t<\/div>\n\t\t\t\t\t\t\t\t<\/div>\n\t\t\t\t<\/header>\n\t\t<div class=\"elementor-element elementor-element-a589c87 e-con-full e-flex e-con e-parent\" data-id=\"a589c87\" data-element_type=\"container\">\n\t\t<div class=\"elementor-element elementor-element-47acd18 e-con-full elementor-hidden-tablet elementor-hidden-mobile e-flex e-con e-child\" data-id=\"47acd18\" data-element_type=\"container\">\n\t\t\t\t<div class=\"elementor-element elementor-element-c8ec18e elementor-widget__width-initial elementor-widget elementor-widget-image\" data-id=\"c8ec18e\" data-element_type=\"widget\" data-widget_type=\"image.default\">\n\t\t\t\t\t\t\t\t\t\t\t\t\t\t\t<img fetchpriority=\"high\" decoding=\"async\" width=\"196\" height=\"602\" src=\"https:\/\/wp.lamolina.edu.pe\/postgrado\/pmas\/wp-content\/uploads\/2025\/08\/imgpmdas-1.png\" class=\"attachment-full size-full wp-image-1437\" alt=\"\" srcset=\"https:\/\/wp.lamolina.edu.pe\/postgrado\/pmas\/wp-content\/uploads\/2025\/08\/imgpmdas-1.png 196w, https:\/\/wp.lamolina.edu.pe\/postgrado\/pmas\/wp-content\/uploads\/2025\/08\/imgpmdas-1-98x300.png 98w\" sizes=\"(max-width: 196px) 100vw, 196px\" \/>\t\t\t\t\t\t\t\t\t\t\t\t\t\t\t<\/div>\n\t\t\t\t<\/div>\n\t\t<div class=\"elementor-element elementor-element-0b3b37d e-con-full e-flex e-con e-child\" data-id=\"0b3b37d\" data-element_type=\"container\">\n\t\t\t\t<div class=\"elementor-element elementor-element-2b65333 elementor-widget elementor-widget-heading\" data-id=\"2b65333\" data-element_type=\"widget\" data-widget_type=\"heading.default\">\n\t\t\t\t\t<h3 class=\"elementor-heading-title elementor-size-default\">INVERSI\u00d3N<\/h3>\t\t\t\t<\/div>\n\t\t\t\t<div class=\"elementor-element elementor-element-e505755 elementor-widget-divider--separator-type-pattern elementor-widget-divider--view-line elementor-widget elementor-widget-divider\" data-id=\"e505755\" data-element_type=\"widget\" data-widget_type=\"divider.default\">\n\t\t\t\t\t\t\t<div class=\"elementor-divider\" style=\"--divider-pattern-url: url(&quot;data:image\/svg+xml,%3Csvg xmlns=&#039;http:\/\/www.w3.org\/2000\/svg&#039; preserveAspectRatio=&#039;none&#039; overflow=&#039;visible&#039; height=&#039;100%&#039; viewBox=&#039;0 0 24 24&#039; fill=&#039;none&#039; stroke=&#039;black&#039; stroke-width=&#039;1&#039; stroke-linecap=&#039;square&#039; stroke-miterlimit=&#039;10&#039;%3E%3Cpolyline points=&#039;0,6 6,6 6,18 18,18 18,6 24,6 \t&#039;\/%3E%3C\/svg%3E&quot;);\">\n\t\t\t<span class=\"elementor-divider-separator\">\n\t\t\t\t\t\t<\/span>\n\t\t<\/div>\n\t\t\t\t\t\t<\/div>\n\t\t\t\t<div class=\"elementor-element elementor-element-984f482 elementor-widget elementor-widget-html\" data-id=\"984f482\" data-element_type=\"widget\" data-widget_type=\"html.default\">\n\t\t\t\t\t<!DOCTYPE html>\r\n<html lang=\"es\">\r\n<head>\r\n    <meta charset=\"UTF-8\">\r\n    <meta name=\"viewport\" content=\"width=device-width, initial-scale=1.0\">\r\n    <title>Tabla de Costos Universitarios<\/title>\r\n    <style>\r\n        .modern-table-container {\r\n            margin: 30px 0;\r\n            padding: 20px;\r\n            background: #f8f9fa;\r\n            border-radius: 12px;\r\n            box-shadow: 0 5px 15px rgba(0,0,0,0.08);\r\n            font-family: 'Segoe UI', system-ui, sans-serif;\r\n        }\r\n        \r\n        .modern-table {\r\n            width: 100%;\r\n            border-collapse: separate;\r\n            border-spacing: 0;\r\n            font-size: 16px;\r\n            box-shadow: 0 4px 12px rgba(0, 0, 0, 0.1);\r\n            border-radius: 12px;\r\n            overflow: hidden;\r\n            background: white;\r\n        }\r\n        \r\n        .modern-table thead tr {\r\n            background: linear-gradient(135deg, #2c3e50, #4a6491);\r\n            color: #ffffff;\r\n            text-align: left;\r\n        }\r\n        \r\n        .modern-table th {\r\n            padding: 18px 20px;\r\n            font-weight: 600;\r\n            text-transform: uppercase;\r\n            letter-spacing: 0.5px;\r\n            font-size: 16px;\r\n        }\r\n        \r\n        .modern-table td {\r\n            padding: 16px 20px;\r\n            border-bottom: 1px solid #eaecef;\r\n        }\r\n        \r\n        .modern-table tbody tr {\r\n            transition: all 0.2s ease;\r\n        }\r\n        \r\n        .modern-table tbody tr:nth-of-type(even) {\r\n            background-color: #f8f9fb;\r\n        }\r\n        \r\n        .modern-table tbody tr:last-of-type td {\r\n            border-bottom: none;\r\n        }\r\n        \r\n        .modern-table tbody tr:hover {\r\n            background-color: #edf2f7;\r\n            transform: translateY(-1px);\r\n            box-shadow: 0 4px 8px rgba(0,0,0,0.05);\r\n        }\r\n        \r\n        .table-footer {\r\n            margin-top: 15px;\r\n            font-size: 14px;\r\n            color: #6c757d;\r\n            text-align: right;\r\n            padding: 0 10px;\r\n        }\r\n        \r\n        \/* Estilos responsivos *\/\r\n        @media screen and (max-width: 768px) {\r\n            .modern-table-container {\r\n                padding: 15px;\r\n                margin: 20px 0;\r\n            }\r\n            \r\n            .modern-table {\r\n                font-size: 14px;\r\n                display: block;\r\n                overflow-x: auto;\r\n            }\r\n            \r\n            .modern-table th,\r\n            .modern-table td {\r\n                padding: 12px 15px;\r\n            }\r\n        }\r\n    <\/style>\r\n<\/head>\r\n<body>\r\n    <div class=\"modern-table-container\">\r\n        <table class=\"modern-table\">\r\n            <thead>\r\n                <tr>\r\n                    <th>CONCEPTO<\/th>\r\n                    <th>Alumnos Nacionales (S\/.)<\/th>\r\n                    <th>Comunidad Andina (S\/.)<\/th>\r\n                    <th>Otros Pa\u00edses (S\/.)<\/th>\r\n                <\/tr>\r\n            <\/thead>\r\n            <tbody>\r\n                <tr>\r\n                    <td>Matricula por semestre<\/td>\r\n                    <td>147.90<\/td>\r\n                    <td>147.90<\/td>\r\n                    <td>147.90<\/td>\r\n                <\/tr>\r\n                <tr>\r\n                    <td>Costo por cr\u00e9dito<\/td>\r\n                    <td>280.00<\/td>\r\n                    <td>420.00<\/td>\r\n                    <td>560.00<\/td>\r\n                <\/tr>\r\n                <tr>\r\n                    <td>Viaje - Curso Agroecosistemas del Per\u00fa<\/td>\r\n                    <td>8,000.00(*)<\/td>\r\n                    <td>8,000.00(*)<\/td>\r\n                    <td>8,000.00(*)<\/td>\r\n                <\/tr>\r\n                <tr>\r\n                    <td>Seguro Estudiantil<\/td>\r\n                    <td>97.00<\/td>\r\n                    <td>97.00<\/td>\r\n                    <td>97.00<\/td>\r\n                <\/tr>\r\n                <tr>\r\n                    <td>Carnet Universitario<\/td>\r\n                    <td>16.00<\/td>\r\n                    <td>16.00<\/td>\r\n                    <td>16.00<\/td>\r\n                <\/tr>\r\n            <\/tbody>\r\n        <\/table>\r\n        <div class=\"table-footer\">(*) Costo aproximado. Los precios pueden variar, consultar antes de efectuar cualquier pago. Para Mayor informaci\u00f3n ll\u00e1menos a los tel\u00e9fonos <\/div>\r\n    <\/div>\r\n<\/body>\r\n<\/html>\t\t\t\t<\/div>\n\t\t\t\t<\/div>\n\t\t\t\t<\/div>\n\t\t\t\t<\/div>\n\t\t","protected":false},"excerpt":{"rendered":"<p>CULTIVA EL FUTURO\u00bbEstudia una Maestr\u00eda en Agricultura Sustentable\u00bbPOSTULA AQU\u00cdINNOVACI\u00d3N Y SOSTENIBILIDAD EN AGRICULTURA\u00bb\u00danete a nuestra comunidad acad\u00e9mica\u00bbPOSTULA AQU\u00cdSEMBRANDO CONOCIMIENTO, COSECHANDO INNOVACI\u00d3N\u00bbMaestr\u00eda en Agricultura Sustentable\u00bbPOSTULA AQU\u00cdINVESTIGA, INNOVA Y LIDERA EN AGRICULTURA\u00bbEstudia con nosotros\u00bbPOSTULA AQU\u00cdDESARROLLA TUS HABILIDADES, IMPULSA LA INNOVACI\u00d3N EN AGRICULTURA\u00bbEstudia con nosotros\u00bb POSTULA AQU\u00cdDESARROLLA LA AGRICULTURA PARA EL FUTURO\u00bb\u00danete a nuestra Maestr\u00eda\u00bb POSTULA AQU\u00cdLIDERA Y [&hellip;]<\/p>\n","protected":false},"author":1,"featured_media":0,"parent":0,"menu_order":0,"comment_status":"closed","ping_status":"closed","template":"","meta":{"_joinchat":[],"footnotes":""},"class_list":["post-52","page","type-page","status-publish","hentry"],"rttpg_featured_image_url":null,"rttpg_author":{"display_name":"pmas","author_link":"https:\/\/wp.lamolina.edu.pe\/postgrado\/pmas\/author\/pmas\/"},"rttpg_comment":0,"rttpg_category":null,"rttpg_excerpt":"CULTIVA EL FUTURO\u00bbEstudia una Maestr\u00eda en Agricultura Sustentable\u00bbPOSTULA AQU\u00cdINNOVACI\u00d3N Y SOSTENIBILIDAD EN AGRICULTURA\u00bb\u00danete a nuestra comunidad acad\u00e9mica\u00bbPOSTULA AQU\u00cdSEMBRANDO CONOCIMIENTO, COSECHANDO INNOVACI\u00d3N\u00bbMaestr\u00eda en Agricultura Sustentable\u00bbPOSTULA AQU\u00cdINVESTIGA, INNOVA Y LIDERA EN AGRICULTURA\u00bbEstudia con nosotros\u00bbPOSTULA AQU\u00cdDESARROLLA TUS HABILIDADES, IMPULSA LA INNOVACI\u00d3N EN AGRICULTURA\u00bbEstudia con nosotros\u00bb POSTULA AQU\u00cdDESARROLLA LA AGRICULTURA PARA EL FUTURO\u00bb\u00danete a nuestra Maestr\u00eda\u00bb POSTULA AQU\u00cdLIDERA Y&hellip;","_links":{"self":[{"href":"https:\/\/wp.lamolina.edu.pe\/postgrado\/pmas\/wp-json\/wp\/v2\/pages\/52","targetHints":{"allow":["GET"]}}],"collection":[{"href":"https:\/\/wp.lamolina.edu.pe\/postgrado\/pmas\/wp-json\/wp\/v2\/pages"}],"about":[{"href":"https:\/\/wp.lamolina.edu.pe\/postgrado\/pmas\/wp-json\/wp\/v2\/types\/page"}],"author":[{"embeddable":true,"href":"https:\/\/wp.lamolina.edu.pe\/postgrado\/pmas\/wp-json\/wp\/v2\/users\/1"}],"replies":[{"embeddable":true,"href":"https:\/\/wp.lamolina.edu.pe\/postgrado\/pmas\/wp-json\/wp\/v2\/comments?post=52"}],"version-history":[{"count":6,"href":"https:\/\/wp.lamolina.edu.pe\/postgrado\/pmas\/wp-json\/wp\/v2\/pages\/52\/revisions"}],"predecessor-version":[{"id":2560,"href":"https:\/\/wp.lamolina.edu.pe\/postgrado\/pmas\/wp-json\/wp\/v2\/pages\/52\/revisions\/2560"}],"wp:attachment":[{"href":"https:\/\/wp.lamolina.edu.pe\/postgrado\/pmas\/wp-json\/wp\/v2\/media?parent=52"}],"curies":[{"name":"wp","href":"https:\/\/api.w.org\/{rel}","templated":true}]}}