{"id":274,"date":"2020-11-01T21:16:49","date_gmt":"2020-11-01T21:16:49","guid":{"rendered":"http:\/\/web.lamolina.edu.pe\/unidad_posgradofep\/doctorado_economia\/?page_id=274"},"modified":"2025-11-18T04:31:27","modified_gmt":"2025-11-18T04:31:27","slug":"doctorado-en-economia-de-los-recursos-naturales-y-desarrollo-sustentable-quienes-somos","status":"publish","type":"page","link":"https:\/\/wp.lamolina.edu.pe\/unidad_posgradofep\/doctorado_economia\/doctorado-en-economia-de-los-recursos-naturales-y-desarrollo-sustentable-quienes-somos\/","title":{"rendered":"Doctorado en Econom\u00eda de los recursos Naturales y Desarrollo Sustentable | Quienes Somos"},"content":{"rendered":"<p>[et_pb_section fb_built=\u00bb1&#8243; disabled_on=\u00bboff|off|off\u00bb module_id=\u00bbmision\u00bb _builder_version=\u00bb4.6.5&#8243; _module_preset=\u00bbdefault\u00bb custom_padding=\u00bb0px||66px|||\u00bb][et_pb_row _builder_version=\u00bb4.6.5&#8243; _module_preset=\u00bbdefault\u00bb width=\u00bb91%\u00bb max_width=\u00bb100%\u00bb][et_pb_column type=\u00bb4_4&#8243; _builder_version=\u00bb4.6.5&#8243; _module_preset=\u00bbdefault\u00bb][et_pb_text _builder_version=\u00bb4.6.5&#8243; _module_preset=\u00bbdefault\u00bb text_font=\u00bb|600|||||||\u00bb text_text_color=\u00bb#0C5E37&#8243; text_font_size=\u00bb30px\u00bb text_orientation=\u00bbcenter\u00bb custom_margin=\u00bb||11px|||\u00bb]<\/p>\n<p>MISI\u00d3N<\/p>\n<p>[\/et_pb_text][et_pb_image src=\u00bbhttps:\/\/wp.lamolina.edu.pe\/unidad_posgradofep\/doctorado_economia\/wp-content\/uploads\/2020\/10\/pie-seccion.png\u00bb title_text=\u00bbpie-seccion\u00bb _builder_version=\u00bb4.6.5&#8243; _module_preset=\u00bbdefault\u00bb width=\u00bb11%\u00bb max_width=\u00bb100%\u00bb module_alignment=\u00bbcenter\u00bb locked=\u00bboff\u00bb][\/et_pb_image][\/et_pb_column][\/et_pb_row][et_pb_row _builder_version=\u00bb4.6.5&#8243; _module_preset=\u00bbdefault\u00bb width=\u00bb91%\u00bb max_width=\u00bb100%\u00bb custom_margin=\u00bb|auto|-21px|auto||\u00bb custom_padding=\u00bb|44px||44px|false|true\u00bb][et_pb_column type=\u00bb4_4&#8243; _builder_version=\u00bb4.6.5&#8243; _module_preset=\u00bbdefault\u00bb][et_pb_text _builder_version=\u00bb4.7.2&#8243; _module_preset=\u00bbdefault\u00bb text_font=\u00bbRaleway||||||||\u00bb text_font_size=\u00bb16px\u00bb]<\/p>\n<p style=\"text-align: justify;\"><em>\u201cFormar investigadores del m\u00e1s alto nivel en Econom\u00eda de los Recursos Naturales y el Desarrollo Sustentable, mediante la formaci\u00f3n de capacidades para la investigaci\u00f3n, docencia y gesti\u00f3n, promoviendo la ense\u00f1anza de calidad que permita mantener el compromiso con la ciencia, la tecnolog\u00eda, y el ambiente, innovando mercados, procesos, y productos; facilitando la soluci\u00f3n de los problemas del entorno social y productivo y ampliando las oportunidades de investigaci\u00f3n y aprendizaje\u201d.<\/em><\/p>\n<p>[\/et_pb_text][\/et_pb_column][\/et_pb_row][\/et_pb_section][et_pb_section fb_built=\u00bb1&#8243; disabled_on=\u00bboff|off|off\u00bb module_id=\u00bbvision\u00bb _builder_version=\u00bb4.6.5&#8243; _module_preset=\u00bbdefault\u00bb custom_padding=\u00bb0px||66px|||\u00bb][et_pb_row _builder_version=\u00bb4.6.5&#8243; _module_preset=\u00bbdefault\u00bb width=\u00bb91%\u00bb max_width=\u00bb100%\u00bb][et_pb_column type=\u00bb4_4&#8243; _builder_version=\u00bb4.6.5&#8243; _module_preset=\u00bbdefault\u00bb][et_pb_text _builder_version=\u00bb4.6.5&#8243; _module_preset=\u00bbdefault\u00bb text_font=\u00bb|600|||||||\u00bb text_text_color=\u00bb#0C5E37&#8243; text_font_size=\u00bb30px\u00bb text_orientation=\u00bbcenter\u00bb custom_margin=\u00bb||11px|||\u00bb]<\/p>\n<p>VISI\u00d3N<\/p>\n<p>[\/et_pb_text][et_pb_image src=\u00bbhttps:\/\/wp.lamolina.edu.pe\/unidad_posgradofep\/doctorado_economia\/wp-content\/uploads\/2020\/10\/pie-seccion.png\u00bb title_text=\u00bbpie-seccion\u00bb _builder_version=\u00bb4.6.5&#8243; _module_preset=\u00bbdefault\u00bb width=\u00bb11%\u00bb max_width=\u00bb100%\u00bb module_alignment=\u00bbcenter\u00bb locked=\u00bboff\u00bb][\/et_pb_image][\/et_pb_column][\/et_pb_row][et_pb_row _builder_version=\u00bb4.6.5&#8243; _module_preset=\u00bbdefault\u00bb width=\u00bb91%\u00bb max_width=\u00bb100%\u00bb custom_margin=\u00bb|auto|-21px|auto||\u00bb custom_padding=\u00bb|44px||44px|false|true\u00bb][et_pb_column type=\u00bb4_4&#8243; _builder_version=\u00bb4.6.5&#8243; _module_preset=\u00bbdefault\u00bb][et_pb_text _builder_version=\u00bb4.7.2&#8243; _module_preset=\u00bbdefault\u00bb text_font=\u00bbRaleway||||||||\u00bb text_font_size=\u00bb16px\u00bb]<\/p>\n<p style=\"text-align: justify;\"><em>\u201cSer un programa doctoral en el \u00e1rea de econom\u00eda vinculado al manejo de los recursos naturales, el desarrollo sustentable y del medio ambiente, de referencia internacional, tanto por la calidad de la investigaci\u00f3n y la docencia, como por la excelente competencia de sus graduados\u00bb.<\/em><\/p>\n<p>[\/et_pb_text][\/et_pb_column][\/et_pb_row][\/et_pb_section][et_pb_section fb_built=\u00bb1&#8243; disabled_on=\u00bboff|off|off\u00bb module_id=\u00bbpolitica\u00bb _builder_version=\u00bb4.6.5&#8243; _module_preset=\u00bbdefault\u00bb custom_padding=\u00bb0px||66px|||\u00bb][et_pb_row _builder_version=\u00bb4.6.5&#8243; _module_preset=\u00bbdefault\u00bb width=\u00bb91%\u00bb max_width=\u00bb100%\u00bb][et_pb_column type=\u00bb4_4&#8243; _builder_version=\u00bb4.6.5&#8243; _module_preset=\u00bbdefault\u00bb][et_pb_text _builder_version=\u00bb4.6.5&#8243; _module_preset=\u00bbdefault\u00bb text_font=\u00bb|600|||||||\u00bb text_text_color=\u00bb#0C5E37&#8243; text_font_size=\u00bb30px\u00bb text_orientation=\u00bbcenter\u00bb custom_margin=\u00bb||11px|||\u00bb]<\/p>\n<p>POLITICA DE CALIDAD<\/p>\n<p>[\/et_pb_text][et_pb_image src=\u00bbhttps:\/\/wp.lamolina.edu.pe\/unidad_posgradofep\/doctorado_economia\/wp-content\/uploads\/2020\/10\/pie-seccion.png\u00bb title_text=\u00bbpie-seccion\u00bb _builder_version=\u00bb4.6.5&#8243; _module_preset=\u00bbdefault\u00bb width=\u00bb11%\u00bb max_width=\u00bb100%\u00bb module_alignment=\u00bbcenter\u00bb locked=\u00bboff\u00bb][\/et_pb_image][\/et_pb_column][\/et_pb_row][et_pb_row _builder_version=\u00bb4.6.5&#8243; _module_preset=\u00bbdefault\u00bb width=\u00bb91%\u00bb max_width=\u00bb100%\u00bb custom_margin=\u00bb|auto|-21px|auto||\u00bb custom_padding=\u00bb|44px||44px|false|true\u00bb][et_pb_column type=\u00bb4_4&#8243; _builder_version=\u00bb4.6.5&#8243; _module_preset=\u00bbdefault\u00bb][et_pb_text _builder_version=\u00bb4.7.2&#8243; _module_preset=\u00bbdefault\u00bb text_font=\u00bbRaleway||||||||\u00bb text_font_size=\u00bb16px\u00bb]<\/p>\n<p style=\"text-align: justify;\"><em>\u00abEl Programa de Doctorado en Econom\u00eda de los Recursos Naturales y el Desarrollo Sustentable de la Escuela de Posgrado de la Universidad Nacional Agraria La Molina, con el af\u00e1n de satisfacer requerimientos de los doctorandos y los grupos de inter\u00e9s, ha implantado un sistema de gesti\u00f3n de la calidad en sus actividades de ense\u00f1anza e investigaci\u00f3n al servicio del usuario y las demandas de la sociedad en el campo del conocimiento.\u00bb<\/em><\/p>\n<p>[\/et_pb_text][\/et_pb_column][\/et_pb_row][\/et_pb_section][et_pb_section fb_built=\u00bb1&#8243; disabled_on=\u00bboff|off|off\u00bb module_id=\u00bbcomite\u00bb _builder_version=\u00bb4.6.5&#8243; _module_preset=\u00bbdefault\u00bb custom_padding=\u00bb0px||66px|||\u00bb][et_pb_row _builder_version=\u00bb4.6.5&#8243; _module_preset=\u00bbdefault\u00bb width=\u00bb91%\u00bb max_width=\u00bb100%\u00bb][et_pb_column type=\u00bb4_4&#8243; _builder_version=\u00bb4.6.5&#8243; _module_preset=\u00bbdefault\u00bb][et_pb_text _builder_version=\u00bb4.6.5&#8243; _module_preset=\u00bbdefault\u00bb text_font=\u00bb|600|||||||\u00bb text_text_color=\u00bb#0C5E37&#8243; text_font_size=\u00bb30px\u00bb text_orientation=\u00bbcenter\u00bb custom_margin=\u00bb||11px|||\u00bb]<\/p>\n<p>COMIT\u00c9 ACAD\u00c9MICO<\/p>\n<p>[\/et_pb_text][et_pb_image src=\u00bbhttps:\/\/wp.lamolina.edu.pe\/unidad_posgradofep\/doctorado_economia\/wp-content\/uploads\/2020\/10\/pie-seccion.png\u00bb title_text=\u00bbpie-seccion\u00bb _builder_version=\u00bb4.6.5&#8243; _module_preset=\u00bbdefault\u00bb width=\u00bb11%\u00bb max_width=\u00bb100%\u00bb module_alignment=\u00bbcenter\u00bb locked=\u00bboff\u00bb][\/et_pb_image][\/et_pb_column][\/et_pb_row][et_pb_row _builder_version=\u00bb4.6.5&#8243; _module_preset=\u00bbdefault\u00bb width=\u00bb91%\u00bb max_width=\u00bb100%\u00bb custom_margin=\u00bb|auto|-21px|auto||\u00bb custom_padding=\u00bb|44px||44px|false|true\u00bb][et_pb_column type=\u00bb4_4&#8243; _builder_version=\u00bb4.6.5&#8243; _module_preset=\u00bbdefault\u00bb][et_pb_text _builder_version=\u00bb4.7.2&#8243; _module_preset=\u00bbdefault\u00bb text_font=\u00bbRaleway||||||||\u00bb text_font_size=\u00bb16px\u00bb]<\/p>\n<p style=\"text-align: justify;\">El Comit\u00e9 Acad\u00e9mico del programa doctoral est\u00e1 conformado por los siguientes doctores:<\/p>\n<p>[\/et_pb_text][\/et_pb_column][\/et_pb_row][et_pb_row column_structure=\u00bb1_5,1_5,1_5,1_5,1_5&#8243; use_custom_gutter=\u00bbon\u00bb gutter_width=\u00bb2&#8243; _builder_version=\u00bb4.6.5&#8243; _module_preset=\u00bbdefault\u00bb width=\u00bb91%\u00bb max_width=\u00bb100%\u00bb custom_margin=\u00bb|auto|-21px|auto||\u00bb custom_padding=\u00bb|44px||44px|false|true\u00bb][et_pb_column type=\u00bb1_5&#8243; _builder_version=\u00bb4.6.5&#8243; _module_preset=\u00bbdefault\u00bb][\/et_pb_column][et_pb_column type=\u00bb1_5&#8243; _builder_version=\u00bb4.6.5&#8243; _module_preset=\u00bbdefault\u00bb][et_pb_blurb title=\u00bbDr. Waldemar Mercado Curi \u00bb image=\u00bbhttps:\/\/wp.lamolina.edu.pe\/unidad_posgradofep\/doctorado_economia\/wp-content\/uploads\/2020\/11\/mercado.jpg\u00bb _builder_version=\u00bb4.7.2&#8243; _module_preset=\u00bbdefault\u00bb header_font=\u00bbRaleway|600|||||||\u00bb header_text_color=\u00bb#000000&#8243; body_font=\u00bbRaleway||||||||\u00bb body_text_align=\u00bbcenter\u00bb body_font_size=\u00bb13px\u00bb text_orientation=\u00bbcenter\u00bb hover_enabled=\u00bb0&#8243; title_text=\u00bbmercado\u00bb sticky_enabled=\u00bb0&#8243;]<\/p>\n<p><b>Coordinador del PDERN y DS.<\/b><\/p>\n<p>[\/et_pb_blurb][\/et_pb_column][et_pb_column type=\u00bb1_5&#8243; _builder_version=\u00bb4.6.5&#8243; _module_preset=\u00bbdefault\u00bb][et_pb_blurb title=\u00bbDr. Luis Jim\u00e9nez D.\u00bb image=\u00bbhttps:\/\/wp.lamolina.edu.pe\/unidad_posgradofep\/doctorado_economia\/wp-content\/uploads\/2020\/11\/jimenez.jpg\u00bb _builder_version=\u00bb4.6.5&#8243; _module_preset=\u00bbdefault\u00bb header_font=\u00bbRaleway|600|||||||\u00bb header_text_color=\u00bb#000000&#8243; body_font=\u00bbRaleway||||||||\u00bb body_text_align=\u00bbcenter\u00bb body_font_size=\u00bb13px\u00bb text_orientation=\u00bbcenter\u00bb]<\/p>\n<p>Miembro del Comit\u00e9 del PDERN y DS<\/p>\n<p>[\/et_pb_blurb][\/et_pb_column][et_pb_column type=\u00bb1_5&#8243; _builder_version=\u00bb4.6.5&#8243; _module_preset=\u00bbdefault\u00bb][et_pb_blurb title=\u00bbDr. Carlos Orihuela R.\u00bb image=\u00bbhttps:\/\/wp.lamolina.edu.pe\/unidad_posgradofep\/doctorado_economia\/wp-content\/uploads\/2020\/11\/orihuela.jpg\u00bb _builder_version=\u00bb4.6.5&#8243; _module_preset=\u00bbdefault\u00bb header_font=\u00bbRaleway|600|||||||\u00bb header_text_color=\u00bb#000000&#8243; body_font=\u00bbRaleway||||||||\u00bb body_text_align=\u00bbcenter\u00bb body_font_size=\u00bb13px\u00bb text_orientation=\u00bbcenter\u00bb]<\/p>\n<p>Miembro del Comit\u00e9 del PDERN y DS<\/p>\n<p>[\/et_pb_blurb][\/et_pb_column][et_pb_column type=\u00bb1_5&#8243; _builder_version=\u00bb4.6.5&#8243; _module_preset=\u00bbdefault\u00bb][\/et_pb_column][\/et_pb_row][\/et_pb_section][et_pb_section fb_built=\u00bb1&#8243; disabled_on=\u00bboff|off|off\u00bb module_id=\u00bbhistoria\u00bb _builder_version=\u00bb4.6.5&#8243; _module_preset=\u00bbdefault\u00bb custom_padding=\u00bb0px||66px|||\u00bb locked=\u00bboff\u00bb][et_pb_row _builder_version=\u00bb4.6.5&#8243; _module_preset=\u00bbdefault\u00bb width=\u00bb91%\u00bb max_width=\u00bb100%\u00bb][et_pb_column type=\u00bb4_4&#8243; _builder_version=\u00bb4.6.5&#8243; _module_preset=\u00bbdefault\u00bb][et_pb_text _builder_version=\u00bb4.7.2&#8243; _module_preset=\u00bbdefault\u00bb text_font=\u00bb|600|||||||\u00bb text_text_color=\u00bb#0C5E37&#8243; text_font_size=\u00bb30px\u00bb text_orientation=\u00bbcenter\u00bb custom_margin=\u00bb||11px|||\u00bb link_option_url_new_window=\u00bbon\u00bb]<\/p>\n<p>HISTORIA<\/p>\n<p>[\/et_pb_text][et_pb_image src=\u00bbhttps:\/\/wp.lamolina.edu.pe\/unidad_posgradofep\/doctorado_economia\/wp-content\/uploads\/2020\/10\/pie-seccion.png\u00bb title_text=\u00bbpie-seccion\u00bb _builder_version=\u00bb4.6.5&#8243; _module_preset=\u00bbdefault\u00bb width=\u00bb11%\u00bb max_width=\u00bb100%\u00bb module_alignment=\u00bbcenter\u00bb locked=\u00bboff\u00bb][\/et_pb_image][\/et_pb_column][\/et_pb_row][et_pb_row _builder_version=\u00bb4.6.5&#8243; _module_preset=\u00bbdefault\u00bb width=\u00bb91%\u00bb max_width=\u00bb100%\u00bb custom_margin=\u00bb|auto|-21px|auto||\u00bb custom_padding=\u00bb|44px||44px|false|true\u00bb][et_pb_column type=\u00bb4_4&#8243; _builder_version=\u00bb4.6.5&#8243; _module_preset=\u00bbdefault\u00bb][et_pb_text _builder_version=\u00bb4.6.5&#8243; _module_preset=\u00bbdefault\u00bb text_font=\u00bbRaleway||||||||\u00bb text_font_size=\u00bb16px\u00bb]<\/p>\n<p style=\"text-align: justify;\">El Programa de Doctorado en Econom\u00eda de los Recursos Naturales y el Desarrollo Sustentable (PDERN y DS) inici\u00f3 actividades el 2005 con la firma del Convenio entre la Universidad Nacional Agraria La Molina (UNALM) de Per\u00fa y la Universidad Nacional Aut\u00f3noma de M\u00e9xico (UNAM), que tuvo como prop\u00f3sito la UNALM (Per\u00fa), el programa del doctorado.<\/p>\n<p style=\"text-align: justify;\">En primera promoci\u00f3n se tuvo financiamiento de la REDCAPA y Cooperaci\u00f3n Holandesa y se otorga el grado por la UNAM-M\u00e9xico. En el a\u00f1o 2009, 2011 y 2013, ingresan la segunda, tercera y cuarta promoci\u00f3n, respectivamente. En este \u00faltimo a\u00f1o (2013) se permite la doble graduaci\u00f3n por la UNAM (M\u00e9xico) y la UNALM (Per\u00fa), cumpliendo los requisitos se\u00f1alados por cada instituci\u00f3n.<\/p>\n<p style=\"text-align: justify;\">El programa de Estudios del PDERN y DS consideraba hasta el 2014 52 cr\u00e9ditos (30 de investigaci\u00f3n y 22 de asignaturas); en el 2015 el Plan de Estudios en su adecuaci\u00f3n a la Ley Universitaria No. 30220 (2014), a lo exigido por la Acreditaci\u00f3n, la quinta promoci\u00f3n tiene una malla curricular de 64 cr\u00e9ditos, 30 cr\u00e9ditos de asignaturas y 36 cr\u00e9ditos por investigaci\u00f3n. Ese a\u00f1o se logra la acreditaci\u00f3n bajo el modelo CONEAU (resoluci\u00f3n N\u00b0 095-2015-COSUSINEACE\/CDAH-P), se firma convenio con la Universidad Estadual de Campinas (UNICAMP) de Brasil, y Convenio de Subvenci\u00f3n N\u00b0200-2015 FONDECYT para otorgar becas integrales en dos promociones (con admisi\u00f3n el 2016 y 2018). <\/p>\n<p style=\"text-align: justify;\">Al 2025 existen ocho promociones de ingresantes. Las cuatro primeras fueron convocadas en el convenio con la UNAM de M\u00e9xico, la primera promoci\u00f3n ingres\u00f3 el 2005; la segunda el 2009, la tercera el 2011, la cuarta promoci\u00f3n el 2013. En esta \u00faltima promoci\u00f3n, la Resoluci\u00f3n N\u00b00030-2013-CU-UNALM aprueba la emisi\u00f3n de grado de Doctor tambi\u00e9n por la UNALM-Per\u00fa.<\/p>\n<p style=\"text-align: justify;\">El grado Doctoris Philosophiae (Ph.D.), se emite solo por la UNALM a partir de la quinta promoci\u00f3n que ingres\u00f3 el 2016, la sexta promoci\u00f3n inici\u00f3 el 2018, la s\u00e9ptima promoci\u00f3n el 2021 y la\u00a0octava\u00a0el\u00a02024.<\/p>\n<p>[\/et_pb_text][\/et_pb_column][\/et_pb_row][\/et_pb_section]<\/p>\n","protected":false},"excerpt":{"rendered":"<p>[et_pb_section fb_built=\u00bb1&#8243; disabled_on=\u00bboff|off|off\u00bb module_id=\u00bbmision\u00bb _builder_version=\u00bb4.6.5&#8243; _module_preset=\u00bbdefault\u00bb custom_padding=\u00bb0px||66px|||\u00bb][et_pb_row _builder_version=\u00bb4.6.5&#8243; _module_preset=\u00bbdefault\u00bb width=\u00bb91%\u00bb max_width=\u00bb100%\u00bb][et_pb_column type=\u00bb4_4&#8243; _builder_version=\u00bb4.6.5&#8243; _module_preset=\u00bbdefault\u00bb][et_pb_text _builder_version=\u00bb4.6.5&#8243; _module_preset=\u00bbdefault\u00bb text_font=\u00bb|600|||||||\u00bb text_text_color=\u00bb#0C5E37&#8243; text_font_size=\u00bb30px\u00bb text_orientation=\u00bbcenter\u00bb custom_margin=\u00bb||11px|||\u00bb] MISI\u00d3N [\/et_pb_text][et_pb_image src=\u00bbhttps:\/\/wp.lamolina.edu.pe\/unidad_posgradofep\/doctorado_economia\/wp-content\/uploads\/2020\/10\/pie-seccion.png\u00bb title_text=\u00bbpie-seccion\u00bb _builder_version=\u00bb4.6.5&#8243; _module_preset=\u00bbdefault\u00bb width=\u00bb11%\u00bb max_width=\u00bb100%\u00bb module_alignment=\u00bbcenter\u00bb locked=\u00bboff\u00bb][\/et_pb_image][\/et_pb_column][\/et_pb_row][et_pb_row _builder_version=\u00bb4.6.5&#8243; _module_preset=\u00bbdefault\u00bb width=\u00bb91%\u00bb max_width=\u00bb100%\u00bb custom_margin=\u00bb|auto|-21px|auto||\u00bb custom_padding=\u00bb|44px||44px|false|true\u00bb][et_pb_column type=\u00bb4_4&#8243; _builder_version=\u00bb4.6.5&#8243; _module_preset=\u00bbdefault\u00bb][et_pb_text _builder_version=\u00bb4.7.2&#8243; _module_preset=\u00bbdefault\u00bb text_font=\u00bbRaleway||||||||\u00bb text_font_size=\u00bb16px\u00bb] \u201cFormar investigadores del m\u00e1s alto nivel en Econom\u00eda de los Recursos [&hellip;]<\/p>\n","protected":false},"author":1,"featured_media":0,"parent":0,"menu_order":0,"comment_status":"closed","ping_status":"closed","template":"","meta":{"_et_pb_use_builder":"on","_et_pb_old_content":"<!-- wp:divi\/placeholder \/-->","_et_gb_content_width":"","footnotes":""},"class_list":["post-274","page","type-page","status-publish","hentry"],"_links":{"self":[{"href":"https:\/\/wp.lamolina.edu.pe\/unidad_posgradofep\/doctorado_economia\/wp-json\/wp\/v2\/pages\/274","targetHints":{"allow":["GET"]}}],"collection":[{"href":"https:\/\/wp.lamolina.edu.pe\/unidad_posgradofep\/doctorado_economia\/wp-json\/wp\/v2\/pages"}],"about":[{"href":"https:\/\/wp.lamolina.edu.pe\/unidad_posgradofep\/doctorado_economia\/wp-json\/wp\/v2\/types\/page"}],"author":[{"embeddable":true,"href":"https:\/\/wp.lamolina.edu.pe\/unidad_posgradofep\/doctorado_economia\/wp-json\/wp\/v2\/users\/1"}],"replies":[{"embeddable":true,"href":"https:\/\/wp.lamolina.edu.pe\/unidad_posgradofep\/doctorado_economia\/wp-json\/wp\/v2\/comments?post=274"}],"version-history":[{"count":20,"href":"https:\/\/wp.lamolina.edu.pe\/unidad_posgradofep\/doctorado_economia\/wp-json\/wp\/v2\/pages\/274\/revisions"}],"predecessor-version":[{"id":1965,"href":"https:\/\/wp.lamolina.edu.pe\/unidad_posgradofep\/doctorado_economia\/wp-json\/wp\/v2\/pages\/274\/revisions\/1965"}],"wp:attachment":[{"href":"https:\/\/wp.lamolina.edu.pe\/unidad_posgradofep\/doctorado_economia\/wp-json\/wp\/v2\/media?parent=274"}],"curies":[{"name":"wp","href":"https:\/\/api.w.org\/{rel}","templated":true}]}}