{"id":294,"date":"2020-11-01T22:02:31","date_gmt":"2020-11-01T22:02:31","guid":{"rendered":"http:\/\/web.lamolina.edu.pe\/unidad_posgradofep\/doctorado_economia\/?page_id=294"},"modified":"2025-11-18T03:59:23","modified_gmt":"2025-11-18T03:59:23","slug":"doctorado-en-economia-de-los-recursos-naturales-y-desarrollo-sustentable-perfil-de-ingreso","status":"publish","type":"page","link":"https:\/\/wp.lamolina.edu.pe\/unidad_posgradofep\/doctorado_economia\/doctorado-en-economia-de-los-recursos-naturales-y-desarrollo-sustentable-perfil-de-ingreso\/","title":{"rendered":"Doctorado en Econom\u00eda de los recursos Naturales y Desarrollo Sustentable | Perfil de Ingreso"},"content":{"rendered":"<p>[et_pb_section fb_built=\u00bb1&#8243; disabled_on=\u00bboff|off|off\u00bb module_id=\u00bbmision\u00bb _builder_version=\u00bb4.6.5&#8243; _module_preset=\u00bbdefault\u00bb custom_padding=\u00bb0px||66px|||\u00bb][et_pb_row _builder_version=\u00bb4.6.5&#8243; _module_preset=\u00bbdefault\u00bb width=\u00bb91%\u00bb max_width=\u00bb100%\u00bb][et_pb_column type=\u00bb4_4&#8243; _builder_version=\u00bb4.6.5&#8243; _module_preset=\u00bbdefault\u00bb][et_pb_text _builder_version=\u00bb4.6.5&#8243; _module_preset=\u00bbdefault\u00bb text_font=\u00bb|600|||||||\u00bb text_text_color=\u00bb#0C5E37&#8243; text_font_size=\u00bb30px\u00bb text_orientation=\u00bbcenter\u00bb custom_margin=\u00bb||11px|||\u00bb]<\/p>\n<p>PERFIL DE INGRESO<\/p>\n<p>[\/et_pb_text][et_pb_image src=\u00bbhttps:\/\/wp.lamolina.edu.pe\/unidad_posgradofep\/doctorado_economia\/wp-content\/uploads\/2020\/10\/pie-seccion.png\u00bb title_text=\u00bbpie-seccion\u00bb _builder_version=\u00bb4.6.5&#8243; _module_preset=\u00bbdefault\u00bb width=\u00bb11%\u00bb max_width=\u00bb100%\u00bb module_alignment=\u00bbcenter\u00bb locked=\u00bboff\u00bb][\/et_pb_image][\/et_pb_column][\/et_pb_row][et_pb_row column_structure=\u00bb1_2,1_2&#8243; _builder_version=\u00bb4.6.5&#8243; _module_preset=\u00bbdefault\u00bb width=\u00bb91%\u00bb max_width=\u00bb100%\u00bb custom_margin=\u00bb|auto|-21px|auto||\u00bb custom_padding=\u00bb|44px||44px|false|true\u00bb][et_pb_column type=\u00bb1_2&#8243; _builder_version=\u00bb4.6.5&#8243; _module_preset=\u00bbdefault\u00bb][et_pb_text _builder_version=\u00bb4.7.2&#8243; _module_preset=\u00bbdefault\u00bb text_font=\u00bbRaleway||||||||\u00bb text_font_size=\u00bb16px\u00bb]<\/p>\n<p style=\"text-align: justify;\">Profesional interesado en el desarrollo del conocimiento y la formaci\u00f3n de capacidades para la investigaci\u00f3n aplicada. Tiene actitud positiva hacia la integraci\u00f3n de la tem\u00e1tica econ\u00f3mica-ambiental, y en fortalecer metodolog\u00edas e instrumentos econ\u00f3micos que puedan contribuir al desarrollo sustentable. Posee aptitudes para el trabajo en equipo, la investigaci\u00f3n planificada, y responsabilidad para cumplir tareas acad\u00e9micas (*).<\/p>\n<p>[\/et_pb_text][et_pb_image src=\u00bbhttps:\/\/wp.lamolina.edu.pe\/unidad_posgradofep\/doctorado_economia\/wp-content\/uploads\/2020\/11\/perfil-ingreso3.jpg\u00bb title_text=\u00bbperfil-ingreso3&#8243; _builder_version=\u00bb4.6.5&#8243; _module_preset=\u00bbdefault\u00bb border_width_all=\u00bb2px\u00bb border_color_all=\u00bb#0d6d1e\u00bb box_shadow_style=\u00bbpreset1&#8243;][\/et_pb_image][et_pb_text _builder_version=\u00bb4.7.2&#8243; _module_preset=\u00bbdefault\u00bb text_font=\u00bbRaleway||||||||\u00bb text_font_size=\u00bb13px\u00bb]<\/p>\n<p>(*) Evaluables con documentos para la admisi\u00f3n.<br \/> ( ) Evaluables mediante examen de habilidades o entrevista de admisi\u00f3n.<br \/> (*) Evaluable en la entrevista personal.<br \/>( ) Con certificaci\u00f3n de un Centro de Idiomas UNALM o de alguna universidad o instituci\u00f3n reconocida en el pa\u00eds\u00a0postulante.<\/p>\n<p>[\/et_pb_text][\/et_pb_column][et_pb_column type=\u00bb1_2&#8243; _builder_version=\u00bb4.6.5&#8243; _module_preset=\u00bbdefault\u00bb][et_pb_image src=\u00bbhttps:\/\/wp.lamolina.edu.pe\/unidad_posgradofep\/doctorado_economia\/wp-content\/uploads\/2020\/11\/perfil-ingreso.jpg\u00bb title_text=\u00bbperfil-ingreso\u00bb _builder_version=\u00bb4.6.5&#8243; _module_preset=\u00bbdefault\u00bb border_width_all=\u00bb2px\u00bb border_color_all=\u00bb#0d6d1e\u00bb box_shadow_style=\u00bbpreset1&#8243;][\/et_pb_image][et_pb_text _builder_version=\u00bb4.7.2&#8243; _module_preset=\u00bbdefault\u00bb text_font=\u00bbRaleway||||||||\u00bb text_font_size=\u00bb16px\u00bb]<\/p>\n<ul>\n<li style=\"text-align: justify;\">Posee el grado de Magister Science o equivalente\u00a0 (*).<\/li>\n<li style=\"text-align: justify;\">Proviene de la rama de la econom\u00eda y ciencias sociales, las ciencias e ingenier\u00edas agrarias o ambientales, siempre que acredite haber realizado estudios\u00a0 formales en econom\u00eda, en pregrado o en posgrado (*).<\/li>\n<li style=\"text-align: justify;\">Cuenta con alguna experiencia en actividades de investigaci\u00f3n. (*)<\/li>\n<li style=\"text-align: justify;\">Tiene una propuesta de investigaci\u00f3n de tesis doctoral relacionada a alguna de las l\u00edneas de investigaci\u00f3n del programa. (*)<\/li>\n<li style=\"text-align: justify;\">Posee habilidad en conceptos de razonamiento matem\u00e1tico y verbal. ( )<\/li>\n<li style=\"text-align: justify;\">Maneja herramientas de informaci\u00f3n y comunicaci\u00f3n para optimizar sus actividades acad\u00e9micas y de investigaci\u00f3n. (*)<\/li>\n<li style=\"text-align: justify;\">Posee capacidad de lectura en el idioma ingl\u00e9s (nivel intermedio). ( )<\/li>\n<li style=\"text-align: justify;\">Profesional interesado en la formaci\u00f3n de capacidades para la investigaci\u00f3n y desarrollo del conocimiento.<\/li>\n<\/ul>\n<p>[\/et_pb_text][\/et_pb_column][\/et_pb_row][\/et_pb_section]<\/p>\n","protected":false},"excerpt":{"rendered":"<p>[et_pb_section fb_built=\u00bb1&#8243; disabled_on=\u00bboff|off|off\u00bb module_id=\u00bbmision\u00bb _builder_version=\u00bb4.6.5&#8243; _module_preset=\u00bbdefault\u00bb custom_padding=\u00bb0px||66px|||\u00bb][et_pb_row _builder_version=\u00bb4.6.5&#8243; _module_preset=\u00bbdefault\u00bb width=\u00bb91%\u00bb max_width=\u00bb100%\u00bb][et_pb_column type=\u00bb4_4&#8243; _builder_version=\u00bb4.6.5&#8243; _module_preset=\u00bbdefault\u00bb][et_pb_text _builder_version=\u00bb4.6.5&#8243; _module_preset=\u00bbdefault\u00bb text_font=\u00bb|600|||||||\u00bb text_text_color=\u00bb#0C5E37&#8243; text_font_size=\u00bb30px\u00bb text_orientation=\u00bbcenter\u00bb custom_margin=\u00bb||11px|||\u00bb] PERFIL DE INGRESO [\/et_pb_text][et_pb_image src=\u00bbhttps:\/\/wp.lamolina.edu.pe\/unidad_posgradofep\/doctorado_economia\/wp-content\/uploads\/2020\/10\/pie-seccion.png\u00bb title_text=\u00bbpie-seccion\u00bb _builder_version=\u00bb4.6.5&#8243; _module_preset=\u00bbdefault\u00bb width=\u00bb11%\u00bb max_width=\u00bb100%\u00bb module_alignment=\u00bbcenter\u00bb locked=\u00bboff\u00bb][\/et_pb_image][\/et_pb_column][\/et_pb_row][et_pb_row column_structure=\u00bb1_2,1_2&#8243; _builder_version=\u00bb4.6.5&#8243; _module_preset=\u00bbdefault\u00bb width=\u00bb91%\u00bb max_width=\u00bb100%\u00bb custom_margin=\u00bb|auto|-21px|auto||\u00bb custom_padding=\u00bb|44px||44px|false|true\u00bb][et_pb_column type=\u00bb1_2&#8243; _builder_version=\u00bb4.6.5&#8243; _module_preset=\u00bbdefault\u00bb][et_pb_text _builder_version=\u00bb4.7.2&#8243; _module_preset=\u00bbdefault\u00bb text_font=\u00bbRaleway||||||||\u00bb text_font_size=\u00bb16px\u00bb] Profesional interesado en el desarrollo del conocimiento y [&hellip;]<\/p>\n","protected":false},"author":1,"featured_media":0,"parent":0,"menu_order":0,"comment_status":"closed","ping_status":"closed","template":"","meta":{"_et_pb_use_builder":"on","_et_pb_old_content":"<!-- wp:divi\/placeholder \/-->","_et_gb_content_width":"","footnotes":""},"class_list":["post-294","page","type-page","status-publish","hentry"],"_links":{"self":[{"href":"https:\/\/wp.lamolina.edu.pe\/unidad_posgradofep\/doctorado_economia\/wp-json\/wp\/v2\/pages\/294","targetHints":{"allow":["GET"]}}],"collection":[{"href":"https:\/\/wp.lamolina.edu.pe\/unidad_posgradofep\/doctorado_economia\/wp-json\/wp\/v2\/pages"}],"about":[{"href":"https:\/\/wp.lamolina.edu.pe\/unidad_posgradofep\/doctorado_economia\/wp-json\/wp\/v2\/types\/page"}],"author":[{"embeddable":true,"href":"https:\/\/wp.lamolina.edu.pe\/unidad_posgradofep\/doctorado_economia\/wp-json\/wp\/v2\/users\/1"}],"replies":[{"embeddable":true,"href":"https:\/\/wp.lamolina.edu.pe\/unidad_posgradofep\/doctorado_economia\/wp-json\/wp\/v2\/comments?post=294"}],"version-history":[{"count":8,"href":"https:\/\/wp.lamolina.edu.pe\/unidad_posgradofep\/doctorado_economia\/wp-json\/wp\/v2\/pages\/294\/revisions"}],"predecessor-version":[{"id":1953,"href":"https:\/\/wp.lamolina.edu.pe\/unidad_posgradofep\/doctorado_economia\/wp-json\/wp\/v2\/pages\/294\/revisions\/1953"}],"wp:attachment":[{"href":"https:\/\/wp.lamolina.edu.pe\/unidad_posgradofep\/doctorado_economia\/wp-json\/wp\/v2\/media?parent=294"}],"curies":[{"name":"wp","href":"https:\/\/api.w.org\/{rel}","templated":true}]}}