{"id":303,"date":"2020-11-02T01:22:20","date_gmt":"2020-11-02T01:22:20","guid":{"rendered":"http:\/\/web.lamolina.edu.pe\/unidad_posgradofep\/doctorado_economia\/?page_id=303"},"modified":"2025-11-18T04:08:51","modified_gmt":"2025-11-18T04:08:51","slug":"doctorado-en-economia-de-los-recursos-naturales-y-desarrollo-sustentable-perfil-de-egreso","status":"publish","type":"page","link":"https:\/\/wp.lamolina.edu.pe\/unidad_posgradofep\/doctorado_economia\/doctorado-en-economia-de-los-recursos-naturales-y-desarrollo-sustentable-perfil-de-egreso\/","title":{"rendered":"Doctorado en Econom\u00eda de los recursos Naturales y Desarrollo Sustentable | Perfil de Egreso"},"content":{"rendered":"<p>[et_pb_section fb_built=\u00bb1&#8243; disabled_on=\u00bboff|off|off\u00bb module_id=\u00bbmision\u00bb _builder_version=\u00bb4.6.5&#8243; _module_preset=\u00bbdefault\u00bb custom_padding=\u00bb0px||66px|||\u00bb][et_pb_row _builder_version=\u00bb4.6.5&#8243; _module_preset=\u00bbdefault\u00bb width=\u00bb91%\u00bb max_width=\u00bb100%\u00bb][et_pb_column type=\u00bb4_4&#8243; _builder_version=\u00bb4.6.5&#8243; _module_preset=\u00bbdefault\u00bb][et_pb_text _builder_version=\u00bb4.6.5&#8243; _module_preset=\u00bbdefault\u00bb text_font=\u00bb|600|||||||\u00bb text_text_color=\u00bb#0C5E37&#8243; text_font_size=\u00bb30px\u00bb text_orientation=\u00bbcenter\u00bb custom_margin=\u00bb||11px|||\u00bb]<\/p>\n<p>PERFIL DE EGRESO<\/p>\n<p>[\/et_pb_text][et_pb_image src=\u00bbhttps:\/\/wp.lamolina.edu.pe\/unidad_posgradofep\/doctorado_economia\/wp-content\/uploads\/2020\/10\/pie-seccion.png\u00bb title_text=\u00bbpie-seccion\u00bb _builder_version=\u00bb4.6.5&#8243; _module_preset=\u00bbdefault\u00bb width=\u00bb11%\u00bb max_width=\u00bb100%\u00bb module_alignment=\u00bbcenter\u00bb locked=\u00bboff\u00bb][\/et_pb_image][\/et_pb_column][\/et_pb_row][et_pb_row column_structure=\u00bb1_2,1_2&#8243; _builder_version=\u00bb4.6.5&#8243; _module_preset=\u00bbdefault\u00bb width=\u00bb91%\u00bb max_width=\u00bb100%\u00bb custom_margin=\u00bb|auto|-21px|auto||\u00bb custom_padding=\u00bb|44px||44px|false|true\u00bb][et_pb_column type=\u00bb1_2&#8243; _builder_version=\u00bb4.6.5&#8243; _module_preset=\u00bbdefault\u00bb][et_pb_text _builder_version=\u00bb4.7.2&#8243; _module_preset=\u00bbdefault\u00bb text_font=\u00bbRaleway||||||||\u00bb text_font_size=\u00bb16px\u00bb]<\/p>\n<p style=\"text-align: justify;\">El egresado es un profesional especializado en la econom\u00eda de recursos naturales, con habilidades para la investigaci\u00f3n aplicada y compromiso con el desarrollo sustentable, y tiene las siguientes competencias:\u00a0<\/p>\n<p style=\"text-align: justify;\"><strong>I.<\/strong> Elabora el proyecto de investigaci\u00f3n cient\u00edfica para abordar temas relevantes en la econom\u00eda de los recursos naturales y el desarrollo sustentable asegurando un enfoque claro y fundamentado.<\/p>\n<p style=\"text-align: justify;\"><strong>II.<\/strong> Desarrolla investigaciones relevantes, genera, adapta e innova metodolog\u00edas y herramientas para la investigaci\u00f3n cient\u00edfica y aplicada a los recursos naturales y ambientales, desde un enfoque econ\u00f3mico. Con este prop\u00f3sito: a) revisa el estado del arte, b) dise\u00f1a instrumentos de recolecci\u00f3n de datos, c) construye y valida modelos utilizando t\u00e9cnicas de an\u00e1lisis de datos y simulaci\u00f3n, considerando las l\u00edneas de investigaci\u00f3n de la universidad.<\/p>\n<p style=\"text-align: justify;\"><strong>III.<\/strong> Integra los fundamentos de la econom\u00eda con otras ciencias que se vinculan al an\u00e1lisis de la problem\u00e1tica de los recursos naturales para proponer estrategias, pol\u00edticas y soluciones, considerando las relaciones entre econom\u00eda, sociedad y ambiente, y los valores \u00e9ticos del desarrollo sustentable.<\/p>\n<p>[\/et_pb_text][et_pb_image src=\u00bbhttps:\/\/wp.lamolina.edu.pe\/unidad_posgradofep\/doctorado_economia\/wp-content\/uploads\/2020\/11\/egreso2.jpg\u00bb title_text=\u00bbegreso2&#8243; _builder_version=\u00bb4.6.5&#8243; _module_preset=\u00bbdefault\u00bb border_width_all=\u00bb2px\u00bb border_color_all=\u00bb#0d6d1e\u00bb box_shadow_style=\u00bbpreset1&#8243;][\/et_pb_image][\/et_pb_column][et_pb_column type=\u00bb1_2&#8243; _builder_version=\u00bb4.6.5&#8243; _module_preset=\u00bbdefault\u00bb][et_pb_image src=\u00bbhttps:\/\/wp.lamolina.edu.pe\/unidad_posgradofep\/doctorado_economia\/wp-content\/uploads\/2020\/11\/egreso1.jpg\u00bb title_text=\u00bbegreso1&#8243; _builder_version=\u00bb4.6.5&#8243; _module_preset=\u00bbdefault\u00bb border_width_all=\u00bb2px\u00bb border_color_all=\u00bb#0d6d1e\u00bb box_shadow_style=\u00bbpreset1&#8243; min_height=\u00bb421px\u00bb][\/et_pb_image][et_pb_text _builder_version=\u00bb4.7.2&#8243; _module_preset=\u00bbdefault\u00bb text_font=\u00bbRaleway||||||||\u00bb text_font_size=\u00bb16px\u00bb custom_padding=\u00bb36px|||||\u00bb]<\/p>\n<p style=\"text-align: justify;\"><strong>IV.<\/strong> Dise\u00f1a, propone y eval\u00faa proyectos relacionados a los recursos naturales y servicios ambientales en el sector p\u00fablico y privado, y analiza pol\u00edticas p\u00fablicas, visando en todos ellos los problemas ambientales para considerar sus implicancias econ\u00f3micas, sociales y ambientales sobre la poblaci\u00f3n involucrada.<\/p>\n<p style=\"text-align: justify;\"><strong>V.<\/strong> Comunica sus ideas, hallazgos y resultados de investigaci\u00f3n cient\u00edfica, elabora documentos de informes y avances de investigaci\u00f3n para publicaci\u00f3n o disertaci\u00f3n en eventos de investigaci\u00f3n, considerando la responsabilidad ambiental y social en la econom\u00eda de los recursos naturales y el desarrollo sustentable.<\/p>\n<p style=\"text-align: justify;\"><strong>VI.<\/strong> Contribuye con la ense\u00f1anza o interacciona con disciplinas afines en el \u00e1rea de la econom\u00eda de los recursos naturales y el desarrollo sustentable, para la formaci\u00f3n profesional o para fortalecer la investigaci\u00f3n en la educaci\u00f3n superior, garantizando una perspectiva m\u00faltiple\u00a0de\u00a0la\u00a0ciencia.<\/p>\n<p>[\/et_pb_text][\/et_pb_column][\/et_pb_row][\/et_pb_section]<\/p>\n","protected":false},"excerpt":{"rendered":"<p>[et_pb_section fb_built=\u00bb1&#8243; disabled_on=\u00bboff|off|off\u00bb module_id=\u00bbmision\u00bb _builder_version=\u00bb4.6.5&#8243; _module_preset=\u00bbdefault\u00bb custom_padding=\u00bb0px||66px|||\u00bb][et_pb_row _builder_version=\u00bb4.6.5&#8243; _module_preset=\u00bbdefault\u00bb width=\u00bb91%\u00bb max_width=\u00bb100%\u00bb][et_pb_column type=\u00bb4_4&#8243; _builder_version=\u00bb4.6.5&#8243; _module_preset=\u00bbdefault\u00bb][et_pb_text _builder_version=\u00bb4.6.5&#8243; _module_preset=\u00bbdefault\u00bb text_font=\u00bb|600|||||||\u00bb text_text_color=\u00bb#0C5E37&#8243; text_font_size=\u00bb30px\u00bb text_orientation=\u00bbcenter\u00bb custom_margin=\u00bb||11px|||\u00bb] PERFIL DE EGRESO [\/et_pb_text][et_pb_image src=\u00bbhttps:\/\/wp.lamolina.edu.pe\/unidad_posgradofep\/doctorado_economia\/wp-content\/uploads\/2020\/10\/pie-seccion.png\u00bb title_text=\u00bbpie-seccion\u00bb _builder_version=\u00bb4.6.5&#8243; _module_preset=\u00bbdefault\u00bb width=\u00bb11%\u00bb max_width=\u00bb100%\u00bb module_alignment=\u00bbcenter\u00bb locked=\u00bboff\u00bb][\/et_pb_image][\/et_pb_column][\/et_pb_row][et_pb_row column_structure=\u00bb1_2,1_2&#8243; _builder_version=\u00bb4.6.5&#8243; _module_preset=\u00bbdefault\u00bb width=\u00bb91%\u00bb max_width=\u00bb100%\u00bb custom_margin=\u00bb|auto|-21px|auto||\u00bb custom_padding=\u00bb|44px||44px|false|true\u00bb][et_pb_column type=\u00bb1_2&#8243; _builder_version=\u00bb4.6.5&#8243; _module_preset=\u00bbdefault\u00bb][et_pb_text _builder_version=\u00bb4.7.2&#8243; _module_preset=\u00bbdefault\u00bb text_font=\u00bbRaleway||||||||\u00bb text_font_size=\u00bb16px\u00bb] El egresado es un profesional especializado en la [&hellip;]<\/p>\n","protected":false},"author":1,"featured_media":0,"parent":0,"menu_order":0,"comment_status":"closed","ping_status":"closed","template":"","meta":{"_et_pb_use_builder":"on","_et_pb_old_content":"<!-- wp:divi\/placeholder \/-->","_et_gb_content_width":"","footnotes":""},"class_list":["post-303","page","type-page","status-publish","hentry"],"_links":{"self":[{"href":"https:\/\/wp.lamolina.edu.pe\/unidad_posgradofep\/doctorado_economia\/wp-json\/wp\/v2\/pages\/303","targetHints":{"allow":["GET"]}}],"collection":[{"href":"https:\/\/wp.lamolina.edu.pe\/unidad_posgradofep\/doctorado_economia\/wp-json\/wp\/v2\/pages"}],"about":[{"href":"https:\/\/wp.lamolina.edu.pe\/unidad_posgradofep\/doctorado_economia\/wp-json\/wp\/v2\/types\/page"}],"author":[{"embeddable":true,"href":"https:\/\/wp.lamolina.edu.pe\/unidad_posgradofep\/doctorado_economia\/wp-json\/wp\/v2\/users\/1"}],"replies":[{"embeddable":true,"href":"https:\/\/wp.lamolina.edu.pe\/unidad_posgradofep\/doctorado_economia\/wp-json\/wp\/v2\/comments?post=303"}],"version-history":[{"count":8,"href":"https:\/\/wp.lamolina.edu.pe\/unidad_posgradofep\/doctorado_economia\/wp-json\/wp\/v2\/pages\/303\/revisions"}],"predecessor-version":[{"id":1956,"href":"https:\/\/wp.lamolina.edu.pe\/unidad_posgradofep\/doctorado_economia\/wp-json\/wp\/v2\/pages\/303\/revisions\/1956"}],"wp:attachment":[{"href":"https:\/\/wp.lamolina.edu.pe\/unidad_posgradofep\/doctorado_economia\/wp-json\/wp\/v2\/media?parent=303"}],"curies":[{"name":"wp","href":"https:\/\/api.w.org\/{rel}","templated":true}]}}