{"id":985,"date":"2021-02-18T07:05:50","date_gmt":"2021-02-18T07:05:50","guid":{"rendered":"http:\/\/web.lamolina.edu.pe\/unidad_posgradofep\/doctorado_economia\/?page_id=985"},"modified":"2025-11-18T03:48:24","modified_gmt":"2025-11-18T03:48:24","slug":"doctorado-en-economia-de-los-recursos-naturales-y-desarrollo-sustentable-objetivos-programa","status":"publish","type":"page","link":"https:\/\/wp.lamolina.edu.pe\/unidad_posgradofep\/doctorado_economia\/doctorado-en-economia-de-los-recursos-naturales-y-desarrollo-sustentable-objetivos-programa\/","title":{"rendered":"Doctorado en Econom\u00eda de los recursos Naturales y Desarrollo Sustentable | Objetivos del Programa"},"content":{"rendered":"<p>[et_pb_section fb_built=\u00bb1&#8243; disabled_on=\u00bboff|off|off\u00bb module_id=\u00bbmision\u00bb _builder_version=\u00bb4.6.5&#8243; _module_preset=\u00bbdefault\u00bb custom_padding=\u00bb0px||66px|||\u00bb][et_pb_row _builder_version=\u00bb4.6.5&#8243; _module_preset=\u00bbdefault\u00bb width=\u00bb91%\u00bb max_width=\u00bb100%\u00bb][et_pb_column type=\u00bb4_4&#8243; _builder_version=\u00bb4.6.5&#8243; _module_preset=\u00bbdefault\u00bb][et_pb_text _builder_version=\u00bb4.7.2&#8243; _module_preset=\u00bbdefault\u00bb text_font=\u00bb|600|||||||\u00bb text_text_color=\u00bb#0C5E37&#8243; text_font_size=\u00bb30px\u00bb text_orientation=\u00bbcenter\u00bb custom_margin=\u00bb||11px|||\u00bb hover_enabled=\u00bb0&#8243; sticky_enabled=\u00bb0&#8243;]<\/p>\n<p>OBJETIVOS Y\u00a0PROPOSITOS DEL PROGRAMA<\/p>\n<p>[\/et_pb_text][et_pb_image src=\u00bbhttps:\/\/wp.lamolina.edu.pe\/unidad_posgradofep\/doctorado_economia\/wp-content\/uploads\/2020\/10\/pie-seccion.png\u00bb title_text=\u00bbpie-seccion\u00bb _builder_version=\u00bb4.6.5&#8243; _module_preset=\u00bbdefault\u00bb width=\u00bb11%\u00bb max_width=\u00bb100%\u00bb module_alignment=\u00bbcenter\u00bb locked=\u00bboff\u00bb][\/et_pb_image][\/et_pb_column][\/et_pb_row][et_pb_row column_structure=\u00bb1_2,1_2&#8243; _builder_version=\u00bb4.6.5&#8243; _module_preset=\u00bbdefault\u00bb width=\u00bb91%\u00bb max_width=\u00bb100%\u00bb custom_margin=\u00bb|auto|-21px|auto||\u00bb custom_padding=\u00bb|44px||44px|false|true\u00bb][et_pb_column type=\u00bb1_2&#8243; _builder_version=\u00bb4.6.5&#8243; _module_preset=\u00bbdefault\u00bb][et_pb_text _builder_version=\u00bb4.7.2&#8243; _module_preset=\u00bbdefault\u00bb text_font=\u00bbRaleway||||||||\u00bb text_font_size=\u00bb16px\u00bb hover_enabled=\u00bb0&#8243; sticky_enabled=\u00bb0&#8243; custom_padding=\u00bb||78px|||\u00bb]<\/p>\n<p><strong>General<\/strong><\/p>\n<p style=\"text-align: justify;\">El Programa de Doctorado en Econom\u00eda de los Recursos Naturales y el Desarrollo Sustentable tiene como objetivos acad\u00e9micos formar cient\u00edficos o investigadores con alto nivel acad\u00e9mico, dot\u00e1ndolos de conocimientos de la ciencia econ\u00f3mica aplicados al desarrollo sustentable que les permita desarrollar y profundizar sus conocimientos, capacidades y habilidades para la investigaci\u00f3n en el \u00e1rea de actuaci\u00f3n (Econom\u00eda de los Recursos Naturales y el Desarrollo Sustentable).<\/p>\n<p>[\/et_pb_text][et_pb_image src=\u00bbhttps:\/\/wp.lamolina.edu.pe\/unidad_posgradofep\/doctorado_economia\/wp-content\/uploads\/2021\/02\/2.jpg\u00bb title_text=\u00bbperfil-ingreso3&#8243; _builder_version=\u00bb4.7.2&#8243; _module_preset=\u00bbdefault\u00bb border_width_all=\u00bb2px\u00bb border_color_all=\u00bb#0d6d1e\u00bb box_shadow_style=\u00bbpreset1&#8243; custom_padding=\u00bb54px|||||\u00bb][\/et_pb_image][et_pb_text _builder_version=\u00bb4.7.2&#8243; _module_preset=\u00bbdefault\u00bb text_font=\u00bbRaleway||||||||\u00bb text_font_size=\u00bb13px\u00bb][\/et_pb_text][\/et_pb_column][et_pb_column type=\u00bb1_2&#8243; _builder_version=\u00bb4.6.5&#8243; _module_preset=\u00bbdefault\u00bb][et_pb_image src=\u00bbhttps:\/\/wp.lamolina.edu.pe\/unidad_posgradofep\/doctorado_economia\/wp-content\/uploads\/2021\/02\/3.jpg\u00bb title_text=\u00bb3&#8243; _builder_version=\u00bb4.7.2&#8243; _module_preset=\u00bbdefault\u00bb border_width_all=\u00bb2px\u00bb border_color_all=\u00bb#0d6d1e\u00bb box_shadow_style=\u00bbpreset1&#8243;][\/et_pb_image][et_pb_text _builder_version=\u00bb4.7.2&#8243; _module_preset=\u00bbdefault\u00bb text_font=\u00bbRaleway||||||||\u00bb text_font_size=\u00bb16px\u00bb hover_enabled=\u00bb0&#8243; sticky_enabled=\u00bb0&#8243;]<\/p>\n<p><strong>Espec\u00edficos<\/strong><\/p>\n<p style=\"text-align: justify;\">a) Ampliar conocimientos de la econom\u00eda ambiental y el desarrollo sustentable a fin de fortalecer teor\u00edas, metodolog\u00edas e instrumentos para la evaluaci\u00f3n y an\u00e1lisis que orienten acciones innovadoras y de cambio para la soluci\u00f3n de problemas socio-ambientales.a) Ampliar conocimientos de la econom\u00eda ambiental y el desarrollo sustentable a fin de fortalecer teor\u00edas, metodolog\u00edas e instrumentos para la evaluaci\u00f3n y an\u00e1lisis que orienten acciones innovadoras y de cambio para la soluci\u00f3n de problemas socio-ambientales.<\/p>\n<p style=\"text-align: justify;\">b) Fortalecer habilidades para el desarrollo de la investigaci\u00f3n aplicada en econom\u00eda de los recursos naturales y ambiente, econom\u00eda de la agricultura, seguridad alimentaria y crecimiento econ\u00f3mico sustentable, que sean originales y relevantes para la regi\u00f3n andina y amaz\u00f3nica.<\/p>\n<p style=\"text-align: justify;\">c) Calificar acad\u00e9micos para que contribuyan en la formaci\u00f3n profesional e investigaci\u00f3n en la educaci\u00f3n superior con enfoque del desarrollo sustentable.\u00a0 As\u00ed, el PDERN y DS tiene como prop\u00f3sito formar investigadores de alto nivel acad\u00e9mico dot\u00e1ndolos de conocimientos para profundizar conocimientos y habilidades para la investigaci\u00f3n en la econom\u00eda de los recursos naturales, siendo capaces de ampliar y potenciar los conocimientos te\u00f3ricos, metodol\u00f3gicos e instrumentales a fin de orientar acciones innovadoras para la soluci\u00f3n de problemas socio-ambientales en la regi\u00f3n andina y amaz\u00f3nica. El egresado desarrolla investigaciones, genera e innova metodolog\u00edas para la investigaci\u00f3n aplicada, analiza relaciones entre econom\u00eda, sociedad, ambiente y desarrollo sustentable, poniendo en relieve valores \u00e9ticos para el aprovechamiento y conservaci\u00f3n de los recursos naturales, adem\u00e1s comunica la investigaci\u00f3n cient\u00edfica. El programa fortalece conocimientos, habilidades y aptitudes para la educaci\u00f3n superior en el \u00e1rea del conocimiento.<\/p>\n<p>[\/et_pb_text][\/et_pb_column][\/et_pb_row][\/et_pb_section]<\/p>\n","protected":false},"excerpt":{"rendered":"<p>[et_pb_section fb_built=\u00bb1&#8243; disabled_on=\u00bboff|off|off\u00bb module_id=\u00bbmision\u00bb _builder_version=\u00bb4.6.5&#8243; _module_preset=\u00bbdefault\u00bb custom_padding=\u00bb0px||66px|||\u00bb][et_pb_row _builder_version=\u00bb4.6.5&#8243; _module_preset=\u00bbdefault\u00bb width=\u00bb91%\u00bb max_width=\u00bb100%\u00bb][et_pb_column type=\u00bb4_4&#8243; _builder_version=\u00bb4.6.5&#8243; _module_preset=\u00bbdefault\u00bb][et_pb_text _builder_version=\u00bb4.7.2&#8243; _module_preset=\u00bbdefault\u00bb text_font=\u00bb|600|||||||\u00bb text_text_color=\u00bb#0C5E37&#8243; text_font_size=\u00bb30px\u00bb text_orientation=\u00bbcenter\u00bb custom_margin=\u00bb||11px|||\u00bb hover_enabled=\u00bb0&#8243; sticky_enabled=\u00bb0&#8243;] OBJETIVOS Y\u00a0PROPOSITOS DEL PROGRAMA [\/et_pb_text][et_pb_image src=\u00bbhttps:\/\/wp.lamolina.edu.pe\/unidad_posgradofep\/doctorado_economia\/wp-content\/uploads\/2020\/10\/pie-seccion.png\u00bb title_text=\u00bbpie-seccion\u00bb _builder_version=\u00bb4.6.5&#8243; _module_preset=\u00bbdefault\u00bb width=\u00bb11%\u00bb max_width=\u00bb100%\u00bb module_alignment=\u00bbcenter\u00bb locked=\u00bboff\u00bb][\/et_pb_image][\/et_pb_column][\/et_pb_row][et_pb_row column_structure=\u00bb1_2,1_2&#8243; _builder_version=\u00bb4.6.5&#8243; _module_preset=\u00bbdefault\u00bb width=\u00bb91%\u00bb max_width=\u00bb100%\u00bb custom_margin=\u00bb|auto|-21px|auto||\u00bb custom_padding=\u00bb|44px||44px|false|true\u00bb][et_pb_column type=\u00bb1_2&#8243; _builder_version=\u00bb4.6.5&#8243; _module_preset=\u00bbdefault\u00bb][et_pb_text _builder_version=\u00bb4.7.2&#8243; _module_preset=\u00bbdefault\u00bb text_font=\u00bbRaleway||||||||\u00bb text_font_size=\u00bb16px\u00bb hover_enabled=\u00bb0&#8243; sticky_enabled=\u00bb0&#8243; custom_padding=\u00bb||78px|||\u00bb] General El [&hellip;]<\/p>\n","protected":false},"author":1,"featured_media":0,"parent":0,"menu_order":0,"comment_status":"closed","ping_status":"closed","template":"","meta":{"_et_pb_use_builder":"on","_et_pb_old_content":"<!-- wp:divi\/placeholder \/-->","_et_gb_content_width":"","footnotes":""},"class_list":["post-985","page","type-page","status-publish","hentry"],"_links":{"self":[{"href":"https:\/\/wp.lamolina.edu.pe\/unidad_posgradofep\/doctorado_economia\/wp-json\/wp\/v2\/pages\/985","targetHints":{"allow":["GET"]}}],"collection":[{"href":"https:\/\/wp.lamolina.edu.pe\/unidad_posgradofep\/doctorado_economia\/wp-json\/wp\/v2\/pages"}],"about":[{"href":"https:\/\/wp.lamolina.edu.pe\/unidad_posgradofep\/doctorado_economia\/wp-json\/wp\/v2\/types\/page"}],"author":[{"embeddable":true,"href":"https:\/\/wp.lamolina.edu.pe\/unidad_posgradofep\/doctorado_economia\/wp-json\/wp\/v2\/users\/1"}],"replies":[{"embeddable":true,"href":"https:\/\/wp.lamolina.edu.pe\/unidad_posgradofep\/doctorado_economia\/wp-json\/wp\/v2\/comments?post=985"}],"version-history":[{"count":4,"href":"https:\/\/wp.lamolina.edu.pe\/unidad_posgradofep\/doctorado_economia\/wp-json\/wp\/v2\/pages\/985\/revisions"}],"predecessor-version":[{"id":1950,"href":"https:\/\/wp.lamolina.edu.pe\/unidad_posgradofep\/doctorado_economia\/wp-json\/wp\/v2\/pages\/985\/revisions\/1950"}],"wp:attachment":[{"href":"https:\/\/wp.lamolina.edu.pe\/unidad_posgradofep\/doctorado_economia\/wp-json\/wp\/v2\/media?parent=985"}],"curies":[{"name":"wp","href":"https:\/\/api.w.org\/{rel}","templated":true}]}}