{"id":967,"date":"2025-01-28T03:11:49","date_gmt":"2025-01-28T03:11:49","guid":{"rendered":"http:\/\/web.lamolina.edu.pe\/unidad_posgradofep\/maestria_administracion\/?page_id=967"},"modified":"2026-01-12T18:27:01","modified_gmt":"2026-01-12T18:27:01","slug":"malla-curricular","status":"publish","type":"page","link":"https:\/\/wp.lamolina.edu.pe\/unidad_posgradofep\/maestria_administracion\/?page_id=967","title":{"rendered":"Malla Curricular"},"content":{"rendered":"\t\t<div data-elementor-type=\"wp-page\" data-elementor-id=\"967\" class=\"elementor elementor-967\" data-elementor-post-type=\"page\">\n\t\t\t\t\t\t<section class=\"elementor-section elementor-top-section elementor-element elementor-element-4007903 elementor-section-boxed elementor-section-height-default elementor-section-height-default\" data-id=\"4007903\" data-element_type=\"section\" data-settings=\"{&quot;background_background&quot;:&quot;gradient&quot;}\">\n\t\t\t\t\t\t<div class=\"elementor-container elementor-column-gap-default\">\n\t\t\t\t\t<div class=\"elementor-column elementor-col-100 elementor-top-column elementor-element elementor-element-649e4d5\" data-id=\"649e4d5\" data-element_type=\"column\">\n\t\t\t<div class=\"elementor-widget-wrap elementor-element-populated\">\n\t\t\t\t\t\t<div class=\"elementor-element elementor-element-a393d03 elementor-widget elementor-widget-text-editor\" data-id=\"a393d03\" data-element_type=\"widget\" data-widget_type=\"text-editor.default\">\n\t\t\t\t<div class=\"elementor-widget-container\">\n\t\t\t\t\t\t\t\t\t<p>La ense\u00f1anza en la Maestr\u00eda en Administraci\u00f3n se caracteriza por ser muy din\u00e1mica y aplicada a la realidad de nuestros d\u00edas, tanto en el ambiente externo como interno.<\/p>\n<p>Se trata de tener una \u00f3ptima combinaci\u00f3n entre la teor\u00eda y la pr\u00e1ctica, utilizando tecnolog\u00edas y metodolog\u00edas educativas modernas.<\/p>\t\t\t\t\t\t\t\t<\/div>\n\t\t\t\t<\/div>\n\t\t\t\t\t<\/div>\n\t\t<\/div>\n\t\t\t\t\t<\/div>\n\t\t<\/section>\n\t\t\t\t<section class=\"elementor-section elementor-top-section elementor-element elementor-element-834e9f9 elementor-section-boxed elementor-section-height-default elementor-section-height-default\" data-id=\"834e9f9\" data-element_type=\"section\" data-settings=\"{&quot;background_background&quot;:&quot;gradient&quot;}\">\n\t\t\t\t\t\t<div class=\"elementor-container elementor-column-gap-default\">\n\t\t\t\t\t<div class=\"elementor-column elementor-col-100 elementor-top-column elementor-element elementor-element-0a07c43\" data-id=\"0a07c43\" data-element_type=\"column\">\n\t\t\t<div class=\"elementor-widget-wrap elementor-element-populated\">\n\t\t\t\t\t\t<div class=\"elementor-element elementor-element-f7054af elementor-widget elementor-widget-heading\" data-id=\"f7054af\" data-element_type=\"widget\" data-widget_type=\"heading.default\">\n\t\t\t\t<div class=\"elementor-widget-container\">\n\t\t\t\t\t<h2 class=\"elementor-heading-title elementor-size-default\">Malla Curricular<\/h2>\t\t\t\t<\/div>\n\t\t\t\t<\/div>\n\t\t\t\t\t<\/div>\n\t\t<\/div>\n\t\t\t\t\t<\/div>\n\t\t<\/section>\n\t\t\t\t<section class=\"elementor-section elementor-top-section elementor-element elementor-element-a4307a0 elementor-section-boxed elementor-section-height-default elementor-section-height-default\" data-id=\"a4307a0\" data-element_type=\"section\">\n\t\t\t\t\t\t<div class=\"elementor-container elementor-column-gap-default\">\n\t\t\t\t\t<div class=\"elementor-column elementor-col-100 elementor-top-column elementor-element elementor-element-f808f75\" data-id=\"f808f75\" data-element_type=\"column\">\n\t\t\t<div class=\"elementor-widget-wrap elementor-element-populated\">\n\t\t\t\t\t\t<div class=\"elementor-element elementor-element-c9f0832 elementor-widget elementor-widget-image\" data-id=\"c9f0832\" data-element_type=\"widget\" data-widget_type=\"image.default\">\n\t\t\t\t<div class=\"elementor-widget-container\">\n\t\t\t\t\t\t\t\t\t\t\t\t\t\t\t<img fetchpriority=\"high\" decoding=\"async\" width=\"724\" height=\"1024\" src=\"https:\/\/wp.lamolina.edu.pe\/unidad_posgradofep\/maestria_administracion\/wp-content\/uploads\/2025\/01\/MADM-Malla-Curricular-724x1024.png\" class=\"attachment-large size-large wp-image-843\" alt=\"\" srcset=\"https:\/\/wp.lamolina.edu.pe\/unidad_posgradofep\/maestria_administracion\/wp-content\/uploads\/2025\/01\/MADM-Malla-Curricular-724x1024.png 724w, https:\/\/wp.lamolina.edu.pe\/unidad_posgradofep\/maestria_administracion\/wp-content\/uploads\/2025\/01\/MADM-Malla-Curricular-212x300.png 212w, https:\/\/wp.lamolina.edu.pe\/unidad_posgradofep\/maestria_administracion\/wp-content\/uploads\/2025\/01\/MADM-Malla-Curricular-768x1086.png 768w, https:\/\/wp.lamolina.edu.pe\/unidad_posgradofep\/maestria_administracion\/wp-content\/uploads\/2025\/01\/MADM-Malla-Curricular-980x1386.png 980w, https:\/\/wp.lamolina.edu.pe\/unidad_posgradofep\/maestria_administracion\/wp-content\/uploads\/2025\/01\/MADM-Malla-Curricular-480x679.png 480w, https:\/\/wp.lamolina.edu.pe\/unidad_posgradofep\/maestria_administracion\/wp-content\/uploads\/2025\/01\/MADM-Malla-Curricular.png 1000w\" sizes=\"(max-width: 724px) 100vw, 724px\" \/>\t\t\t\t\t\t\t\t\t\t\t\t\t\t\t<\/div>\n\t\t\t\t<\/div>\n\t\t\t\t\t<\/div>\n\t\t<\/div>\n\t\t\t\t\t<\/div>\n\t\t<\/section>\n\t\t\t\t<\/div>\n\t\t","protected":false},"excerpt":{"rendered":"<p>La ense\u00f1anza en la Maestr\u00eda en Administraci\u00f3n se caracteriza por ser muy din\u00e1mica y aplicada a la realidad de nuestros d\u00edas, tanto en el ambiente externo como interno. Se trata de tener una \u00f3ptima combinaci\u00f3n entre la teor\u00eda y la pr\u00e1ctica, utilizando tecnolog\u00edas y metodolog\u00edas educativas modernas. Malla Curricular<\/p>\n","protected":false},"author":1,"featured_media":0,"parent":0,"menu_order":0,"comment_status":"closed","ping_status":"closed","template":"elementor_header_footer","meta":{"footnotes":""},"class_list":["post-967","page","type-page","status-publish","hentry"],"_links":{"self":[{"href":"https:\/\/wp.lamolina.edu.pe\/unidad_posgradofep\/maestria_administracion\/index.php?rest_route=\/wp\/v2\/pages\/967","targetHints":{"allow":["GET"]}}],"collection":[{"href":"https:\/\/wp.lamolina.edu.pe\/unidad_posgradofep\/maestria_administracion\/index.php?rest_route=\/wp\/v2\/pages"}],"about":[{"href":"https:\/\/wp.lamolina.edu.pe\/unidad_posgradofep\/maestria_administracion\/index.php?rest_route=\/wp\/v2\/types\/page"}],"author":[{"embeddable":true,"href":"https:\/\/wp.lamolina.edu.pe\/unidad_posgradofep\/maestria_administracion\/index.php?rest_route=\/wp\/v2\/users\/1"}],"replies":[{"embeddable":true,"href":"https:\/\/wp.lamolina.edu.pe\/unidad_posgradofep\/maestria_administracion\/index.php?rest_route=%2Fwp%2Fv2%2Fcomments&post=967"}],"version-history":[{"count":13,"href":"https:\/\/wp.lamolina.edu.pe\/unidad_posgradofep\/maestria_administracion\/index.php?rest_route=\/wp\/v2\/pages\/967\/revisions"}],"predecessor-version":[{"id":1217,"href":"https:\/\/wp.lamolina.edu.pe\/unidad_posgradofep\/maestria_administracion\/index.php?rest_route=\/wp\/v2\/pages\/967\/revisions\/1217"}],"wp:attachment":[{"href":"https:\/\/wp.lamolina.edu.pe\/unidad_posgradofep\/maestria_administracion\/index.php?rest_route=%2Fwp%2Fv2%2Fmedia&parent=967"}],"curies":[{"name":"wp","href":"https:\/\/api.w.org\/{rel}","templated":true}]}}