{"id":969,"date":"2025-01-28T03:12:21","date_gmt":"2025-01-28T03:12:21","guid":{"rendered":"http:\/\/web.lamolina.edu.pe\/unidad_posgradofep\/maestria_administracion\/?page_id=969"},"modified":"2026-01-05T06:29:04","modified_gmt":"2026-01-05T06:29:04","slug":"contactanos","status":"publish","type":"page","link":"https:\/\/wp.lamolina.edu.pe\/unidad_posgradofep\/maestria_administracion\/?page_id=969","title":{"rendered":"Cont\u00e1ctanos"},"content":{"rendered":"\t\t<div data-elementor-type=\"wp-page\" data-elementor-id=\"969\" class=\"elementor elementor-969\" data-elementor-post-type=\"page\">\n\t\t\t\t\t\t<section class=\"elementor-section elementor-top-section elementor-element elementor-element-56e4e06 elementor-section-boxed elementor-section-height-default elementor-section-height-default\" data-id=\"56e4e06\" data-element_type=\"section\">\n\t\t\t\t\t\t<div class=\"elementor-container elementor-column-gap-default\">\n\t\t\t\t\t<div class=\"elementor-column elementor-col-50 elementor-top-column elementor-element elementor-element-62cb26a\" data-id=\"62cb26a\" data-element_type=\"column\">\n\t\t\t<div class=\"elementor-widget-wrap elementor-element-populated\">\n\t\t\t\t\t\t<div class=\"elementor-element elementor-element-10c73c4 elementor-widget elementor-widget-image\" data-id=\"10c73c4\" data-element_type=\"widget\" data-widget_type=\"image.default\">\n\t\t\t\t<div class=\"elementor-widget-container\">\n\t\t\t\t\t\t\t\t\t\t\t\t\t\t\t<img fetchpriority=\"high\" decoding=\"async\" width=\"2560\" height=\"1707\" src=\"https:\/\/wp.lamolina.edu.pe\/unidad_posgradofep\/maestria_administracion\/wp-content\/uploads\/2025\/01\/IMG_0132-scaled.jpg\" class=\"attachment-full size-full wp-image-796\" alt=\"\" srcset=\"https:\/\/wp.lamolina.edu.pe\/unidad_posgradofep\/maestria_administracion\/wp-content\/uploads\/2025\/01\/IMG_0132-scaled.jpg 2560w, https:\/\/wp.lamolina.edu.pe\/unidad_posgradofep\/maestria_administracion\/wp-content\/uploads\/2025\/01\/IMG_0132-300x200.jpg 300w, https:\/\/wp.lamolina.edu.pe\/unidad_posgradofep\/maestria_administracion\/wp-content\/uploads\/2025\/01\/IMG_0132-1024x683.jpg 1024w, https:\/\/wp.lamolina.edu.pe\/unidad_posgradofep\/maestria_administracion\/wp-content\/uploads\/2025\/01\/IMG_0132-768x512.jpg 768w, https:\/\/wp.lamolina.edu.pe\/unidad_posgradofep\/maestria_administracion\/wp-content\/uploads\/2025\/01\/IMG_0132-1536x1024.jpg 1536w, https:\/\/wp.lamolina.edu.pe\/unidad_posgradofep\/maestria_administracion\/wp-content\/uploads\/2025\/01\/IMG_0132-2048x1365.jpg 2048w, https:\/\/wp.lamolina.edu.pe\/unidad_posgradofep\/maestria_administracion\/wp-content\/uploads\/2025\/01\/IMG_0132-1080x720.jpg 1080w, https:\/\/wp.lamolina.edu.pe\/unidad_posgradofep\/maestria_administracion\/wp-content\/uploads\/2025\/01\/IMG_0132-1280x854.jpg 1280w, https:\/\/wp.lamolina.edu.pe\/unidad_posgradofep\/maestria_administracion\/wp-content\/uploads\/2025\/01\/IMG_0132-980x653.jpg 980w, https:\/\/wp.lamolina.edu.pe\/unidad_posgradofep\/maestria_administracion\/wp-content\/uploads\/2025\/01\/IMG_0132-480x320.jpg 480w\" sizes=\"(max-width: 2560px) 100vw, 2560px\" \/>\t\t\t\t\t\t\t\t\t\t\t\t\t\t\t<\/div>\n\t\t\t\t<\/div>\n\t\t\t\t\t<\/div>\n\t\t<\/div>\n\t\t\t\t<div class=\"elementor-column elementor-col-50 elementor-top-column elementor-element elementor-element-69f6ca3\" data-id=\"69f6ca3\" data-element_type=\"column\">\n\t\t\t<div class=\"elementor-widget-wrap elementor-element-populated\">\n\t\t\t\t\t\t<div class=\"elementor-element elementor-element-9efde5c elementor-widget elementor-widget-heading\" data-id=\"9efde5c\" data-element_type=\"widget\" data-widget_type=\"heading.default\">\n\t\t\t\t<div class=\"elementor-widget-container\">\n\t\t\t\t\t<h2 class=\"elementor-heading-title elementor-size-default\">Cont\u00e1ctanos<\/h2>\t\t\t\t<\/div>\n\t\t\t\t<\/div>\n\t\t\t\t<div class=\"elementor-element elementor-element-bd3ef89 elementor-widget elementor-widget-text-editor\" data-id=\"bd3ef89\" data-element_type=\"widget\" data-widget_type=\"text-editor.default\">\n\t\t\t\t<div class=\"elementor-widget-container\">\n\t\t\t\t\t\t\t\t\t<ul><li><span style=\"font-size: 14px; white-space-collapse: preserve; font-family: var( --e-global-typography-text-font-family ), Sans-serif; font-weight: var( --e-global-typography-text-font-weight );\">Correo: madministracion@lamolina.edu.pe<\/span><\/li><li><span style=\"font-size: 14px; white-space-collapse: preserve; font-family: var( --e-global-typography-text-font-family ), Sans-serif; font-weight: var( --e-global-typography-text-font-weight );\">Celular: +51 964 101 309<\/span><\/li><li><p><span style=\"font-size: 14px; white-space-collapse: preserve; font-family: var( --e-global-typography-text-font-family ), Sans-serif; font-weight: var( --e-global-typography-text-font-weight );\">Direcci\u00f3n: 1er piso de la Nueva Facultad de Econom\u00eda y Planificaci\u00f3n \u2013 Campus UNALM.<\/span><\/p><\/li><\/ul>\t\t\t\t\t\t\t\t<\/div>\n\t\t\t\t<\/div>\n\t\t\t\t\t<\/div>\n\t\t<\/div>\n\t\t\t\t\t<\/div>\n\t\t<\/section>\n\t\t\t\t<\/div>\n\t\t","protected":false},"excerpt":{"rendered":"<p>Cont\u00e1ctanos Correo: madministracion@lamolina.edu.pe Celular: +51 964 101 309 Direcci\u00f3n: 1er piso de la Nueva Facultad de Econom\u00eda y Planificaci\u00f3n \u2013 Campus UNALM.<\/p>\n","protected":false},"author":1,"featured_media":0,"parent":0,"menu_order":0,"comment_status":"closed","ping_status":"closed","template":"elementor_header_footer","meta":{"footnotes":""},"class_list":["post-969","page","type-page","status-publish","hentry"],"_links":{"self":[{"href":"https:\/\/wp.lamolina.edu.pe\/unidad_posgradofep\/maestria_administracion\/index.php?rest_route=\/wp\/v2\/pages\/969","targetHints":{"allow":["GET"]}}],"collection":[{"href":"https:\/\/wp.lamolina.edu.pe\/unidad_posgradofep\/maestria_administracion\/index.php?rest_route=\/wp\/v2\/pages"}],"about":[{"href":"https:\/\/wp.lamolina.edu.pe\/unidad_posgradofep\/maestria_administracion\/index.php?rest_route=\/wp\/v2\/types\/page"}],"author":[{"embeddable":true,"href":"https:\/\/wp.lamolina.edu.pe\/unidad_posgradofep\/maestria_administracion\/index.php?rest_route=\/wp\/v2\/users\/1"}],"replies":[{"embeddable":true,"href":"https:\/\/wp.lamolina.edu.pe\/unidad_posgradofep\/maestria_administracion\/index.php?rest_route=%2Fwp%2Fv2%2Fcomments&post=969"}],"version-history":[{"count":7,"href":"https:\/\/wp.lamolina.edu.pe\/unidad_posgradofep\/maestria_administracion\/index.php?rest_route=\/wp\/v2\/pages\/969\/revisions"}],"predecessor-version":[{"id":1188,"href":"https:\/\/wp.lamolina.edu.pe\/unidad_posgradofep\/maestria_administracion\/index.php?rest_route=\/wp\/v2\/pages\/969\/revisions\/1188"}],"wp:attachment":[{"href":"https:\/\/wp.lamolina.edu.pe\/unidad_posgradofep\/maestria_administracion\/index.php?rest_route=%2Fwp%2Fv2%2Fmedia&parent=969"}],"curies":[{"name":"wp","href":"https:\/\/api.w.org\/{rel}","templated":true}]}}