{"id":970,"date":"2025-01-28T03:13:08","date_gmt":"2025-01-28T03:13:08","guid":{"rendered":"http:\/\/web.lamolina.edu.pe\/unidad_posgradofep\/maestria_administracion\/?page_id=970"},"modified":"2026-01-12T15:34:18","modified_gmt":"2026-01-12T15:34:18","slug":"inicio","status":"publish","type":"page","link":"https:\/\/wp.lamolina.edu.pe\/unidad_posgradofep\/maestria_administracion\/","title":{"rendered":""},"content":{"rendered":"\t\t<div data-elementor-type=\"wp-page\" data-elementor-id=\"970\" class=\"elementor elementor-970\" data-elementor-post-type=\"page\">\n\t\t\t\t\t\t<section class=\"elementor-section elementor-top-section elementor-element elementor-element-5711c4a elementor-section-full_width elementor-section-height-min-height elementor-section-height-default elementor-section-items-middle\" data-id=\"5711c4a\" data-element_type=\"section\" data-settings=\"{&quot;background_background&quot;:&quot;classic&quot;}\">\n\t\t\t\t\t\t<div class=\"elementor-container elementor-column-gap-default\">\n\t\t\t\t\t<div class=\"elementor-column elementor-col-100 elementor-top-column elementor-element elementor-element-c4bf148\" data-id=\"c4bf148\" data-element_type=\"column\">\n\t\t\t<div class=\"elementor-widget-wrap\">\n\t\t\t\t\t\t\t<\/div>\n\t\t<\/div>\n\t\t\t\t\t<\/div>\n\t\t<\/section>\n\t\t\t\t<section class=\"elementor-section elementor-top-section elementor-element elementor-element-834e9f9 elementor-section-boxed elementor-section-height-default elementor-section-height-default\" data-id=\"834e9f9\" data-element_type=\"section\" data-settings=\"{&quot;background_background&quot;:&quot;gradient&quot;}\">\n\t\t\t\t\t\t<div class=\"elementor-container elementor-column-gap-default\">\n\t\t\t\t\t<div class=\"elementor-column elementor-col-100 elementor-top-column elementor-element elementor-element-0a07c43\" data-id=\"0a07c43\" data-element_type=\"column\">\n\t\t\t<div class=\"elementor-widget-wrap elementor-element-populated\">\n\t\t\t\t\t\t<div class=\"elementor-element elementor-element-f7054af elementor-widget elementor-widget-heading\" data-id=\"f7054af\" data-element_type=\"widget\" data-widget_type=\"heading.default\">\n\t\t\t\t<div class=\"elementor-widget-container\">\n\t\t\t\t\t<h2 class=\"elementor-heading-title elementor-size-default\">Lidera el cambio, transforma el futuro<\/h2>\t\t\t\t<\/div>\n\t\t\t\t<\/div>\n\t\t\t\t<div class=\"elementor-element elementor-element-7d7c110 elementor-widget elementor-widget-text-editor\" data-id=\"7d7c110\" data-element_type=\"widget\" data-widget_type=\"text-editor.default\">\n\t\t\t\t<div class=\"elementor-widget-container\">\n\t\t\t\t\t\t\t\t\t<p style=\"text-align: center;\">La Maestr\u00eda en Administraci\u00f3n te prepara con conocimiento, habilidades y valores para enfrentar los desaf\u00edos de un mundo globalizado, potenciando tu desarrollo profesional y promoviendo el respeto por el medio ambiente<\/p>\t\t\t\t\t\t\t\t<\/div>\n\t\t\t\t<\/div>\n\t\t\t\t\t<\/div>\n\t\t<\/div>\n\t\t\t\t\t<\/div>\n\t\t<\/section>\n\t\t\t\t<section class=\"elementor-section elementor-top-section elementor-element elementor-element-4287565 elementor-section-boxed elementor-section-height-default elementor-section-height-default\" data-id=\"4287565\" data-element_type=\"section\" data-settings=\"{&quot;background_background&quot;:&quot;gradient&quot;}\">\n\t\t\t\t\t\t<div class=\"elementor-container elementor-column-gap-default\">\n\t\t\t\t\t<div class=\"elementor-column elementor-col-100 elementor-top-column elementor-element elementor-element-1bd7365\" data-id=\"1bd7365\" data-element_type=\"column\">\n\t\t\t<div class=\"elementor-widget-wrap elementor-element-populated\">\n\t\t\t\t\t\t<div class=\"elementor-element elementor-element-b92f4eb elementor-widget elementor-widget-video\" data-id=\"b92f4eb\" data-element_type=\"widget\" data-settings=\"{&quot;youtube_url&quot;:&quot;https:\\\/\\\/youtu.be\\\/idldG6UwjMk&quot;,&quot;video_type&quot;:&quot;youtube&quot;,&quot;controls&quot;:&quot;yes&quot;}\" data-widget_type=\"video.default\">\n\t\t\t\t<div class=\"elementor-widget-container\">\n\t\t\t\t\t\t\t<div class=\"elementor-wrapper elementor-open-inline\">\n\t\t\t<div class=\"elementor-video\"><\/div>\t\t<\/div>\n\t\t\t\t\t\t<\/div>\n\t\t\t\t<\/div>\n\t\t\t\t\t<\/div>\n\t\t<\/div>\n\t\t\t\t\t<\/div>\n\t\t<\/section>\n\t\t\t\t<section class=\"elementor-section elementor-top-section elementor-element elementor-element-56e4e06 elementor-section-boxed elementor-section-height-default elementor-section-height-default\" data-id=\"56e4e06\" data-element_type=\"section\">\n\t\t\t\t\t\t<div class=\"elementor-container elementor-column-gap-default\">\n\t\t\t\t\t<div class=\"elementor-column elementor-col-50 elementor-top-column elementor-element elementor-element-62cb26a\" data-id=\"62cb26a\" data-element_type=\"column\">\n\t\t\t<div class=\"elementor-widget-wrap elementor-element-populated\">\n\t\t\t\t\t\t<div class=\"elementor-element elementor-element-10c73c4 elementor-widget elementor-widget-image\" data-id=\"10c73c4\" data-element_type=\"widget\" data-widget_type=\"image.default\">\n\t\t\t\t<div class=\"elementor-widget-container\">\n\t\t\t\t\t\t\t\t\t\t\t\t\t\t\t<img fetchpriority=\"high\" decoding=\"async\" width=\"2560\" height=\"1707\" src=\"https:\/\/wp.lamolina.edu.pe\/unidad_posgradofep\/maestria_administracion\/wp-content\/uploads\/2025\/01\/IMG_0150-scaled.jpg\" class=\"attachment-full size-full wp-image-814\" alt=\"\" srcset=\"https:\/\/wp.lamolina.edu.pe\/unidad_posgradofep\/maestria_administracion\/wp-content\/uploads\/2025\/01\/IMG_0150-scaled.jpg 2560w, https:\/\/wp.lamolina.edu.pe\/unidad_posgradofep\/maestria_administracion\/wp-content\/uploads\/2025\/01\/IMG_0150-300x200.jpg 300w, https:\/\/wp.lamolina.edu.pe\/unidad_posgradofep\/maestria_administracion\/wp-content\/uploads\/2025\/01\/IMG_0150-1024x683.jpg 1024w, https:\/\/wp.lamolina.edu.pe\/unidad_posgradofep\/maestria_administracion\/wp-content\/uploads\/2025\/01\/IMG_0150-768x512.jpg 768w, https:\/\/wp.lamolina.edu.pe\/unidad_posgradofep\/maestria_administracion\/wp-content\/uploads\/2025\/01\/IMG_0150-1536x1024.jpg 1536w, https:\/\/wp.lamolina.edu.pe\/unidad_posgradofep\/maestria_administracion\/wp-content\/uploads\/2025\/01\/IMG_0150-2048x1365.jpg 2048w, https:\/\/wp.lamolina.edu.pe\/unidad_posgradofep\/maestria_administracion\/wp-content\/uploads\/2025\/01\/IMG_0150-1080x720.jpg 1080w, https:\/\/wp.lamolina.edu.pe\/unidad_posgradofep\/maestria_administracion\/wp-content\/uploads\/2025\/01\/IMG_0150-1280x854.jpg 1280w, https:\/\/wp.lamolina.edu.pe\/unidad_posgradofep\/maestria_administracion\/wp-content\/uploads\/2025\/01\/IMG_0150-980x653.jpg 980w, https:\/\/wp.lamolina.edu.pe\/unidad_posgradofep\/maestria_administracion\/wp-content\/uploads\/2025\/01\/IMG_0150-480x320.jpg 480w\" sizes=\"(max-width: 2560px) 100vw, 2560px\" \/>\t\t\t\t\t\t\t\t\t\t\t\t\t\t\t<\/div>\n\t\t\t\t<\/div>\n\t\t\t\t\t<\/div>\n\t\t<\/div>\n\t\t\t\t<div class=\"elementor-column elementor-col-50 elementor-top-column elementor-element elementor-element-69f6ca3\" data-id=\"69f6ca3\" data-element_type=\"column\">\n\t\t\t<div class=\"elementor-widget-wrap elementor-element-populated\">\n\t\t\t\t\t\t<div class=\"elementor-element elementor-element-9efde5c elementor-widget elementor-widget-heading\" data-id=\"9efde5c\" data-element_type=\"widget\" data-widget_type=\"heading.default\">\n\t\t\t\t<div class=\"elementor-widget-container\">\n\t\t\t\t\t<h2 class=\"elementor-heading-title elementor-size-default\">Nuestro Objetivo<\/h2>\t\t\t\t<\/div>\n\t\t\t\t<\/div>\n\t\t\t\t<div class=\"elementor-element elementor-element-bd3ef89 elementor-widget elementor-widget-text-editor\" data-id=\"bd3ef89\" data-element_type=\"widget\" data-widget_type=\"text-editor.default\">\n\t\t\t\t<div class=\"elementor-widget-container\">\n\t\t\t\t\t\t\t\t\t<p><span style=\"white-space-collapse: preserve;\">Nuestro objetivo es formar mag\u00edsteres scientiae que se desempe\u00f1en como directivos, consultores y profesores, con capacidad para participar en los procesos de toma de decisiones.<br \/><br \/>Nuestros egresados son capaces de formular e implantar estrategias aplicadas a la creaci\u00f3n, organizaci\u00f3n, direcci\u00f3n, promoci\u00f3n y desarrollo de las organizaciones en un contexto internacional; as\u00ed como el desarrollo de sus habilidades de liderazgo, negociaci\u00f3n y manejo de grupos de trabajo para la resoluci\u00f3n de problemas y toma de decisiones, en un marco de \u00e9tica y responsabilidad social.<\/span><\/p>\t\t\t\t\t\t\t\t<\/div>\n\t\t\t\t<\/div>\n\t\t\t\t\t<\/div>\n\t\t<\/div>\n\t\t\t\t\t<\/div>\n\t\t<\/section>\n\t\t\t\t<section class=\"elementor-section elementor-top-section elementor-element elementor-element-6e0e956 elementor-section-boxed elementor-section-height-default elementor-section-height-default\" data-id=\"6e0e956\" data-element_type=\"section\">\n\t\t\t\t\t\t<div class=\"elementor-container elementor-column-gap-default\">\n\t\t\t\t\t<div class=\"elementor-column elementor-col-50 elementor-top-column elementor-element elementor-element-22f213d\" data-id=\"22f213d\" data-element_type=\"column\">\n\t\t\t<div class=\"elementor-widget-wrap elementor-element-populated\">\n\t\t\t\t\t\t<div class=\"elementor-element elementor-element-0b33807 elementor-widget elementor-widget-heading\" data-id=\"0b33807\" data-element_type=\"widget\" data-widget_type=\"heading.default\">\n\t\t\t\t<div class=\"elementor-widget-container\">\n\t\t\t\t\t<h2 class=\"elementor-heading-title elementor-size-default\">Perfil Profesional<\/h2>\t\t\t\t<\/div>\n\t\t\t\t<\/div>\n\t\t\t\t<div class=\"elementor-element elementor-element-9193bba elementor-widget elementor-widget-text-editor\" data-id=\"9193bba\" data-element_type=\"widget\" data-widget_type=\"text-editor.default\">\n\t\t\t\t<div class=\"elementor-widget-container\">\n\t\t\t\t\t\t\t\t\t<p><span style=\"white-space-collapse: preserve;\">Durante esta maestr\u00eda se requiere que los participantes desarrollen: Conocimientos, experiencias, habilidades y actitudes. Al concluir los estudios de maestr\u00eda, los egresados podr\u00e1n:<\/span><\/p><p><span style=\"white-space-collapse: preserve;\">&#8211; Crear, administrar y dirigir empresas<\/span><\/p><p><span style=\"white-space-collapse: preserve;\">&#8211; Promover y gestionar el cambio en las organizaciones hacia el desarrollo organizacional.<\/span><\/p><p><span style=\"white-space-collapse: preserve;\">&#8211; Dise\u00f1ar, planificar e intervenir mediante metodolog\u00edas de gesti\u00f3n administrativas.<\/span><\/p><p><span style=\"white-space-collapse: preserve;\">&#8211; Visualizar y estructurar metodol\u00f3gicamente problem\u00e1ticas administrativas de los sectores p\u00fablicos y\/o privados.<\/span><\/p>\t\t\t\t\t\t\t\t<\/div>\n\t\t\t\t<\/div>\n\t\t\t\t\t<\/div>\n\t\t<\/div>\n\t\t\t\t<div class=\"elementor-column elementor-col-50 elementor-top-column elementor-element elementor-element-a19fe65\" data-id=\"a19fe65\" data-element_type=\"column\">\n\t\t\t<div class=\"elementor-widget-wrap elementor-element-populated\">\n\t\t\t\t\t\t<div class=\"elementor-element elementor-element-4f70375 elementor-widget elementor-widget-image\" data-id=\"4f70375\" data-element_type=\"widget\" data-widget_type=\"image.default\">\n\t\t\t\t<div class=\"elementor-widget-container\">\n\t\t\t\t\t\t\t\t\t\t\t\t\t\t\t<img decoding=\"async\" width=\"2560\" height=\"1707\" src=\"https:\/\/wp.lamolina.edu.pe\/unidad_posgradofep\/maestria_administracion\/wp-content\/uploads\/2025\/01\/IMG_0120-scaled.jpg\" class=\"attachment-full size-full wp-image-784\" alt=\"\" srcset=\"https:\/\/wp.lamolina.edu.pe\/unidad_posgradofep\/maestria_administracion\/wp-content\/uploads\/2025\/01\/IMG_0120-scaled.jpg 2560w, https:\/\/wp.lamolina.edu.pe\/unidad_posgradofep\/maestria_administracion\/wp-content\/uploads\/2025\/01\/IMG_0120-300x200.jpg 300w, https:\/\/wp.lamolina.edu.pe\/unidad_posgradofep\/maestria_administracion\/wp-content\/uploads\/2025\/01\/IMG_0120-1024x683.jpg 1024w, https:\/\/wp.lamolina.edu.pe\/unidad_posgradofep\/maestria_administracion\/wp-content\/uploads\/2025\/01\/IMG_0120-768x512.jpg 768w, https:\/\/wp.lamolina.edu.pe\/unidad_posgradofep\/maestria_administracion\/wp-content\/uploads\/2025\/01\/IMG_0120-1536x1024.jpg 1536w, https:\/\/wp.lamolina.edu.pe\/unidad_posgradofep\/maestria_administracion\/wp-content\/uploads\/2025\/01\/IMG_0120-2048x1365.jpg 2048w, https:\/\/wp.lamolina.edu.pe\/unidad_posgradofep\/maestria_administracion\/wp-content\/uploads\/2025\/01\/IMG_0120-1080x720.jpg 1080w, https:\/\/wp.lamolina.edu.pe\/unidad_posgradofep\/maestria_administracion\/wp-content\/uploads\/2025\/01\/IMG_0120-1280x854.jpg 1280w, https:\/\/wp.lamolina.edu.pe\/unidad_posgradofep\/maestria_administracion\/wp-content\/uploads\/2025\/01\/IMG_0120-980x653.jpg 980w, https:\/\/wp.lamolina.edu.pe\/unidad_posgradofep\/maestria_administracion\/wp-content\/uploads\/2025\/01\/IMG_0120-480x320.jpg 480w\" sizes=\"(max-width: 2560px) 100vw, 2560px\" \/>\t\t\t\t\t\t\t\t\t\t\t\t\t\t\t<\/div>\n\t\t\t\t<\/div>\n\t\t\t\t\t<\/div>\n\t\t<\/div>\n\t\t\t\t\t<\/div>\n\t\t<\/section>\n\t\t\t\t<section class=\"elementor-section elementor-top-section elementor-element elementor-element-b4cab43 elementor-section-boxed elementor-section-height-default elementor-section-height-default\" data-id=\"b4cab43\" data-element_type=\"section\" data-settings=\"{&quot;background_background&quot;:&quot;gradient&quot;}\">\n\t\t\t\t\t\t<div class=\"elementor-container elementor-column-gap-default\">\n\t\t\t\t\t<div class=\"elementor-column elementor-col-100 elementor-top-column elementor-element elementor-element-3507da2\" data-id=\"3507da2\" data-element_type=\"column\">\n\t\t\t<div class=\"elementor-widget-wrap elementor-element-populated\">\n\t\t\t\t\t\t<div class=\"elementor-element elementor-element-c5f3ea8 elementor-widget elementor-widget-heading\" data-id=\"c5f3ea8\" data-element_type=\"widget\" data-widget_type=\"heading.default\">\n\t\t\t\t<div class=\"elementor-widget-container\">\n\t\t\t\t\t<h2 class=\"elementor-heading-title elementor-size-default\">Requisitos<\/h2>\t\t\t\t<\/div>\n\t\t\t\t<\/div>\n\t\t\t\t\t<\/div>\n\t\t<\/div>\n\t\t\t\t\t<\/div>\n\t\t<\/section>\n\t\t\t\t<section class=\"elementor-section elementor-top-section elementor-element elementor-element-e622685 elementor-section-boxed elementor-section-height-default elementor-section-height-default\" data-id=\"e622685\" data-element_type=\"section\" data-settings=\"{&quot;background_background&quot;:&quot;gradient&quot;}\">\n\t\t\t\t\t\t<div class=\"elementor-container elementor-column-gap-default\">\n\t\t\t\t\t<div class=\"elementor-column elementor-col-50 elementor-top-column elementor-element elementor-element-ea7d73c\" data-id=\"ea7d73c\" data-element_type=\"column\">\n\t\t\t<div class=\"elementor-widget-wrap elementor-element-populated\">\n\t\t\t\t\t\t<div class=\"elementor-element elementor-element-1751b9d elementor-widget elementor-widget-text-editor\" data-id=\"1751b9d\" data-element_type=\"widget\" data-widget_type=\"text-editor.default\">\n\t\t\t\t<div class=\"elementor-widget-container\">\n\t\t\t\t\t\t\t\t\t<p><span style=\"white-space-collapse: preserve;\">Para empezar el proceso de admisi\u00f3n a la Maestr\u00eda de Administraci\u00f3n, tener en cuenta lo siguientes puntos detallados:<\/span><\/p><ul><li><span style=\"white-space-collapse: preserve;\">1. Registro virtual, para obtener c\u00f3digo de postulante y abonar el derecho de admisi\u00f3n (virtual).<\/span><\/li><li><span style=\"white-space-collapse: preserve;\">2. Certificado de estudios universitarios donde indique el promedio acumulado, en copia fedateada por su universidad de origen.<\/span><\/li><li><span style=\"white-space-collapse: preserve;\">3. Grado acad\u00e9mico de bachiller o t\u00edtulo profesional, en copia legalizada o autenticada por la universidad de origen, y estar registrado por la autoridad competente (SUNEDU para nacionales y sus equivalentes para los extranjeros).<\/span><\/li><\/ul>\t\t\t\t\t\t\t\t<\/div>\n\t\t\t\t<\/div>\n\t\t\t\t\t<\/div>\n\t\t<\/div>\n\t\t\t\t<div class=\"elementor-column elementor-col-50 elementor-top-column elementor-element elementor-element-14eca88\" data-id=\"14eca88\" data-element_type=\"column\">\n\t\t\t<div class=\"elementor-widget-wrap elementor-element-populated\">\n\t\t\t\t\t\t<div class=\"elementor-element elementor-element-92aa237 elementor-widget elementor-widget-text-editor\" data-id=\"92aa237\" data-element_type=\"widget\" data-widget_type=\"text-editor.default\">\n\t\t\t\t<div class=\"elementor-widget-container\">\n\t\t\t\t\t\t\t\t\t<ul><li><span style=\"white-space-collapse: preserve;\">4. Hoja de vida, sin documentar, y copia del documento de identidad.<\/span><\/li><li><span style=\"white-space-collapse: preserve;\">5. Perfil de proyecto de investigaci\u00f3n, de extensi\u00f3n m\u00ednima de 3 p\u00e1ginas y un m\u00e1ximo de 6 p\u00e1ginas.<\/span><\/li><\/ul>\t\t\t\t\t\t\t\t<\/div>\n\t\t\t\t<\/div>\n\t\t\t\t\t<\/div>\n\t\t<\/div>\n\t\t\t\t\t<\/div>\n\t\t<\/section>\n\t\t\t\t<section class=\"elementor-section elementor-top-section elementor-element elementor-element-ec1d09f elementor-section-full_width elementor-section-content-middle elementor-section-height-default elementor-section-height-default\" data-id=\"ec1d09f\" data-element_type=\"section\" data-settings=\"{&quot;background_background&quot;:&quot;gradient&quot;}\">\n\t\t\t\t\t\t<div class=\"elementor-container elementor-column-gap-default\">\n\t\t\t\t\t<div class=\"elementor-column elementor-col-100 elementor-top-column elementor-element elementor-element-9c85a1b\" data-id=\"9c85a1b\" data-element_type=\"column\">\n\t\t\t<div class=\"elementor-widget-wrap elementor-element-populated\">\n\t\t\t\t\t\t<div class=\"elementor-element elementor-element-f52f681 elementor-align-center elementor-widget elementor-widget-button\" data-id=\"f52f681\" data-element_type=\"widget\" data-widget_type=\"button.default\">\n\t\t\t\t<div class=\"elementor-widget-container\">\n\t\t\t\t\t\t\t\t\t<div class=\"elementor-button-wrapper\">\n\t\t\t\t\t<a class=\"elementor-button elementor-button-link elementor-size-sm\" href=\"https:\/\/admision-epg.lamolina.edu.pe\/\">\n\t\t\t\t\t\t<span class=\"elementor-button-content-wrapper\">\n\t\t\t\t\t\t\t\t\t<span class=\"elementor-button-text\">Ver requisitos <\/span>\n\t\t\t\t\t<\/span>\n\t\t\t\t\t<\/a>\n\t\t\t\t<\/div>\n\t\t\t\t\t\t\t\t<\/div>\n\t\t\t\t<\/div>\n\t\t\t\t\t<\/div>\n\t\t<\/div>\n\t\t\t\t\t<\/div>\n\t\t<\/section>\n\t\t\t\t<section class=\"elementor-section elementor-top-section elementor-element elementor-element-790976f elementor-section-boxed elementor-section-height-default elementor-section-height-default\" data-id=\"790976f\" data-element_type=\"section\">\n\t\t\t\t\t\t<div class=\"elementor-container elementor-column-gap-default\">\n\t\t\t\t\t<div class=\"elementor-column elementor-col-100 elementor-top-column elementor-element elementor-element-c3cf8a9\" data-id=\"c3cf8a9\" data-element_type=\"column\">\n\t\t\t<div class=\"elementor-widget-wrap elementor-element-populated\">\n\t\t\t\t\t\t<div class=\"elementor-element elementor-element-40c1e3f elementor-widget elementor-widget-heading\" data-id=\"40c1e3f\" data-element_type=\"widget\" data-widget_type=\"heading.default\">\n\t\t\t\t<div class=\"elementor-widget-container\">\n\t\t\t\t\t<h2 class=\"elementor-heading-title elementor-size-default\">Beneficios de la Maestr\u00eda<\/h2>\t\t\t\t<\/div>\n\t\t\t\t<\/div>\n\t\t\t\t\t<\/div>\n\t\t<\/div>\n\t\t\t\t\t<\/div>\n\t\t<\/section>\n\t\t\t\t<section class=\"elementor-section elementor-top-section elementor-element elementor-element-0298421 elementor-section-full_width elementor-section-content-middle elementor-section-height-default elementor-section-height-default\" data-id=\"0298421\" data-element_type=\"section\">\n\t\t\t\t\t\t<div class=\"elementor-container elementor-column-gap-custom\">\n\t\t\t\t\t<div class=\"elementor-column elementor-col-50 elementor-top-column elementor-element elementor-element-847d7fd\" data-id=\"847d7fd\" data-element_type=\"column\">\n\t\t\t<div class=\"elementor-widget-wrap elementor-element-populated\">\n\t\t\t\t\t\t<div class=\"elementor-element elementor-element-9297a21 elementor-widget elementor-widget-heading\" data-id=\"9297a21\" data-element_type=\"widget\" data-widget_type=\"heading.default\">\n\t\t\t\t<div class=\"elementor-widget-container\">\n\t\t\t\t\t<h2 class=\"elementor-heading-title elementor-size-default\">Formaci\u00f3n Global y Estrat\u00e9gica<\/h2>\t\t\t\t<\/div>\n\t\t\t\t<\/div>\n\t\t\t\t<div class=\"elementor-element elementor-element-1eef973 elementor-widget elementor-widget-text-editor\" data-id=\"1eef973\" data-element_type=\"widget\" data-widget_type=\"text-editor.default\">\n\t\t\t\t<div class=\"elementor-widget-container\">\n\t\t\t\t\t\t\t\t\t<p><span style=\"white-space-collapse: preserve;\">La Maestr\u00eda de Administraci\u00f3n de la UNALM te brinda herramientas para liderar en un entorno competitivo y globalizado. Desarrollar\u00e1s una visi\u00f3n estrat\u00e9gica que te permitir\u00e1 tomar decisiones efectivas y generar impacto en organizaciones de cualquier sector.<\/span><\/p>\t\t\t\t\t\t\t\t<\/div>\n\t\t\t\t<\/div>\n\t\t\t\t\t<\/div>\n\t\t<\/div>\n\t\t\t\t<div class=\"elementor-column elementor-col-50 elementor-top-column elementor-element elementor-element-aa33263\" data-id=\"aa33263\" data-element_type=\"column\">\n\t\t\t<div class=\"elementor-widget-wrap elementor-element-populated\">\n\t\t\t\t\t\t<div class=\"elementor-element elementor-element-9c09e33 elementor-widget elementor-widget-heading\" data-id=\"9c09e33\" data-element_type=\"widget\" data-widget_type=\"heading.default\">\n\t\t\t\t<div class=\"elementor-widget-container\">\n\t\t\t\t\t<h2 class=\"elementor-heading-title elementor-size-default\">Docentes Especializados y de Alto Nivel<\/h2>\t\t\t\t<\/div>\n\t\t\t\t<\/div>\n\t\t\t\t<div class=\"elementor-element elementor-element-b6d6e90 elementor-widget elementor-widget-text-editor\" data-id=\"b6d6e90\" data-element_type=\"widget\" data-widget_type=\"text-editor.default\">\n\t\t\t\t<div class=\"elementor-widget-container\">\n\t\t\t\t\t\t\t\t\t<p><span style=\"white-space-collapse: preserve;\">El programa cuenta con profesores reconocidos en la academia y la industria, que aportan una combinaci\u00f3n de conocimientos te\u00f3ricos y pr\u00e1cticos. Su enfoque en metodolog\u00edas innovadoras y casos reales garantiza una formaci\u00f3n integral y alineada con las tendencias del mercado global.<\/span><\/p>\t\t\t\t\t\t\t\t<\/div>\n\t\t\t\t<\/div>\n\t\t\t\t\t<\/div>\n\t\t<\/div>\n\t\t\t\t\t<\/div>\n\t\t<\/section>\n\t\t\t\t<section class=\"elementor-section elementor-top-section elementor-element elementor-element-c357395 elementor-section-boxed elementor-section-height-default elementor-section-height-default\" data-id=\"c357395\" data-element_type=\"section\" data-settings=\"{&quot;background_background&quot;:&quot;gradient&quot;}\">\n\t\t\t\t\t\t<div class=\"elementor-container elementor-column-gap-default\">\n\t\t\t\t\t<div class=\"elementor-column elementor-col-100 elementor-top-column elementor-element elementor-element-7bb0da2\" data-id=\"7bb0da2\" data-element_type=\"column\">\n\t\t\t<div class=\"elementor-widget-wrap elementor-element-populated\">\n\t\t\t\t\t\t<div class=\"elementor-element elementor-element-498f39e elementor-widget elementor-widget-heading\" data-id=\"498f39e\" data-element_type=\"widget\" data-widget_type=\"heading.default\">\n\t\t\t\t<div class=\"elementor-widget-container\">\n\t\t\t\t\t<h2 class=\"elementor-heading-title elementor-size-default\">Convi\u00e9rtete en un l\u00edder estrat\u00e9gico preparado para transformar organizaciones y afrontar desaf\u00edos globales.<br>\u00a1\u00danete a nosotros y lidera el cambio!<\/h2>\t\t\t\t<\/div>\n\t\t\t\t<\/div>\n\t\t\t\t<div class=\"elementor-element elementor-element-a7ce2b1 elementor-align-center elementor-widget elementor-widget-button\" data-id=\"a7ce2b1\" data-element_type=\"widget\" data-widget_type=\"button.default\">\n\t\t\t\t<div class=\"elementor-widget-container\">\n\t\t\t\t\t\t\t\t\t<div class=\"elementor-button-wrapper\">\n\t\t\t\t\t<a class=\"elementor-button elementor-button-link elementor-size-sm\" href=\"https:\/\/wa.link\/a6ms6j\">\n\t\t\t\t\t\t<span class=\"elementor-button-content-wrapper\">\n\t\t\t\t\t\t\t\t\t<span class=\"elementor-button-text\">Solicitar Brochure<\/span>\n\t\t\t\t\t<\/span>\n\t\t\t\t\t<\/a>\n\t\t\t\t<\/div>\n\t\t\t\t\t\t\t\t<\/div>\n\t\t\t\t<\/div>\n\t\t\t\t\t<\/div>\n\t\t<\/div>\n\t\t\t\t\t<\/div>\n\t\t<\/section>\n\t\t\t\t<\/div>\n\t\t","protected":false},"excerpt":{"rendered":"<p>Lidera el cambio, transforma el futuro La Maestr\u00eda en Administraci\u00f3n te prepara con conocimiento, habilidades y valores para enfrentar los desaf\u00edos de un mundo globalizado, potenciando tu desarrollo profesional y promoviendo el respeto por el medio ambiente https:\/\/youtu.be\/idldG6UwjMk Nuestro Objetivo Nuestro objetivo es formar mag\u00edsteres scientiae que se desempe\u00f1en como directivos, consultores y profesores, con [&hellip;]<\/p>\n","protected":false},"author":1,"featured_media":0,"parent":0,"menu_order":0,"comment_status":"closed","ping_status":"closed","template":"","meta":{"footnotes":""},"class_list":["post-970","page","type-page","status-publish","hentry"],"_links":{"self":[{"href":"https:\/\/wp.lamolina.edu.pe\/unidad_posgradofep\/maestria_administracion\/index.php?rest_route=\/wp\/v2\/pages\/970","targetHints":{"allow":["GET"]}}],"collection":[{"href":"https:\/\/wp.lamolina.edu.pe\/unidad_posgradofep\/maestria_administracion\/index.php?rest_route=\/wp\/v2\/pages"}],"about":[{"href":"https:\/\/wp.lamolina.edu.pe\/unidad_posgradofep\/maestria_administracion\/index.php?rest_route=\/wp\/v2\/types\/page"}],"author":[{"embeddable":true,"href":"https:\/\/wp.lamolina.edu.pe\/unidad_posgradofep\/maestria_administracion\/index.php?rest_route=\/wp\/v2\/users\/1"}],"replies":[{"embeddable":true,"href":"https:\/\/wp.lamolina.edu.pe\/unidad_posgradofep\/maestria_administracion\/index.php?rest_route=%2Fwp%2Fv2%2Fcomments&post=970"}],"version-history":[{"count":39,"href":"https:\/\/wp.lamolina.edu.pe\/unidad_posgradofep\/maestria_administracion\/index.php?rest_route=\/wp\/v2\/pages\/970\/revisions"}],"predecessor-version":[{"id":1211,"href":"https:\/\/wp.lamolina.edu.pe\/unidad_posgradofep\/maestria_administracion\/index.php?rest_route=\/wp\/v2\/pages\/970\/revisions\/1211"}],"wp:attachment":[{"href":"https:\/\/wp.lamolina.edu.pe\/unidad_posgradofep\/maestria_administracion\/index.php?rest_route=%2Fwp%2Fv2%2Fmedia&parent=970"}],"curies":[{"name":"wp","href":"https:\/\/api.w.org\/{rel}","templated":true}]}}